{"id":14825,"date":"2021-12-02T01:23:58","date_gmt":"2021-12-02T01:23:58","guid":{"rendered":"https:\/\/staging2.mathijsv4.sg-host.com\/privacy-policy\/"},"modified":"2022-01-19T20:55:22","modified_gmt":"2022-01-19T19:55:22","slug":"privacy-policy","status":"publish","type":"page","link":"https:\/\/www.rizz.design\/de\/privacy-policy\/","title":{"rendered":"Privacy Policy"},"content":{"rendered":"<p>[et_pb_section fb_built=&#8220;1&#8243; _builder_version=&#8220;3.22&#8243; global_colors_info=&#8220;{}&#8220;][et_pb_row _builder_version=&#8220;3.25&#8243; background_size=&#8220;initial&#8220; background_position=&#8220;top_left&#8220; background_repeat=&#8220;repeat&#8220; global_colors_info=&#8220;{}&#8220;][et_pb_column type=&#8220;4_4&#8243; _builder_version=&#8220;3.25&#8243; custom_padding=&#8220;|||&#8220; global_colors_info=&#8220;{}&#8220; custom_padding__hover=&#8220;|||&#8220;][et_pb_text _builder_version=&#8220;4.14.2&#8243; background_size=&#8220;initial&#8220; background_position=&#8220;top_left&#8220; background_repeat=&#8220;repeat&#8220; global_colors_info=&#8220;{}&#8220;]<strong>IHRE PRIVATSPH\u00c4RE IST UNS WICHTIG.<\/strong><\/p>\n<p><em>Diese Seite wurde zuletzt am 23. November 2021 aktualisiert.<\/em><\/p>\n<p>Pers\u00f6nliche Daten werden nur dann gespeichert, wenn Sie ein Produkt und\/oder eine Dienstleistung von RIZZ B.V. erwerben oder wenn Sie Ihre ausdr\u00fcckliche Zustimmung dazu gegeben haben.<\/p>\n<p>Wir tun alles in unserer Macht Stehende, um die privaten Daten, die wir von Ihnen erhalten, wirklich privat zu halten. Ihre Daten werden in einer sicheren Datenbank gespeichert, und wir geben keinen Zugang zu kommerziellen Zwecken an Dritte weiter.<\/p>\n<p>Pers\u00f6nliche Daten werden gespeichert von:<\/p>\n<p><strong>Unternehmen:<\/strong> RiZZ B.V.<br \/>\n<strong>Kontaktperson:<\/strong> Wesley van de Burgt<br \/>\n<strong>Besuchsadresse:<\/strong> Ambachtsstraat 11, 3861 RH, Nijkerk, Die Niederlande<br \/>\n<strong>E-Mail:<\/strong> info@rizz.nl<br \/>\n<strong>Rufnummer:<\/strong> +31 33 247 77 00<br \/>\n<strong>Nummer der Handelskammer:<\/strong> 08020204<\/p>\n<p>Um sicherzustellen, dass die Lieferung bzw. Leistung in Ordnung ist, ben\u00f6tigen wir von Ihnen eine Reihe von Angaben. Welche das sind, k\u00f6nnen Sie weiter unten lesen:<\/p>\n<p>F\u00fcr die Ausf\u00fchrung der vereinbarten Lieferung und Leistung(en): Ihr Name, Ihre Anschrift,<\/p>\n<ul>\n<li>Postleitzahl, Wohnort, Telefonnummer und E-Mail-Adresse;<\/li>\n<li>bei R\u00fccksendungen: Name, Anschrift, Postleitzahl, Wohnort und E-Mail-Adresse;<\/li>\n<li>F\u00fcr die Zahlung und Begleichung von Rechnungen: Ihren Namen, Ihre Anschrift, Ihre Postleitzahl und Ihren Wohnsitz;<\/li>\n<li>Um ein unverbindliches Angebot anzufordern: Name, Adresse, Postleitzahl, Ort<\/li>\n<li>Telefonnummer und\/oder E-Mail Adresse;<\/li>\n<li>F\u00fcr den Versand von Newslettern: Ihr Name und Ihre E-Mail-Adresse;<\/li>\n<li>F\u00fcr die Bearbeitung von Fragen und Beschwerden: Ihr Name, Ihre E-Mail-Adresse und\/oder Ihre Telefonnummer;<\/li>\n<li>Cookies: dies sind kleine Informationen, die in Ihrem Webbrowser gespeichert werden,<br \/>\nDiese Cookies sorgen daf\u00fcr, dass Sie nicht jedes Mal die gleichen Daten eingeben m\u00fcssen. Au\u00dferdem setzen wir Cookies ein, um unsere Website zu verbessern, z. B. indem wir Ihnen personalisierte Werbung anzeigen. M\u00f6chten Sie das nicht? Kein Problem, Sie k\u00f6nnen sie jederzeit in Ihrem Webbrowser deaktivieren. Wenn Sie mehr dar\u00fcber lesen m\u00f6chten, klicken Sie hier.<\/li>\n<\/ul>\n<p>RIZZ B.V. ist verantwortlich f\u00fcr die Einhaltung des AVG, die Pflege der Kundendaten und die Verwaltung zu Analyse- und Marketingzwecken. RIZZ B.V. ist verantwortlich f\u00fcr die korrekte und ordnungsgem\u00e4\u00dfe Verarbeitung aller Daten im Namen von RIZZ B.V., einschlie\u00dflich www.rizz.design, und wird gem\u00e4\u00df den AVG-Richtlinien handeln.<\/p>\n<p>RIZZ B.V. sammelt und verarbeitet personenbezogene Daten f\u00fcr die Verwaltung von Kunden, die Ausf\u00fchrung vereinbarter Lieferungen und damit verbundener Dienstleistungen, das Inkasso, den Kundenservice, die Website, das pers\u00f6nliche Marketing und zur Erf\u00fcllung gesetzlicher Verpflichtungen.<\/p>\n<p>Die von der RIZZ B.V. gespeicherten personenbezogenen Daten werden in erster Linie zur Erf\u00fcllung des Vertrages \u00fcber die Lieferung von Produkten und\/oder Dienstleistungen durch die RIZZ B.V. verwendet. Ohne diese Daten ist die RIZZ B.V. nicht in der Lage, den Vertrag zu erf\u00fcllen.<\/p>\n<p>RIZZ B.V. behandelt Ihre pers\u00f6nlichen Daten mit \u00e4u\u00dferster Sorgfalt und tut alles, was in ihrer Macht steht, um Ihre Daten sicher zu speichern. M\u00f6gliche Datenlecks werden stets der niederl\u00e4ndischen Beh\u00f6rde f\u00fcr den Schutz personenbezogener Daten (Autoriteit Persoonsgegevens) und den Betroffenen, deren personenbezogene Daten m\u00f6glicherweise gef\u00e4hrdet wurden, gemeldet. Im Falle einer Datenverletzung ergreift RIZZ B.V. stets geeignete Ma\u00dfnahmen, um die Zuverl\u00e4ssigkeit der Website zu gew\u00e4hrleisten und Ihre Daten zu sch\u00fctzen. Wenn Sie der Meinung sind, dass Ihre personenbezogenen Daten in unzul\u00e4ssiger Weise verwendet, erlangt oder gespeichert werden und es Ihnen trotz wiederholter Aufforderung nicht m\u00f6glich ist, Ihre Daten zu entfernen, so kann RIZZ B.V. Ihre pers\u00f6nlichen Daten l\u00f6schen. Sie k\u00f6nnen jederzeit eine Beschwerde bei der Beh\u00f6rde f\u00fcr den Schutz von personenbezogenen Daten einreichen.<\/p>\n<p>Die personenbezogenen Daten werden in jedem Fall gel\u00f6scht:<\/p>\n<ul>\n<li>bei Erf\u00fcllung des Vertrages: 7 Jahre nach Beendigung des Vertrages Vereinbarung f\u00fcr k\u00fcnftige Vereinbarungen, es sei denn, Sie haben ausdr\u00fccklich zugestimmt, die personenbezogenen Daten l\u00e4nger aufzubewahren oder wenn die Daten ben\u00f6tigt werden.<\/li>\n<li>bei erstattungsf\u00e4higen R\u00fccksendungen: 2 Monate nach R\u00fccksendung der zur\u00fcckgesandten Waren;<\/li>\n<li>bei Zahlung und Begleichung von Rechnungen: 7 Jahre nach Zahlung der betreffenden Rechnung, um die Erf\u00fcllung der gesetzlichen Verpflichtung der Steuerbeh\u00f6rden zu gew\u00e4hrleisten;<\/li>\n<li>im Falle einer Aufforderung zur Abgabe eines Angebots: 7 Jahre nach dem Datum, an dem das Angebot \u00fcbermittelt wurde;<\/li>\n<li>im Falle des Newsletters: nach Abmeldung;<\/li>\n<li>bei der Bearbeitung von Fragen und Beschwerden, nachdem die Beschwerde eingegangen ist.<\/li>\n<li>Damit der Vertrag reibungslos funktioniert, kann RIZZ B.V. auf eine Reihe von M\u00f6glichkeiten zur\u00fcckgreifen<br \/>\nexterne Parteien, die ebenfalls Einblick in Ihre Daten erhalten k\u00f6nnen. Sie halten diese Informationen<br \/>\nIn jedem Fall bewahren sie die Daten so lange auf, wie es f\u00fcr die Durchf\u00fchrung ihrer T\u00e4tigkeiten erforderlich ist.<br \/>\nUnter keinen Umst\u00e4nden werden personenbezogene Daten f\u00fcr andere Zwecke als die Aktivit\u00e4ten f\u00fcr RIZZ B.V. benutzt, es sei denn, es wurde eine ausdr\u00fcckliche Genehmigung der betreffenden Person eingeholt.<\/li>\n<\/ul>\n<p>Alle externen \u00dcbermittlungen personenbezogener Daten unterliegen den Vereinbarungen mit den Auftragsverarbeitern.<\/p>\n<p>F\u00fcr die Ausf\u00fchrung des Vertrages bedient sich RIZZ B.V. eines externen Erf\u00fcllungsgehilfen. Personenbezogene Daten, die f\u00fcr die Erf\u00fcllung des Vertrages notwendig sind, werden unserem Vertragspartner zur Verf\u00fcgung gestellt.<\/p>\n<p>RIZZ B.V. bedient sich eines Zahlungsdienstleisters, um Rechnungen einzuziehen. Personenbezogene Daten, die f\u00fcr den Zahlungseinzug erforderlich sind, werden an unseren Zahlungsdienstleister weitergegeben.<\/p>\n<p>RIZZ B.V. bedient sich eines Buchhalters f\u00fcr die Zahlungsabwicklung. Die f\u00fcr die Zahlungsabwicklung erforderlichen personenbezogenen Daten werden unserem Buchhalter zur Verf\u00fcgung gestellt.<br \/>\nF\u00fcr den Versand des Newsletters bedient sich RIZZ B.V. eines E-Mail-Dienstleisters. Personenbezogene Daten, die f\u00fcr den Versand des Newsletters erforderlich sind, werden an unseren E-Mail-Dienstleister \u00fcbermittelt.<\/p>\n<p>Wenn Sie mehr Informationen dar\u00fcber w\u00fcnschen, mit welchen Dritten Ihre personenbezogenen Daten verarbeitet werden, k\u00f6nnen Sie jederzeit eine E-Mail an info@rizz.nl senden.<br \/>\n[\/et_pb_text][\/et_pb_column][\/et_pb_row][\/et_pb_section]<\/p>\n","protected":false},"excerpt":{"rendered":"<p>IHRE PRIVATSPH\u00c4RE IST UNS WICHTIG. Diese Seite wurde zuletzt am 23. November 2021 aktualisiert. Pers\u00f6nliche Daten werden nur dann gespeichert, wenn Sie ein Produkt und\/oder eine Dienstleistung von RIZZ B.V. erwerben oder wenn Sie Ihre ausdr\u00fcckliche Zustimmung dazu gegeben haben. Wir tun alles in unserer Macht Stehende, um die privaten Daten, die wir von Ihnen [&hellip;]<\/p>\n","protected":false},"author":373,"featured_media":0,"parent":0,"menu_order":0,"comment_status":"open","ping_status":"open","template":"","meta":{"_acf_changed":false,"_et_pb_use_builder":"on","_et_pb_old_content":"","_et_gb_content_width":"","footnotes":""},"class_list":["post-14825","page","type-page","status-publish","hentry"],"acf":[],"yoast_head":"<!-- This site is optimized with the Yoast SEO Premium plugin v27.1 (Yoast SEO v27.1.1) - https:\/\/yoast.com\/product\/yoast-seo-premium-wordpress\/ -->\n<title>Datenschutzerkl\u00e4rung - RiZZ Design<\/title>\n<meta name=\"description\" content=\"Wir tun unser M\u00f6glichstes, um die privaten Daten, die wir von Ihnen erhalten, wirklich privat zu halten. Lesen Sie unsere Datenschutzbestimmungen hier.\" \/>\n<meta name=\"robots\" content=\"index, follow, max-snippet:-1, max-image-preview:large, max-video-preview:-1\" \/>\n<link rel=\"canonical\" href=\"https:\/\/www.rizz.design\/de\/privacy-policy\/\" \/>\n<meta property=\"og:locale\" content=\"de_DE\" \/>\n<meta property=\"og:type\" content=\"article\" \/>\n<meta property=\"og:title\" content=\"Privacy Policy\" \/>\n<meta property=\"og:description\" content=\"Wir tun unser M\u00f6glichstes, um die privaten Daten, die wir von Ihnen erhalten, wirklich privat zu halten. Lesen Sie unsere Datenschutzbestimmungen hier.\" \/>\n<meta property=\"og:url\" content=\"https:\/\/www.rizz.design\/de\/privacy-policy\/\" \/>\n<meta property=\"og:site_name\" content=\"RiZZ | Official Website\" \/>\n<meta property=\"article:modified_time\" content=\"2022-01-19T19:55:22+00:00\" \/>\n<meta name=\"twitter:card\" content=\"summary_large_image\" \/>\n<meta name=\"twitter:label1\" content=\"Gesch\u00e4tzte Lesezeit\" \/>\n\t<meta name=\"twitter:data1\" content=\"5\u00a0Minuten\" \/>\n<script type=\"application\/ld+json\" class=\"yoast-schema-graph\">{\"@context\":\"https:\/\/schema.org\",\"@graph\":[{\"@type\":\"WebPage\",\"@id\":\"https:\/\/www.rizz.design\/de\/privacy-policy\/\",\"url\":\"https:\/\/www.rizz.design\/de\/privacy-policy\/\",\"name\":\"Datenschutzerkl\u00e4rung - RiZZ Design\",\"isPartOf\":{\"@id\":\"https:\/\/www.rizz.design\/de\/#website\"},\"datePublished\":\"2021-12-02T01:23:58+00:00\",\"dateModified\":\"2022-01-19T19:55:22+00:00\",\"description\":\"Wir tun unser M\u00f6glichstes, um die privaten Daten, die wir von Ihnen erhalten, wirklich privat zu halten. Lesen Sie unsere Datenschutzbestimmungen hier.\",\"breadcrumb\":{\"@id\":\"https:\/\/www.rizz.design\/de\/privacy-policy\/#breadcrumb\"},\"inLanguage\":\"de\",\"potentialAction\":[{\"@type\":\"ReadAction\",\"target\":[\"https:\/\/www.rizz.design\/de\/privacy-policy\/\"]}]},{\"@type\":\"BreadcrumbList\",\"@id\":\"https:\/\/www.rizz.design\/de\/privacy-policy\/#breadcrumb\",\"itemListElement\":[{\"@type\":\"ListItem\",\"position\":1,\"name\":\"Home\",\"item\":\"https:\/\/www.rizz.design\/de\/\"},{\"@type\":\"ListItem\",\"position\":2,\"name\":\"Privacy Policy\"}]},{\"@type\":\"WebSite\",\"@id\":\"https:\/\/www.rizz.design\/de\/#website\",\"url\":\"https:\/\/www.rizz.design\/de\/\",\"name\":\"RiZZ | Official Website\",\"description\":\"Since 1941\",\"potentialAction\":[{\"@type\":\"SearchAction\",\"target\":{\"@type\":\"EntryPoint\",\"urlTemplate\":\"https:\/\/www.rizz.design\/de\/?s={search_term_string}\"},\"query-input\":{\"@type\":\"PropertyValueSpecification\",\"valueRequired\":true,\"valueName\":\"search_term_string\"}}],\"inLanguage\":\"de\"}]}<\/script>\n<!-- \/ Yoast SEO Premium plugin. -->","yoast_head_json":{"title":"Datenschutzerkl\u00e4rung - RiZZ Design","description":"Wir tun unser M\u00f6glichstes, um die privaten Daten, die wir von Ihnen erhalten, wirklich privat zu halten. Lesen Sie unsere Datenschutzbestimmungen hier.","robots":{"index":"index","follow":"follow","max-snippet":"max-snippet:-1","max-image-preview":"max-image-preview:large","max-video-preview":"max-video-preview:-1"},"canonical":"https:\/\/www.rizz.design\/de\/privacy-policy\/","og_locale":"de_DE","og_type":"article","og_title":"Privacy Policy","og_description":"Wir tun unser M\u00f6glichstes, um die privaten Daten, die wir von Ihnen erhalten, wirklich privat zu halten. Lesen Sie unsere Datenschutzbestimmungen hier.","og_url":"https:\/\/www.rizz.design\/de\/privacy-policy\/","og_site_name":"RiZZ | Official Website","article_modified_time":"2022-01-19T19:55:22+00:00","twitter_card":"summary_large_image","twitter_misc":{"Gesch\u00e4tzte Lesezeit":"5\u00a0Minuten"},"schema":{"@context":"https:\/\/schema.org","@graph":[{"@type":"WebPage","@id":"https:\/\/www.rizz.design\/de\/privacy-policy\/","url":"https:\/\/www.rizz.design\/de\/privacy-policy\/","name":"Datenschutzerkl\u00e4rung - RiZZ Design","isPartOf":{"@id":"https:\/\/www.rizz.design\/de\/#website"},"datePublished":"2021-12-02T01:23:58+00:00","dateModified":"2022-01-19T19:55:22+00:00","description":"Wir tun unser M\u00f6glichstes, um die privaten Daten, die wir von Ihnen erhalten, wirklich privat zu halten. Lesen Sie unsere Datenschutzbestimmungen hier.","breadcrumb":{"@id":"https:\/\/www.rizz.design\/de\/privacy-policy\/#breadcrumb"},"inLanguage":"de","potentialAction":[{"@type":"ReadAction","target":["https:\/\/www.rizz.design\/de\/privacy-policy\/"]}]},{"@type":"BreadcrumbList","@id":"https:\/\/www.rizz.design\/de\/privacy-policy\/#breadcrumb","itemListElement":[{"@type":"ListItem","position":1,"name":"Home","item":"https:\/\/www.rizz.design\/de\/"},{"@type":"ListItem","position":2,"name":"Privacy Policy"}]},{"@type":"WebSite","@id":"https:\/\/www.rizz.design\/de\/#website","url":"https:\/\/www.rizz.design\/de\/","name":"RiZZ | Official Website","description":"Since 1941","potentialAction":[{"@type":"SearchAction","target":{"@type":"EntryPoint","urlTemplate":"https:\/\/www.rizz.design\/de\/?s={search_term_string}"},"query-input":{"@type":"PropertyValueSpecification","valueRequired":true,"valueName":"search_term_string"}}],"inLanguage":"de"}]}},"_links":{"self":[{"href":"https:\/\/www.rizz.design\/de\/wp-json\/wp\/v2\/pages\/14825","targetHints":{"allow":["GET"]}}],"collection":[{"href":"https:\/\/www.rizz.design\/de\/wp-json\/wp\/v2\/pages"}],"about":[{"href":"https:\/\/www.rizz.design\/de\/wp-json\/wp\/v2\/types\/page"}],"author":[{"embeddable":true,"href":"https:\/\/www.rizz.design\/de\/wp-json\/wp\/v2\/users\/373"}],"replies":[{"embeddable":true,"href":"https:\/\/www.rizz.design\/de\/wp-json\/wp\/v2\/comments?post=14825"}],"version-history":[{"count":0,"href":"https:\/\/www.rizz.design\/de\/wp-json\/wp\/v2\/pages\/14825\/revisions"}],"wp:attachment":[{"href":"https:\/\/www.rizz.design\/de\/wp-json\/wp\/v2\/media?parent=14825"}],"curies":[{"name":"wp","href":"https:\/\/api.w.org\/{rel}","templated":true}]}}