{"id":14888,"date":"2019-11-12T14:10:45","date_gmt":"2019-11-12T13:10:45","guid":{"rendered":"https:\/\/staging2.mathijsv4.sg-host.com\/betaal-mogelijkheden\/"},"modified":"2025-01-08T15:49:35","modified_gmt":"2025-01-08T14:49:35","slug":"zahlungsmethoden","status":"publish","type":"page","link":"https:\/\/www.rizz.design\/de\/zahlungsmethoden\/","title":{"rendered":"Zahlungsmethoden"},"content":{"rendered":"<p>[et_pb_section fb_built=&#8220;1&#8243; _builder_version=&#8220;4.16&#8243; global_colors_info=&#8220;{}&#8220;][et_pb_row _builder_version=&#8220;4.16&#8243; background_size=&#8220;initial&#8220; background_position=&#8220;top_left&#8220; background_repeat=&#8220;repeat&#8220; global_colors_info=&#8220;{}&#8220;][et_pb_column type=&#8220;4_4&#8243; _builder_version=&#8220;4.16&#8243; custom_padding=&#8220;|||&#8220; global_colors_info=&#8220;{}&#8220; custom_padding__hover=&#8220;|||&#8220;][et_pb_dmb_breadcrumbs _builder_version=&#8220;4.27.0&#8243; _module_preset=&#8220;default&#8220; show_custom_taxonomy_crumbs=&#8220;off&#8220; show_category_crumbs=&#8220;off&#8220; hover_enabled=&#8220;0&#8243; sticky_enabled=&#8220;0&#8243;][\/et_pb_dmb_breadcrumbs][et_pb_text _builder_version=&#8220;4.27.0&#8243; background_size=&#8220;initial&#8220; background_position=&#8220;top_left&#8220; background_repeat=&#8220;repeat&#8220; global_colors_info=&#8220;{}&#8220;]Bei Rizz.design akzeptieren wir die folgenden Zahlungsmethoden:<\/p>\n<ul>\n<li>Maestro (Europa)<\/li>\n<li>MasterCard<\/li>\n<li>Visa<\/li>\n<li>PayPal<\/li>\n<\/ul>\n<p>In einigen L\u00e4ndern werden weitere Zahlungsmethoden akzeptiert:<\/p>\n<ul>\n<li>V PAY (Europa)<\/li>\n<li>Bancontact (Belgien)<\/li>\n<li>ING Home\u2019Pay (Belgien)<\/li>\n<li>Belfium (Belgien)<\/li>\n<li>EPS (\u00d6sterreich)<\/li>\n<li>CartaSi (Italien)<\/li>\n<li>Carte Bancaire (Frankreich)<\/li>\n<li>Dankort (D\u00e4nemark)<\/li>\n<li>Nordea (Norwegen)<\/li>\n<li>Sofort by Klarna (Deutschland)<\/li>\n<li>Giropay (Deutschland)<\/li>\n<li>iDEAL (Niederlande)<\/li>\n<li>IDEAL QR (Niederlande)<\/li>\n<\/ul>\n<p><strong>Direkte Bank\u00fcberweisung<\/strong><br \/>\n\u00dcberweise direkt an unsere Bankverbindung. Bitte nutze die Bestellnummer als Verwendungszweck. Deine Bestellung wird erst nach Geldeingang auf unserem Konto versandt.<\/p>\n<p>RIZZ B.V.<br \/>\nBIC : RABONL2U<br \/>\nIBAN : NL64RABO 0347 8785 39<\/p>\n<p>F\u00fcr Gro\u00dfh\u00e4ndler k\u00f6nnen wir andere Zahlungsoptionen anbieten. Wenn Sie Interesse daran haben, als H\u00e4ndler zu uns zu sto\u00dfen, besuchen Sie bitte unsere H\u00e4ndlerseite.<\/p>\n<p>[\/et_pb_text][\/et_pb_column][\/et_pb_row][\/et_pb_section]<\/p>\n","protected":false},"excerpt":{"rendered":"<p>Bei Rizz.design akzeptieren wir die folgenden Zahlungsmethoden: Maestro (Europa) MasterCard Visa PayPal In einigen L\u00e4ndern werden weitere Zahlungsmethoden akzeptiert: V PAY (Europa) Bancontact (Belgien) ING Home\u2019Pay (Belgien) Belfium (Belgien) EPS (\u00d6sterreich) CartaSi (Italien) Carte Bancaire (Frankreich) Dankort (D\u00e4nemark) Nordea (Norwegen) Sofort by Klarna (Deutschland) Giropay (Deutschland) iDEAL (Niederlande) IDEAL QR (Niederlande) Direkte Bank\u00fcberweisung \u00dcberweise direkt [&hellip;]<\/p>\n","protected":false},"author":373,"featured_media":0,"parent":0,"menu_order":0,"comment_status":"open","ping_status":"open","template":"","meta":{"_acf_changed":false,"_et_pb_use_builder":"on","_et_pb_old_content":"","_et_gb_content_width":"","footnotes":""},"class_list":["post-14888","page","type-page","status-publish","hentry"],"acf":[],"yoast_head":"<!-- This site is optimized with the Yoast SEO Premium plugin v27.1 (Yoast SEO v27.1.1) - https:\/\/yoast.com\/product\/yoast-seo-premium-wordpress\/ -->\n<title>Zahlungsmethoden - RiZZ | Official Website<\/title>\n<meta name=\"description\" content=\"Wir k\u00f6nnen Gro\u00dfh\u00e4ndlern alternative Zahlungsmethoden anbieten. Bitte besuchen Sie unsere H\u00e4ndlerseite, wenn Sie Interesse daran haben, bei uns als H\u00e4ndler zu arbeiten.\" \/>\n<meta name=\"robots\" content=\"index, follow, max-snippet:-1, max-image-preview:large, max-video-preview:-1\" \/>\n<link rel=\"canonical\" href=\"https:\/\/www.rizz.design\/de\/zahlungsmethoden\/\" \/>\n<meta property=\"og:locale\" content=\"de_DE\" \/>\n<meta property=\"og:type\" content=\"article\" \/>\n<meta property=\"og:title\" content=\"Zahlungsmethoden\" \/>\n<meta property=\"og:description\" content=\"Wir k\u00f6nnen Gro\u00dfh\u00e4ndlern alternative Zahlungsmethoden anbieten. Bitte besuchen Sie unsere H\u00e4ndlerseite, wenn Sie Interesse daran haben, bei uns als H\u00e4ndler zu arbeiten.\" \/>\n<meta property=\"og:url\" content=\"https:\/\/www.rizz.design\/de\/zahlungsmethoden\/\" \/>\n<meta property=\"og:site_name\" content=\"RiZZ | Official Website\" \/>\n<meta property=\"article:modified_time\" content=\"2025-01-08T14:49:35+00:00\" \/>\n<meta name=\"twitter:card\" content=\"summary_large_image\" \/>\n<meta name=\"twitter:label1\" content=\"Gesch\u00e4tzte Lesezeit\" \/>\n\t<meta name=\"twitter:data1\" content=\"1\u00a0Minute\" \/>\n<script type=\"application\/ld+json\" class=\"yoast-schema-graph\">{\"@context\":\"https:\/\/schema.org\",\"@graph\":[{\"@type\":\"WebPage\",\"@id\":\"https:\/\/www.rizz.design\/de\/zahlungsmethoden\/\",\"url\":\"https:\/\/www.rizz.design\/de\/zahlungsmethoden\/\",\"name\":\"Zahlungsmethoden - RiZZ | Official Website\",\"isPartOf\":{\"@id\":\"https:\/\/www.rizz.design\/de\/#website\"},\"datePublished\":\"2019-11-12T13:10:45+00:00\",\"dateModified\":\"2025-01-08T14:49:35+00:00\",\"description\":\"Wir k\u00f6nnen Gro\u00dfh\u00e4ndlern alternative Zahlungsmethoden anbieten. Bitte besuchen Sie unsere H\u00e4ndlerseite, wenn Sie Interesse daran haben, bei uns als H\u00e4ndler zu arbeiten.\",\"breadcrumb\":{\"@id\":\"https:\/\/www.rizz.design\/de\/zahlungsmethoden\/#breadcrumb\"},\"inLanguage\":\"de\",\"potentialAction\":[{\"@type\":\"ReadAction\",\"target\":[\"https:\/\/www.rizz.design\/de\/zahlungsmethoden\/\"]}]},{\"@type\":\"BreadcrumbList\",\"@id\":\"https:\/\/www.rizz.design\/de\/zahlungsmethoden\/#breadcrumb\",\"itemListElement\":[{\"@type\":\"ListItem\",\"position\":1,\"name\":\"Home\",\"item\":\"https:\/\/www.rizz.design\/de\/\"},{\"@type\":\"ListItem\",\"position\":2,\"name\":\"Zahlungsmethoden\"}]},{\"@type\":\"WebSite\",\"@id\":\"https:\/\/www.rizz.design\/de\/#website\",\"url\":\"https:\/\/www.rizz.design\/de\/\",\"name\":\"RiZZ | Official Website\",\"description\":\"Since 1941\",\"potentialAction\":[{\"@type\":\"SearchAction\",\"target\":{\"@type\":\"EntryPoint\",\"urlTemplate\":\"https:\/\/www.rizz.design\/de\/?s={search_term_string}\"},\"query-input\":{\"@type\":\"PropertyValueSpecification\",\"valueRequired\":true,\"valueName\":\"search_term_string\"}}],\"inLanguage\":\"de\"}]}<\/script>\n<!-- \/ Yoast SEO Premium plugin. -->","yoast_head_json":{"title":"Zahlungsmethoden - RiZZ | Official Website","description":"Wir k\u00f6nnen Gro\u00dfh\u00e4ndlern alternative Zahlungsmethoden anbieten. Bitte besuchen Sie unsere H\u00e4ndlerseite, wenn Sie Interesse daran haben, bei uns als H\u00e4ndler zu arbeiten.","robots":{"index":"index","follow":"follow","max-snippet":"max-snippet:-1","max-image-preview":"max-image-preview:large","max-video-preview":"max-video-preview:-1"},"canonical":"https:\/\/www.rizz.design\/de\/zahlungsmethoden\/","og_locale":"de_DE","og_type":"article","og_title":"Zahlungsmethoden","og_description":"Wir k\u00f6nnen Gro\u00dfh\u00e4ndlern alternative Zahlungsmethoden anbieten. Bitte besuchen Sie unsere H\u00e4ndlerseite, wenn Sie Interesse daran haben, bei uns als H\u00e4ndler zu arbeiten.","og_url":"https:\/\/www.rizz.design\/de\/zahlungsmethoden\/","og_site_name":"RiZZ | Official Website","article_modified_time":"2025-01-08T14:49:35+00:00","twitter_card":"summary_large_image","twitter_misc":{"Gesch\u00e4tzte Lesezeit":"1\u00a0Minute"},"schema":{"@context":"https:\/\/schema.org","@graph":[{"@type":"WebPage","@id":"https:\/\/www.rizz.design\/de\/zahlungsmethoden\/","url":"https:\/\/www.rizz.design\/de\/zahlungsmethoden\/","name":"Zahlungsmethoden - RiZZ | Official Website","isPartOf":{"@id":"https:\/\/www.rizz.design\/de\/#website"},"datePublished":"2019-11-12T13:10:45+00:00","dateModified":"2025-01-08T14:49:35+00:00","description":"Wir k\u00f6nnen Gro\u00dfh\u00e4ndlern alternative Zahlungsmethoden anbieten. Bitte besuchen Sie unsere H\u00e4ndlerseite, wenn Sie Interesse daran haben, bei uns als H\u00e4ndler zu arbeiten.","breadcrumb":{"@id":"https:\/\/www.rizz.design\/de\/zahlungsmethoden\/#breadcrumb"},"inLanguage":"de","potentialAction":[{"@type":"ReadAction","target":["https:\/\/www.rizz.design\/de\/zahlungsmethoden\/"]}]},{"@type":"BreadcrumbList","@id":"https:\/\/www.rizz.design\/de\/zahlungsmethoden\/#breadcrumb","itemListElement":[{"@type":"ListItem","position":1,"name":"Home","item":"https:\/\/www.rizz.design\/de\/"},{"@type":"ListItem","position":2,"name":"Zahlungsmethoden"}]},{"@type":"WebSite","@id":"https:\/\/www.rizz.design\/de\/#website","url":"https:\/\/www.rizz.design\/de\/","name":"RiZZ | Official Website","description":"Since 1941","potentialAction":[{"@type":"SearchAction","target":{"@type":"EntryPoint","urlTemplate":"https:\/\/www.rizz.design\/de\/?s={search_term_string}"},"query-input":{"@type":"PropertyValueSpecification","valueRequired":true,"valueName":"search_term_string"}}],"inLanguage":"de"}]}},"_links":{"self":[{"href":"https:\/\/www.rizz.design\/de\/wp-json\/wp\/v2\/pages\/14888","targetHints":{"allow":["GET"]}}],"collection":[{"href":"https:\/\/www.rizz.design\/de\/wp-json\/wp\/v2\/pages"}],"about":[{"href":"https:\/\/www.rizz.design\/de\/wp-json\/wp\/v2\/types\/page"}],"author":[{"embeddable":true,"href":"https:\/\/www.rizz.design\/de\/wp-json\/wp\/v2\/users\/373"}],"replies":[{"embeddable":true,"href":"https:\/\/www.rizz.design\/de\/wp-json\/wp\/v2\/comments?post=14888"}],"version-history":[{"count":3,"href":"https:\/\/www.rizz.design\/de\/wp-json\/wp\/v2\/pages\/14888\/revisions"}],"predecessor-version":[{"id":76688,"href":"https:\/\/www.rizz.design\/de\/wp-json\/wp\/v2\/pages\/14888\/revisions\/76688"}],"wp:attachment":[{"href":"https:\/\/www.rizz.design\/de\/wp-json\/wp\/v2\/media?parent=14888"}],"curies":[{"name":"wp","href":"https:\/\/api.w.org\/{rel}","templated":true}]}}