{"id":14916,"date":"2018-02-15T02:55:30","date_gmt":"2018-02-15T01:55:30","guid":{"rendered":"https:\/\/staging2.mathijsv4.sg-host.com\/over-rizz-design\/"},"modified":"2025-01-08T15:45:21","modified_gmt":"2025-01-08T14:45:21","slug":"ueber-rizz","status":"publish","type":"page","link":"https:\/\/www.rizz.design\/de\/ueber-rizz\/","title":{"rendered":"\u00dcber RiZZ"},"content":{"rendered":"<p>[et_pb_section fb_built=&#8220;1&#8243; _builder_version=&#8220;4.16&#8243; _module_preset=&#8220;default&#8220; global_colors_info=&#8220;{}&#8220;][et_pb_row _builder_version=&#8220;4.16&#8243; _module_preset=&#8220;default&#8220; custom_padding=&#8220;||0px|||&#8220; global_colors_info=&#8220;{}&#8220;][et_pb_column type=&#8220;4_4&#8243; _builder_version=&#8220;4.16&#8243; _module_preset=&#8220;default&#8220; global_colors_info=&#8220;{}&#8220;][et_pb_dmb_breadcrumbs _builder_version=&#8220;4.27.0&#8243; _module_preset=&#8220;default&#8220; show_custom_taxonomy_crumbs=&#8220;off&#8220; show_category_crumbs=&#8220;off&#8220; hover_enabled=&#8220;0&#8243; sticky_enabled=&#8220;0&#8243; custom_padding=&#8220;0px|||||&#8220;][\/et_pb_dmb_breadcrumbs][et_pb_text _builder_version=&#8220;4.16&#8243; _module_preset=&#8220;default&#8220; global_colors_info=&#8220;{}&#8220;]<\/p>\n<h2>Wer wir sind<br \/>\n<\/h2>\n<p>[\/et_pb_text][\/et_pb_column][\/et_pb_row][et_pb_row column_structure=&#8220;1_2,1_2&#8243; _builder_version=&#8220;4.16&#8243; _module_preset=&#8220;default&#8220; global_colors_info=&#8220;{}&#8220;][et_pb_column type=&#8220;1_2&#8243; _builder_version=&#8220;4.16&#8243; _module_preset=&#8220;default&#8220; global_colors_info=&#8220;{}&#8220;][et_pb_text _builder_version=&#8220;4.16&#8243; _module_preset=&#8220;default&#8220; global_colors_info=&#8220;{}&#8220;]<\/p>\n<p><strong>Wir sind ein niederl\u00e4ndisches Familienunternehmen, das bereits seit 80 Jahren in Nijkerk produziert. Innerhalb der RiZZ-Familie sind wir stolz auf unser einzigartiges Angebot an langlebigen Luxusprodukten. Sie werden im eigenen Haus entworfen und nach wie vor in traditioneller Weise von Hand gefertigt, gr\u00f6\u00dftenteils von erfahrenen Handwerkern. Auf diese Weise sichern wir die Qualit\u00e4t unserer Produkte.<\/strong><\/p>\n<p>[\/et_pb_text][et_pb_text _builder_version=&#8220;4.16&#8243; _module_preset=&#8220;default&#8220; global_colors_info=&#8220;{}&#8220;]<\/p>\n<p><strong>Unser Versprechen:<\/strong><br \/>Die luxuri\u00f6sen RiZZ Matten und Besen sind die perfekte Dekoration f\u00fcr Ihr Haus und Ihre Terrasse.<\/p>\n<p>Neben einem schicken Aussehen, das zu Ihrem pers\u00f6nlichen (Lebens-)Stil passt, garantieren unsere niederl\u00e4ndischen Designprodukte au\u00dfergew\u00f6hnliche Qualit\u00e4t, Funktionalit\u00e4t und Haltbarkeit.<\/p>\n<p>[\/et_pb_text][et_pb_image src=&#8220;https:\/\/rizz.design\/wp-content\/uploads\/2021\/12\/about-rizz.jpg&#8220; alt=&#8220;\u00dcber RiZZ&#8220; title_text=&#8220;\u00dcber RiZZ&#8220; disabled_on=&#8220;off|off|on&#8220; _builder_version=&#8220;4.16&#8243; _module_preset=&#8220;default&#8220; global_colors_info=&#8220;{}&#8220;][\/et_pb_image][et_pb_text admin_label=&#8220;Text&#8220; _builder_version=&#8220;4.16&#8243; _module_preset=&#8220;default&#8220; global_colors_info=&#8220;{}&#8220;]<\/p>\n<p><strong>Unsere Werte:<\/strong><\/p>\n<div style=\"width: 50%; float: left;\">\n<ul>\n<li>Zusammengeh\u00f6rigkeit<\/li>\n<li>Der zu sein, der man ist<\/li>\n<li>Qualit\u00e4t, Funktionalit\u00e4t, Nachhaltigkeit<\/li>\n<li>Funktionsweise<\/li>\n<li>Handwerkliches K\u00f6nnen<\/li>\n<li>Auge f\u00fcr Details<\/li>\n<\/ul>\n<\/div>\n<div style=\"width: 50%; float: left;\">\n<ul>\n<li>Entwurf<\/li>\n<li>Kunst<\/li>\n<li>Partner, die uns bereichern<\/li>\n<li>Nachhaltigkeit des Lebens<\/li>\n<li>Unser Planet<\/li>\n<\/ul>\n<\/div>\n<p>[\/et_pb_text][\/et_pb_column][et_pb_column type=&#8220;1_2&#8243; _builder_version=&#8220;4.16&#8243; _module_preset=&#8220;default&#8220; global_colors_info=&#8220;{}&#8220;][et_pb_image src=&#8220;https:\/\/rizz.design\/wp-content\/uploads\/2021\/12\/about-rizz.jpg&#8220; alt=&#8220;\u00dcber RiZZ&#8220; title_text=&#8220;\u00dcber RiZZ&#8220; disabled_on=&#8220;on|on|off&#8220; _builder_version=&#8220;4.16&#8243; _module_preset=&#8220;default&#8220; global_colors_info=&#8220;{}&#8220;][\/et_pb_image][\/et_pb_column][\/et_pb_row][\/et_pb_section][et_pb_section fb_built=&#8220;1&#8243; _builder_version=&#8220;4.16&#8243; _module_preset=&#8220;default&#8220; custom_margin_tablet=&#8220;0px||||false|false&#8220; custom_margin_phone=&#8220;0px||||false|false&#8220; custom_margin_last_edited=&#8220;on|tablet&#8220; custom_padding=&#8220;0px||||false|false&#8220; global_colors_info=&#8220;{}&#8220;][et_pb_row column_structure=&#8220;1_2,1_2&#8243; _builder_version=&#8220;4.16&#8243; _module_preset=&#8220;default&#8220; global_colors_info=&#8220;{}&#8220;][et_pb_column type=&#8220;1_2&#8243; _builder_version=&#8220;4.16&#8243; _module_preset=&#8220;default&#8220; global_colors_info=&#8220;{}&#8220;][et_pb_image src=&#8220;https:\/\/rizz.design\/wp-content\/uploads\/2021\/12\/design-rizz.jpg&#8220; alt=&#8220;\u00dcber RiZZ&#8220; title_text=&#8220;\u00dcber RiZZ&#8220; _builder_version=&#8220;4.16&#8243; _module_preset=&#8220;default&#8220; global_colors_info=&#8220;{}&#8220;][\/et_pb_image][\/et_pb_column][et_pb_column type=&#8220;1_2&#8243; _builder_version=&#8220;4.16&#8243; _module_preset=&#8220;default&#8220; global_colors_info=&#8220;{}&#8220;][et_pb_text _builder_version=&#8220;4.16&#8243; _module_preset=&#8220;default&#8220; global_colors_info=&#8220;{}&#8220;]<\/p>\n<h3>Philosophie der Gestaltung<\/h3>\n<p>[\/et_pb_text][et_pb_text _builder_version=&#8220;4.17.0&#8243; _module_preset=&#8220;default&#8220; global_colors_info=&#8220;{}&#8220;]<\/p>\n<p><em>Der Designgedanke hinter unseren Produkten:<\/em><\/p>\n<p>In wenigen Worten l\u00e4sst sich der Stil von RiZZ als rein, zeitlos, modern, luxuri\u00f6s, nat\u00fcrlich statt industriell, klar, aber nicht anspruchsvoll beschreiben.\n<\/p>\n<p>\nAus der Perspektive &#8222;Der perfekte Feinschliff&#8220; und dem Designgedanken wurde RiZZ Design geboren. Sie werden die raffinierte Handwerkskunst genie\u00dfen, wo immer Sie das Produkt verwenden.\n<\/p>\n<p>\nDas Hauptziel unseres Designs ist es, dass die Produkte nicht nur funktional sind, sondern auch auf luxuri\u00f6se und perfekte Art und Weise einen Mehrwert in und um das Haus oder die Terrasse schaffen.\n<\/p>\n<p>\nGemeinsam mit dem Produktdesigner Teun Fleskens stellte RiZZ sicher, dass jedes Produkt auf die nachhaltigste und umweltfreundlichste Art und Weise hergestellt wurde, wobei der gesamte Lebenszyklus des Produkts im Auge behalten wurde.<\/p>\n<p>[\/et_pb_text][\/et_pb_column][\/et_pb_row][\/et_pb_section][et_pb_section fb_built=&#8220;1&#8243; module_class=&#8220;quote_section&#8220; _builder_version=&#8220;4.16&#8243; _module_preset=&#8220;default&#8220; custom_padding=&#8220;0px||0px|||&#8220; global_colors_info=&#8220;{}&#8220;][et_pb_row column_structure=&#8220;1_4,3_4&#8243; _builder_version=&#8220;4.16&#8243; _module_preset=&#8220;default&#8220; width=&#8220;100%&#8220; global_colors_info=&#8220;{}&#8220;][et_pb_column type=&#8220;1_4&#8243; _builder_version=&#8220;4.16&#8243; _module_preset=&#8220;default&#8220; global_colors_info=&#8220;{}&#8220;][\/et_pb_column][et_pb_column type=&#8220;3_4&#8243; _builder_version=&#8220;4.16&#8243; _module_preset=&#8220;default&#8220; background_color=&#8220;#bf9817&#8243; global_colors_info=&#8220;{}&#8220;][et_pb_text _builder_version=&#8220;4.16&#8243; _module_preset=&#8220;default&#8220; global_colors_info=&#8220;{}&#8220;]<\/p>\n<p>\u201cEin zeitloses und minimalistisches Design, das Komfort, Funktionalit\u00e4t und hochwertige Qualit\u00e4t vereint, um jedem Eingang den letzten Schliff zu geben\u201d:<\/em><\/p>\n<p><em>\u201cZeigen Sie Ihre Luxusmatten und Besen, verstecken Sie sie nicht\u201d<\/em><\/p>\n<p><em><strong>Trudie &amp; Evert Zuiddam<\/strong><\/em><\/p>\n<p>[\/et_pb_text][\/et_pb_column][\/et_pb_row][\/et_pb_section][et_pb_section fb_built=&#8220;1&#8243; _builder_version=&#8220;4.16&#8243; _module_preset=&#8220;default&#8220; custom_margin_tablet=&#8220;0px||||false|false&#8220; custom_margin_phone=&#8220;0px||||false|false&#8220; custom_margin_last_edited=&#8220;on|tablet&#8220; custom_padding=&#8220;0px||||false|false&#8220; global_colors_info=&#8220;{}&#8220;][et_pb_row custom_padding_last_edited=&#8220;on|tablet&#8220; _builder_version=&#8220;4.16&#8243; _module_preset=&#8220;default&#8220; custom_padding=&#8220;50px||||false|false&#8220; custom_padding_tablet=&#8220;0px||||false|false&#8220; custom_padding_phone=&#8220;0px||||false|false&#8220; global_colors_info=&#8220;{}&#8220;][et_pb_column type=&#8220;4_4&#8243; _builder_version=&#8220;4.16&#8243; _module_preset=&#8220;default&#8220; global_colors_info=&#8220;{}&#8220;][et_pb_text _builder_version=&#8220;4.16&#8243; _module_preset=&#8220;default&#8220; global_colors_info=&#8220;{}&#8220;]<\/p>\n<h3>Handwerkskunst seit 1941<\/h3>\n<p>Seit 1941 haben mehrere Mitglieder der Familie Zuiddam zur Entwicklung von RiZZ, wie wir es heute kennen, beigetragen. Die Produktion von B\u00fcrsten steht nach wie vor im Mittelpunkt, aber wir sind zunehmend marktorientiert und reagieren auf die Kundennachfrage in einem globalen Markt.<\/p>\n<p>Unser Schwerpunkt liegt auf Nachhaltigkeit, intelligenten L\u00f6sungen sowie hoher Qualit\u00e4t und Service f\u00fcr unsere Kunden.<\/p>\n<p>Seit 2015 arbeiten wir nach einer neuen Unternehmensstruktur: RiZZ f\u00fcr die luxuri\u00f6seren Produkte und <a href=\"https:\/\/door-line.com\/de\/\" target=\"_blank\" rel=\"noopener\">door-line<\/a> f\u00fcr die normalen B\u00fcrsten und Zugluftschutzprodukte. Die neue Unternehmensstruktur sorgt f\u00fcr mehr Transparenz und gibt Ihnen einen besseren Einblick in unsere Aktivit\u00e4ten. Mit allen Disziplinen zusammen k\u00f6nnen wir die Wertsch\u00f6pfung f\u00fcr unsere Kunden erh\u00f6hen.[\/et_pb_text][\/et_pb_column][\/et_pb_row][et_pb_row column_structure=&#8220;1_4,1_4,1_4,1_4&#8243; _builder_version=&#8220;4.16&#8243; _module_preset=&#8220;default&#8220; global_colors_info=&#8220;{}&#8220;][et_pb_column type=&#8220;1_4&#8243; _builder_version=&#8220;4.16&#8243; _module_preset=&#8220;default&#8220; global_colors_info=&#8220;{}&#8220;][et_pb_image src=&#8220;https:\/\/rizz.design\/wp-content\/uploads\/2021\/11\/rizz-history.jpg&#8220; alt=&#8220;Geschichte der RiZZ-Matten&#8220; title_text=&#8220;Geschichte der RiZZ-Matten&#8220; _builder_version=&#8220;4.16&#8243; _module_preset=&#8220;default&#8220; global_colors_info=&#8220;{}&#8220;][\/et_pb_image][\/et_pb_column][et_pb_column type=&#8220;1_4&#8243; _builder_version=&#8220;4.16&#8243; _module_preset=&#8220;default&#8220; global_colors_info=&#8220;{}&#8220;][et_pb_image src=&#8220;https:\/\/rizz.design\/wp-content\/uploads\/2021\/11\/rizz-history-2.jpg&#8220; alt=&#8220;RiZZ-Lager&#8220; title_text=&#8220;RiZZ-Lager&#8220; _builder_version=&#8220;4.16&#8243; _module_preset=&#8220;default&#8220; global_colors_info=&#8220;{}&#8220;][\/et_pb_image][\/et_pb_column][et_pb_column type=&#8220;1_4&#8243; _builder_version=&#8220;4.16&#8243; _module_preset=&#8220;default&#8220; global_colors_info=&#8220;{}&#8220;][et_pb_image src=&#8220;https:\/\/rizz.design\/wp-content\/uploads\/2021\/11\/rizz-history-3.jpg&#8220; alt=&#8220;RiZZ-Fabrik&#8220; title_text=&#8220;RiZZ-Fabrik&#8220; _builder_version=&#8220;4.16&#8243; _module_preset=&#8220;default&#8220; global_colors_info=&#8220;{}&#8220;][\/et_pb_image][\/et_pb_column][et_pb_column type=&#8220;1_4&#8243; _builder_version=&#8220;4.16&#8243; _module_preset=&#8220;default&#8220; global_colors_info=&#8220;{}&#8220;][et_pb_image src=&#8220;https:\/\/rizz.design\/wp-content\/uploads\/2021\/11\/rizz-history-4.jpg&#8220; alt=&#8220;Herstellung von RiZZ-Produkten&#8220; title_text=&#8220;Herstellung von RiZZ-Produkten&#8220; _builder_version=&#8220;4.16&#8243; _module_preset=&#8220;default&#8220; global_colors_info=&#8220;{}&#8220;][\/et_pb_image][\/et_pb_column][\/et_pb_row][et_pb_row column_structure=&#8220;1_2,1_2&#8243; _builder_version=&#8220;4.16&#8243; _module_preset=&#8220;default&#8220; global_colors_info=&#8220;{}&#8220;][et_pb_column type=&#8220;1_2&#8243; _builder_version=&#8220;4.16&#8243; _module_preset=&#8220;default&#8220; global_colors_info=&#8220;{}&#8220;][et_pb_image src=&#8220;https:\/\/rizz.design\/wp-content\/uploads\/2021\/11\/design-broom-silver-aluminium.jpg&#8220; alt=&#8220;Design Besen Silber&#8220; title_text=&#8220;Design Besen Silber&#8220; _builder_version=&#8220;4.16&#8243; _module_preset=&#8220;default&#8220; global_colors_info=&#8220;{}&#8220;][\/et_pb_image][\/et_pb_column][et_pb_column type=&#8220;1_2&#8243; _builder_version=&#8220;4.16&#8243; _module_preset=&#8220;default&#8220; global_colors_info=&#8220;{}&#8220;][et_pb_text _builder_version=&#8220;4.16&#8243; _module_preset=&#8220;default&#8220; global_colors_info=&#8220;{}&#8220;]<\/p>\n<h3>Der Ursprung der RiZZ-Kollektion<\/h3>\n<p>Anfang 2001 fasste Trudie Zuiddam den Plan, &#8222;die beste Fu\u00dfmatte der Welt&#8220; herzustellen. In der B\u00fcrstenfabrik des Unternehmerehepaars Zuiddam werden die hochwertigen B\u00fcrsten hergestellt, die der Fu\u00dfmatte ihre einzigartigen Eigenschaften verleihen. Der wachsende Markt f\u00fcr exklusive Gartenm\u00f6bel brachte einen Kundenstamm f\u00fcr unsere hochwertigen Produkte mit sich.\n<\/p>\n<p>\nIm Jahr 2006 wurde die Matte in den Niederlanden eingef\u00fchrt. Bereits im September 2007, w\u00e4hrend der Designmesse Maison et Objet in Paris, erlebte RiZZ seinen internationalen Durchbruch.<br \/>\nSeitdem hat die RiZZ-Fu\u00dfmatte Nutzer auf der ganzen Welt \u00fcberzeugt. RiZZ-H\u00e4ndler sind in trendigen St\u00e4dten wie Oslo, Stockholm, Hamburg, Amsterdam, Antwerpen, London, Paris, New York und \u00fcberall dazwischen zu finden.<\/p>\n<p>[\/et_pb_text][\/et_pb_column][\/et_pb_row][et_pb_row column_structure=&#8220;1_2,1_2&#8243; _builder_version=&#8220;4.16&#8243; _module_preset=&#8220;default&#8220; global_colors_info=&#8220;{}&#8220;][et_pb_column type=&#8220;1_2&#8243; _builder_version=&#8220;4.16&#8243; _module_preset=&#8220;default&#8220; global_colors_info=&#8220;{}&#8220;][et_pb_text _builder_version=&#8220;4.16&#8243; _module_preset=&#8220;default&#8220; global_colors_info=&#8220;{}&#8220;]<\/p>\n<p>Die hohe Schmutzaufnahme der Matte ist eine Tatsache, die auf weltlichen Inseln wie der deutschen Insel Sylt, der franz\u00f6sischen Ile de R\u00e9 und der exotischen Reuni\u00f3n bekannt und gesch\u00e4tzt wird.<br \/>\nExtreme K\u00e4lte und Hitze stellen kein Problem dar; die Matte wird in Skigebieten auf der ganzen Welt sowie an den au\u00dfergew\u00f6hnlichsten Orten im Nahen Osten, in Afrika, Australien usw. verwendet.\n<\/p>\n<p>\nDie B\u00fcrstenfabrik RiZZ in Nijkerk wurde 1941 von (Gro\u00df-)Vater Hendrik Zuiddam und seinen Br\u00fcdern gegr\u00fcndet. Trudie Zuiddam starb 2009, aber ihr Mann Evert Zuiddam und ihr Sohn Sebastiaan Zuiddam (2. und 3. Generation im Familienunternehmen) f\u00fchrten die Arbeit fort. Rund um die Matte wurde eine komplette Kollektion von Produkten f\u00fcr den Eingangsbereich von H\u00e4usern und Geb\u00e4uden entwickelt.<\/p>\n<p>[\/et_pb_text][\/et_pb_column][et_pb_column type=&#8220;1_2&#8243; _builder_version=&#8220;4.16&#8243; _module_preset=&#8220;default&#8220; global_colors_info=&#8220;{}&#8220;][et_pb_video src=&#8220;https:\/\/www.youtube.com\/watch?v=A6yfvfhJOAQ&#038;feature=emb_logo&#8220; _builder_version=&#8220;4.12.0&#8243; _module_preset=&#8220;default&#8220; global_colors_info=&#8220;{}&#8220; theme_builder_area=&#8220;post_content&#8220;][\/et_pb_video][\/et_pb_column][\/et_pb_row][\/et_pb_section]<\/p>\n","protected":false},"excerpt":{"rendered":"<p>Wer wir sind Wir sind ein niederl\u00e4ndisches Familienunternehmen, das bereits seit 80 Jahren in Nijkerk produziert. Innerhalb der RiZZ-Familie sind wir stolz auf unser einzigartiges Angebot an langlebigen Luxusprodukten. Sie werden im eigenen Haus entworfen und nach wie vor in traditioneller Weise von Hand gefertigt, gr\u00f6\u00dftenteils von erfahrenen Handwerkern. Auf diese Weise sichern wir die [&hellip;]<\/p>\n","protected":false},"author":373,"featured_media":0,"parent":0,"menu_order":0,"comment_status":"open","ping_status":"open","template":"","meta":{"_acf_changed":false,"_et_pb_use_builder":"on","_et_pb_old_content":"","_et_gb_content_width":"","footnotes":""},"class_list":["post-14916","page","type-page","status-publish","hentry"],"acf":[],"yoast_head":"<!-- This site is optimized with the Yoast SEO Premium plugin v27.1 (Yoast SEO v27.1.1) - https:\/\/yoast.com\/product\/yoast-seo-premium-wordpress\/ -->\n<title>\u00dcber RiZZ Design - Geschichte, Vision, Philosophie, Grundwerte und Versprechen<\/title>\n<meta name=\"description\" content=\"Lesen Sie auf dieser Seite, wie unser Familienunternehmen RiZZ Design aus Nijkerk seit 1941 Design und Innovation bewertet.\" \/>\n<meta name=\"robots\" content=\"index, follow, max-snippet:-1, max-image-preview:large, max-video-preview:-1\" \/>\n<link rel=\"canonical\" href=\"https:\/\/www.rizz.design\/de\/ueber-rizz\/\" \/>\n<meta property=\"og:locale\" content=\"de_DE\" \/>\n<meta property=\"og:type\" content=\"article\" \/>\n<meta property=\"og:title\" content=\"\u00dcber RiZZ\" \/>\n<meta property=\"og:description\" content=\"Lesen Sie auf dieser Seite, wie unser Familienunternehmen RiZZ Design aus Nijkerk seit 1941 Design und Innovation bewertet.\" \/>\n<meta property=\"og:url\" content=\"https:\/\/www.rizz.design\/de\/ueber-rizz\/\" \/>\n<meta property=\"og:site_name\" content=\"RiZZ | Official Website\" \/>\n<meta property=\"article:modified_time\" content=\"2025-01-08T14:45:21+00:00\" \/>\n<meta name=\"twitter:card\" content=\"summary_large_image\" \/>\n<meta name=\"twitter:label1\" content=\"Gesch\u00e4tzte Lesezeit\" \/>\n\t<meta name=\"twitter:data1\" content=\"4\u00a0Minuten\" \/>\n<script type=\"application\/ld+json\" class=\"yoast-schema-graph\">{\"@context\":\"https:\/\/schema.org\",\"@graph\":[{\"@type\":\"WebPage\",\"@id\":\"https:\/\/www.rizz.design\/de\/ueber-rizz\/\",\"url\":\"https:\/\/www.rizz.design\/de\/ueber-rizz\/\",\"name\":\"\u00dcber RiZZ Design - Geschichte, Vision, Philosophie, Grundwerte und Versprechen\",\"isPartOf\":{\"@id\":\"https:\/\/www.rizz.design\/de\/#website\"},\"datePublished\":\"2018-02-15T01:55:30+00:00\",\"dateModified\":\"2025-01-08T14:45:21+00:00\",\"description\":\"Lesen Sie auf dieser Seite, wie unser Familienunternehmen RiZZ Design aus Nijkerk seit 1941 Design und Innovation bewertet.\",\"breadcrumb\":{\"@id\":\"https:\/\/www.rizz.design\/de\/ueber-rizz\/#breadcrumb\"},\"inLanguage\":\"de\",\"potentialAction\":[{\"@type\":\"ReadAction\",\"target\":[\"https:\/\/www.rizz.design\/de\/ueber-rizz\/\"]}]},{\"@type\":\"BreadcrumbList\",\"@id\":\"https:\/\/www.rizz.design\/de\/ueber-rizz\/#breadcrumb\",\"itemListElement\":[{\"@type\":\"ListItem\",\"position\":1,\"name\":\"Home\",\"item\":\"https:\/\/www.rizz.design\/de\/\"},{\"@type\":\"ListItem\",\"position\":2,\"name\":\"\u00dcber RiZZ\"}]},{\"@type\":\"WebSite\",\"@id\":\"https:\/\/www.rizz.design\/de\/#website\",\"url\":\"https:\/\/www.rizz.design\/de\/\",\"name\":\"RiZZ | Official Website\",\"description\":\"Since 1941\",\"potentialAction\":[{\"@type\":\"SearchAction\",\"target\":{\"@type\":\"EntryPoint\",\"urlTemplate\":\"https:\/\/www.rizz.design\/de\/?s={search_term_string}\"},\"query-input\":{\"@type\":\"PropertyValueSpecification\",\"valueRequired\":true,\"valueName\":\"search_term_string\"}}],\"inLanguage\":\"de\"}]}<\/script>\n<!-- \/ Yoast SEO Premium plugin. -->","yoast_head_json":{"title":"\u00dcber RiZZ Design - Geschichte, Vision, Philosophie, Grundwerte und Versprechen","description":"Lesen Sie auf dieser Seite, wie unser Familienunternehmen RiZZ Design aus Nijkerk seit 1941 Design und Innovation bewertet.","robots":{"index":"index","follow":"follow","max-snippet":"max-snippet:-1","max-image-preview":"max-image-preview:large","max-video-preview":"max-video-preview:-1"},"canonical":"https:\/\/www.rizz.design\/de\/ueber-rizz\/","og_locale":"de_DE","og_type":"article","og_title":"\u00dcber RiZZ","og_description":"Lesen Sie auf dieser Seite, wie unser Familienunternehmen RiZZ Design aus Nijkerk seit 1941 Design und Innovation bewertet.","og_url":"https:\/\/www.rizz.design\/de\/ueber-rizz\/","og_site_name":"RiZZ | Official Website","article_modified_time":"2025-01-08T14:45:21+00:00","twitter_card":"summary_large_image","twitter_misc":{"Gesch\u00e4tzte Lesezeit":"4\u00a0Minuten"},"schema":{"@context":"https:\/\/schema.org","@graph":[{"@type":"WebPage","@id":"https:\/\/www.rizz.design\/de\/ueber-rizz\/","url":"https:\/\/www.rizz.design\/de\/ueber-rizz\/","name":"\u00dcber RiZZ Design - Geschichte, Vision, Philosophie, Grundwerte und Versprechen","isPartOf":{"@id":"https:\/\/www.rizz.design\/de\/#website"},"datePublished":"2018-02-15T01:55:30+00:00","dateModified":"2025-01-08T14:45:21+00:00","description":"Lesen Sie auf dieser Seite, wie unser Familienunternehmen RiZZ Design aus Nijkerk seit 1941 Design und Innovation bewertet.","breadcrumb":{"@id":"https:\/\/www.rizz.design\/de\/ueber-rizz\/#breadcrumb"},"inLanguage":"de","potentialAction":[{"@type":"ReadAction","target":["https:\/\/www.rizz.design\/de\/ueber-rizz\/"]}]},{"@type":"BreadcrumbList","@id":"https:\/\/www.rizz.design\/de\/ueber-rizz\/#breadcrumb","itemListElement":[{"@type":"ListItem","position":1,"name":"Home","item":"https:\/\/www.rizz.design\/de\/"},{"@type":"ListItem","position":2,"name":"\u00dcber RiZZ"}]},{"@type":"WebSite","@id":"https:\/\/www.rizz.design\/de\/#website","url":"https:\/\/www.rizz.design\/de\/","name":"RiZZ | Official Website","description":"Since 1941","potentialAction":[{"@type":"SearchAction","target":{"@type":"EntryPoint","urlTemplate":"https:\/\/www.rizz.design\/de\/?s={search_term_string}"},"query-input":{"@type":"PropertyValueSpecification","valueRequired":true,"valueName":"search_term_string"}}],"inLanguage":"de"}]}},"_links":{"self":[{"href":"https:\/\/www.rizz.design\/de\/wp-json\/wp\/v2\/pages\/14916","targetHints":{"allow":["GET"]}}],"collection":[{"href":"https:\/\/www.rizz.design\/de\/wp-json\/wp\/v2\/pages"}],"about":[{"href":"https:\/\/www.rizz.design\/de\/wp-json\/wp\/v2\/types\/page"}],"author":[{"embeddable":true,"href":"https:\/\/www.rizz.design\/de\/wp-json\/wp\/v2\/users\/373"}],"replies":[{"embeddable":true,"href":"https:\/\/www.rizz.design\/de\/wp-json\/wp\/v2\/comments?post=14916"}],"version-history":[{"count":3,"href":"https:\/\/www.rizz.design\/de\/wp-json\/wp\/v2\/pages\/14916\/revisions"}],"predecessor-version":[{"id":76676,"href":"https:\/\/www.rizz.design\/de\/wp-json\/wp\/v2\/pages\/14916\/revisions\/76676"}],"wp:attachment":[{"href":"https:\/\/www.rizz.design\/de\/wp-json\/wp\/v2\/media?parent=14916"}],"curies":[{"name":"wp","href":"https:\/\/api.w.org\/{rel}","templated":true}]}}