{"id":16136,"date":"2022-06-21T16:14:01","date_gmt":"2022-06-21T15:14:01","guid":{"rendered":"https:\/\/www.rizz.design\/?page_id=16136"},"modified":"2022-07-04T16:16:37","modified_gmt":"2022-07-04T15:16:37","slug":"danke","status":"publish","type":"page","link":"https:\/\/www.rizz.design\/de\/danke\/","title":{"rendered":"Danke"},"content":{"rendered":"<p>[et_pb_section fb_built=&#8220;1&#8243; admin_label=&#8220;section&#8220; _builder_version=&#8220;3.22&#8243; global_colors_info=&#8220;{}&#8220;][et_pb_row admin_label=&#8220;row&#8220; _builder_version=&#8220;3.25&#8243; background_size=&#8220;initial&#8220; background_position=&#8220;top_left&#8220; background_repeat=&#8220;repeat&#8220; global_colors_info=&#8220;{}&#8220;][et_pb_column type=&#8220;4_4&#8243; _builder_version=&#8220;3.25&#8243; custom_padding=&#8220;|||&#8220; global_colors_info=&#8220;{}&#8220; custom_padding__hover=&#8220;|||&#8220;][et_pb_text admin_label=&#8220;Text&#8220; _builder_version=&#8220;4.14.4&#8243; background_size=&#8220;initial&#8220; background_position=&#8220;top_left&#8220; background_repeat=&#8220;repeat&#8220; hover_enabled=&#8220;0&#8243; global_colors_info=&#8220;{}&#8220; sticky_enabled=&#8220;0&#8243;]<\/p>\n<h2>Vielen Dank, wir werden uns so schnell wie m\u00f6glich mit Ihnen in Verbindung setzen.<\/h2>\n<p>Wir sind von Montag bis Freitag von 9.00 bis 17.00 Uhr f\u00fcr Sie da. (MEZ)<br \/>\nWenn Sie eine dringende Angelegenheit haben, k\u00f6nnen Sie uns gerne unter +31 33 24 777 00 kontaktieren[\/et_pb_text][\/et_pb_column][\/et_pb_row][\/et_pb_section]<\/p>\n","protected":false},"excerpt":{"rendered":"<p>Vielen Dank, wir werden uns so schnell wie m\u00f6glich mit Ihnen in Verbindung setzen. Wir sind von Montag bis Freitag von 9.00 bis 17.00 Uhr f\u00fcr Sie da. (MEZ) Wenn Sie eine dringende Angelegenheit haben, k\u00f6nnen Sie uns gerne unter +31 33 24 777 00 kontaktieren<\/p>\n","protected":false},"author":3,"featured_media":0,"parent":0,"menu_order":0,"comment_status":"closed","ping_status":"closed","template":"","meta":{"_acf_changed":false,"_et_pb_use_builder":"on","_et_pb_old_content":"","_et_gb_content_width":"","footnotes":""},"class_list":["post-16136","page","type-page","status-publish","hentry"],"acf":[],"yoast_head":"<!-- This site is optimized with the Yoast SEO Premium plugin v27.1 (Yoast SEO v27.1.1) - https:\/\/yoast.com\/product\/yoast-seo-premium-wordpress\/ -->\n<title>Danke - RiZZ | Official Website<\/title>\n<meta name=\"robots\" content=\"index, follow, max-snippet:-1, max-image-preview:large, max-video-preview:-1\" \/>\n<link rel=\"canonical\" href=\"https:\/\/www.rizz.design\/de\/danke\/\" \/>\n<meta property=\"og:locale\" content=\"de_DE\" \/>\n<meta property=\"og:type\" content=\"article\" \/>\n<meta property=\"og:title\" content=\"Danke\" \/>\n<meta property=\"og:description\" content=\"Vielen Dank, wir werden uns so schnell wie m\u00f6glich mit Ihnen in Verbindung setzen. Wir sind von Montag bis Freitag von 9.00 bis 17.00 Uhr f\u00fcr Sie da. (MEZ) Wenn Sie eine dringende Angelegenheit haben, k\u00f6nnen Sie uns gerne unter +31 33 24 777 00 kontaktieren\" \/>\n<meta property=\"og:url\" content=\"https:\/\/www.rizz.design\/de\/danke\/\" \/>\n<meta property=\"og:site_name\" content=\"RiZZ | Official Website\" \/>\n<meta property=\"article:modified_time\" content=\"2022-07-04T15:16:37+00:00\" \/>\n<meta name=\"twitter:card\" content=\"summary_large_image\" \/>\n<meta name=\"twitter:label1\" content=\"Gesch\u00e4tzte Lesezeit\" \/>\n\t<meta name=\"twitter:data1\" content=\"1\u00a0Minute\" \/>\n<script type=\"application\/ld+json\" class=\"yoast-schema-graph\">{\"@context\":\"https:\/\/schema.org\",\"@graph\":[{\"@type\":\"WebPage\",\"@id\":\"https:\/\/www.rizz.design\/de\/danke\/\",\"url\":\"https:\/\/www.rizz.design\/de\/danke\/\",\"name\":\"Danke - RiZZ | Official Website\",\"isPartOf\":{\"@id\":\"https:\/\/www.rizz.design\/de\/#website\"},\"datePublished\":\"2022-06-21T15:14:01+00:00\",\"dateModified\":\"2022-07-04T15:16:37+00:00\",\"breadcrumb\":{\"@id\":\"https:\/\/www.rizz.design\/de\/danke\/#breadcrumb\"},\"inLanguage\":\"de\",\"potentialAction\":[{\"@type\":\"ReadAction\",\"target\":[\"https:\/\/www.rizz.design\/de\/danke\/\"]}]},{\"@type\":\"BreadcrumbList\",\"@id\":\"https:\/\/www.rizz.design\/de\/danke\/#breadcrumb\",\"itemListElement\":[{\"@type\":\"ListItem\",\"position\":1,\"name\":\"Home\",\"item\":\"https:\/\/www.rizz.design\/de\/\"},{\"@type\":\"ListItem\",\"position\":2,\"name\":\"Danke\"}]},{\"@type\":\"WebSite\",\"@id\":\"https:\/\/www.rizz.design\/de\/#website\",\"url\":\"https:\/\/www.rizz.design\/de\/\",\"name\":\"RiZZ | Official Website\",\"description\":\"Since 1941\",\"potentialAction\":[{\"@type\":\"SearchAction\",\"target\":{\"@type\":\"EntryPoint\",\"urlTemplate\":\"https:\/\/www.rizz.design\/de\/?s={search_term_string}\"},\"query-input\":{\"@type\":\"PropertyValueSpecification\",\"valueRequired\":true,\"valueName\":\"search_term_string\"}}],\"inLanguage\":\"de\"}]}<\/script>\n<!-- \/ Yoast SEO Premium plugin. -->","yoast_head_json":{"title":"Danke - RiZZ | Official Website","robots":{"index":"index","follow":"follow","max-snippet":"max-snippet:-1","max-image-preview":"max-image-preview:large","max-video-preview":"max-video-preview:-1"},"canonical":"https:\/\/www.rizz.design\/de\/danke\/","og_locale":"de_DE","og_type":"article","og_title":"Danke","og_description":"Vielen Dank, wir werden uns so schnell wie m\u00f6glich mit Ihnen in Verbindung setzen. Wir sind von Montag bis Freitag von 9.00 bis 17.00 Uhr f\u00fcr Sie da. (MEZ) Wenn Sie eine dringende Angelegenheit haben, k\u00f6nnen Sie uns gerne unter +31 33 24 777 00 kontaktieren","og_url":"https:\/\/www.rizz.design\/de\/danke\/","og_site_name":"RiZZ | Official Website","article_modified_time":"2022-07-04T15:16:37+00:00","twitter_card":"summary_large_image","twitter_misc":{"Gesch\u00e4tzte Lesezeit":"1\u00a0Minute"},"schema":{"@context":"https:\/\/schema.org","@graph":[{"@type":"WebPage","@id":"https:\/\/www.rizz.design\/de\/danke\/","url":"https:\/\/www.rizz.design\/de\/danke\/","name":"Danke - RiZZ | Official Website","isPartOf":{"@id":"https:\/\/www.rizz.design\/de\/#website"},"datePublished":"2022-06-21T15:14:01+00:00","dateModified":"2022-07-04T15:16:37+00:00","breadcrumb":{"@id":"https:\/\/www.rizz.design\/de\/danke\/#breadcrumb"},"inLanguage":"de","potentialAction":[{"@type":"ReadAction","target":["https:\/\/www.rizz.design\/de\/danke\/"]}]},{"@type":"BreadcrumbList","@id":"https:\/\/www.rizz.design\/de\/danke\/#breadcrumb","itemListElement":[{"@type":"ListItem","position":1,"name":"Home","item":"https:\/\/www.rizz.design\/de\/"},{"@type":"ListItem","position":2,"name":"Danke"}]},{"@type":"WebSite","@id":"https:\/\/www.rizz.design\/de\/#website","url":"https:\/\/www.rizz.design\/de\/","name":"RiZZ | Official Website","description":"Since 1941","potentialAction":[{"@type":"SearchAction","target":{"@type":"EntryPoint","urlTemplate":"https:\/\/www.rizz.design\/de\/?s={search_term_string}"},"query-input":{"@type":"PropertyValueSpecification","valueRequired":true,"valueName":"search_term_string"}}],"inLanguage":"de"}]}},"_links":{"self":[{"href":"https:\/\/www.rizz.design\/de\/wp-json\/wp\/v2\/pages\/16136","targetHints":{"allow":["GET"]}}],"collection":[{"href":"https:\/\/www.rizz.design\/de\/wp-json\/wp\/v2\/pages"}],"about":[{"href":"https:\/\/www.rizz.design\/de\/wp-json\/wp\/v2\/types\/page"}],"author":[{"embeddable":true,"href":"https:\/\/www.rizz.design\/de\/wp-json\/wp\/v2\/users\/3"}],"replies":[{"embeddable":true,"href":"https:\/\/www.rizz.design\/de\/wp-json\/wp\/v2\/comments?post=16136"}],"version-history":[{"count":0,"href":"https:\/\/www.rizz.design\/de\/wp-json\/wp\/v2\/pages\/16136\/revisions"}],"wp:attachment":[{"href":"https:\/\/www.rizz.design\/de\/wp-json\/wp\/v2\/media?parent=16136"}],"curies":[{"name":"wp","href":"https:\/\/api.w.org\/{rel}","templated":true}]}}