{"id":16588,"date":"2022-01-19T21:35:25","date_gmt":"2022-01-19T20:35:25","guid":{"rendered":"https:\/\/www.rizz.design\/haendler\/"},"modified":"2025-01-08T15:39:11","modified_gmt":"2025-01-08T14:39:11","slug":"haendler","status":"publish","type":"page","link":"https:\/\/www.rizz.design\/de\/haendler\/","title":{"rendered":"H\u00e4ndler"},"content":{"rendered":"<p>[et_pb_section fb_built=&#8220;1&#8243; admin_label=&#8220;section&#8220; _builder_version=&#8220;4.16&#8243; custom_padding=&#8220;0px|||||&#8220; global_colors_info=&#8220;{}&#8220;][et_pb_row admin_label=&#8220;row&#8220; _builder_version=&#8220;4.16&#8243; background_size=&#8220;initial&#8220; background_position=&#8220;top_left&#8220; background_repeat=&#8220;repeat&#8220; width=&#8220;95.1%&#8220; global_colors_info=&#8220;{}&#8220;][et_pb_column type=&#8220;4_4&#8243; _builder_version=&#8220;4.16&#8243; custom_padding=&#8220;|||&#8220; global_colors_info=&#8220;{}&#8220; custom_padding__hover=&#8220;|||&#8220;][et_pb_dmb_breadcrumbs _builder_version=&#8220;4.27.0&#8243; _module_preset=&#8220;default&#8220; show_custom_taxonomy_crumbs=&#8220;off&#8220; show_category_crumbs=&#8220;off&#8220; hover_enabled=&#8220;0&#8243; sticky_enabled=&#8220;0&#8243;][\/et_pb_dmb_breadcrumbs][et_pb_text admin_label=&#8220;Text&#8220; _builder_version=&#8220;4.16&#8243; background_size=&#8220;initial&#8220; background_position=&#8220;top_left&#8220; background_repeat=&#8220;repeat&#8220; global_colors_info=&#8220;{}&#8220;]<\/p>\n<p>RiZZ-Produkte sind bei unseren Premium-H\u00e4ndlern erh\u00e4ltlich. Bei diesen H\u00e4ndlern k\u00f6nnen Sie die verschiedenen Produkte und Farben in Augenschein nehmen und sich von der Qualit\u00e4t \u00fcberzeugen. Ein Premium-H\u00e4ndler hat die richtigen Kenntnisse \u00fcber unsere Produkte und kann Sie gut beraten. Sie haben die Produkte oft auf Lager oder k\u00f6nnen sie f\u00fcr Sie mit einer kurzen Lieferzeit bestellen. <\/p>\n<p>Sehen Sie unten, welche Verkaufsstelle sich in Ihrer N\u00e4he befindet.<\/p>\n<p>[\/et_pb_text][\/et_pb_column][\/et_pb_row][et_pb_row admin_label=&#8220;row&#8220; _builder_version=&#8220;4.16&#8243; background_size=&#8220;initial&#8220; background_position=&#8220;top_left&#8220; background_repeat=&#8220;repeat&#8220; width=&#8220;100%&#8220; global_colors_info=&#8220;{}&#8220;][et_pb_column type=&#8220;4_4&#8243; _builder_version=&#8220;4.16&#8243; custom_padding=&#8220;|||&#8220; global_colors_info=&#8220;{}&#8220; custom_padding__hover=&#8220;|||&#8220;][et_pb_text admin_label=&#8220;Text&#8220; _builder_version=&#8220;4.16&#8243; header_2_text_align=&#8220;center&#8220; header_2_font_size=&#8220;41px&#8220; background_size=&#8220;initial&#8220; background_position=&#8220;top_left&#8220; background_repeat=&#8220;repeat&#8220; global_colors_info=&#8220;{}&#8220;]<\/p>\n<h2 style=\"text-align: center;\">Finden Sie Ihren H\u00e4ndler<\/h2>\n<p><style>\r\n\t#wpsl-stores .wpsl-store-thumb {height:45px !important; width:45px !important;}\r\n\t#wpsl-stores, #wpsl-direction-details, #wpsl-gmap {height:450px !important;}\r\n\t#wpsl-gmap .wpsl-info-window {max-width:225px !important;}\r\n\t.wpsl-input label, #wpsl-radius label, #wpsl-category label {width:95px;}\r\n\t#wpsl-search-input ,#wpsl-category .wpsl-dropdown {width:179px;}\r\n<\/style>\r\n<div id=\"wpsl-wrap\">\r\n\t<div class=\"wpsl-search wpsl-clearfix wpsl-filter\">\r\n\t\t<div id=\"wpsl-search-wrap\">\r\n\t\t\t<form autocomplete=\"off\">\r\n\t\t\t<div class=\"wpsl-input\">\r\n\t\t\t\t<div><label for=\"wpsl-search-input\">Ihr Standort<\/label><\/div>\r\n\t\t\t\t<input id=\"wpsl-search-input\" type=\"text\" value=\"\" name=\"wpsl-search-input\" placeholder=\"\" aria-required=\"true\" \/>\r\n\t\t\t<\/div>\r\n\t\t\t<div class=\"wpsl-select-wrap\">\r\n\t\t\t\t<div id=\"wpsl-radius\">\r\n\t\t\t\t\t<label for=\"wpsl-radius-dropdown\">Search radius<\/label>\r\n\t\t\t\t\t<select id=\"wpsl-radius-dropdown\" class=\"wpsl-dropdown\" name=\"wpsl-radius\">\r\n\t\t\t\t\t\t<option value=\"10\">10 km<\/option><option value=\"25\">25 km<\/option><option value=\"50\">50 km<\/option><option value=\"100\">100 km<\/option><option value=\"200\">200 km<\/option><option value=\"500\">500 km<\/option><option selected=\"selected\" value=\"750\">750 km<\/option><option value=\"1000\">1000 km<\/option>\r\n\t\t\t\t\t<\/select>\r\n\t\t\t\t<\/div>\r\n\t\t\t\t<div id=\"wpsl-results\">\r\n\t\t\t\t\t<label for=\"wpsl-results-dropdown\">Results<\/label>\r\n\t\t\t\t\t<select id=\"wpsl-results-dropdown\" class=\"wpsl-dropdown\" name=\"wpsl-results\">\r\n\t\t\t\t\t\t<option value=\"25\">25<\/option><option value=\"50\">50<\/option><option value=\"75\">75<\/option><option selected=\"selected\" value=\"100\">100<\/option>\r\n\t\t\t\t\t<\/select>\r\n\t\t\t\t<\/div>\r\n\t\t\t<\/div>\r\n<div id=\"wpsl-category\">\r\n<label for=\"wpsl-category-list\">Category<\/label>\r\n<select  name='wpsl-category' id='wpsl-category-list' class='wpsl-dropdown'>\n\t<option value='0'>Any<\/option>\n\t<option class=\"level-0\" value=\"234\">Belgi\u00eb<\/option>\n\t<option class=\"level-0\" value=\"241\">Canada<\/option>\n\t<option class=\"level-0\" value=\"235\">Dealer<\/option>\n\t<option class=\"level-0\" value=\"242\">Denemarken<\/option>\n\t<option class=\"level-0\" value=\"243\">Duitsland<\/option>\n\t<option class=\"level-0\" value=\"244\">Engeland<\/option>\n\t<option class=\"level-0\" value=\"245\">Frankrijk<\/option>\n\t<option class=\"level-0\" value=\"236\">Locatie<\/option>\n\t<option class=\"level-0\" value=\"240\">Nederland<\/option>\n\t<option class=\"level-0\" value=\"248\">Noorwegen<\/option>\n\t<option class=\"level-0\" value=\"569\">Oekra\u00efne<\/option>\n\t<option class=\"level-0\" value=\"253\">Oostenrijk<\/option>\n\t<option class=\"level-0\" value=\"238\">Premium<\/option>\n\t<option class=\"level-0\" value=\"239\">Premium dealer<\/option>\n\t<option class=\"level-0\" value=\"251\">Spanje<\/option>\n\t<option class=\"level-0\" value=\"237\">Type Dealer<\/option>\n<\/select>\n<\/div>\r\n\t\t\t\t<div class=\"wpsl-search-btn-wrap\"><input id=\"wpsl-search-btn\" type=\"submit\" value=\"Suche\"><\/div>\r\n\t\t<\/form>\r\n\t\t<\/div>\r\n\t<\/div>\r\n\t<div id=\"wpsl-gmap\" class=\"wpsl-gmap-canvas\"><\/div>\r\n\t<div id=\"wpsl-result-list\">\r\n\t\t<div id=\"wpsl-stores\" >\r\n\t\t\t<ul><\/ul>\r\n\t\t<\/div>\r\n\t\t<div id=\"wpsl-direction-details\">\r\n\t\t\t<ul><\/ul>\r\n\t\t<\/div>\r\n\t<\/div>\r\n<\/div>\r\n[\/et_pb_text][et_pb_button button_url=&#8220;@ET-DC@eyJkeW5hbWljIjp0cnVlLCJjb250ZW50IjoicG9zdF9saW5rX3VybF9wYWdlIiwic2V0dGluZ3MiOnsicG9zdF9pZCI6IjEzMzMifX0=@&#8220; button_text=&#8220;H\u00e4ndler werden&#8220; button_alignment=&#8220;right&#8220; _builder_version=&#8220;4.16&#8243; _dynamic_attributes=&#8220;button_url&#8220; _module_preset=&#8220;default&#8220; global_colors_info=&#8220;{}&#8220;][\/et_pb_button][\/et_pb_column][\/et_pb_row][\/et_pb_section]<\/p>\n","protected":false},"excerpt":{"rendered":"<p>RiZZ-Produkte sind bei unseren Premium-H\u00e4ndlern erh\u00e4ltlich. Bei diesen H\u00e4ndlern k\u00f6nnen Sie die verschiedenen Produkte und Farben in Augenschein nehmen und sich von der Qualit\u00e4t \u00fcberzeugen. Ein Premium-H\u00e4ndler hat die richtigen Kenntnisse \u00fcber unsere Produkte und kann Sie gut beraten. Sie haben die Produkte oft auf Lager oder k\u00f6nnen sie f\u00fcr Sie mit einer kurzen Lieferzeit [&hellip;]<\/p>\n","protected":false},"author":373,"featured_media":0,"parent":0,"menu_order":0,"comment_status":"open","ping_status":"open","template":"","meta":{"_acf_changed":false,"_et_pb_use_builder":"on","_et_pb_old_content":"","_et_gb_content_width":"","footnotes":""},"class_list":["post-16588","page","type-page","status-publish","hentry"],"acf":[],"yoast_head":"<!-- This site is optimized with the Yoast SEO Premium plugin v27.1 (Yoast SEO v27.1.1) - https:\/\/yoast.com\/product\/yoast-seo-premium-wordpress\/ -->\n<title>RiZZ Design Gesch\u00e4fte - Siehe die offiziellen RiZZ Verkaufsstellen<\/title>\n<meta name=\"description\" content=\"Sehen Sie sich die offiziellen RiZZ Design Shops an, die Matten und Besen f\u00fcr den Innen- und Au\u00dfenbereich f\u00fchren. Siehe die offiziellen RiZZ-Verkaufsstellen.\" \/>\n<meta name=\"robots\" content=\"index, follow, max-snippet:-1, max-image-preview:large, max-video-preview:-1\" \/>\n<link rel=\"canonical\" href=\"https:\/\/www.rizz.design\/de\/haendler\/\" \/>\n<meta property=\"og:locale\" content=\"de_DE\" \/>\n<meta property=\"og:type\" content=\"article\" \/>\n<meta property=\"og:title\" content=\"H\u00e4ndler\" \/>\n<meta property=\"og:description\" content=\"Sehen Sie sich die offiziellen RiZZ Design Shops an, die Matten und Besen f\u00fcr den Innen- und Au\u00dfenbereich f\u00fchren. Siehe die offiziellen RiZZ-Verkaufsstellen.\" \/>\n<meta property=\"og:url\" content=\"https:\/\/www.rizz.design\/de\/haendler\/\" \/>\n<meta property=\"og:site_name\" content=\"RiZZ | Official Website\" \/>\n<meta property=\"article:modified_time\" content=\"2025-01-08T14:39:11+00:00\" \/>\n<meta name=\"twitter:card\" content=\"summary_large_image\" \/>\n<meta name=\"twitter:label1\" content=\"Gesch\u00e4tzte Lesezeit\" \/>\n\t<meta name=\"twitter:data1\" content=\"2\u00a0Minuten\" \/>\n<script type=\"application\/ld+json\" class=\"yoast-schema-graph\">{\"@context\":\"https:\/\/schema.org\",\"@graph\":[{\"@type\":\"WebPage\",\"@id\":\"https:\/\/www.rizz.design\/de\/haendler\/\",\"url\":\"https:\/\/www.rizz.design\/de\/haendler\/\",\"name\":\"RiZZ Design Gesch\u00e4fte - Siehe die offiziellen RiZZ Verkaufsstellen\",\"isPartOf\":{\"@id\":\"https:\/\/www.rizz.design\/de\/#website\"},\"datePublished\":\"2022-01-19T20:35:25+00:00\",\"dateModified\":\"2025-01-08T14:39:11+00:00\",\"description\":\"Sehen Sie sich die offiziellen RiZZ Design Shops an, die Matten und Besen f\u00fcr den Innen- und Au\u00dfenbereich f\u00fchren. Siehe die offiziellen RiZZ-Verkaufsstellen.\",\"breadcrumb\":{\"@id\":\"https:\/\/www.rizz.design\/de\/haendler\/#breadcrumb\"},\"inLanguage\":\"de\",\"potentialAction\":[{\"@type\":\"ReadAction\",\"target\":[\"https:\/\/www.rizz.design\/de\/haendler\/\"]}]},{\"@type\":\"BreadcrumbList\",\"@id\":\"https:\/\/www.rizz.design\/de\/haendler\/#breadcrumb\",\"itemListElement\":[{\"@type\":\"ListItem\",\"position\":1,\"name\":\"Home\",\"item\":\"https:\/\/www.rizz.design\/de\/\"},{\"@type\":\"ListItem\",\"position\":2,\"name\":\"H\u00e4ndler\"}]},{\"@type\":\"WebSite\",\"@id\":\"https:\/\/www.rizz.design\/de\/#website\",\"url\":\"https:\/\/www.rizz.design\/de\/\",\"name\":\"RiZZ | Official Website\",\"description\":\"Since 1941\",\"potentialAction\":[{\"@type\":\"SearchAction\",\"target\":{\"@type\":\"EntryPoint\",\"urlTemplate\":\"https:\/\/www.rizz.design\/de\/?s={search_term_string}\"},\"query-input\":{\"@type\":\"PropertyValueSpecification\",\"valueRequired\":true,\"valueName\":\"search_term_string\"}}],\"inLanguage\":\"de\"}]}<\/script>\n<!-- \/ Yoast SEO Premium plugin. -->","yoast_head_json":{"title":"RiZZ Design Gesch\u00e4fte - Siehe die offiziellen RiZZ Verkaufsstellen","description":"Sehen Sie sich die offiziellen RiZZ Design Shops an, die Matten und Besen f\u00fcr den Innen- und Au\u00dfenbereich f\u00fchren. Siehe die offiziellen RiZZ-Verkaufsstellen.","robots":{"index":"index","follow":"follow","max-snippet":"max-snippet:-1","max-image-preview":"max-image-preview:large","max-video-preview":"max-video-preview:-1"},"canonical":"https:\/\/www.rizz.design\/de\/haendler\/","og_locale":"de_DE","og_type":"article","og_title":"H\u00e4ndler","og_description":"Sehen Sie sich die offiziellen RiZZ Design Shops an, die Matten und Besen f\u00fcr den Innen- und Au\u00dfenbereich f\u00fchren. Siehe die offiziellen RiZZ-Verkaufsstellen.","og_url":"https:\/\/www.rizz.design\/de\/haendler\/","og_site_name":"RiZZ | Official Website","article_modified_time":"2025-01-08T14:39:11+00:00","twitter_card":"summary_large_image","twitter_misc":{"Gesch\u00e4tzte Lesezeit":"2\u00a0Minuten"},"schema":{"@context":"https:\/\/schema.org","@graph":[{"@type":"WebPage","@id":"https:\/\/www.rizz.design\/de\/haendler\/","url":"https:\/\/www.rizz.design\/de\/haendler\/","name":"RiZZ Design Gesch\u00e4fte - Siehe die offiziellen RiZZ Verkaufsstellen","isPartOf":{"@id":"https:\/\/www.rizz.design\/de\/#website"},"datePublished":"2022-01-19T20:35:25+00:00","dateModified":"2025-01-08T14:39:11+00:00","description":"Sehen Sie sich die offiziellen RiZZ Design Shops an, die Matten und Besen f\u00fcr den Innen- und Au\u00dfenbereich f\u00fchren. Siehe die offiziellen RiZZ-Verkaufsstellen.","breadcrumb":{"@id":"https:\/\/www.rizz.design\/de\/haendler\/#breadcrumb"},"inLanguage":"de","potentialAction":[{"@type":"ReadAction","target":["https:\/\/www.rizz.design\/de\/haendler\/"]}]},{"@type":"BreadcrumbList","@id":"https:\/\/www.rizz.design\/de\/haendler\/#breadcrumb","itemListElement":[{"@type":"ListItem","position":1,"name":"Home","item":"https:\/\/www.rizz.design\/de\/"},{"@type":"ListItem","position":2,"name":"H\u00e4ndler"}]},{"@type":"WebSite","@id":"https:\/\/www.rizz.design\/de\/#website","url":"https:\/\/www.rizz.design\/de\/","name":"RiZZ | Official Website","description":"Since 1941","potentialAction":[{"@type":"SearchAction","target":{"@type":"EntryPoint","urlTemplate":"https:\/\/www.rizz.design\/de\/?s={search_term_string}"},"query-input":{"@type":"PropertyValueSpecification","valueRequired":true,"valueName":"search_term_string"}}],"inLanguage":"de"}]}},"_links":{"self":[{"href":"https:\/\/www.rizz.design\/de\/wp-json\/wp\/v2\/pages\/16588","targetHints":{"allow":["GET"]}}],"collection":[{"href":"https:\/\/www.rizz.design\/de\/wp-json\/wp\/v2\/pages"}],"about":[{"href":"https:\/\/www.rizz.design\/de\/wp-json\/wp\/v2\/types\/page"}],"author":[{"embeddable":true,"href":"https:\/\/www.rizz.design\/de\/wp-json\/wp\/v2\/users\/373"}],"replies":[{"embeddable":true,"href":"https:\/\/www.rizz.design\/de\/wp-json\/wp\/v2\/comments?post=16588"}],"version-history":[{"count":3,"href":"https:\/\/www.rizz.design\/de\/wp-json\/wp\/v2\/pages\/16588\/revisions"}],"predecessor-version":[{"id":76663,"href":"https:\/\/www.rizz.design\/de\/wp-json\/wp\/v2\/pages\/16588\/revisions\/76663"}],"wp:attachment":[{"href":"https:\/\/www.rizz.design\/de\/wp-json\/wp\/v2\/media?parent=16588"}],"curies":[{"name":"wp","href":"https:\/\/api.w.org\/{rel}","templated":true}]}}