{"id":76339,"date":"2024-12-19T10:40:43","date_gmt":"2024-12-19T09:40:43","guid":{"rendered":"https:\/\/www.rizz.design\/product\/urban-mat\/"},"modified":"2026-02-04T13:33:03","modified_gmt":"2026-02-04T12:33:03","slug":"urban-mat","status":"publish","type":"product","link":"https:\/\/www.rizz.design\/de\/produkt\/urban-mat\/","title":{"rendered":"Urban mat"},"content":{"rendered":"<p>[et_pb_section fb_built=&#8220;1&#8243; _builder_version=&#8220;4.27.0&#8243; _module_preset=&#8220;default&#8220; global_colors_info=&#8220;{}&#8220;][et_pb_row column_structure=&#8220;2_5,3_5&#8243; _builder_version=&#8220;4.27.0&#8243; _module_preset=&#8220;default&#8220; custom_css_main_element=&#8220;display: flex;||align-items: center;&#8220; custom_css_free_form=&#8220;@media (max-width: 980px) {||  selector {||    flex-direction: column;||  }||}&#8220; global_colors_info=&#8220;{}&#8220;][et_pb_column type=&#8220;2_5&#8243; _builder_version=&#8220;4.27.0&#8243; _module_preset=&#8220;default&#8220; global_colors_info=&#8220;{}&#8220;][et_pb_text _builder_version=&#8220;4.27.0&#8243; _module_preset=&#8220;default&#8220; text_font=&#8220;||||||||&#8220; text_text_color=&#8220;#000000&#8243; text_font_size=&#8220;38px&#8220; custom_margin=&#8220;||7px||false|false&#8220; custom_css_free_form=&#8220;selector span.head_text.small {||  font-size: 36px!important;||  font-weight: bold;||\tline-height: 50px;||}&#8220; global_colors_info=&#8220;{}&#8220;]<\/p>\n<p><span class=\"head_text small\">Die ideale Fu\u00dfmatte f\u00fcr Ihre Stadtwohnung, Ihr Ferienhaus, Boot oder Ihren Wohnwagen<\/span><\/p>\n<p>[\/et_pb_text][et_pb_text _builder_version=&#8220;4.27.0&#8243; _module_preset=&#8220;default&#8220; custom_css_free_form=&#8220;selector p {||  font-size: 28px;||  line-height: 40px;||}&#8220; global_colors_info=&#8220;{}&#8220;]<\/p>\n<p>Diese Edition unserer RiZZ Design Outdoor-Matten bringt dieselbe Technologie zu st\u00e4dtischen Eing\u00e4ngen.<\/p>\n<p>[\/et_pb_text][et_pb_button button_text=&#8220;W\u00e4hlen Sie Ihre Matte&#8220; module_class=&#8220;trigger_product_popup&#8220; _builder_version=&#8220;4.27.0&#8243; _module_preset=&#8220;default&#8220; global_colors_info=&#8220;{}&#8220;][\/et_pb_button][\/et_pb_column][et_pb_column type=&#8220;3_5&#8243; _builder_version=&#8220;4.27.0&#8243; _module_preset=&#8220;default&#8220; global_colors_info=&#8220;{}&#8220;][et_pb_image src=&#8220;https:\/\/www.rizz.design\/wp-content\/uploads\/2025\/06\/urban4.webp&#8220; title_text=&#8220;urban4&#8243; _builder_version=&#8220;4.27.4&#8243; _module_preset=&#8220;default&#8220; hover_enabled=&#8220;0&#8243; global_colors_info=&#8220;{}&#8220; sticky_enabled=&#8220;0&#8243;][\/et_pb_image][\/et_pb_column][\/et_pb_row][\/et_pb_section][et_pb_section fb_built=&#8220;1&#8243; _builder_version=&#8220;4.27.0&#8243; _module_preset=&#8220;default&#8220; background_color=&#8220;#000000&#8243; global_colors_info=&#8220;{}&#8220;][et_pb_row column_structure=&#8220;2_5,3_5&#8243; _builder_version=&#8220;4.27.0&#8243; _module_preset=&#8220;default&#8220; custom_css_main_element=&#8220;display: flex;||align-items: center;&#8220; custom_css_free_form=&#8220;@media (max-width: 980px) {||  selector {||    flex-direction: column-reverse;||    gap: 25px;||  }||  ||  selector img {||    max-width: 450px;||    width: 100%!important;||  }||}&#8220; global_colors_info=&#8220;{}&#8220;][et_pb_column type=&#8220;2_5&#8243; _builder_version=&#8220;4.27.0&#8243; _module_preset=&#8220;default&#8220; global_colors_info=&#8220;{}&#8220;][et_pb_image src=&#8220;https:\/\/www.rizz.design\/wp-content\/uploads\/2024\/12\/RIZZ_OKT2013_3110.jpg&#8220; title_text=&#8220;RIZZ_OKT2013_3110&#8243; _builder_version=&#8220;4.27.0&#8243; _module_preset=&#8220;default&#8220; max_height=&#8220;65vh&#8220; global_colors_info=&#8220;{}&#8220;][\/et_pb_image][\/et_pb_column][et_pb_column type=&#8220;3_5&#8243; _builder_version=&#8220;4.27.0&#8243; _module_preset=&#8220;default&#8220; global_colors_info=&#8220;{}&#8220;][et_pb_blurb title=&#8220;Warum &#039;Urban&#039;?&#8220; content_max_width=&#8220;100%&#8220; _builder_version=&#8220;4.27.0&#8243; _module_preset=&#8220;default&#8220; header_font=&#8220;|600||on|||||&#8220; header_text_color=&#8220;gcid-62d4cf57-a9b8-458a-be71-4790c9153c28&#8243; header_font_size=&#8220;20px&#8220; background_layout=&#8220;dark&#8220; width=&#8220;100%&#8220; module_alignment=&#8220;left&#8220; global_colors_info=&#8220;{%22gcid-62d4cf57-a9b8-458a-be71-4790c9153c28%22:%91%22header_text_color%22%93}&#8220;]<\/p>\n<ul>\n<li><span style=\"font-weight: 400;\">Entfernt Sand und Schmutz aus profilierten Sohlen<\/span><\/li>\n<li><span style=\"font-weight: 400;\"><\/span>Sehr effektiv, mit bis zu 80 % Effizienz<\/li>\n<li>Minimaler Wartungsaufwand<\/li>\n<li>Leicht zu reinigen<\/li>\n<li>Geeignet f\u00fcr den Au\u00dfenbereich<\/li>\n<li>Aluminiumrahmen, eloxiert<\/li>\n<li>PVC-gepresster Innenrahmen<\/li>\n<li>Edelstahl 304 Leiste<\/li>\n<li>B\u00fcrstenplatte aus (grauem) UV-best\u00e4ndigem Nylon 6.6 \/ 0,40<\/li>\n<li>Rutschfest<\/li>\n<\/ul>\n<p>&nbsp;<\/p>\n<p>Die kompakteren Ma\u00dfe der Urban-Matte bieten dieselben hochwertigen Materialien und ein zeitloses Design.<\/p>\n<p>Das macht die Urban-Matte zur praktischen L\u00f6sung f\u00fcr kleine R\u00e4ume, auch unterwegs, etwa im Wohnwagen, SUV, Boot oder Beiboot. Einfach mitzunehmen und jederzeit einsatzbereit, w\u00e4hrend der Innenraum sauber bleibt.<\/p>\n<p>[\/et_pb_blurb][et_pb_button button_text=&#8220;Jetzt bestellen&#8220; _builder_version=&#8220;4.27.0&#8243; _module_preset=&#8220;default&#8220; custom_css_free_form=&#8220;.et_pb_button_3_wrapper {||  display: flex;||}||||selector {||  margin-left: auto;||  margin-right: auto;||}&#8220; global_colors_info=&#8220;{}&#8220;][\/et_pb_button][\/et_pb_column][\/et_pb_row][\/et_pb_section][et_pb_section fb_built=&#8220;1&#8243; _builder_version=&#8220;4.27.0&#8243; _module_preset=&#8220;default&#8220; global_colors_info=&#8220;{}&#8220;][et_pb_row column_structure=&#8220;1_3,1_3,1_3&#8243; _builder_version=&#8220;4.27.0&#8243; _module_preset=&#8220;default&#8220; global_colors_info=&#8220;{}&#8220;][et_pb_column type=&#8220;1_3&#8243; _builder_version=&#8220;4.27.0&#8243; _module_preset=&#8220;default&#8220; global_colors_info=&#8220;{}&#8220;][et_pb_blurb title=&#8220;Silber&#8220; image=&#8220;https:\/\/www.rizz.design\/wp-content\/uploads\/2024\/12\/DL-58&#215;36-silver-3D.jpg&#8220; _builder_version=&#8220;4.27.0&#8243; _module_preset=&#8220;default&#8220; header_font=&#8220;|600||on|||||&#8220; header_text_align=&#8220;center&#8220; header_text_color=&#8220;gcid-62d4cf57-a9b8-458a-be71-4790c9153c28&#8243; header_font_size=&#8220;22px&#8220; global_colors_info=&#8220;{%22gcid-62d4cf57-a9b8-458a-be71-4790c9153c28%22:%91%22header_text_color%22%93}&#8220;][\/et_pb_blurb][\/et_pb_column][et_pb_column type=&#8220;1_3&#8243; _builder_version=&#8220;4.27.0&#8243; _module_preset=&#8220;default&#8220; global_colors_info=&#8220;{}&#8220;][et_pb_blurb title=&#8220;Anthrazit&#8220; image=&#8220;https:\/\/www.rizz.design\/wp-content\/uploads\/2024\/12\/DL-58&#215;36-antra-3D.jpg&#8220; _builder_version=&#8220;4.27.0&#8243; _module_preset=&#8220;default&#8220; header_font=&#8220;|600||on|||||&#8220; header_text_align=&#8220;center&#8220; header_text_color=&#8220;gcid-62d4cf57-a9b8-458a-be71-4790c9153c28&#8243; header_font_size=&#8220;22px&#8220; locked=&#8220;off&#8220; global_colors_info=&#8220;{%22gcid-62d4cf57-a9b8-458a-be71-4790c9153c28%22:%91%22header_text_color%22%93}&#8220;][\/et_pb_blurb][et_pb_button button_text=&#8220;W\u00e4hlen Sie Ihre Matte&#8220; disabled_on=&#8220;on|on|off&#8220; module_class=&#8220;trigger_product_popup&#8220; _builder_version=&#8220;4.27.0&#8243; _module_preset=&#8220;default&#8220; custom_css_free_form=&#8220;.et_pb_button_6_wrapper {||  display: flex;||}||||selector {||  margin-left: auto;||  margin-right: auto;||}&#8220; global_colors_info=&#8220;{}&#8220;][\/et_pb_button][\/et_pb_column][et_pb_column type=&#8220;1_3&#8243; _builder_version=&#8220;4.27.0&#8243; _module_preset=&#8220;default&#8220; global_colors_info=&#8220;{}&#8220;][et_pb_blurb title=&#8220;Wei\u00df&#8220; image=&#8220;https:\/\/www.rizz.design\/wp-content\/uploads\/2024\/12\/DL-58&#215;36-white-3D.jpg&#8220; _builder_version=&#8220;4.27.0&#8243; _module_preset=&#8220;default&#8220; header_font=&#8220;|600||on|||||&#8220; header_text_align=&#8220;center&#8220; header_text_color=&#8220;gcid-62d4cf57-a9b8-458a-be71-4790c9153c28&#8243; header_font_size=&#8220;22px&#8220; locked=&#8220;off&#8220; global_colors_info=&#8220;{%22gcid-62d4cf57-a9b8-458a-be71-4790c9153c28%22:%91%22header_text_color%22%93}&#8220;][\/et_pb_blurb][et_pb_button button_text=&#8220;W\u00e4hlen Sie Ihre Matte&#8220; disabled_on=&#8220;off|off|on&#8220; module_class=&#8220;trigger_product_popup&#8220; _builder_version=&#8220;4.27.0&#8243; _module_preset=&#8220;default&#8220; custom_css_free_form=&#8220;.et_pb_button_7_wrapper {||  display: flex;||}||||selector {||  margin-left: auto;||  margin-right: auto;||}&#8220; locked=&#8220;off&#8220; global_colors_info=&#8220;{}&#8220;][\/et_pb_button][\/et_pb_column][\/et_pb_row][\/et_pb_section][et_pb_section fb_built=&#8220;1&#8243; _builder_version=&#8220;4.27.0&#8243; _module_preset=&#8220;default&#8220; background_color=&#8220;#000000&#8243; locked=&#8220;off&#8220; global_colors_info=&#8220;{}&#8220;][et_pb_row use_custom_gutter=&#8220;on&#8220; gutter_width=&#8220;2&#8243; make_equal=&#8220;on&#8220; _builder_version=&#8220;4.27.4&#8243; _module_preset=&#8220;_initial&#8220; custom_margin=&#8220;||-50px||false|false&#8220; custom_padding=&#8220;||||false|false&#8220; global_colors_info=&#8220;{}&#8220;][et_pb_column type=&#8220;4_4&#8243; _builder_version=&#8220;4.27.4&#8243; _module_preset=&#8220;default&#8220; global_colors_info=&#8220;{}&#8220;][et_pb_text _builder_version=&#8220;4.27.4&#8243; _module_preset=&#8220;default&#8220; text_font=&#8220;||||||||&#8220; text_text_color=&#8220;#FFFFFF&#8220; text_font_size=&#8220;38px&#8220; header_font_size=&#8220;41px&#8220; header_2_font_size=&#8220;34px&#8220; background_layout=&#8220;dark&#8220; custom_margin=&#8220;||||false|false&#8220; header_2_font_size_tablet=&#8220;30px&#8220; header_2_font_size_phone=&#8220;26px&#8220; header_2_font_size_last_edited=&#8220;on|tablet&#8220; custom_css_free_form=&#8220;selector span.head_text.small {||  font-size: 36px!important;||  font-weight: bold;||\tline-height: 50px;||}&#8220; global_colors_info=&#8220;{}&#8220;]<\/p>\n<h2>Stellen Sie sich vor, die Rizz Urban Mat versch\u00f6nert das Deck Ihrer Yacht.<br \/>\n<\/h2>\n<p>[\/et_pb_text][\/et_pb_column][\/et_pb_row][et_pb_row column_structure=&#8220;1_2,1_2&#8243; use_custom_gutter=&#8220;on&#8220; gutter_width=&#8220;2&#8243; make_equal=&#8220;on&#8220; _builder_version=&#8220;4.27.4&#8243; _module_preset=&#8220;_initial&#8220; custom_padding=&#8220;48px|||||&#8220; global_colors_info=&#8220;{}&#8220;][et_pb_column type=&#8220;1_2&#8243; _builder_version=&#8220;4.27.4&#8243; _module_preset=&#8220;default&#8220; global_colors_info=&#8220;{}&#8220;][et_pb_image src=&#8220;https:\/\/www.rizz.design\/wp-content\/uploads\/2025\/06\/urban5.webp&#8220; title_text=&#8220;urban1&#8243; show_in_lightbox=&#8220;on&#8220; _builder_version=&#8220;4.27.4&#8243; _module_preset=&#8220;default&#8220; global_colors_info=&#8220;{}&#8220;][\/et_pb_image][\/et_pb_column][et_pb_column type=&#8220;1_2&#8243; _builder_version=&#8220;4.27.4&#8243; _module_preset=&#8220;default&#8220; global_colors_info=&#8220;{}&#8220;][et_pb_image src=&#8220;https:\/\/www.rizz.design\/wp-content\/uploads\/2025\/06\/urban4.webp&#8220; show_in_lightbox=&#8220;on&#8220; _builder_version=&#8220;4.27.4&#8243; _module_preset=&#8220;default&#8220; global_colors_info=&#8220;{}&#8220;][\/et_pb_image][et_pb_image src=&#8220;https:\/\/www.rizz.design\/wp-content\/uploads\/2025\/06\/urban2.webp&#8220; show_in_lightbox=&#8220;on&#8220; _builder_version=&#8220;4.27.4&#8243; _module_preset=&#8220;default&#8220; global_colors_info=&#8220;{}&#8220;][\/et_pb_image][\/et_pb_column][\/et_pb_row][\/et_pb_section][et_pb_section fb_built=&#8220;1&#8243; _builder_version=&#8220;4.27.0&#8243; _module_preset=&#8220;default&#8220; locked=&#8220;off&#8220; global_colors_info=&#8220;{}&#8220;][et_pb_row use_custom_gutter=&#8220;on&#8220; gutter_width=&#8220;2&#8243; make_equal=&#8220;on&#8220; _builder_version=&#8220;4.27.4&#8243; _module_preset=&#8220;_initial&#8220; custom_margin=&#8220;||-50px||false|false&#8220; custom_padding=&#8220;||||false|false&#8220; global_colors_info=&#8220;{}&#8220;][et_pb_column type=&#8220;4_4&#8243; _builder_version=&#8220;4.27.4&#8243; _module_preset=&#8220;default&#8220; global_colors_info=&#8220;{}&#8220;][et_pb_text _builder_version=&#8220;4.27.4&#8243; _module_preset=&#8220;default&#8220; text_font=&#8220;||||||||&#8220; text_text_color=&#8220;#FFFFFF&#8220; text_font_size=&#8220;38px&#8220; header_font_size=&#8220;41px&#8220; header_2_text_color=&#8220;#000000&#8243; header_2_font_size=&#8220;34px&#8220; background_layout=&#8220;dark&#8220; custom_margin=&#8220;||||false|false&#8220; header_2_font_size_tablet=&#8220;30px&#8220; header_2_font_size_phone=&#8220;26px&#8220; header_2_font_size_last_edited=&#8220;on|tablet&#8220; custom_css_free_form=&#8220;selector span.head_text.small {||  font-size: 36px!important;||  font-weight: bold;||\tline-height: 50px;||}&#8220; global_colors_info=&#8220;{}&#8220;]<\/p>\n<h2>Oder au\u00dferhalb Ihres Wohnmobils, damit Sie den Schmutz \u00fcberall drau\u00dfen halten k\u00f6nnen.<\/h2>\n<p>[\/et_pb_text][\/et_pb_column][\/et_pb_row][et_pb_row column_structure=&#8220;1_2,1_2&#8243; use_custom_gutter=&#8220;on&#8220; gutter_width=&#8220;2&#8243; make_equal=&#8220;on&#8220; _builder_version=&#8220;4.27.4&#8243; _module_preset=&#8220;_initial&#8220; custom_padding=&#8220;48px|||||&#8220; global_colors_info=&#8220;{}&#8220;][et_pb_column type=&#8220;1_2&#8243; _builder_version=&#8220;4.27.4&#8243; _module_preset=&#8220;default&#8220; global_colors_info=&#8220;{}&#8220;][et_pb_image src=&#8220;https:\/\/www.rizz.design\/wp-content\/uploads\/2025\/06\/urban7.webp&#8220; title_text=&#8220;urban1&#8243; show_in_lightbox=&#8220;on&#8220; _builder_version=&#8220;4.27.4&#8243; _module_preset=&#8220;default&#8220; global_colors_info=&#8220;{}&#8220;][\/et_pb_image][\/et_pb_column][et_pb_column type=&#8220;1_2&#8243; _builder_version=&#8220;4.27.4&#8243; _module_preset=&#8220;default&#8220; global_colors_info=&#8220;{}&#8220;][et_pb_image src=&#8220;https:\/\/www.rizz.design\/wp-content\/uploads\/2025\/06\/urban8.webp&#8220; show_in_lightbox=&#8220;on&#8220; _builder_version=&#8220;4.27.4&#8243; _module_preset=&#8220;default&#8220; global_colors_info=&#8220;{}&#8220;][\/et_pb_image][\/et_pb_column][\/et_pb_row][\/et_pb_section]<\/p>\n","protected":false},"excerpt":{"rendered":"<p>Die ideale Fu\u00dfmatte f\u00fcr Ihre Stadtwohnung, Ihr Ferienhaus, Boot oder Ihren WohnwagenDiese Edition unserer RiZZ Design Outdoor-Matten bringt dieselbe Technologie zu st\u00e4dtischen Eing\u00e4ngen. Entfernt Sand und Schmutz aus profilierten Sohlen Sehr effektiv, mit bis zu 80 % Effizienz Minimaler Wartungsaufwand Leicht zu reinigen Geeignet f\u00fcr den Au\u00dfenbereich Aluminiumrahmen, eloxiert PVC-gepresster Innenrahmen Edelstahl 304 Leiste B\u00fcrstenplatte [&hellip;]<\/p>\n","protected":false},"featured_media":75951,"comment_status":"closed","ping_status":"closed","template":"","meta":{"_acf_changed":false,"_et_pb_use_builder":"on","_et_pb_old_content":"","_et_gb_content_width":"","footnotes":""},"product_brand":[],"product_cat":[102],"product_tag":[],"class_list":{"0":"post-76339","1":"product","2":"type-product","3":"status-publish","4":"has-post-thumbnail","6":"product_cat-keine-kategorie","7":"pa_color-anthracite-de","8":"pa_color-silver-de","9":"pa_color-white-de","11":"first","12":"instock","13":"taxable","14":"shipping-taxable","15":"purchasable","16":"product-type-variable","17":"has-default-attributes"},"acf":[],"yoast_head":"<!-- This site is optimized with the Yoast SEO Premium plugin v27.1 (Yoast SEO v27.1.1) - https:\/\/yoast.com\/product\/yoast-seo-premium-wordpress\/ -->\n<title>RiZZ Design urban matten - Offizielle Website<\/title>\n<meta name=\"robots\" content=\"index, follow, max-snippet:-1, max-image-preview:large, max-video-preview:-1\" \/>\n<link rel=\"canonical\" href=\"https:\/\/www.rizz.design\/de\/produkt\/urban-mat\/\" \/>\n<meta property=\"og:locale\" content=\"de_DE\" \/>\n<meta property=\"og:type\" content=\"article\" \/>\n<meta property=\"og:title\" content=\"Urban mat\" \/>\n<meta property=\"og:description\" content=\"Die ideale Fu\u00dfmatte f\u00fcr Ihre Stadtwohnung, Ihr Ferienhaus, Boot oder Ihren WohnwagenDiese Edition unserer RiZZ Design Outdoor-Matten bringt dieselbe Technologie zu st\u00e4dtischen Eing\u00e4ngen. Entfernt Sand und Schmutz aus profilierten Sohlen Sehr effektiv, mit bis zu 80 % Effizienz Minimaler Wartungsaufwand Leicht zu reinigen Geeignet f\u00fcr den Au\u00dfenbereich Aluminiumrahmen, eloxiert PVC-gepresster Innenrahmen Edelstahl 304 Leiste B\u00fcrstenplatte [&hellip;]\" \/>\n<meta property=\"og:url\" content=\"https:\/\/www.rizz.design\/de\/produkt\/urban-mat\/\" \/>\n<meta property=\"og:site_name\" content=\"RiZZ | Official Website\" \/>\n<meta property=\"article:modified_time\" content=\"2026-02-04T12:33:03+00:00\" \/>\n<meta property=\"og:image\" content=\"https:\/\/www.rizz.design\/wp-content\/uploads\/2024\/12\/DL-58x36-silver-3D.jpg\" \/>\n\t<meta property=\"og:image:width\" content=\"1920\" \/>\n\t<meta property=\"og:image:height\" content=\"1280\" \/>\n\t<meta property=\"og:image:type\" content=\"image\/jpeg\" \/>\n<meta name=\"twitter:card\" content=\"summary_large_image\" \/>\n<meta name=\"twitter:label1\" content=\"Gesch\u00e4tzte Lesezeit\" \/>\n\t<meta name=\"twitter:data1\" content=\"2\u00a0Minuten\" \/>\n<script type=\"application\/ld+json\" class=\"yoast-schema-graph\">{\"@context\":\"https:\/\/schema.org\",\"@graph\":[{\"@type\":\"WebPage\",\"@id\":\"https:\/\/www.rizz.design\/de\/produkt\/urban-mat\/\",\"url\":\"https:\/\/www.rizz.design\/de\/produkt\/urban-mat\/\",\"name\":\"RiZZ Design urban matten - Offizielle Website\",\"isPartOf\":{\"@id\":\"https:\/\/www.rizz.design\/de\/#website\"},\"primaryImageOfPage\":{\"@id\":\"https:\/\/www.rizz.design\/de\/produkt\/urban-mat\/#primaryimage\"},\"image\":{\"@id\":\"https:\/\/www.rizz.design\/de\/produkt\/urban-mat\/#primaryimage\"},\"thumbnailUrl\":\"https:\/\/www.rizz.design\/wp-content\/uploads\/2024\/12\/DL-58x36-silver-3D.jpg\",\"datePublished\":\"2024-12-19T09:40:43+00:00\",\"dateModified\":\"2026-02-04T12:33:03+00:00\",\"breadcrumb\":{\"@id\":\"https:\/\/www.rizz.design\/de\/produkt\/urban-mat\/#breadcrumb\"},\"inLanguage\":\"de\",\"potentialAction\":[{\"@type\":\"ReadAction\",\"target\":[\"https:\/\/www.rizz.design\/de\/produkt\/urban-mat\/\"]}]},{\"@type\":\"ImageObject\",\"inLanguage\":\"de\",\"@id\":\"https:\/\/www.rizz.design\/de\/produkt\/urban-mat\/#primaryimage\",\"url\":\"https:\/\/www.rizz.design\/wp-content\/uploads\/2024\/12\/DL-58x36-silver-3D.jpg\",\"contentUrl\":\"https:\/\/www.rizz.design\/wp-content\/uploads\/2024\/12\/DL-58x36-silver-3D.jpg\",\"width\":1920,\"height\":1280},{\"@type\":\"BreadcrumbList\",\"@id\":\"https:\/\/www.rizz.design\/de\/produkt\/urban-mat\/#breadcrumb\",\"itemListElement\":[{\"@type\":\"ListItem\",\"position\":1,\"name\":\"Home\",\"item\":\"https:\/\/www.rizz.design\/de\/\"},{\"@type\":\"ListItem\",\"position\":2,\"name\":\"Produkte\",\"item\":\"https:\/\/www.rizz.design\/de\/shop\/\"},{\"@type\":\"ListItem\",\"position\":3,\"name\":\"Urban mat\"}]},{\"@type\":\"WebSite\",\"@id\":\"https:\/\/www.rizz.design\/de\/#website\",\"url\":\"https:\/\/www.rizz.design\/de\/\",\"name\":\"RiZZ | Official Website\",\"description\":\"Since 1941\",\"potentialAction\":[{\"@type\":\"SearchAction\",\"target\":{\"@type\":\"EntryPoint\",\"urlTemplate\":\"https:\/\/www.rizz.design\/de\/?s={search_term_string}\"},\"query-input\":{\"@type\":\"PropertyValueSpecification\",\"valueRequired\":true,\"valueName\":\"search_term_string\"}}],\"inLanguage\":\"de\"}]}<\/script>\n<!-- \/ Yoast SEO Premium plugin. -->","yoast_head_json":{"title":"RiZZ Design urban matten - Offizielle Website","robots":{"index":"index","follow":"follow","max-snippet":"max-snippet:-1","max-image-preview":"max-image-preview:large","max-video-preview":"max-video-preview:-1"},"canonical":"https:\/\/www.rizz.design\/de\/produkt\/urban-mat\/","og_locale":"de_DE","og_type":"article","og_title":"Urban mat","og_description":"Die ideale Fu\u00dfmatte f\u00fcr Ihre Stadtwohnung, Ihr Ferienhaus, Boot oder Ihren WohnwagenDiese Edition unserer RiZZ Design Outdoor-Matten bringt dieselbe Technologie zu st\u00e4dtischen Eing\u00e4ngen. Entfernt Sand und Schmutz aus profilierten Sohlen Sehr effektiv, mit bis zu 80 % Effizienz Minimaler Wartungsaufwand Leicht zu reinigen Geeignet f\u00fcr den Au\u00dfenbereich Aluminiumrahmen, eloxiert PVC-gepresster Innenrahmen Edelstahl 304 Leiste B\u00fcrstenplatte [&hellip;]","og_url":"https:\/\/www.rizz.design\/de\/produkt\/urban-mat\/","og_site_name":"RiZZ | Official Website","article_modified_time":"2026-02-04T12:33:03+00:00","og_image":[{"width":1920,"height":1280,"url":"https:\/\/www.rizz.design\/wp-content\/uploads\/2024\/12\/DL-58x36-silver-3D.jpg","type":"image\/jpeg"}],"twitter_card":"summary_large_image","twitter_misc":{"Gesch\u00e4tzte Lesezeit":"2\u00a0Minuten"},"schema":{"@context":"https:\/\/schema.org","@graph":[{"@type":"WebPage","@id":"https:\/\/www.rizz.design\/de\/produkt\/urban-mat\/","url":"https:\/\/www.rizz.design\/de\/produkt\/urban-mat\/","name":"RiZZ Design urban matten - Offizielle Website","isPartOf":{"@id":"https:\/\/www.rizz.design\/de\/#website"},"primaryImageOfPage":{"@id":"https:\/\/www.rizz.design\/de\/produkt\/urban-mat\/#primaryimage"},"image":{"@id":"https:\/\/www.rizz.design\/de\/produkt\/urban-mat\/#primaryimage"},"thumbnailUrl":"https:\/\/www.rizz.design\/wp-content\/uploads\/2024\/12\/DL-58x36-silver-3D.jpg","datePublished":"2024-12-19T09:40:43+00:00","dateModified":"2026-02-04T12:33:03+00:00","breadcrumb":{"@id":"https:\/\/www.rizz.design\/de\/produkt\/urban-mat\/#breadcrumb"},"inLanguage":"de","potentialAction":[{"@type":"ReadAction","target":["https:\/\/www.rizz.design\/de\/produkt\/urban-mat\/"]}]},{"@type":"ImageObject","inLanguage":"de","@id":"https:\/\/www.rizz.design\/de\/produkt\/urban-mat\/#primaryimage","url":"https:\/\/www.rizz.design\/wp-content\/uploads\/2024\/12\/DL-58x36-silver-3D.jpg","contentUrl":"https:\/\/www.rizz.design\/wp-content\/uploads\/2024\/12\/DL-58x36-silver-3D.jpg","width":1920,"height":1280},{"@type":"BreadcrumbList","@id":"https:\/\/www.rizz.design\/de\/produkt\/urban-mat\/#breadcrumb","itemListElement":[{"@type":"ListItem","position":1,"name":"Home","item":"https:\/\/www.rizz.design\/de\/"},{"@type":"ListItem","position":2,"name":"Produkte","item":"https:\/\/www.rizz.design\/de\/shop\/"},{"@type":"ListItem","position":3,"name":"Urban mat"}]},{"@type":"WebSite","@id":"https:\/\/www.rizz.design\/de\/#website","url":"https:\/\/www.rizz.design\/de\/","name":"RiZZ | Official Website","description":"Since 1941","potentialAction":[{"@type":"SearchAction","target":{"@type":"EntryPoint","urlTemplate":"https:\/\/www.rizz.design\/de\/?s={search_term_string}"},"query-input":{"@type":"PropertyValueSpecification","valueRequired":true,"valueName":"search_term_string"}}],"inLanguage":"de"}]}},"_links":{"self":[{"href":"https:\/\/www.rizz.design\/de\/wp-json\/wp\/v2\/product\/76339","targetHints":{"allow":["GET"]}}],"collection":[{"href":"https:\/\/www.rizz.design\/de\/wp-json\/wp\/v2\/product"}],"about":[{"href":"https:\/\/www.rizz.design\/de\/wp-json\/wp\/v2\/types\/product"}],"replies":[{"embeddable":true,"href":"https:\/\/www.rizz.design\/de\/wp-json\/wp\/v2\/comments?post=76339"}],"version-history":[{"count":26,"href":"https:\/\/www.rizz.design\/de\/wp-json\/wp\/v2\/product\/76339\/revisions"}],"predecessor-version":[{"id":81369,"href":"https:\/\/www.rizz.design\/de\/wp-json\/wp\/v2\/product\/76339\/revisions\/81369"}],"wp:featuredmedia":[{"embeddable":true,"href":"https:\/\/www.rizz.design\/de\/wp-json\/wp\/v2\/media\/75951"}],"wp:attachment":[{"href":"https:\/\/www.rizz.design\/de\/wp-json\/wp\/v2\/media?parent=76339"}],"wp:term":[{"taxonomy":"product_brand","embeddable":true,"href":"https:\/\/www.rizz.design\/de\/wp-json\/wp\/v2\/product_brand?post=76339"},{"taxonomy":"product_cat","embeddable":true,"href":"https:\/\/www.rizz.design\/de\/wp-json\/wp\/v2\/product_cat?post=76339"},{"taxonomy":"product_tag","embeddable":true,"href":"https:\/\/www.rizz.design\/de\/wp-json\/wp\/v2\/product_tag?post=76339"}],"curies":[{"name":"wp","href":"https:\/\/api.w.org\/{rel}","templated":true}]}}