{"id":23118,"date":"2022-04-19T20:10:42","date_gmt":"2022-04-19T19:10:42","guid":{"rendered":"https:\/\/www.rizz.design\/sobre-rizz-design\/"},"modified":"2025-01-08T15:47:22","modified_gmt":"2025-01-08T14:47:22","slug":"sobre-rizz-design","status":"publish","type":"page","link":"https:\/\/www.rizz.design\/es\/sobre-rizz-design\/","title":{"rendered":"Sobre RiZZ Design"},"content":{"rendered":"<p>[et_pb_section fb_built=\u00bb1&#8243; _builder_version=\u00bb4.16&#8243; _module_preset=\u00bbdefault\u00bb global_colors_info=\u00bb{}\u00bb][et_pb_row _builder_version=\u00bb4.16&#8243; _module_preset=\u00bbdefault\u00bb custom_padding=\u00bb||0px|||\u00bb global_colors_info=\u00bb{}\u00bb][et_pb_column type=\u00bb4_4&#8243; _builder_version=\u00bb4.16&#8243; _module_preset=\u00bbdefault\u00bb global_colors_info=\u00bb{}\u00bb][et_pb_dmb_breadcrumbs _builder_version=\u00bb4.27.0&#8243; _module_preset=\u00bbdefault\u00bb show_custom_taxonomy_crumbs=\u00bboff\u00bb show_category_crumbs=\u00bboff\u00bb hover_enabled=\u00bb0&#8243; sticky_enabled=\u00bb0&#8243; custom_padding=\u00bb0px|||||\u00bb][\/et_pb_dmb_breadcrumbs][et_pb_text _builder_version=\u00bb4.16&#8243; _module_preset=\u00bbdefault\u00bb global_colors_info=\u00bb{}\u00bb]<\/p>\n<h2>Qui\u00e9nes somos<\/h2>\n<p>[\/et_pb_text][\/et_pb_column][\/et_pb_row][et_pb_row column_structure=\u00bb1_2,1_2&#8243; _builder_version=\u00bb4.16&#8243; _module_preset=\u00bbdefault\u00bb global_colors_info=\u00bb{}\u00bb][et_pb_column type=\u00bb1_2&#8243; _builder_version=\u00bb4.16&#8243; _module_preset=\u00bbdefault\u00bb global_colors_info=\u00bb{}\u00bb][et_pb_text _builder_version=\u00bb4.16&#8243; _module_preset=\u00bbdefault\u00bb global_colors_info=\u00bb{}\u00bb]<\/p>\n<p><strong>Somos una empresa holandesa familiar de<br \/>\nNijkerk que hace 80 a\u00f1os se dedica a la<br \/>\nfabricaci\u00f3n de productos. En la familia RiZZ estamos orgullos de nuestra cartera \u00fanica de productos de lujo y duraderos. Nosotros estamos a cargo del dise\u00f1o y los productos a\u00fan est\u00e1n hechos en gran parte a mano por artesanos de manera tradicional. As\u00ed es como monitoreamos la calidad de nuestros productos.<\/strong><\/p>\n<p>[\/et_pb_text][et_pb_text _builder_version=\u00bb4.16&#8243; _module_preset=\u00bbdefault\u00bb global_colors_info=\u00bb{}\u00bb]<\/p>\n<p><strong>Nuestra promesa:<\/strong><br \/>Los felpudos y las escobas RiZZ de lujo visten de forma perfecta su vivienda y terraza.<\/p>\n<p>Adem\u00e1s de un look elegante que hace juego con su estilo personal (de vida), nuestros productos de dise\u00f1o holand\u00e9s a la vez garantizan una calidad, funcionalidad y durabilidad excepcionales. <\/p>\n<p>[\/et_pb_text][et_pb_image src=\u00bbhttps:\/\/rizz.design\/wp-content\/uploads\/2021\/12\/about-rizz.jpg\u00bb alt=\u00bbAcerca RiZZ\u00bb title_text=\u00bbAcerca RiZZ\u00bb disabled_on=\u00bboff|off|on\u00bb _builder_version=\u00bb4.16&#8243; _module_preset=\u00bbdefault\u00bb global_colors_info=\u00bb{}\u00bb][\/et_pb_image][et_pb_text admin_label=\u00bbText\u00bb _builder_version=\u00bb4.16&#8243; _module_preset=\u00bbdefault\u00bb global_colors_info=\u00bb{}\u00bb]<\/p>\n<p><strong>Nuestros valores:<\/strong><\/p>\n<div style=\"width: 50%; float: left;\">\n<ul>\n<li>Uni\u00f3n<\/li>\n<li>Ser quien eres<\/li>\n<li>Calidad<\/li>\n<li>Funcionalidad<\/li>\n<li>Maestr\u00eda artesanal<\/li>\n<\/ul>\n<\/div>\n<div style=\"width: 50%; float: left;\">\n<ul>\n<li>Ojo para el detalle<\/li>\n<li>Dise\u00f1o<\/li>\n<li>Arte<\/li>\n<li>Socios que nos enriquecen<\/li>\n<li>Durabilidad<\/li>\n<li>Nuestro planeta<\/li>\n<\/ul>\n<\/div>\n<p>[\/et_pb_text][\/et_pb_column][et_pb_column type=\u00bb1_2&#8243; _builder_version=\u00bb4.16&#8243; _module_preset=\u00bbdefault\u00bb global_colors_info=\u00bb{}\u00bb][et_pb_image src=\u00bbhttps:\/\/rizz.design\/wp-content\/uploads\/2021\/12\/about-rizz.jpg\u00bb alt=\u00bbAcerca RiZZ\u00bb title_text=\u00bbAcerca RiZZ\u00bb disabled_on=\u00bbon|on|off\u00bb _builder_version=\u00bb4.16&#8243; _module_preset=\u00bbdefault\u00bb global_colors_info=\u00bb{}\u00bb][\/et_pb_image][\/et_pb_column][\/et_pb_row][\/et_pb_section][et_pb_section fb_built=\u00bb1&#8243; _builder_version=\u00bb4.16&#8243; _module_preset=\u00bbdefault\u00bb custom_margin_tablet=\u00bb0px||||false|false\u00bb custom_margin_phone=\u00bb0px||||false|false\u00bb custom_margin_last_edited=\u00bbon|tablet\u00bb custom_padding=\u00bb0px||||false|false\u00bb global_colors_info=\u00bb{}\u00bb][et_pb_row column_structure=\u00bb1_2,1_2&#8243; _builder_version=\u00bb4.16&#8243; _module_preset=\u00bbdefault\u00bb global_colors_info=\u00bb{}\u00bb][et_pb_column type=\u00bb1_2&#8243; _builder_version=\u00bb4.16&#8243; _module_preset=\u00bbdefault\u00bb global_colors_info=\u00bb{}\u00bb][et_pb_image src=\u00bbhttps:\/\/rizz.design\/wp-content\/uploads\/2021\/12\/design-rizz.jpg\u00bb alt=\u00bbAcerca RiZZ\u00bb title_text=\u00bbAcerca RiZZ\u00bb _builder_version=\u00bb4.16&#8243; _module_preset=\u00bbdefault\u00bb global_colors_info=\u00bb{}\u00bb][\/et_pb_image][\/et_pb_column][et_pb_column type=\u00bb1_2&#8243; _builder_version=\u00bb4.16&#8243; _module_preset=\u00bbdefault\u00bb global_colors_info=\u00bb{}\u00bb][et_pb_text _builder_version=\u00bb4.16&#8243; _module_preset=\u00bbdefault\u00bb global_colors_info=\u00bb{}\u00bb]<\/p>\n<h3>Filosof\u00eda del dise\u00f1o<\/h3>\n<p>[\/et_pb_text][et_pb_text _builder_version=\u00bb4.17.0&#8243; _module_preset=\u00bbdefault\u00bb global_colors_info=\u00bb{}\u00bb]<\/p>\n<p><em>La idea del dise\u00f1o detr\u00e1s de nuestros productos:<\/em><\/p>\n<p>El estilo de RIZZ podr\u00eda describirse en un par de palabras como puro, cl\u00e1sico, moderno, lujo, natural versus industrial, claro, pero no exigente.<\/p>\n<p>RiZZ Design naci\u00f3 de las ideas de \u201cEl Toque Final\u201d y el dise\u00f1o. Usted va a disfrutar de la exquisita maestr\u00eda artesanal al usar el producto.<\/p>\n<p>La meta m\u00e1s importante de nuestro dise\u00f1o es que los productos sean funcionales y adem\u00e1s crear un valor a\u00f1adido de lujo y perfecto en y en torno a su vivienda o terraza.<\/p>\n<p>Juntos con el dise\u00f1ador de producto Teun Fleskens, RiZZ procura que cada producto sea fabricado de la manera m\u00e1s duradera y eficiente para el medio ambiente, teniendo en cuenta al detalle todo el ciclo de vida del producto.<\/p>\n<p>[\/et_pb_text][\/et_pb_column][\/et_pb_row][\/et_pb_section][et_pb_section fb_built=\u00bb1&#8243; module_class=\u00bbquote_section\u00bb _builder_version=\u00bb4.16&#8243; _module_preset=\u00bbdefault\u00bb custom_padding=\u00bb0px||0px|||\u00bb global_colors_info=\u00bb{}\u00bb][et_pb_row column_structure=\u00bb1_4,3_4&#8243; _builder_version=\u00bb4.16&#8243; _module_preset=\u00bbdefault\u00bb width=\u00bb100%\u00bb global_colors_info=\u00bb{}\u00bb][et_pb_column type=\u00bb1_4&#8243; _builder_version=\u00bb4.16&#8243; _module_preset=\u00bbdefault\u00bb global_colors_info=\u00bb{}\u00bb][\/et_pb_column][et_pb_column type=\u00bb3_4&#8243; _builder_version=\u00bb4.16&#8243; _module_preset=\u00bbdefault\u00bb background_color=\u00bb#bf9817&#8243; global_colors_info=\u00bb{}\u00bb][et_pb_text _builder_version=\u00bb4.16&#8243; _module_preset=\u00bbdefault\u00bb global_colors_info=\u00bb{}\u00bb]<\/p>\n<p>\u201c\u201cUn dise\u00f1o cl\u00e1sico y minimalista, confort probado, funcionalidad y m\u00e1xima calidad para crear el \u2018toque final perfecto\u2019 para cada<br \/>\nentrada\u201d:<\/em><\/p>\n<p><em>\u201cMuestre sus felpudos y escobas de lujo, no los esconda.\u201d<\/em><\/p>\n<p><em><strong>Trudie &amp; Evert Zuiddam<\/strong><\/em><\/p>\n<p>[\/et_pb_text][\/et_pb_column][\/et_pb_row][\/et_pb_section][et_pb_section fb_built=\u00bb1&#8243; _builder_version=\u00bb4.16&#8243; _module_preset=\u00bbdefault\u00bb custom_margin_tablet=\u00bb0px||||false|false\u00bb custom_margin_phone=\u00bb0px||||false|false\u00bb custom_margin_last_edited=\u00bbon|tablet\u00bb custom_padding=\u00bb0px||||false|false\u00bb global_colors_info=\u00bb{}\u00bb][et_pb_row custom_padding_last_edited=\u00bbon|tablet\u00bb _builder_version=\u00bb4.16&#8243; _module_preset=\u00bbdefault\u00bb custom_padding=\u00bb50px||||false|false\u00bb custom_padding_tablet=\u00bb0px||||false|false\u00bb custom_padding_phone=\u00bb0px||||false|false\u00bb global_colors_info=\u00bb{}\u00bb][et_pb_column type=\u00bb4_4&#8243; _builder_version=\u00bb4.16&#8243; _module_preset=\u00bbdefault\u00bb global_colors_info=\u00bb{}\u00bb][et_pb_text _builder_version=\u00bb4.16&#8243; _module_preset=\u00bbdefault\u00bb global_colors_info=\u00bb{}\u00bb]<\/p>\n<h3>Maestr\u00eda artesanal desde 1941<\/h3>\n<p>Desde 1941 diferentes miembros de la familia Zuiddam han contribuido al desarrollo de RiZZ as\u00ed como lo conocemos hoy en d\u00eda. La producci\u00f3n de cepillos sigue siendo la actividad central, pero estamos cada vez m\u00e1s orientados al mercado y respondemos cada vez m\u00e1s a la demanda de los clientes en un mercado global.<\/p>\n<p>Nos enfocamos en la sostenibilidad, las soluciones inteligentes, la excelente calidad y servicio para nuestros clientes.<\/p>\n<p>Desde 2015 hemos estado trabajando con una nueva estructura empresarial; RiZZ para los productos m\u00e1s lujosos y la l\u00ednea de puertas para las protecciones contra corrientes de aire y cepillos regulares. La nueva estructura empresarial brinda mayor transparencia y permite dar un mejor panorama de nuestras actividades. Reuniendo todas las disciplinas podemos incrementar nuestro valor agregado para nuestros clientes.[\/et_pb_text][\/et_pb_column][\/et_pb_row][et_pb_row column_structure=\u00bb1_4,1_4,1_4,1_4&#8243; _builder_version=\u00bb4.16&#8243; _module_preset=\u00bbdefault\u00bb global_colors_info=\u00bb{}\u00bb][et_pb_column type=\u00bb1_4&#8243; _builder_version=\u00bb4.16&#8243; _module_preset=\u00bbdefault\u00bb global_colors_info=\u00bb{}\u00bb][et_pb_image src=\u00bbhttps:\/\/rizz.design\/wp-content\/uploads\/2021\/11\/rizz-history.jpg\u00bb alt=\u00bbHistoria de los felpudos RiZZ\u00bb title_text=\u00bbHistoria de los felpudos RiZZ\u00bb _builder_version=\u00bb4.16&#8243; _module_preset=\u00bbdefault\u00bb global_colors_info=\u00bb{}\u00bb][\/et_pb_image][\/et_pb_column][et_pb_column type=\u00bb1_4&#8243; _builder_version=\u00bb4.16&#8243; _module_preset=\u00bbdefault\u00bb global_colors_info=\u00bb{}\u00bb][et_pb_image src=\u00bbhttps:\/\/rizz.design\/wp-content\/uploads\/2021\/11\/rizz-history-2.jpg\u00bb alt=\u00bbAlmac\u00e9n RiZZ\u00bb title_text=\u00bbAlmac\u00e9n RiZZ\u00bb _builder_version=\u00bb4.16&#8243; _module_preset=\u00bbdefault\u00bb global_colors_info=\u00bb{}\u00bb][\/et_pb_image][\/et_pb_column][et_pb_column type=\u00bb1_4&#8243; _builder_version=\u00bb4.16&#8243; _module_preset=\u00bbdefault\u00bb global_colors_info=\u00bb{}\u00bb][et_pb_image src=\u00bbhttps:\/\/rizz.design\/wp-content\/uploads\/2021\/11\/rizz-history-3.jpg\u00bb alt=\u00bbF\u00e1brica RiZZ\u00bb title_text=\u00bbF\u00e1brica RiZZ\u00bb _builder_version=\u00bb4.16&#8243; _module_preset=\u00bbdefault\u00bb global_colors_info=\u00bb{}\u00bb][\/et_pb_image][\/et_pb_column][et_pb_column type=\u00bb1_4&#8243; _builder_version=\u00bb4.16&#8243; _module_preset=\u00bbdefault\u00bb global_colors_info=\u00bb{}\u00bb][et_pb_image src=\u00bbhttps:\/\/rizz.design\/wp-content\/uploads\/2021\/11\/rizz-history-4.jpg\u00bb alt=\u00bbFabricaci\u00f3n de productos RiZZ\u00bb title_text=\u00bbFabricaci\u00f3n de productos RiZZ\u00bb _builder_version=\u00bb4.16&#8243; _module_preset=\u00bbdefault\u00bb global_colors_info=\u00bb{}\u00bb][\/et_pb_image][\/et_pb_column][\/et_pb_row][et_pb_row column_structure=\u00bb1_2,1_2&#8243; _builder_version=\u00bb4.16&#8243; _module_preset=\u00bbdefault\u00bb global_colors_info=\u00bb{}\u00bb][et_pb_column type=\u00bb1_2&#8243; _builder_version=\u00bb4.16&#8243; _module_preset=\u00bbdefault\u00bb global_colors_info=\u00bb{}\u00bb][et_pb_image src=\u00bbhttps:\/\/rizz.design\/wp-content\/uploads\/2021\/11\/design-broom-silver-aluminium.jpg\u00bb alt=\u00bbescoba de dise\u00f1o plata\u00bb title_text=\u00bbescoba de dise\u00f1o plata\u00bb _builder_version=\u00bb4.16&#8243; _module_preset=\u00bbdefault\u00bb global_colors_info=\u00bb{}\u00bb][\/et_pb_image][\/et_pb_column][et_pb_column type=\u00bb1_2&#8243; _builder_version=\u00bb4.16&#8243; _module_preset=\u00bbdefault\u00bb global_colors_info=\u00bb{}\u00bb][et_pb_text _builder_version=\u00bb4.16&#8243; _module_preset=\u00bbdefault\u00bb global_colors_info=\u00bb{}\u00bb]<\/p>\n<h3>El origen de la colecci\u00f3n RiZZ<\/h3>\n<p>A principios de 2001, Trudie Zuiddam tuvo el plan de \u00abhacer el mejor felpudo del mundo\u00bb. La f\u00e1brica de cepillos de la pareja empresarial, los se\u00f1ores Zuiddam, produc\u00eda los cepillos de alta calidad necesarios para que el felpudo reuniera sus caracter\u00edsticas \u00fanicas. El creciente mercado de muebles exclusivos de exterior gener\u00f3 una base de clientes para nuestros productos de alta gama.<\/p>\n<p>En 2006 se lanz\u00f3 el felpudo en los Pa\u00edses Bajos. Ya en septiembre de 2007, durante la exposici\u00f3n de dise\u00f1o Maison et Objet en Par\u00eds, RiZZ tuvo su reconocimiento internacional.<\/p>\n<p>[\/et_pb_text][\/et_pb_column][\/et_pb_row][et_pb_row column_structure=\u00bb1_2,1_2&#8243; _builder_version=\u00bb4.16&#8243; _module_preset=\u00bbdefault\u00bb global_colors_info=\u00bb{}\u00bb][et_pb_column type=\u00bb1_2&#8243; _builder_version=\u00bb4.16&#8243; _module_preset=\u00bbdefault\u00bb global_colors_info=\u00bb{}\u00bb][et_pb_text _builder_version=\u00bb4.16&#8243; _module_preset=\u00bbdefault\u00bb global_colors_info=\u00bb{}\u00bb]<\/p>\n<p>Desde entonces, en todo el mundo hay usuarios satisfechos del felpudo RiZZ. En las ciudades modernas como Oslo, Estocolmo, Hamburgo, \u00c1msterdam, Amberes, Londres, Par\u00eds, Nueva York y alrededores, se pueden encontrar distribuidores RiZZ.<\/p>\n<p>El fr\u00edo y el calor extremos no suponen ning\u00fan problema; el felpudo se utiliza en zonas de esqu\u00ed de todo el mundo, as\u00ed como en los lugares m\u00e1s extraordinarios del Medio oriente, \u00c1frica, Australia, etc.<\/p>\n<p>La f\u00e1brica de cepillos RiZZ de Nijkerk fue fundada en 1941 por el abuelo y padre, Hendrik Zuiddam, y sus hermanos. Trudie Zuiddam falleci\u00f3 en 2009, pero su esposo Evert Zuiddam y su hijo Sebastiaan Zuiddam (2\u00aa y 3\u00aa generaci\u00f3n en el negocio familiar) continuaron su trabajo. En torno al felpudo se desarroll\u00f3 una colecci\u00f3n completa de productos para entradas de viviendas y edificios.<\/p>\n<p>[\/et_pb_text][\/et_pb_column][et_pb_column type=\u00bb1_2&#8243; _builder_version=\u00bb4.16&#8243; _module_preset=\u00bbdefault\u00bb global_colors_info=\u00bb{}\u00bb][et_pb_video src=\u00bbhttps:\/\/www.youtube.com\/watch?v=A6yfvfhJOAQ&#038;feature=emb_logo\u00bb _builder_version=\u00bb4.12.0&#8243; _module_preset=\u00bbdefault\u00bb global_colors_info=\u00bb{}\u00bb theme_builder_area=\u00bbpost_content\u00bb][\/et_pb_video][\/et_pb_column][\/et_pb_row][\/et_pb_section]<\/p>\n","protected":false},"excerpt":{"rendered":"<p>Qui\u00e9nes somosSomos una empresa holandesa familiar de Nijkerk que hace 80 a\u00f1os se dedica a la fabricaci\u00f3n de productos. En la familia RiZZ estamos orgullos de nuestra cartera \u00fanica de productos de lujo y duraderos. Nosotros estamos a cargo del dise\u00f1o y los productos a\u00fan est\u00e1n hechos en gran parte a mano por artesanos de [&hellip;]<\/p>\n","protected":false},"author":373,"featured_media":0,"parent":0,"menu_order":0,"comment_status":"open","ping_status":"open","template":"","meta":{"_acf_changed":false,"_et_pb_use_builder":"on","_et_pb_old_content":"","_et_gb_content_width":"","footnotes":""},"class_list":["post-23118","page","type-page","status-publish","hentry"],"acf":[],"yoast_head":"<!-- This site is optimized with the Yoast SEO Premium plugin v27.1 (Yoast SEO v27.1.1) - https:\/\/yoast.com\/product\/yoast-seo-premium-wordpress\/ -->\n<title>Sobre RiZZ Design - Historia, visi\u00f3n, filosof\u00eda, valores fundamentales &amp; promesa<\/title>\n<meta name=\"description\" content=\"Lea en esta p\u00e1gina c\u00f3mo fue evolucionando nuestra empresa familiar RiZZ Design de Nijkerk desde 1941 combinando el dise\u00f1o con la innovaci\u00f3n.\" \/>\n<meta name=\"robots\" content=\"index, follow, max-snippet:-1, max-image-preview:large, max-video-preview:-1\" \/>\n<link rel=\"canonical\" href=\"https:\/\/www.rizz.design\/es\/sobre-rizz-design\/\" \/>\n<meta property=\"og:locale\" content=\"es_ES\" \/>\n<meta property=\"og:type\" content=\"article\" \/>\n<meta property=\"og:title\" content=\"Sobre RiZZ Design\" \/>\n<meta property=\"og:description\" content=\"Lea en esta p\u00e1gina c\u00f3mo fue evolucionando nuestra empresa familiar RiZZ Design de Nijkerk desde 1941 combinando el dise\u00f1o con la innovaci\u00f3n.\" \/>\n<meta property=\"og:url\" content=\"https:\/\/www.rizz.design\/es\/sobre-rizz-design\/\" \/>\n<meta property=\"og:site_name\" content=\"RiZZ | Official Website\" \/>\n<meta property=\"article:modified_time\" content=\"2025-01-08T14:47:22+00:00\" \/>\n<meta name=\"twitter:card\" content=\"summary_large_image\" \/>\n<meta name=\"twitter:label1\" content=\"Tiempo de lectura\" \/>\n\t<meta name=\"twitter:data1\" content=\"5 minutos\" \/>\n<script type=\"application\/ld+json\" class=\"yoast-schema-graph\">{\"@context\":\"https:\/\/schema.org\",\"@graph\":[{\"@type\":\"WebPage\",\"@id\":\"https:\/\/www.rizz.design\/es\/sobre-rizz-design\/\",\"url\":\"https:\/\/www.rizz.design\/es\/sobre-rizz-design\/\",\"name\":\"Sobre RiZZ Design - Historia, visi\u00f3n, filosof\u00eda, valores fundamentales & promesa\",\"isPartOf\":{\"@id\":\"https:\/\/www.rizz.design\/es\/#website\"},\"datePublished\":\"2022-04-19T19:10:42+00:00\",\"dateModified\":\"2025-01-08T14:47:22+00:00\",\"description\":\"Lea en esta p\u00e1gina c\u00f3mo fue evolucionando nuestra empresa familiar RiZZ Design de Nijkerk desde 1941 combinando el dise\u00f1o con la innovaci\u00f3n.\",\"breadcrumb\":{\"@id\":\"https:\/\/www.rizz.design\/es\/sobre-rizz-design\/#breadcrumb\"},\"inLanguage\":\"es\",\"potentialAction\":[{\"@type\":\"ReadAction\",\"target\":[\"https:\/\/www.rizz.design\/es\/sobre-rizz-design\/\"]}]},{\"@type\":\"BreadcrumbList\",\"@id\":\"https:\/\/www.rizz.design\/es\/sobre-rizz-design\/#breadcrumb\",\"itemListElement\":[{\"@type\":\"ListItem\",\"position\":1,\"name\":\"Home\",\"item\":\"https:\/\/www.rizz.design\/es\/\"},{\"@type\":\"ListItem\",\"position\":2,\"name\":\"Sobre RiZZ Design\"}]},{\"@type\":\"WebSite\",\"@id\":\"https:\/\/www.rizz.design\/es\/#website\",\"url\":\"https:\/\/www.rizz.design\/es\/\",\"name\":\"RiZZ | Official Website\",\"description\":\"Since 1941\",\"potentialAction\":[{\"@type\":\"SearchAction\",\"target\":{\"@type\":\"EntryPoint\",\"urlTemplate\":\"https:\/\/www.rizz.design\/es\/?s={search_term_string}\"},\"query-input\":{\"@type\":\"PropertyValueSpecification\",\"valueRequired\":true,\"valueName\":\"search_term_string\"}}],\"inLanguage\":\"es\"}]}<\/script>\n<!-- \/ Yoast SEO Premium plugin. -->","yoast_head_json":{"title":"Sobre RiZZ Design - Historia, visi\u00f3n, filosof\u00eda, valores fundamentales & promesa","description":"Lea en esta p\u00e1gina c\u00f3mo fue evolucionando nuestra empresa familiar RiZZ Design de Nijkerk desde 1941 combinando el dise\u00f1o con la innovaci\u00f3n.","robots":{"index":"index","follow":"follow","max-snippet":"max-snippet:-1","max-image-preview":"max-image-preview:large","max-video-preview":"max-video-preview:-1"},"canonical":"https:\/\/www.rizz.design\/es\/sobre-rizz-design\/","og_locale":"es_ES","og_type":"article","og_title":"Sobre RiZZ Design","og_description":"Lea en esta p\u00e1gina c\u00f3mo fue evolucionando nuestra empresa familiar RiZZ Design de Nijkerk desde 1941 combinando el dise\u00f1o con la innovaci\u00f3n.","og_url":"https:\/\/www.rizz.design\/es\/sobre-rizz-design\/","og_site_name":"RiZZ | Official Website","article_modified_time":"2025-01-08T14:47:22+00:00","twitter_card":"summary_large_image","twitter_misc":{"Tiempo de lectura":"5 minutos"},"schema":{"@context":"https:\/\/schema.org","@graph":[{"@type":"WebPage","@id":"https:\/\/www.rizz.design\/es\/sobre-rizz-design\/","url":"https:\/\/www.rizz.design\/es\/sobre-rizz-design\/","name":"Sobre RiZZ Design - Historia, visi\u00f3n, filosof\u00eda, valores fundamentales & promesa","isPartOf":{"@id":"https:\/\/www.rizz.design\/es\/#website"},"datePublished":"2022-04-19T19:10:42+00:00","dateModified":"2025-01-08T14:47:22+00:00","description":"Lea en esta p\u00e1gina c\u00f3mo fue evolucionando nuestra empresa familiar RiZZ Design de Nijkerk desde 1941 combinando el dise\u00f1o con la innovaci\u00f3n.","breadcrumb":{"@id":"https:\/\/www.rizz.design\/es\/sobre-rizz-design\/#breadcrumb"},"inLanguage":"es","potentialAction":[{"@type":"ReadAction","target":["https:\/\/www.rizz.design\/es\/sobre-rizz-design\/"]}]},{"@type":"BreadcrumbList","@id":"https:\/\/www.rizz.design\/es\/sobre-rizz-design\/#breadcrumb","itemListElement":[{"@type":"ListItem","position":1,"name":"Home","item":"https:\/\/www.rizz.design\/es\/"},{"@type":"ListItem","position":2,"name":"Sobre RiZZ Design"}]},{"@type":"WebSite","@id":"https:\/\/www.rizz.design\/es\/#website","url":"https:\/\/www.rizz.design\/es\/","name":"RiZZ | Official Website","description":"Since 1941","potentialAction":[{"@type":"SearchAction","target":{"@type":"EntryPoint","urlTemplate":"https:\/\/www.rizz.design\/es\/?s={search_term_string}"},"query-input":{"@type":"PropertyValueSpecification","valueRequired":true,"valueName":"search_term_string"}}],"inLanguage":"es"}]}},"_links":{"self":[{"href":"https:\/\/www.rizz.design\/es\/wp-json\/wp\/v2\/pages\/23118","targetHints":{"allow":["GET"]}}],"collection":[{"href":"https:\/\/www.rizz.design\/es\/wp-json\/wp\/v2\/pages"}],"about":[{"href":"https:\/\/www.rizz.design\/es\/wp-json\/wp\/v2\/types\/page"}],"author":[{"embeddable":true,"href":"https:\/\/www.rizz.design\/es\/wp-json\/wp\/v2\/users\/373"}],"replies":[{"embeddable":true,"href":"https:\/\/www.rizz.design\/es\/wp-json\/wp\/v2\/comments?post=23118"}],"version-history":[{"count":3,"href":"https:\/\/www.rizz.design\/es\/wp-json\/wp\/v2\/pages\/23118\/revisions"}],"predecessor-version":[{"id":76681,"href":"https:\/\/www.rizz.design\/es\/wp-json\/wp\/v2\/pages\/23118\/revisions\/76681"}],"wp:attachment":[{"href":"https:\/\/www.rizz.design\/es\/wp-json\/wp\/v2\/media?parent=23118"}],"curies":[{"name":"wp","href":"https:\/\/api.w.org\/{rel}","templated":true}]}}