{"id":23137,"date":"2022-04-19T21:33:08","date_gmt":"2022-04-19T20:33:08","guid":{"rendered":"https:\/\/www.rizz.design\/informacion-de-envio-y-entrega\/"},"modified":"2025-06-13T10:25:17","modified_gmt":"2025-06-13T09:25:17","slug":"informacion-de-envio-y-entrega","status":"publish","type":"page","link":"https:\/\/www.rizz.design\/es\/informacion-de-envio-y-entrega\/","title":{"rendered":"Informaci\u00f3n de env\u00edo y entrega"},"content":{"rendered":"<p>[et_pb_section fb_built=\u00bb1&#8243; _builder_version=\u00bb4.16&#8243; global_colors_info=\u00bb{}\u00bb][et_pb_row _builder_version=\u00bb4.16&#8243; background_size=\u00bbinitial\u00bb background_position=\u00bbtop_left\u00bb background_repeat=\u00bbrepeat\u00bb global_colors_info=\u00bb{}\u00bb][et_pb_column type=\u00bb4_4&#8243; _builder_version=\u00bb4.16&#8243; custom_padding=\u00bb|||\u00bb global_colors_info=\u00bb{}\u00bb custom_padding__hover=\u00bb|||\u00bb][et_pb_dmb_breadcrumbs show_category_crumbs=\u00bboff\u00bb show_custom_taxonomy_crumbs=\u00bboff\u00bb _builder_version=\u00bb4.27.0&#8243; _module_preset=\u00bbdefault\u00bb global_colors_info=\u00bb{}\u00bb][\/et_pb_dmb_breadcrumbs][et_pb_text admin_label=\u00bbText\u00bb _builder_version=\u00bb4.27.4&#8243; background_size=\u00bbinitial\u00bb background_position=\u00bbtop_left\u00bb background_repeat=\u00bbrepeat\u00bb hover_enabled=\u00bb0&#8243; global_colors_info=\u00bb{}\u00bb sticky_enabled=\u00bb0&#8243;]<\/p>\n<h3>1. \u00bfQu\u00e9 pasos se siguen despu\u00e9s de haber hecho su pedido?<\/h3>\n<p><\/p>\n<p><strong>En 3 sencillos pasos su producto en casa:<\/strong><\/p>\n<p><\/p>\n<ol>\n<li>Al hacer un pedido de un producto, recibe inmediatamente una confirmaci\u00f3n del pedido por correo electr\u00f3nico. Controle eventualmente (su carpeta de) los correos no deseados.<\/li>\n<li>Tan pronto como su paquete haya sido enviado, recibir\u00e1 un c\u00f3digo de seguimiento y rastreo con el que podr\u00e1 seguir su pedido.<\/li>\n<li>Poco despu\u00e9s del env\u00edo, tambi\u00e9n recibir\u00e1 su factura. Esto puede tomar de uno a tres d\u00edas h\u00e1biles.<\/li>\n<\/ol>\n<p><\/p>\n<h3>2. \u00bfQu\u00e9 se entiende por gastos de env\u00edo?<\/h3>\n<p><\/p>\n<p>*El env\u00edo dentro de la UE y al Reino Unido es gratuito.<\/p>\n<p><\/p>\n<p>Los env\u00edos a EE.UU., Canad\u00e1, pa\u00edses escandinavos y Suiza son gratuitos desde 500 \u20ac,-. Por los pedidos de un precio inferior se cobra 60,-\u20ac de gastos de env\u00edo.*.<\/p>\n<p><\/p>\n<p><strong>Para el resto de los pa\u00edses y regiones se cobra 60,-\u20ac de gastos de env\u00edo*. *Para env\u00edos a islas aplicamos un recargo de 85,- \u20ac sobre los gastos de env\u00edo. <\/strong><\/p>\n<p><\/p>\n<p>* Para colchonetas a medida de m\u00e1s de 175 x 70 cm gastos de env\u00edo a consultar.<\/p>\n<p><\/p>\n<h3>3. \u00bfC\u00f3mo se realiza la entrega?<\/h3>\n<p><\/p>\n<p><strong>3.1 El env\u00edo<\/strong><br \/>En d\u00edas h\u00e1biles, su pedido se enviar\u00e1 en principio en un plazo de 24 horas. Si realiza el pedido en el fin de semana, su pedido ser\u00e1 procesado al siguiente d\u00eda h\u00e1bil. Tan pronto como el pedido haya sido entregado al transportista, recibir\u00e1 un c\u00f3digo de seguimiento y rastreo por correo electr\u00f3nico. En d\u00edas h\u00e1biles tramitamos su pedido en un plazo de 24 horas. Se aplica un plazo de entrega de 4 a 6 semanas para las alfombrillas hechas a medida.<\/p>\n<p><\/p>\n<p><strong>3.2 Tiempos de entrega generales<\/strong><br \/>Si bien hacemos env\u00edos r\u00e1pidos, depende del pa\u00eds de destino cu\u00e1nto tiempo dura la entrega. Dentro del Benelux normalmente recibe su paquete dentro de los 2 d\u00edas h\u00e1biles. Para otros pa\u00edses, normalmente recibe sus productos dentro de 2 a 7 d\u00edas. Por medio del seguimiento y rastreo se le mantendr\u00e1 informado sobre el sitio d\u00f3nde se encuentra el paquete. Si se presentara alg\u00fan imprevisto, en todo momento puede ponerse en contacto con nosotros o enviar un correo electr\u00f3nico a: <a href=\"mailto:info@rizz.nl\" target=\"_blank\" rel=\"noopener\">info@rizz.nl<\/a>.<\/p>\n<p><\/p>\n<p><strong>3.3 Env\u00edos a pa\u00edses fuera de la Uni\u00f3n Europa (UE)<\/strong><br \/>Nosotros enviamos nuestros productos de los Pa\u00edses Bajos.\u00a0 Tenga en cuenta que todas las entregas deben cumplir con las normas y reglamentos del pa\u00eds de destino.<\/p>\n<p><\/p>\n<p><strong>3.4 Entregas en el Reino Unido:<\/strong><br \/>Como el Reino Unido est\u00e1 fuera de la UE, enviamos su pedido sin IVA. \u00a1Para asegurarte de que tu pedido llegue sin problemas, todos los costos adicionales (derechos de aduana, costos de despacho e impuestos) corren por nuestra cuenta!<\/p>\n<p><\/p>\n<p><strong>3.5 Entregas a los Estados Unidos\/ Canad\u00e1:<\/strong><br \/>\u00a1Para asegurarte de que tu pedido llegue sin problemas, todos los costos adicionales (derechos de aduana, costos de despacho e impuestos) corren por nuestra cuenta! Sin embargo, si hay un derecho de aduana o impuesto local del que nuestro socio de entrega no est\u00e9 al tanto, no podemos hacernos responsables de los cargos adicionales.<\/p>\n<p>[\/et_pb_text][\/et_pb_column][\/et_pb_row][\/et_pb_section]<\/p>\n","protected":false},"excerpt":{"rendered":"<p>1. \u00bfQu\u00e9 pasos se siguen despu\u00e9s de haber hecho su pedido?En 3 sencillos pasos su producto en casa: Al hacer un pedido de un producto, recibe inmediatamente una confirmaci\u00f3n del pedido por correo electr\u00f3nico. Controle eventualmente (su carpeta de) los correos no deseados. Tan pronto como su paquete haya sido enviado, recibir\u00e1 un c\u00f3digo de [&hellip;]<\/p>\n","protected":false},"author":373,"featured_media":0,"parent":0,"menu_order":0,"comment_status":"open","ping_status":"open","template":"","meta":{"_acf_changed":false,"_et_pb_use_builder":"on","_et_pb_old_content":"","_et_gb_content_width":"","footnotes":""},"class_list":["post-23137","page","type-page","status-publish","hentry"],"acf":[],"yoast_head":"<!-- This site is optimized with the Yoast SEO Premium plugin v27.1 (Yoast SEO v27.1.1) - https:\/\/yoast.com\/product\/yoast-seo-premium-wordpress\/ -->\n<title>Informaci\u00f3n de env\u00edo y entrega - RiZZ | Official Website<\/title>\n<meta name=\"description\" content=\"Dentro de la UE enviamos temporalmente de forma gratuita. Para EE. UU., Canad\u00e1, Escandinavia y Suiza entregamos temporalmente de forma gratuita a partir de \u20ac500,-\" \/>\n<meta name=\"robots\" content=\"index, follow, max-snippet:-1, max-image-preview:large, max-video-preview:-1\" \/>\n<link rel=\"canonical\" href=\"https:\/\/www.rizz.design\/es\/informacion-de-envio-y-entrega\/\" \/>\n<meta property=\"og:locale\" content=\"es_ES\" \/>\n<meta property=\"og:type\" content=\"article\" \/>\n<meta property=\"og:title\" content=\"Informaci\u00f3n de env\u00edo y entrega\" \/>\n<meta property=\"og:description\" content=\"Dentro de la UE enviamos temporalmente de forma gratuita. Para EE. UU., Canad\u00e1, Escandinavia y Suiza entregamos temporalmente de forma gratuita a partir de \u20ac500,-\" \/>\n<meta property=\"og:url\" content=\"https:\/\/www.rizz.design\/es\/informacion-de-envio-y-entrega\/\" \/>\n<meta property=\"og:site_name\" content=\"RiZZ | Official Website\" \/>\n<meta property=\"article:modified_time\" content=\"2025-06-13T09:25:17+00:00\" \/>\n<meta name=\"twitter:card\" content=\"summary_large_image\" \/>\n<meta name=\"twitter:label1\" content=\"Tiempo de lectura\" \/>\n\t<meta name=\"twitter:data1\" content=\"3 minutos\" \/>\n<script type=\"application\/ld+json\" class=\"yoast-schema-graph\">{\"@context\":\"https:\/\/schema.org\",\"@graph\":[{\"@type\":\"WebPage\",\"@id\":\"https:\/\/www.rizz.design\/es\/informacion-de-envio-y-entrega\/\",\"url\":\"https:\/\/www.rizz.design\/es\/informacion-de-envio-y-entrega\/\",\"name\":\"Informaci\u00f3n de env\u00edo y entrega - RiZZ | Official Website\",\"isPartOf\":{\"@id\":\"https:\/\/www.rizz.design\/es\/#website\"},\"datePublished\":\"2022-04-19T20:33:08+00:00\",\"dateModified\":\"2025-06-13T09:25:17+00:00\",\"description\":\"Dentro de la UE enviamos temporalmente de forma gratuita. Para EE. UU., Canad\u00e1, Escandinavia y Suiza entregamos temporalmente de forma gratuita a partir de \u20ac500,-\",\"breadcrumb\":{\"@id\":\"https:\/\/www.rizz.design\/es\/informacion-de-envio-y-entrega\/#breadcrumb\"},\"inLanguage\":\"es\",\"potentialAction\":[{\"@type\":\"ReadAction\",\"target\":[\"https:\/\/www.rizz.design\/es\/informacion-de-envio-y-entrega\/\"]}]},{\"@type\":\"BreadcrumbList\",\"@id\":\"https:\/\/www.rizz.design\/es\/informacion-de-envio-y-entrega\/#breadcrumb\",\"itemListElement\":[{\"@type\":\"ListItem\",\"position\":1,\"name\":\"Home\",\"item\":\"https:\/\/www.rizz.design\/es\/\"},{\"@type\":\"ListItem\",\"position\":2,\"name\":\"Informaci\u00f3n de env\u00edo y entrega\"}]},{\"@type\":\"WebSite\",\"@id\":\"https:\/\/www.rizz.design\/es\/#website\",\"url\":\"https:\/\/www.rizz.design\/es\/\",\"name\":\"RiZZ | Official Website\",\"description\":\"Since 1941\",\"potentialAction\":[{\"@type\":\"SearchAction\",\"target\":{\"@type\":\"EntryPoint\",\"urlTemplate\":\"https:\/\/www.rizz.design\/es\/?s={search_term_string}\"},\"query-input\":{\"@type\":\"PropertyValueSpecification\",\"valueRequired\":true,\"valueName\":\"search_term_string\"}}],\"inLanguage\":\"es\"}]}<\/script>\n<!-- \/ Yoast SEO Premium plugin. -->","yoast_head_json":{"title":"Informaci\u00f3n de env\u00edo y entrega - RiZZ | Official Website","description":"Dentro de la UE enviamos temporalmente de forma gratuita. Para EE. UU., Canad\u00e1, Escandinavia y Suiza entregamos temporalmente de forma gratuita a partir de \u20ac500,-","robots":{"index":"index","follow":"follow","max-snippet":"max-snippet:-1","max-image-preview":"max-image-preview:large","max-video-preview":"max-video-preview:-1"},"canonical":"https:\/\/www.rizz.design\/es\/informacion-de-envio-y-entrega\/","og_locale":"es_ES","og_type":"article","og_title":"Informaci\u00f3n de env\u00edo y entrega","og_description":"Dentro de la UE enviamos temporalmente de forma gratuita. Para EE. UU., Canad\u00e1, Escandinavia y Suiza entregamos temporalmente de forma gratuita a partir de \u20ac500,-","og_url":"https:\/\/www.rizz.design\/es\/informacion-de-envio-y-entrega\/","og_site_name":"RiZZ | Official Website","article_modified_time":"2025-06-13T09:25:17+00:00","twitter_card":"summary_large_image","twitter_misc":{"Tiempo de lectura":"3 minutos"},"schema":{"@context":"https:\/\/schema.org","@graph":[{"@type":"WebPage","@id":"https:\/\/www.rizz.design\/es\/informacion-de-envio-y-entrega\/","url":"https:\/\/www.rizz.design\/es\/informacion-de-envio-y-entrega\/","name":"Informaci\u00f3n de env\u00edo y entrega - RiZZ | Official Website","isPartOf":{"@id":"https:\/\/www.rizz.design\/es\/#website"},"datePublished":"2022-04-19T20:33:08+00:00","dateModified":"2025-06-13T09:25:17+00:00","description":"Dentro de la UE enviamos temporalmente de forma gratuita. Para EE. UU., Canad\u00e1, Escandinavia y Suiza entregamos temporalmente de forma gratuita a partir de \u20ac500,-","breadcrumb":{"@id":"https:\/\/www.rizz.design\/es\/informacion-de-envio-y-entrega\/#breadcrumb"},"inLanguage":"es","potentialAction":[{"@type":"ReadAction","target":["https:\/\/www.rizz.design\/es\/informacion-de-envio-y-entrega\/"]}]},{"@type":"BreadcrumbList","@id":"https:\/\/www.rizz.design\/es\/informacion-de-envio-y-entrega\/#breadcrumb","itemListElement":[{"@type":"ListItem","position":1,"name":"Home","item":"https:\/\/www.rizz.design\/es\/"},{"@type":"ListItem","position":2,"name":"Informaci\u00f3n de env\u00edo y entrega"}]},{"@type":"WebSite","@id":"https:\/\/www.rizz.design\/es\/#website","url":"https:\/\/www.rizz.design\/es\/","name":"RiZZ | Official Website","description":"Since 1941","potentialAction":[{"@type":"SearchAction","target":{"@type":"EntryPoint","urlTemplate":"https:\/\/www.rizz.design\/es\/?s={search_term_string}"},"query-input":{"@type":"PropertyValueSpecification","valueRequired":true,"valueName":"search_term_string"}}],"inLanguage":"es"}]}},"_links":{"self":[{"href":"https:\/\/www.rizz.design\/es\/wp-json\/wp\/v2\/pages\/23137","targetHints":{"allow":["GET"]}}],"collection":[{"href":"https:\/\/www.rizz.design\/es\/wp-json\/wp\/v2\/pages"}],"about":[{"href":"https:\/\/www.rizz.design\/es\/wp-json\/wp\/v2\/types\/page"}],"author":[{"embeddable":true,"href":"https:\/\/www.rizz.design\/es\/wp-json\/wp\/v2\/users\/373"}],"replies":[{"embeddable":true,"href":"https:\/\/www.rizz.design\/es\/wp-json\/wp\/v2\/comments?post=23137"}],"version-history":[{"count":8,"href":"https:\/\/www.rizz.design\/es\/wp-json\/wp\/v2\/pages\/23137\/revisions"}],"predecessor-version":[{"id":78987,"href":"https:\/\/www.rizz.design\/es\/wp-json\/wp\/v2\/pages\/23137\/revisions\/78987"}],"wp:attachment":[{"href":"https:\/\/www.rizz.design\/es\/wp-json\/wp\/v2\/media?parent=23137"}],"curies":[{"name":"wp","href":"https:\/\/api.w.org\/{rel}","templated":true}]}}