{"id":23315,"date":"2022-04-21T20:57:39","date_gmt":"2022-04-21T19:57:39","guid":{"rendered":"https:\/\/www.rizz.design\/carrito-de-compra\/"},"modified":"2024-10-08T09:20:20","modified_gmt":"2024-10-08T08:20:20","slug":"cart","status":"publish","type":"page","link":"https:\/\/www.rizz.design\/es\/cart\/","title":{"rendered":"Carrito de Compra"},"content":{"rendered":"<p>[et_pb_section fb_built=\u00bb1&#8243; _builder_version=\u00bb4.16&#8243; _module_preset=\u00bbdefault\u00bb background_image=\u00bbhttps:\/\/rizz.design\/wp-content\/uploads\/2021\/10\/outdoor_mat_anthracite.jpg\u00bb custom_padding=\u00bb0px||0px||false|false\u00bb background_last_edited=\u00bbon|phone\u00bb background_enable_image_tablet=\u00bboff\u00bb border_width_bottom=\u00bb0px\u00bb border_color_bottom=\u00bb#000000&#8243; global_colors_info=\u00bb{}\u00bb][et_pb_row _builder_version=\u00bb4.16&#8243; _module_preset=\u00bbdefault\u00bb custom_padding=\u00bb15px||10px||false|false\u00bb global_colors_info=\u00bb{}\u00bb][et_pb_column type=\u00bb4_4&#8243; _builder_version=\u00bb4.16&#8243; _module_preset=\u00bbdefault\u00bb global_colors_info=\u00bb{}\u00bb][et_pb_text _builder_version=\u00bb4.16&#8243; _module_preset=\u00bbdefault\u00bb header_font=\u00bbTimes New Roman||||||||\u00bb header_text_color=\u00bb#FFFFFF\u00bb header_font_size=\u00bb5vw\u00bb custom_margin=\u00bb||-2px|0px|false|false\u00bb header_text_color_tablet=\u00bb#000000&#8243; header_text_color_phone=\u00bb#000000&#8243; header_text_color_last_edited=\u00bbon|tablet\u00bb header_font_size_tablet=\u00bb18px\u00bb header_font_size_phone=\u00bb18px\u00bb header_font_size_last_edited=\u00bbon|phone\u00bb locked=\u00bboff\u00bb global_colors_info=\u00bb{}\u00bb]<\/p>\n<h1>Carrito de Compra<\/h1>\n<p>[\/et_pb_text][\/et_pb_column][\/et_pb_row][\/et_pb_section][et_pb_section fb_built=\u00bb1&#8243; custom_padding_last_edited=\u00bbon|tablet\u00bb admin_label=\u00bbsection\u00bb _builder_version=\u00bb4.16&#8243; custom_margin=\u00bb||||false|false\u00bb custom_margin_tablet=\u00bb0px||||false|false\u00bb custom_margin_phone=\u00bb0px||||false|false\u00bb custom_margin_last_edited=\u00bbon|tablet\u00bb custom_padding=\u00bb||||false|false\u00bb custom_padding_tablet=\u00bb0px||||false|false\u00bb custom_padding_phone=\u00bb0px||||false|false\u00bb global_colors_info=\u00bb{}\u00bb][et_pb_row admin_label=\u00bbrow\u00bb module_class=\u00bbcart_row\u00bb _builder_version=\u00bb4.16&#8243; background_size=\u00bbinitial\u00bb background_position=\u00bbtop_left\u00bb background_repeat=\u00bbrepeat\u00bb custom_margin=\u00bb0px||||false|false\u00bb custom_padding=\u00bb0px||||false|false\u00bb global_colors_info=\u00bb{}\u00bb][et_pb_column type=\u00bb4_4&#8243; _builder_version=\u00bb4.16&#8243; custom_padding=\u00bb|||\u00bb global_colors_info=\u00bb{}\u00bb custom_padding__hover=\u00bb|||\u00bb][et_pb_text admin_label=\u00bbText\u00bb _builder_version=\u00bb4.16&#8243; background_size=\u00bbinitial\u00bb background_position=\u00bbtop_left\u00bb background_repeat=\u00bbrepeat\u00bb custom_padding=\u00bb||||false|false\u00bb border_width_top=\u00bb1px\u00bb border_color_top=\u00bb#bf9817&#8243; global_colors_info=\u00bb{}\u00bb]<\/p>\n\n<p>[\/et_pb_text][\/et_pb_column][\/et_pb_row][et_pb_row _builder_version=\u00bb4.16&#8243; _module_preset=\u00bbdefault\u00bb global_colors_info=\u00bb{}\u00bb][et_pb_column type=\u00bb4_4&#8243; _builder_version=\u00bb4.16&#8243; _module_preset=\u00bbdefault\u00bb global_colors_info=\u00bb{}\u00bb][et_pb_text _builder_version=\u00bb4.16&#8243; _module_preset=\u00bbdefault\u00bb border_width_bottom=\u00bb1px\u00bb border_color_bottom=\u00bb#bf9817&#8243; global_colors_info=\u00bb{}\u00bb]<\/p>\n<h2>Complete su set<\/h2>\n<p>[\/et_pb_text][\/et_pb_column][\/et_pb_row][et_pb_row column_structure=\u00bb1_4,3_4&#8243; module_class=\u00bbrelated_row\u00bb _builder_version=\u00bb4.16&#8243; _module_preset=\u00bbdefault\u00bb custom_padding=\u00bb0px||0px||true|false\u00bb global_colors_info=\u00bb{}\u00bb][et_pb_column type=\u00bb1_4&#8243; _builder_version=\u00bb4.16&#8243; _module_preset=\u00bbdefault\u00bb global_colors_info=\u00bb{}\u00bb][et_pb_text _builder_version=\u00bb4.16&#8243; _module_preset=\u00bbdefault\u00bb global_colors_info=\u00bb{}\u00bb]La colecci\u00f3n RiZZ abarca diferentes productos que tienen una funci\u00f3n \u00fanica. El felpudo de exterior cepilla la suciedad de los zapatos, el felpudo de interior seca la suela. Con las escobas mantiene limpias su terraza y piso. Los productos no solamente se complementan en su funcionalidad, sino tambi\u00e9n en su esplendor.[\/et_pb_text][\/et_pb_column][et_pb_column type=\u00bb3_4&#8243; _builder_version=\u00bb4.16&#8243; _module_preset=\u00bbdefault\u00bb custom_css_main_element=\u00bbdisplay:grid;||grid-template-columns:1fr 1fr 1fr;||column-gap:15px;\u00bb global_colors_info=\u00bb{}\u00bb custom_css_main_element_last_edited=\u00bbon|phone\u00bb custom_css_main_element_tablet=\u00bbdisplay:grid;||grid-template-columns:1fr 1fr 1fr;||column-gap:15px;\u00bb custom_css_main_element_phone=\u00bbdisplay:grid;||grid-template-columns:1fr;||column-gap:15px;\u00bb][et_pb_blurb title=\u00bbPedir felpudos de interior\u00bb url=\u00bb@ET-DC@eyJkeW5hbWljIjp0cnVlLCJjb250ZW50IjoicG9zdF9saW5rX3VybF9wcm9kdWN0Iiwic2V0dGluZ3MiOnsicG9zdF9pZCI6IjgxMCJ9fQ==@\u00bb image=\u00bbhttps:\/\/rizz.design\/wp-content\/uploads\/2021\/11\/best-design-indoor-doormat-rel.jpg\u00bb alt=\u00bbEstera interior de lujo\u00bb module_class=\u00bbproduct-button\u00bb _builder_version=\u00bb4.27.0&#8243; _dynamic_attributes=\u00bburl\u00bb _module_preset=\u00bbdefault\u00bb header_text_align=\u00bbcenter\u00bb body_text_align=\u00bbcenter\u00bb background_color=\u00bb#f9f9f9&#8243; display_conditions=\u00bbW10=\u00bb custom_margin=\u00bb||0px||false|false\u00bb custom_margin_tablet=\u00bb||25px||false|false\u00bb custom_margin_phone=\u00bb||25px||false|false\u00bb custom_margin_last_edited=\u00bbon|desktop\u00bb custom_padding=\u00bb20px|20px|20px|20px|false|false\u00bb border_radii=\u00bbon|3px|3px|3px|3px\u00bb global_colors_info=\u00bb{}\u00bb][\/et_pb_blurb][et_pb_blurb title=\u00bbPedir felpudos de exterior\u00bb image=\u00bbhttps:\/\/rizz.design\/wp-content\/uploads\/2021\/11\/best-outdoor-doormat-anthracite-rel.jpg\u00bb alt=\u00bbFelpudo exterior RiZZ\u00bb module_class=\u00bbproduct-button\u00bb _builder_version=\u00bb4.27.0&#8243; _module_preset=\u00bbdefault\u00bb header_text_align=\u00bbcenter\u00bb body_text_align=\u00bbcenter\u00bb background_color=\u00bb#f9f9f9&#8243; display_conditions=\u00bbW10=\u00bb custom_margin=\u00bb||0px||false|false\u00bb custom_padding=\u00bb20px|20px|20px|20px|false|false\u00bb hover_enabled=\u00bb0&#8243; border_radii=\u00bbon|3px|3px|3px|3px\u00bb global_colors_info=\u00bb{}\u00bb url=\u00bb@ET-DC@eyJkeW5hbWljIjp0cnVlLCJjb250ZW50IjoicG9zdF9saW5rX3VybF9wcm9kdWN0Iiwic2V0dGluZ3MiOnsicG9zdF9pZCI6IjEzNzgifX0=@\u00bb _dynamic_attributes=\u00bburl\u00bb sticky_enabled=\u00bb0&#8243;][\/et_pb_blurb][et_pb_blurb title=\u00bbOrdenar escobas\u00bb image=\u00bbhttps:\/\/rizz.design\/wp-content\/uploads\/2021\/11\/best-anthracite-design-broom-rel.jpg\u00bb alt=\u00bbEscoba de dise\u00f1o de aluminio\u00bb module_class=\u00bbproduct-button\u00bb _builder_version=\u00bb4.27.0&#8243; _module_preset=\u00bbdefault\u00bb header_text_align=\u00bbcenter\u00bb body_text_align=\u00bbcenter\u00bb background_color=\u00bb#f9f9f9&#8243; display_conditions=\u00bbW10=\u00bb custom_padding=\u00bb20px|20px|20px|20px|false|false\u00bb hover_enabled=\u00bb0&#8243; border_radii=\u00bbon|3px|3px|3px|3px\u00bb global_colors_info=\u00bb{}\u00bb url=\u00bb@ET-DC@eyJkeW5hbWljIjp0cnVlLCJjb250ZW50IjoicG9zdF9saW5rX3VybF9wcm9kdWN0Iiwic2V0dGluZ3MiOnsicG9zdF9pZCI6IjEwNTAyIn19@\u00bb _dynamic_attributes=\u00bburl\u00bb sticky_enabled=\u00bb0&#8243;][\/et_pb_blurb][et_pb_code _builder_version=\u00bb4.27.0&#8243; _module_preset=\u00bbdefault\u00bb global_colors_info=\u00bb{}\u00bb]<\/p>\n<style><!-- [et_pb_line_break_holder] -->  .product-button h4 a {<!-- [et_pb_line_break_holder] -->    font-size: 15px;<!-- [et_pb_line_break_holder] -->    background-color: #bf9817 !important;<!-- [et_pb_line_break_holder] -->    color: #fff !important;<!-- [et_pb_line_break_holder] -->    border-color: #bf9817;<!-- [et_pb_line_break_holder] -->    border-radius: 26px;<!-- [et_pb_line_break_holder] -->    font-weight: 500;<!-- [et_pb_line_break_holder] -->    padding: 0.4em 1em;<!-- [et_pb_line_break_holder] -->    line-height: 1.7em !important;<!-- [et_pb_line_break_holder] -->    background: 0 0;<!-- [et_pb_line_break_holder] -->    position: relative;<!-- [et_pb_line_break_holder] -->  }<!-- [et_pb_line_break_holder] --><\/style>\n<p>[\/et_pb_code][\/et_pb_column][\/et_pb_row][\/et_pb_section][et_pb_section fb_built=\u00bb1&#8243; disabled_on=\u00bboff|off|on\u00bb admin_label=\u00bbSticky bottom &#8211; Mobile\u00bb module_class=\u00bbcheckout_mobile\u00bb _builder_version=\u00bb4.16&#8243; _module_preset=\u00bbdefault\u00bb background_color=\u00bb#FFFFFF\u00bb display_conditions=\u00bbW3siaWQiOiI0YzI5NTQ3Zi01NjQzLTQwODQtYTkyZC0zNDg3MzQ2Y2VjMmQiLCJjb25kaXRpb24iOiJjYXJ0Q29udGVudHMiLCJjb25kaXRpb25TZXR0aW5ncyI6eyJjYXJ0Q29udGVudHNEaXNwbGF5IjoiaGFzUHJvZHVjdHMiLCJwcm9kdWN0cyI6W10sImFkbWluTGFiZWwiOiJDYXJ0IENvbnRlbnRzIiwiZW5hYmxlQ29uZGl0aW9uIjoib24ifSwib3BlcmF0b3IiOiJPUiJ9XQ==\u00bb custom_padding=\u00bb0px||0px|||\u00bb sticky_position=\u00bbbottom\u00bb border_width_top=\u00bb1px\u00bb border_color_top=\u00bb#bf9817&#8243; global_colors_info=\u00bb{}\u00bb][et_pb_row _builder_version=\u00bb4.16&#8243; _module_preset=\u00bbdefault\u00bb custom_margin=\u00bb||||true|false\u00bb custom_padding=\u00bb20px||20px||true|false\u00bb global_colors_info=\u00bb{}\u00bb][et_pb_column type=\u00bb4_4&#8243; _builder_version=\u00bb4.16&#8243; _module_preset=\u00bbdefault\u00bb global_colors_info=\u00bb{}\u00bb][et_pb_button button_url=\u00bb@ET-DC@eyJkeW5hbWljIjp0cnVlLCJjb250ZW50IjoicG9zdF9saW5rX3VybF9wYWdlIiwic2V0dGluZ3MiOnsicG9zdF9pZCI6IjU4MSJ9fQ==@\u00bb button_text=\u00bbContinuar a la comprobaci\u00f3n\u00bb button_alignment=\u00bbright\u00bb _builder_version=\u00bb4.16&#8243; _dynamic_attributes=\u00bbbutton_url\u00bb _module_preset=\u00bbdefault\u00bb sticky_limit_top=\u00bbbody\u00bb global_colors_info=\u00bb{}\u00bb][\/et_pb_button][\/et_pb_column][\/et_pb_row][\/et_pb_section]<\/p>\n","protected":false},"excerpt":{"rendered":"<p>Carrito de CompraComplete su setLa colecci\u00f3n RiZZ abarca diferentes productos que tienen una funci\u00f3n \u00fanica. El felpudo de exterior cepilla la suciedad de los zapatos, el felpudo de interior seca la suela. Con las escobas mantiene limpias su terraza y piso. Los productos no solamente se complementan en su funcionalidad, sino tambi\u00e9n en su esplendor.<\/p>\n","protected":false},"author":373,"featured_media":0,"parent":0,"menu_order":0,"comment_status":"open","ping_status":"closed","template":"","meta":{"_acf_changed":false,"_et_pb_use_builder":"on","_et_pb_old_content":"","_et_gb_content_width":"","footnotes":""},"class_list":["post-23315","page","type-page","status-publish","hentry"],"acf":[],"yoast_head":"<!-- This site is optimized with the Yoast SEO Premium plugin v27.1 (Yoast SEO v27.1.1) - https:\/\/yoast.com\/product\/yoast-seo-premium-wordpress\/ -->\n<title>Carrito de Compra - RiZZ | Official Website<\/title>\n<meta name=\"robots\" content=\"index, follow, max-snippet:-1, max-image-preview:large, max-video-preview:-1\" \/>\n<link rel=\"canonical\" href=\"https:\/\/www.rizz.design\/es\/cart\/\" \/>\n<meta property=\"og:locale\" content=\"es_ES\" \/>\n<meta property=\"og:type\" content=\"article\" \/>\n<meta property=\"og:title\" content=\"Carrito de Compra\" \/>\n<meta property=\"og:description\" content=\"Carrito de CompraComplete su setLa colecci\u00f3n RiZZ abarca diferentes productos que tienen una funci\u00f3n \u00fanica. El felpudo de exterior cepilla la suciedad de los zapatos, el felpudo de interior seca la suela. Con las escobas mantiene limpias su terraza y piso. Los productos no solamente se complementan en su funcionalidad, sino tambi\u00e9n en su esplendor.\" \/>\n<meta property=\"og:url\" content=\"https:\/\/www.rizz.design\/es\/cart\/\" \/>\n<meta property=\"og:site_name\" content=\"RiZZ | Official Website\" \/>\n<meta property=\"article:modified_time\" content=\"2024-10-08T08:20:20+00:00\" \/>\n<meta name=\"twitter:card\" content=\"summary_large_image\" \/>\n<meta name=\"twitter:label1\" content=\"Tiempo de lectura\" \/>\n\t<meta name=\"twitter:data1\" content=\"5 minutos\" \/>\n<script type=\"application\/ld+json\" class=\"yoast-schema-graph\">{\"@context\":\"https:\/\/schema.org\",\"@graph\":[{\"@type\":\"WebPage\",\"@id\":\"https:\/\/www.rizz.design\/es\/cart\/\",\"url\":\"https:\/\/www.rizz.design\/es\/cart\/\",\"name\":\"Carrito de Compra - RiZZ | Official Website\",\"isPartOf\":{\"@id\":\"https:\/\/www.rizz.design\/es\/#website\"},\"datePublished\":\"2022-04-21T19:57:39+00:00\",\"dateModified\":\"2024-10-08T08:20:20+00:00\",\"breadcrumb\":{\"@id\":\"https:\/\/www.rizz.design\/es\/cart\/#breadcrumb\"},\"inLanguage\":\"es\",\"potentialAction\":[{\"@type\":\"ReadAction\",\"target\":[\"https:\/\/www.rizz.design\/es\/cart\/\"]}]},{\"@type\":\"BreadcrumbList\",\"@id\":\"https:\/\/www.rizz.design\/es\/cart\/#breadcrumb\",\"itemListElement\":[{\"@type\":\"ListItem\",\"position\":1,\"name\":\"Home\",\"item\":\"https:\/\/www.rizz.design\/es\/\"},{\"@type\":\"ListItem\",\"position\":2,\"name\":\"Carrito de Compra\"}]},{\"@type\":\"WebSite\",\"@id\":\"https:\/\/www.rizz.design\/es\/#website\",\"url\":\"https:\/\/www.rizz.design\/es\/\",\"name\":\"RiZZ | Official Website\",\"description\":\"Since 1941\",\"potentialAction\":[{\"@type\":\"SearchAction\",\"target\":{\"@type\":\"EntryPoint\",\"urlTemplate\":\"https:\/\/www.rizz.design\/es\/?s={search_term_string}\"},\"query-input\":{\"@type\":\"PropertyValueSpecification\",\"valueRequired\":true,\"valueName\":\"search_term_string\"}}],\"inLanguage\":\"es\"}]}<\/script>\n<!-- \/ Yoast SEO Premium plugin. -->","yoast_head_json":{"title":"Carrito de Compra - RiZZ | Official Website","robots":{"index":"index","follow":"follow","max-snippet":"max-snippet:-1","max-image-preview":"max-image-preview:large","max-video-preview":"max-video-preview:-1"},"canonical":"https:\/\/www.rizz.design\/es\/cart\/","og_locale":"es_ES","og_type":"article","og_title":"Carrito de Compra","og_description":"Carrito de CompraComplete su setLa colecci\u00f3n RiZZ abarca diferentes productos que tienen una funci\u00f3n \u00fanica. El felpudo de exterior cepilla la suciedad de los zapatos, el felpudo de interior seca la suela. Con las escobas mantiene limpias su terraza y piso. Los productos no solamente se complementan en su funcionalidad, sino tambi\u00e9n en su esplendor.","og_url":"https:\/\/www.rizz.design\/es\/cart\/","og_site_name":"RiZZ | Official Website","article_modified_time":"2024-10-08T08:20:20+00:00","twitter_card":"summary_large_image","twitter_misc":{"Tiempo de lectura":"5 minutos"},"schema":{"@context":"https:\/\/schema.org","@graph":[{"@type":"WebPage","@id":"https:\/\/www.rizz.design\/es\/cart\/","url":"https:\/\/www.rizz.design\/es\/cart\/","name":"Carrito de Compra - RiZZ | Official Website","isPartOf":{"@id":"https:\/\/www.rizz.design\/es\/#website"},"datePublished":"2022-04-21T19:57:39+00:00","dateModified":"2024-10-08T08:20:20+00:00","breadcrumb":{"@id":"https:\/\/www.rizz.design\/es\/cart\/#breadcrumb"},"inLanguage":"es","potentialAction":[{"@type":"ReadAction","target":["https:\/\/www.rizz.design\/es\/cart\/"]}]},{"@type":"BreadcrumbList","@id":"https:\/\/www.rizz.design\/es\/cart\/#breadcrumb","itemListElement":[{"@type":"ListItem","position":1,"name":"Home","item":"https:\/\/www.rizz.design\/es\/"},{"@type":"ListItem","position":2,"name":"Carrito de Compra"}]},{"@type":"WebSite","@id":"https:\/\/www.rizz.design\/es\/#website","url":"https:\/\/www.rizz.design\/es\/","name":"RiZZ | Official Website","description":"Since 1941","potentialAction":[{"@type":"SearchAction","target":{"@type":"EntryPoint","urlTemplate":"https:\/\/www.rizz.design\/es\/?s={search_term_string}"},"query-input":{"@type":"PropertyValueSpecification","valueRequired":true,"valueName":"search_term_string"}}],"inLanguage":"es"}]}},"_links":{"self":[{"href":"https:\/\/www.rizz.design\/es\/wp-json\/wp\/v2\/pages\/23315","targetHints":{"allow":["GET"]}}],"collection":[{"href":"https:\/\/www.rizz.design\/es\/wp-json\/wp\/v2\/pages"}],"about":[{"href":"https:\/\/www.rizz.design\/es\/wp-json\/wp\/v2\/types\/page"}],"author":[{"embeddable":true,"href":"https:\/\/www.rizz.design\/es\/wp-json\/wp\/v2\/users\/373"}],"replies":[{"embeddable":true,"href":"https:\/\/www.rizz.design\/es\/wp-json\/wp\/v2\/comments?post=23315"}],"version-history":[{"count":2,"href":"https:\/\/www.rizz.design\/es\/wp-json\/wp\/v2\/pages\/23315\/revisions"}],"predecessor-version":[{"id":31413,"href":"https:\/\/www.rizz.design\/es\/wp-json\/wp\/v2\/pages\/23315\/revisions\/31413"}],"wp:attachment":[{"href":"https:\/\/www.rizz.design\/es\/wp-json\/wp\/v2\/media?parent=23315"}],"curies":[{"name":"wp","href":"https:\/\/api.w.org\/{rel}","templated":true}]}}