{"id":77136,"date":"2025-01-13T12:10:42","date_gmt":"2025-01-13T11:10:42","guid":{"rendered":"https:\/\/www.rizz.design\/mantenimiento-del-producto\/"},"modified":"2026-02-10T09:53:35","modified_gmt":"2026-02-10T08:53:35","slug":"mantenimiento-del-producto","status":"publish","type":"page","link":"https:\/\/www.rizz.design\/es\/mantenimiento-del-producto\/","title":{"rendered":"Mantenimiento Del Producto"},"content":{"rendered":"<p>[et_pb_section fb_built=\u00bb1&#8243; custom_padding_last_edited=\u00bbon|tablet\u00bb _builder_version=\u00bb4.27.4&#8243; _module_preset=\u00bbdefault\u00bb background_image=\u00bbhttps:\/\/www.rizz.design\/wp-content\/uploads\/2025\/01\/maintenance-outdoor-mat.jpg\u00bb background_size=\u00bbcustom\u00bb background_image_height=\u00bb85%\u00bb background_position=\u00bbtop_right\u00bb min_height=\u00bb60vh\u00bb custom_margin_tablet=\u00bb||||false|false\u00bb custom_margin_phone=\u00bb||||false|false\u00bb custom_margin_last_edited=\u00bbon|tablet\u00bb custom_padding_tablet=\u00bb30%||||false|false\u00bb custom_padding_phone=\u00bb45%||||false|false\u00bb hover_enabled=\u00bb0&#8243; background_last_edited=\u00bbon|phone\u00bb background_size_tablet=\u00bbcustom\u00bb background_image_height_tablet=\u00bb50%\u00bb background_image_height_phone=\u00bb25%\u00bb background_position_tablet=\u00bbtop_right\u00bb custom_css_free_form=\u00bbselector {||  display: flex;||}||||@media only screen and (max-width: 1244px) {||  selector {||    background-size: auto 70%!important;||  }||}||||@media only screen and (max-width: 980px) {||  selector {||    background-size: auto 50%!important;||  }||}||||@media only screen and (max-width: 767px) {||  selector {||    background-size: auto 25%!important;||  }||}\u00bb global_colors_info=\u00bb{}\u00bb module_id=\u00bboutdoor-mat\u00bb sticky_enabled=\u00bb0&#8243;][et_pb_row column_structure=\u00bb1_2,1_2&#8243; _builder_version=\u00bb4.27.0&#8243; _module_preset=\u00bbdefault\u00bb custom_margin=\u00bbauto||auto||false|false\u00bb custom_padding=\u00bb0px||0px||false|false\u00bb global_colors_info=\u00bb{}\u00bb][et_pb_column type=\u00bb1_2&#8243; _builder_version=\u00bb4.27.0&#8243; _module_preset=\u00bbdefault\u00bb global_colors_info=\u00bb{}\u00bb][et_pb_dmb_breadcrumbs show_category_crumbs=\u00bboff\u00bb show_custom_taxonomy_crumbs=\u00bboff\u00bb _builder_version=\u00bb4.27.0&#8243; _module_preset=\u00bbdefault\u00bb global_colors_info=\u00bb{}\u00bb][\/et_pb_dmb_breadcrumbs][et_pb_blurb title=\u00bbMantenimiento de la Alfombra Exterior\u00bb content_max_width=\u00bb100%\u00bb _builder_version=\u00bb4.27.0&#8243; _module_preset=\u00bbdefault\u00bb header_level=\u00bbh3&#8243; header_font=\u00bb|||on|||||\u00bb header_text_color=\u00bbgcid-62d4cf57-a9b8-458a-be71-4790c9153c28&#8243; custom_css_free_form=\u00bbselector h3 {||  margin: 0;||}\u00bb global_colors_info=\u00bb{%22gcid-62d4cf57-a9b8-458a-be71-4790c9153c28%22:%91%22header_text_color%22%93}\u00bb]<\/p>\n<p>La alfombra exterior es muy f\u00e1cil de mantener y limpiar. La suciedad que se raspa de los zapatos cae a trav\u00e9s de las aberturas y luego se elimina con el viento y la lluvia.<\/p>\n<p><\/p>\n<p>Para una limpieza adicional, se puede levantar la alfombra y barrer la suciedad con una escoba.<\/p>\n<p><\/p>\n<p>Adem\u00e1s, la alfombra se puede limpiar simplemente con agua y un cepillo suave. Un detergente suave o jab\u00f3n suave puede ayudar. Por favor, no utilices productos de limpieza agresivos como el cloro.<\/p>\n<p>[\/et_pb_blurb][\/et_pb_column][et_pb_column type=\u00bb1_2&#8243; _builder_version=\u00bb4.27.0&#8243; _module_preset=\u00bbdefault\u00bb global_colors_info=\u00bb{}\u00bb][\/et_pb_column][\/et_pb_row][\/et_pb_section][et_pb_section fb_built=\u00bb1&#8243; _builder_version=\u00bb4.27.4&#8243; _module_preset=\u00bbdefault\u00bb background_color=\u00bb#000000&#8243; custom_padding=\u00bb0px||50px||false|false\u00bb hover_enabled=\u00bb0&#8243; global_colors_info=\u00bb{}\u00bb module_id=\u00bboutdoor-mat-with-teak\u00bb sticky_enabled=\u00bb0&#8243;][et_pb_row column_structure=\u00bb1_2,1_2&#8243; _builder_version=\u00bb4.27.0&#8243; _module_preset=\u00bbdefault\u00bb global_colors_info=\u00bb{}\u00bb][et_pb_column type=\u00bb1_2&#8243; _builder_version=\u00bb4.27.0&#8243; _module_preset=\u00bbdefault\u00bb global_colors_info=\u00bb{}\u00bb][et_pb_blurb title=\u00bbMantenimiento de Teca\u00bb content_max_width=\u00bb100%\u00bb _builder_version=\u00bb4.27.0&#8243; _module_preset=\u00bbdefault\u00bb header_level=\u00bbh3&#8243; header_font=\u00bb|||on|||||\u00bb header_text_color=\u00bbgcid-62d4cf57-a9b8-458a-be71-4790c9153c28&#8243; body_text_color=\u00bb#FFFFFF\u00bb locked=\u00bboff\u00bb global_colors_info=\u00bb{%22gcid-62d4cf57-a9b8-458a-be71-4790c9153c28%22:%91%22header_text_color%22%93}\u00bb]Para alfombras con incrustaciones de teca, puedes elegir dejar que envejezcan de forma natural o mantenerlas.<\/p>\n<p>Para el mantenimiento, necesitar\u00e1s: un cepillo suave, un jab\u00f3n suave o un limpiador espec\u00edfico para teca, agua, un pa\u00f1o suave o una esponja, una toalla, sellador de aceite de teca (opcional):[\/et_pb_blurb][\/et_pb_column][et_pb_column type=\u00bb1_2&#8243; _builder_version=\u00bb4.27.0&#8243; _module_preset=\u00bbdefault\u00bb global_colors_info=\u00bb{}\u00bb][\/et_pb_column][\/et_pb_row][et_pb_row column_structure=\u00bb1_2,1_2&#8243; _builder_version=\u00bb4.27.0&#8243; _module_preset=\u00bbdefault\u00bb custom_padding=\u00bb||||false|false\u00bb global_colors_info=\u00bb{}\u00bb][et_pb_column type=\u00bb1_2&#8243; _builder_version=\u00bb4.27.0&#8243; _module_preset=\u00bbdefault\u00bb global_colors_info=\u00bb{}\u00bb][et_pb_blurb image=\u00bbhttps:\/\/www.rizz.design\/wp-content\/uploads\/2025\/01\/step-1.jpg\u00bb icon_alignment=\u00bbleft\u00bb _builder_version=\u00bb4.27.0&#8243; _module_preset=\u00bbdefault\u00bb body_text_color=\u00bb#FFFFFF\u00bb max_width=\u00bb550px\u00bb custom_margin=\u00bb|||0px|false|false\u00bb custom_css_free_form=\u00bbselector .et_pb_blurb_content {||  display: flex;||  flex-direction: column-reverse;||}||||selector .et_pb_blurb_content .et_pb_main_blurb_image {||  margin-bottom: 0px;||}||||selector .et_pb_blurb_content .et_pb_blurb_container {||\tmargin-bottom: 30px;||}\u00bb global_colors_info=\u00bb{}\u00bb]<\/p>\n<p><strong>Paso 1:<\/strong> Elimina la suciedad de la alfombra con el cepillo.<\/p>\n<p>[\/et_pb_blurb][\/et_pb_column][et_pb_column type=\u00bb1_2&#8243; _builder_version=\u00bb4.27.0&#8243; _module_preset=\u00bbdefault\u00bb global_colors_info=\u00bb{}\u00bb][et_pb_blurb image=\u00bbhttps:\/\/www.rizz.design\/wp-content\/uploads\/2025\/01\/step-2.jpg\u00bb icon_alignment=\u00bbleft\u00bb _builder_version=\u00bb4.27.0&#8243; _module_preset=\u00bbdefault\u00bb body_text_color=\u00bb#FFFFFF\u00bb max_width=\u00bb550px\u00bb custom_margin=\u00bb|||0px|false|false\u00bb custom_css_free_form=\u00bbselector .et_pb_blurb_content {||  display: flex;||  flex-direction: column-reverse;||}||||selector .et_pb_blurb_content .et_pb_main_blurb_image {||  margin-bottom: 0px;||}||||selector .et_pb_blurb_content .et_pb_blurb_container {||\tmargin-bottom: 30px;||}\u00bb global_colors_info=\u00bb{}\u00bb]<\/p>\n<p><strong>Paso 2:<\/strong> Limpia la incrustaci\u00f3n de teca con la esponja y la soluci\u00f3n de jab\u00f3n suave o limpiador de teca.<\/p>\n<p>[\/et_pb_blurb][\/et_pb_column][\/et_pb_row][et_pb_row column_structure=\u00bb1_2,1_2&#8243; _builder_version=\u00bb4.27.0&#8243; _module_preset=\u00bbdefault\u00bb custom_padding=\u00bb||||false|false\u00bb global_colors_info=\u00bb{}\u00bb][et_pb_column type=\u00bb1_2&#8243; _builder_version=\u00bb4.27.0&#8243; _module_preset=\u00bbdefault\u00bb global_colors_info=\u00bb{}\u00bb][et_pb_blurb image=\u00bbhttps:\/\/www.rizz.design\/wp-content\/uploads\/2025\/01\/step-3.jpg\u00bb icon_alignment=\u00bbleft\u00bb _builder_version=\u00bb4.27.0&#8243; _module_preset=\u00bbdefault\u00bb body_text_color=\u00bb#FFFFFF\u00bb max_width=\u00bb550px\u00bb custom_margin=\u00bb|||0px|false|false\u00bb custom_css_free_form=\u00bbselector .et_pb_blurb_content {||  display: flex;||  flex-direction: column-reverse;||}||||selector .et_pb_blurb_content .et_pb_main_blurb_image {||  margin-bottom: 0px;||}||||selector .et_pb_blurb_content .et_pb_blurb_container {||\tmargin-bottom: 30px;||}\u00bb global_colors_info=\u00bb{}\u00bb]<\/p>\n<p><strong>Paso 3:<\/strong> Aclara bien con agua.<\/p>\n<p>[\/et_pb_blurb][\/et_pb_column][et_pb_column type=\u00bb1_2&#8243; _builder_version=\u00bb4.27.0&#8243; _module_preset=\u00bbdefault\u00bb global_colors_info=\u00bb{}\u00bb][et_pb_blurb image=\u00bbhttps:\/\/www.rizz.design\/wp-content\/uploads\/2025\/01\/step-4.jpg\u00bb icon_alignment=\u00bbleft\u00bb _builder_version=\u00bb4.27.0&#8243; _module_preset=\u00bbdefault\u00bb body_text_color=\u00bb#FFFFFF\u00bb max_width=\u00bb550px\u00bb custom_margin=\u00bb|||0px|false|false\u00bb custom_css_free_form=\u00bbselector .et_pb_blurb_content {||  display: flex;||  flex-direction: column-reverse;||}||||selector .et_pb_blurb_content .et_pb_main_blurb_image {||  margin-bottom: 0px;||}||||selector .et_pb_blurb_content .et_pb_blurb_container {||\tmargin-bottom: 30px;||}\u00bb global_colors_info=\u00bb{}\u00bb]<\/p>\n<p><strong>Paso 4:<\/strong> S\u00e9cala y d\u00e9jala secar al aire libre.<\/p>\n<p>[\/et_pb_blurb][\/et_pb_column][\/et_pb_row][et_pb_row column_structure=\u00bb1_2,1_2&#8243; _builder_version=\u00bb4.27.0&#8243; _module_preset=\u00bbdefault\u00bb custom_padding=\u00bb||||false|false\u00bb global_colors_info=\u00bb{}\u00bb][et_pb_column type=\u00bb1_2&#8243; _builder_version=\u00bb4.27.0&#8243; _module_preset=\u00bbdefault\u00bb global_colors_info=\u00bb{}\u00bb][et_pb_blurb image=\u00bbhttps:\/\/www.rizz.design\/wp-content\/uploads\/2025\/01\/step-5.jpg\u00bb icon_alignment=\u00bbleft\u00bb _builder_version=\u00bb4.27.0&#8243; _module_preset=\u00bbdefault\u00bb body_text_color=\u00bb#FFFFFF\u00bb max_width=\u00bb550px\u00bb custom_margin=\u00bb|||0px|false|false\u00bb custom_css_free_form=\u00bbselector .et_pb_blurb_content {||  display: flex;||  flex-direction: column-reverse;||}||||selector .et_pb_blurb_content .et_pb_main_blurb_image {||  margin-bottom: 0px;||}||||selector .et_pb_blurb_content .et_pb_blurb_container {||\tmargin-bottom: 30px;||}\u00bb global_colors_info=\u00bb{}\u00bb]<\/p>\n<p><strong>Paso 5:<\/strong> Aplica el sellador de aceite de teca para una protecci\u00f3n adicional.<\/p>\n<p>[\/et_pb_blurb][\/et_pb_column][et_pb_column type=\u00bb1_2&#8243; _builder_version=\u00bb4.27.0&#8243; _module_preset=\u00bbdefault\u00bb global_colors_info=\u00bb{}\u00bb][\/et_pb_column][\/et_pb_row][\/et_pb_section][et_pb_section fb_built=\u00bb1&#8243; custom_padding_last_edited=\u00bbon|tablet\u00bb _builder_version=\u00bb4.27.4&#8243; _module_preset=\u00bbdefault\u00bb background_image=\u00bbhttps:\/\/www.rizz.design\/wp-content\/uploads\/2025\/01\/maintenance-indoor-mat.jpg\u00bb background_size=\u00bbcustom\u00bb background_image_height=\u00bb100%\u00bb background_position=\u00bbtop_right\u00bb min_height=\u00bb60vh\u00bb custom_margin_tablet=\u00bb||||false|false\u00bb custom_margin_phone=\u00bb||||false|false\u00bb custom_margin_last_edited=\u00bbon|tablet\u00bb custom_padding_tablet=\u00bb30%||||false|false\u00bb custom_padding_phone=\u00bb45%||||false|false\u00bb hover_enabled=\u00bb0&#8243; background_last_edited=\u00bbon|tablet\u00bb background_size_tablet=\u00bbcustom\u00bb background_image_height_tablet=\u00bb50%\u00bb background_image_height_phone=\u00bb30%\u00bb background_position_tablet=\u00bbtop_right\u00bb custom_css_free_form=\u00bbselector {||  display: flex;||}\u00bb locked=\u00bboff\u00bb global_colors_info=\u00bb{}\u00bb module_id=\u00bbindoor-mat\u00bb sticky_enabled=\u00bb0&#8243;][et_pb_row column_structure=\u00bb1_2,1_2&#8243; _builder_version=\u00bb4.27.0&#8243; _module_preset=\u00bbdefault\u00bb custom_margin=\u00bbauto||auto||false|false\u00bb custom_padding=\u00bb0px||0px||false|false\u00bb global_colors_info=\u00bb{}\u00bb][et_pb_column type=\u00bb1_2&#8243; _builder_version=\u00bb4.27.0&#8243; _module_preset=\u00bbdefault\u00bb global_colors_info=\u00bb{}\u00bb][et_pb_blurb title=\u00bbMantenimiento de la Alfombra Interior\u00bb content_max_width=\u00bb100%\u00bb _builder_version=\u00bb4.27.0&#8243; _module_preset=\u00bbdefault\u00bb header_level=\u00bbh3&#8243; header_font=\u00bb|||on|||||\u00bb header_text_color=\u00bbgcid-62d4cf57-a9b8-458a-be71-4790c9153c28&#8243; custom_css_free_form=\u00bbselector h3 {||  margin: 0;||}\u00bb global_colors_info=\u00bb{%22gcid-62d4cf57-a9b8-458a-be71-4790c9153c28%22:%91%22header_text_color%22%93}\u00bb]<\/p>\n<p>Es mejor tratar la alfombra interior de lujo como una alfombra. Solo necesita limpieza en seco mediante aspirado, pero evita los bordes de cuero. Los bordes de cuero se pueden limpiar con un pa\u00f1o h\u00famedo.<\/p>\n<p><\/p>\n<p>Las manchas se pueden eliminar con un pa\u00f1o de limpieza y un limpiador para alfombras. No apto para la lavadora.<\/p>\n<p>[\/et_pb_blurb][\/et_pb_column][et_pb_column type=\u00bb1_2&#8243; _builder_version=\u00bb4.27.0&#8243; _module_preset=\u00bbdefault\u00bb global_colors_info=\u00bb{}\u00bb][\/et_pb_column][\/et_pb_row][\/et_pb_section][et_pb_section fb_built=\u00bb1&#8243; custom_padding_last_edited=\u00bbon|tablet\u00bb _builder_version=\u00bb4.27.4&#8243; _module_preset=\u00bbdefault\u00bb background_image=\u00bbhttps:\/\/www.rizz.design\/wp-content\/uploads\/2021\/11\/image-6-3-1.png\u00bb background_size=\u00bbcontain\u00bb background_position=\u00bbtop_right\u00bb min_height=\u00bb60vh\u00bb custom_margin=\u00bb||2.5%||false|false\u00bb custom_margin_tablet=\u00bb||||false|false\u00bb custom_margin_phone=\u00bb||||false|false\u00bb custom_margin_last_edited=\u00bbon|tablet\u00bb custom_padding_tablet=\u00bb35%||||false|false\u00bb custom_padding_phone=\u00bb50%||||false|false\u00bb hover_enabled=\u00bb0&#8243; background_last_edited=\u00bbon|phone\u00bb background_size_tablet=\u00bbcustom\u00bb background_image_height_tablet=\u00bb50%\u00bb background_image_height_phone=\u00bb25%\u00bb background_position_tablet=\u00bbtop_right\u00bb custom_css_free_form=\u00bbselector {||  display: flex;||}\u00bb locked=\u00bboff\u00bb global_colors_info=\u00bb{}\u00bb module_id=\u00bbbroom\u00bb sticky_enabled=\u00bb0&#8243;][et_pb_row column_structure=\u00bb1_2,1_2&#8243; _builder_version=\u00bb4.27.0&#8243; _module_preset=\u00bbdefault\u00bb custom_margin=\u00bbauto||auto||false|false\u00bb custom_padding=\u00bb0px||0px||false|false\u00bb global_colors_info=\u00bb{}\u00bb][et_pb_column type=\u00bb1_2&#8243; _builder_version=\u00bb4.27.0&#8243; _module_preset=\u00bbdefault\u00bb global_colors_info=\u00bb{}\u00bb][et_pb_blurb title=\u00bbMantenimiento de Escobas\u00bb content_max_width=\u00bb100%\u00bb _builder_version=\u00bb4.27.0&#8243; _module_preset=\u00bbdefault\u00bb header_level=\u00bbh3&#8243; header_font=\u00bb|||on|||||\u00bb header_text_color=\u00bbgcid-62d4cf57-a9b8-458a-be71-4790c9153c28&#8243; custom_css_free_form=\u00bbselector h3 {||  margin: 0;||}\u00bb global_colors_info=\u00bb{%22gcid-62d4cf57-a9b8-458a-be71-4790c9153c28%22:%91%22header_text_color%22%93}\u00bb]<\/p>\n<p><span style=\"font-weight: 400;\">Para prolongar la vida \u00fatil de las escobas, cu\u00e9lgalas siempre en el gancho proporcionado. De esta manera, las cerdas se mantienen rectas y no se doblan, lo que ocurre cuando se dejan en el suelo durante mucho tiempo.<\/span><\/p>\n<p><\/p>\n<p><span style=\"font-weight: 400;\">No es realmente necesario limpiar la escoba. Puedes mantener el mango limpio con un detergente suave. Las cerdas se pueden sumergir en un recipiente con agua tibia. Ver\u00e1s que recuperan su forma original.<\/span><\/p>\n<p>[\/et_pb_blurb][\/et_pb_column][et_pb_column type=\u00bb1_2&#8243; _builder_version=\u00bb4.27.0&#8243; _module_preset=\u00bbdefault\u00bb global_colors_info=\u00bb{}\u00bb][\/et_pb_column][\/et_pb_row][\/et_pb_section]<\/p>\n","protected":false},"excerpt":{"rendered":"<p>La alfombra exterior es muy f\u00e1cil de mantener y limpiar. La suciedad que se raspa de los zapatos cae a trav\u00e9s de las aberturas y luego se elimina con el viento y la lluvia.Para una limpieza adicional, se puede levantar la alfombra y barrer la suciedad con una escoba.Adem\u00e1s, la alfombra se puede limpiar simplemente [&hellip;]<\/p>\n","protected":false},"author":373,"featured_media":0,"parent":0,"menu_order":0,"comment_status":"closed","ping_status":"closed","template":"","meta":{"_acf_changed":false,"_et_pb_use_builder":"on","_et_pb_old_content":"","_et_gb_content_width":"","footnotes":""},"class_list":["post-77136","page","type-page","status-publish","hentry"],"acf":[],"yoast_head":"<!-- This site is optimized with the Yoast SEO Premium plugin v27.1 (Yoast SEO v27.1.1) - https:\/\/yoast.com\/product\/yoast-seo-premium-wordpress\/ -->\n<title>Mantenimiento Del Producto - RiZZ | Official Website<\/title>\n<meta name=\"robots\" content=\"index, follow, max-snippet:-1, max-image-preview:large, max-video-preview:-1\" \/>\n<link rel=\"canonical\" href=\"https:\/\/www.rizz.design\/es\/mantenimiento-del-producto\/\" \/>\n<meta property=\"og:locale\" content=\"es_ES\" \/>\n<meta property=\"og:type\" content=\"article\" \/>\n<meta property=\"og:title\" content=\"Mantenimiento Del Producto\" \/>\n<meta property=\"og:description\" content=\"La alfombra exterior es muy f\u00e1cil de mantener y limpiar. La suciedad que se raspa de los zapatos cae a trav\u00e9s de las aberturas y luego se elimina con el viento y la lluvia.Para una limpieza adicional, se puede levantar la alfombra y barrer la suciedad con una escoba.Adem\u00e1s, la alfombra se puede limpiar simplemente [&hellip;]\" \/>\n<meta property=\"og:url\" content=\"https:\/\/www.rizz.design\/es\/mantenimiento-del-producto\/\" \/>\n<meta property=\"og:site_name\" content=\"RiZZ | Official Website\" \/>\n<meta property=\"article:modified_time\" content=\"2026-02-10T08:53:35+00:00\" \/>\n<meta name=\"twitter:card\" content=\"summary_large_image\" \/>\n<meta name=\"twitter:label1\" content=\"Tiempo de lectura\" \/>\n\t<meta name=\"twitter:data1\" content=\"9 minutos\" \/>\n<script type=\"application\/ld+json\" class=\"yoast-schema-graph\">{\"@context\":\"https:\/\/schema.org\",\"@graph\":[{\"@type\":\"WebPage\",\"@id\":\"https:\/\/www.rizz.design\/es\/mantenimiento-del-producto\/\",\"url\":\"https:\/\/www.rizz.design\/es\/mantenimiento-del-producto\/\",\"name\":\"Mantenimiento Del Producto - RiZZ | Official Website\",\"isPartOf\":{\"@id\":\"https:\/\/www.rizz.design\/es\/#website\"},\"datePublished\":\"2025-01-13T11:10:42+00:00\",\"dateModified\":\"2026-02-10T08:53:35+00:00\",\"breadcrumb\":{\"@id\":\"https:\/\/www.rizz.design\/es\/mantenimiento-del-producto\/#breadcrumb\"},\"inLanguage\":\"es\",\"potentialAction\":[{\"@type\":\"ReadAction\",\"target\":[\"https:\/\/www.rizz.design\/es\/mantenimiento-del-producto\/\"]}]},{\"@type\":\"BreadcrumbList\",\"@id\":\"https:\/\/www.rizz.design\/es\/mantenimiento-del-producto\/#breadcrumb\",\"itemListElement\":[{\"@type\":\"ListItem\",\"position\":1,\"name\":\"Home\",\"item\":\"https:\/\/www.rizz.design\/es\/\"},{\"@type\":\"ListItem\",\"position\":2,\"name\":\"Mantenimiento Del Producto\"}]},{\"@type\":\"WebSite\",\"@id\":\"https:\/\/www.rizz.design\/es\/#website\",\"url\":\"https:\/\/www.rizz.design\/es\/\",\"name\":\"RiZZ | Official Website\",\"description\":\"Since 1941\",\"potentialAction\":[{\"@type\":\"SearchAction\",\"target\":{\"@type\":\"EntryPoint\",\"urlTemplate\":\"https:\/\/www.rizz.design\/es\/?s={search_term_string}\"},\"query-input\":{\"@type\":\"PropertyValueSpecification\",\"valueRequired\":true,\"valueName\":\"search_term_string\"}}],\"inLanguage\":\"es\"}]}<\/script>\n<!-- \/ Yoast SEO Premium plugin. -->","yoast_head_json":{"title":"Mantenimiento Del Producto - RiZZ | Official Website","robots":{"index":"index","follow":"follow","max-snippet":"max-snippet:-1","max-image-preview":"max-image-preview:large","max-video-preview":"max-video-preview:-1"},"canonical":"https:\/\/www.rizz.design\/es\/mantenimiento-del-producto\/","og_locale":"es_ES","og_type":"article","og_title":"Mantenimiento Del Producto","og_description":"La alfombra exterior es muy f\u00e1cil de mantener y limpiar. La suciedad que se raspa de los zapatos cae a trav\u00e9s de las aberturas y luego se elimina con el viento y la lluvia.Para una limpieza adicional, se puede levantar la alfombra y barrer la suciedad con una escoba.Adem\u00e1s, la alfombra se puede limpiar simplemente [&hellip;]","og_url":"https:\/\/www.rizz.design\/es\/mantenimiento-del-producto\/","og_site_name":"RiZZ | Official Website","article_modified_time":"2026-02-10T08:53:35+00:00","twitter_card":"summary_large_image","twitter_misc":{"Tiempo de lectura":"9 minutos"},"schema":{"@context":"https:\/\/schema.org","@graph":[{"@type":"WebPage","@id":"https:\/\/www.rizz.design\/es\/mantenimiento-del-producto\/","url":"https:\/\/www.rizz.design\/es\/mantenimiento-del-producto\/","name":"Mantenimiento Del Producto - RiZZ | Official Website","isPartOf":{"@id":"https:\/\/www.rizz.design\/es\/#website"},"datePublished":"2025-01-13T11:10:42+00:00","dateModified":"2026-02-10T08:53:35+00:00","breadcrumb":{"@id":"https:\/\/www.rizz.design\/es\/mantenimiento-del-producto\/#breadcrumb"},"inLanguage":"es","potentialAction":[{"@type":"ReadAction","target":["https:\/\/www.rizz.design\/es\/mantenimiento-del-producto\/"]}]},{"@type":"BreadcrumbList","@id":"https:\/\/www.rizz.design\/es\/mantenimiento-del-producto\/#breadcrumb","itemListElement":[{"@type":"ListItem","position":1,"name":"Home","item":"https:\/\/www.rizz.design\/es\/"},{"@type":"ListItem","position":2,"name":"Mantenimiento Del Producto"}]},{"@type":"WebSite","@id":"https:\/\/www.rizz.design\/es\/#website","url":"https:\/\/www.rizz.design\/es\/","name":"RiZZ | Official Website","description":"Since 1941","potentialAction":[{"@type":"SearchAction","target":{"@type":"EntryPoint","urlTemplate":"https:\/\/www.rizz.design\/es\/?s={search_term_string}"},"query-input":{"@type":"PropertyValueSpecification","valueRequired":true,"valueName":"search_term_string"}}],"inLanguage":"es"}]}},"_links":{"self":[{"href":"https:\/\/www.rizz.design\/es\/wp-json\/wp\/v2\/pages\/77136","targetHints":{"allow":["GET"]}}],"collection":[{"href":"https:\/\/www.rizz.design\/es\/wp-json\/wp\/v2\/pages"}],"about":[{"href":"https:\/\/www.rizz.design\/es\/wp-json\/wp\/v2\/types\/page"}],"author":[{"embeddable":true,"href":"https:\/\/www.rizz.design\/es\/wp-json\/wp\/v2\/users\/373"}],"replies":[{"embeddable":true,"href":"https:\/\/www.rizz.design\/es\/wp-json\/wp\/v2\/comments?post=77136"}],"version-history":[{"count":6,"href":"https:\/\/www.rizz.design\/es\/wp-json\/wp\/v2\/pages\/77136\/revisions"}],"predecessor-version":[{"id":81514,"href":"https:\/\/www.rizz.design\/es\/wp-json\/wp\/v2\/pages\/77136\/revisions\/81514"}],"wp:attachment":[{"href":"https:\/\/www.rizz.design\/es\/wp-json\/wp\/v2\/media?parent=77136"}],"curies":[{"name":"wp","href":"https:\/\/api.w.org\/{rel}","templated":true}]}}