{"id":76370,"date":"2024-12-19T10:40:43","date_gmt":"2024-12-19T09:40:43","guid":{"rendered":"https:\/\/www.rizz.design\/product\/urban-mat\/"},"modified":"2026-02-04T13:32:33","modified_gmt":"2026-02-04T12:32:33","slug":"alfombra-urbana","status":"publish","type":"product","link":"https:\/\/www.rizz.design\/es\/producto\/alfombra-urbana\/","title":{"rendered":"Urban mat"},"content":{"rendered":"<p>[et_pb_section fb_built=\u00bb1&#8243; _builder_version=\u00bb4.27.0&#8243; _module_preset=\u00bbdefault\u00bb global_colors_info=\u00bb{}\u00bb][et_pb_row column_structure=\u00bb2_5,3_5&#8243; _builder_version=\u00bb4.27.0&#8243; _module_preset=\u00bbdefault\u00bb custom_css_main_element=\u00bbdisplay: flex;||align-items: center;\u00bb custom_css_free_form=\u00bb@media (max-width: 980px) {||  selector {||    flex-direction: column;||  }||}\u00bb global_colors_info=\u00bb{}\u00bb][et_pb_column type=\u00bb2_5&#8243; _builder_version=\u00bb4.27.0&#8243; _module_preset=\u00bbdefault\u00bb global_colors_info=\u00bb{}\u00bb][et_pb_text _builder_version=\u00bb4.27.0&#8243; _module_preset=\u00bbdefault\u00bb text_font=\u00bb||||||||\u00bb text_text_color=\u00bb#000000&#8243; text_font_size=\u00bb38px\u00bb custom_margin=\u00bb||7px||false|false\u00bb custom_css_free_form=\u00bbselector span.head_text.small {||  font-size: 36px!important;||  font-weight: bold;||\tline-height: 50px;||}\u00bb global_colors_info=\u00bb{}\u00bb]<\/p>\n<p><span class=\"head_text small\">La alfombrilla ideal para tu apartamento en la ciudad, casa de vacaciones, barco o caravana<\/span><\/p>\n<p>[\/et_pb_text][et_pb_text _builder_version=\u00bb4.27.0&#8243; _module_preset=\u00bbdefault\u00bb custom_css_free_form=\u00bbselector p {||  font-size: 28px;||  line-height: 40px;||}\u00bb global_colors_info=\u00bb{}\u00bb]<\/p>\n<p>Esta edici\u00f3n de nuestras alfombrillas exteriores RiZZ Design lleva la misma tecnolog\u00eda a entradas urbanas.<\/p>\n<p>[\/et_pb_text][et_pb_button button_text=\u00bbSeleccione su felpudo\u00bb module_class=\u00bbtrigger_product_popup\u00bb _builder_version=\u00bb4.27.0&#8243; _module_preset=\u00bbdefault\u00bb global_colors_info=\u00bb{}\u00bb][\/et_pb_button][\/et_pb_column][et_pb_column type=\u00bb3_5&#8243; _builder_version=\u00bb4.27.0&#8243; _module_preset=\u00bbdefault\u00bb global_colors_info=\u00bb{}\u00bb][et_pb_image src=\u00bbhttps:\/\/www.rizz.design\/wp-content\/uploads\/2025\/06\/urban4.webp\u00bb title_text=\u00bburban4&#8243; _builder_version=\u00bb4.27.4&#8243; _module_preset=\u00bbdefault\u00bb hover_enabled=\u00bb0&#8243; global_colors_info=\u00bb{}\u00bb sticky_enabled=\u00bb0&#8243;][\/et_pb_image][\/et_pb_column][\/et_pb_row][\/et_pb_section][et_pb_section fb_built=\u00bb1&#8243; _builder_version=\u00bb4.27.0&#8243; _module_preset=\u00bbdefault\u00bb background_color=\u00bb#000000&#8243; global_colors_info=\u00bb{}\u00bb][et_pb_row column_structure=\u00bb2_5,3_5&#8243; _builder_version=\u00bb4.27.0&#8243; _module_preset=\u00bbdefault\u00bb custom_css_main_element=\u00bbdisplay: flex;||align-items: center;\u00bb custom_css_free_form=\u00bb@media (max-width: 980px) {||  selector {||    flex-direction: column-reverse;||    gap: 25px;||  }||  ||  selector img {||    max-width: 450px;||    width: 100%!important;||  }||}\u00bb global_colors_info=\u00bb{}\u00bb][et_pb_column type=\u00bb2_5&#8243; _builder_version=\u00bb4.27.0&#8243; _module_preset=\u00bbdefault\u00bb global_colors_info=\u00bb{}\u00bb][et_pb_image src=\u00bbhttps:\/\/www.rizz.design\/wp-content\/uploads\/2024\/12\/RIZZ_OKT2013_3110.jpg\u00bb title_text=\u00bbRIZZ_OKT2013_3110&#8243; _builder_version=\u00bb4.27.0&#8243; _module_preset=\u00bbdefault\u00bb max_height=\u00bb65vh\u00bb global_colors_info=\u00bb{}\u00bb][\/et_pb_image][\/et_pb_column][et_pb_column type=\u00bb3_5&#8243; _builder_version=\u00bb4.27.0&#8243; _module_preset=\u00bbdefault\u00bb global_colors_info=\u00bb{}\u00bb][et_pb_blurb title=\u00bb\u00bfPor qu\u00e9 el urban?\u00bb content_max_width=\u00bb100%\u00bb _builder_version=\u00bb4.27.0&#8243; _module_preset=\u00bbdefault\u00bb header_font=\u00bb|600||on|||||\u00bb header_text_color=\u00bbgcid-62d4cf57-a9b8-458a-be71-4790c9153c28&#8243; header_font_size=\u00bb20px\u00bb background_layout=\u00bbdark\u00bb width=\u00bb100%\u00bb module_alignment=\u00bbleft\u00bb global_colors_info=\u00bb{%22gcid-62d4cf57-a9b8-458a-be71-4790c9153c28%22:%91%22header_text_color%22%93}\u00bb]<\/p>\n<ul>\n<li>Elimina arena y suciedad de las suelas con relieve<\/li>\n<li>Muy eficaz, con hasta un 80 % de eficiencia<\/li>\n<li>Mantenimiento m\u00ednimo<\/li>\n<li>F\u00e1cil de limpiar<\/li>\n<li>Apta para uso en exteriores<\/li>\n<li>Marco de aluminio anodizado<\/li>\n<li>Marco interior de PVC prensado<\/li>\n<li>Tira de acero inoxidable 304<\/li>\n<li>Placa de cepillos de nailon 6.6 (gris), resistente a los rayos UV \/ 0,40<\/li>\n<li>Antideslizante<\/li>\n<\/ul>\n<p>&nbsp;<\/p>\n<p>Las dimensiones compactas de la alfombrilla Urban incorporan los mismos materiales de alta calidad y un dise\u00f1o atemporal.<\/p>\n<p>Esto hace que la alfombrilla Urban sea una soluci\u00f3n pr\u00e1ctica para espacios peque\u00f1os, incluso durante tus viajes, como en una caravana, un SUV (todoterreno), un barco o una lancha. F\u00e1cil de guardar y llevar a tu pr\u00f3ximo destino, manteniendo siempre limpio el interior.<\/p>\n<p>[\/et_pb_blurb][et_pb_button button_text=\u00bbOrdene ahora\u00bb _builder_version=\u00bb4.27.0&#8243; _module_preset=\u00bbdefault\u00bb custom_css_free_form=\u00bb.et_pb_button_3_wrapper {||  display: flex;||}||||selector {||  margin-left: auto;||  margin-right: auto;||}\u00bb global_colors_info=\u00bb{}\u00bb][\/et_pb_button][\/et_pb_column][\/et_pb_row][\/et_pb_section][et_pb_section fb_built=\u00bb1&#8243; _builder_version=\u00bb4.27.0&#8243; _module_preset=\u00bbdefault\u00bb global_colors_info=\u00bb{}\u00bb][et_pb_row column_structure=\u00bb1_3,1_3,1_3&#8243; _builder_version=\u00bb4.27.0&#8243; _module_preset=\u00bbdefault\u00bb global_colors_info=\u00bb{}\u00bb][et_pb_column type=\u00bb1_3&#8243; _builder_version=\u00bb4.27.0&#8243; _module_preset=\u00bbdefault\u00bb global_colors_info=\u00bb{}\u00bb][et_pb_blurb title=\u00bbPlata\u00bb image=\u00bbhttps:\/\/www.rizz.design\/wp-content\/uploads\/2024\/12\/DL-58&#215;36-silver-3D.jpg\u00bb _builder_version=\u00bb4.27.0&#8243; _module_preset=\u00bbdefault\u00bb header_font=\u00bb|600||on|||||\u00bb header_text_align=\u00bbcenter\u00bb header_text_color=\u00bbgcid-62d4cf57-a9b8-458a-be71-4790c9153c28&#8243; header_font_size=\u00bb22px\u00bb global_colors_info=\u00bb{%22gcid-62d4cf57-a9b8-458a-be71-4790c9153c28%22:%91%22header_text_color%22%93}\u00bb][\/et_pb_blurb][\/et_pb_column][et_pb_column type=\u00bb1_3&#8243; _builder_version=\u00bb4.27.0&#8243; _module_preset=\u00bbdefault\u00bb global_colors_info=\u00bb{}\u00bb][et_pb_blurb title=\u00bbAntracita\u00bb image=\u00bbhttps:\/\/www.rizz.design\/wp-content\/uploads\/2024\/12\/DL-58&#215;36-antra-3D.jpg\u00bb _builder_version=\u00bb4.27.0&#8243; _module_preset=\u00bbdefault\u00bb header_font=\u00bb|600||on|||||\u00bb header_text_align=\u00bbcenter\u00bb header_text_color=\u00bbgcid-62d4cf57-a9b8-458a-be71-4790c9153c28&#8243; header_font_size=\u00bb22px\u00bb locked=\u00bboff\u00bb global_colors_info=\u00bb{%22gcid-62d4cf57-a9b8-458a-be71-4790c9153c28%22:%91%22header_text_color%22%93}\u00bb][\/et_pb_blurb][et_pb_button button_text=\u00bbElige tu esterilla\u00bb disabled_on=\u00bbon|on|off\u00bb module_class=\u00bbtrigger_product_popup\u00bb _builder_version=\u00bb4.27.0&#8243; _module_preset=\u00bbdefault\u00bb custom_css_free_form=\u00bb.et_pb_button_6_wrapper {||  display: flex;||}||||selector {||  margin-left: auto;||  margin-right: auto;||}\u00bb global_colors_info=\u00bb{}\u00bb][\/et_pb_button][\/et_pb_column][et_pb_column type=\u00bb1_3&#8243; _builder_version=\u00bb4.27.0&#8243; _module_preset=\u00bbdefault\u00bb global_colors_info=\u00bb{}\u00bb][et_pb_blurb title=\u00bbBlanco\u00bb image=\u00bbhttps:\/\/www.rizz.design\/wp-content\/uploads\/2024\/12\/DL-58&#215;36-white-3D.jpg\u00bb _builder_version=\u00bb4.27.0&#8243; _module_preset=\u00bbdefault\u00bb header_font=\u00bb|600||on|||||\u00bb header_text_align=\u00bbcenter\u00bb header_text_color=\u00bbgcid-62d4cf57-a9b8-458a-be71-4790c9153c28&#8243; header_font_size=\u00bb22px\u00bb locked=\u00bboff\u00bb global_colors_info=\u00bb{%22gcid-62d4cf57-a9b8-458a-be71-4790c9153c28%22:%91%22header_text_color%22%93}\u00bb][\/et_pb_blurb][et_pb_button button_text=\u00bbElige tu esterilla\u00bb disabled_on=\u00bboff|off|on\u00bb module_class=\u00bbtrigger_product_popup\u00bb _builder_version=\u00bb4.27.0&#8243; _module_preset=\u00bbdefault\u00bb custom_css_free_form=\u00bb.et_pb_button_7_wrapper {||  display: flex;||}||||selector {||  margin-left: auto;||  margin-right: auto;||}\u00bb locked=\u00bboff\u00bb global_colors_info=\u00bb{}\u00bb][\/et_pb_button][\/et_pb_column][\/et_pb_row][\/et_pb_section][et_pb_section fb_built=\u00bb1&#8243; _builder_version=\u00bb4.27.0&#8243; _module_preset=\u00bbdefault\u00bb background_color=\u00bb#000000&#8243; locked=\u00bboff\u00bb global_colors_info=\u00bb{}\u00bb][et_pb_row use_custom_gutter=\u00bbon\u00bb gutter_width=\u00bb2&#8243; make_equal=\u00bbon\u00bb _builder_version=\u00bb4.27.4&#8243; _module_preset=\u00bb_initial\u00bb custom_margin=\u00bb||-50px||false|false\u00bb custom_padding=\u00bb||||false|false\u00bb global_colors_info=\u00bb{}\u00bb][et_pb_column type=\u00bb4_4&#8243; _builder_version=\u00bb4.27.4&#8243; _module_preset=\u00bbdefault\u00bb global_colors_info=\u00bb{}\u00bb][et_pb_text _builder_version=\u00bb4.27.4&#8243; _module_preset=\u00bbdefault\u00bb text_font=\u00bb||||||||\u00bb text_text_color=\u00bb#FFFFFF\u00bb text_font_size=\u00bb38px\u00bb header_font_size=\u00bb41px\u00bb header_2_font_size=\u00bb34px\u00bb background_layout=\u00bbdark\u00bb custom_margin=\u00bb||||false|false\u00bb header_2_font_size_tablet=\u00bb30px\u00bb header_2_font_size_phone=\u00bb26px\u00bb header_2_font_size_last_edited=\u00bbon|tablet\u00bb custom_css_free_form=\u00bbselector span.head_text.small {||  font-size: 36px!important;||  font-weight: bold;||\tline-height: 50px;||}\u00bb global_colors_info=\u00bb{}\u00bb]<\/p>\n<h2>Imag\u00ednese el Rizz Urban Mat realzando la cubierta de su yate.<\/h2>\n<p>[\/et_pb_text][\/et_pb_column][\/et_pb_row][et_pb_row column_structure=\u00bb1_2,1_2&#8243; use_custom_gutter=\u00bbon\u00bb gutter_width=\u00bb2&#8243; make_equal=\u00bbon\u00bb _builder_version=\u00bb4.27.4&#8243; _module_preset=\u00bb_initial\u00bb custom_padding=\u00bb48px|||||\u00bb global_colors_info=\u00bb{}\u00bb][et_pb_column type=\u00bb1_2&#8243; _builder_version=\u00bb4.27.4&#8243; _module_preset=\u00bbdefault\u00bb global_colors_info=\u00bb{}\u00bb][et_pb_image src=\u00bbhttps:\/\/www.rizz.design\/wp-content\/uploads\/2025\/06\/urban5.webp\u00bb title_text=\u00bburban1&#8243; show_in_lightbox=\u00bbon\u00bb _builder_version=\u00bb4.27.4&#8243; _module_preset=\u00bbdefault\u00bb global_colors_info=\u00bb{}\u00bb][\/et_pb_image][\/et_pb_column][et_pb_column type=\u00bb1_2&#8243; _builder_version=\u00bb4.27.4&#8243; _module_preset=\u00bbdefault\u00bb global_colors_info=\u00bb{}\u00bb][et_pb_image src=\u00bbhttps:\/\/www.rizz.design\/wp-content\/uploads\/2025\/06\/urban4.webp\u00bb show_in_lightbox=\u00bbon\u00bb _builder_version=\u00bb4.27.4&#8243; _module_preset=\u00bbdefault\u00bb global_colors_info=\u00bb{}\u00bb][\/et_pb_image][et_pb_image src=\u00bbhttps:\/\/www.rizz.design\/wp-content\/uploads\/2025\/06\/urban2.webp\u00bb show_in_lightbox=\u00bbon\u00bb _builder_version=\u00bb4.27.4&#8243; _module_preset=\u00bbdefault\u00bb global_colors_info=\u00bb{}\u00bb][\/et_pb_image][\/et_pb_column][\/et_pb_row][\/et_pb_section][et_pb_section fb_built=\u00bb1&#8243; _builder_version=\u00bb4.27.0&#8243; _module_preset=\u00bbdefault\u00bb locked=\u00bboff\u00bb global_colors_info=\u00bb{}\u00bb][et_pb_row use_custom_gutter=\u00bbon\u00bb gutter_width=\u00bb2&#8243; make_equal=\u00bbon\u00bb _builder_version=\u00bb4.27.4&#8243; _module_preset=\u00bb_initial\u00bb custom_margin=\u00bb||-50px||false|false\u00bb custom_padding=\u00bb||||false|false\u00bb global_colors_info=\u00bb{}\u00bb][et_pb_column type=\u00bb4_4&#8243; _builder_version=\u00bb4.27.4&#8243; _module_preset=\u00bbdefault\u00bb global_colors_info=\u00bb{}\u00bb][et_pb_text _builder_version=\u00bb4.27.4&#8243; _module_preset=\u00bbdefault\u00bb text_font=\u00bb||||||||\u00bb text_text_color=\u00bb#FFFFFF\u00bb text_font_size=\u00bb38px\u00bb header_font_size=\u00bb41px\u00bb header_2_text_color=\u00bb#000000&#8243; header_2_font_size=\u00bb34px\u00bb background_layout=\u00bbdark\u00bb custom_margin=\u00bb||||false|false\u00bb header_2_font_size_tablet=\u00bb30px\u00bb header_2_font_size_phone=\u00bb26px\u00bb header_2_font_size_last_edited=\u00bbon|tablet\u00bb custom_css_free_form=\u00bbselector span.head_text.small {||  font-size: 36px!important;||  font-weight: bold;||\tline-height: 50px;||}\u00bb global_colors_info=\u00bb{}\u00bb]<\/p>\n<h2>O en el exterior de tu caravana, para que puedas mantener la suciedad afuera dondequiera que vayas.<\/h2>\n<p>[\/et_pb_text][\/et_pb_column][\/et_pb_row][et_pb_row column_structure=\u00bb1_2,1_2&#8243; use_custom_gutter=\u00bbon\u00bb gutter_width=\u00bb2&#8243; make_equal=\u00bbon\u00bb _builder_version=\u00bb4.27.4&#8243; _module_preset=\u00bb_initial\u00bb custom_padding=\u00bb48px|||||\u00bb global_colors_info=\u00bb{}\u00bb][et_pb_column type=\u00bb1_2&#8243; _builder_version=\u00bb4.27.4&#8243; _module_preset=\u00bbdefault\u00bb global_colors_info=\u00bb{}\u00bb][et_pb_image src=\u00bbhttps:\/\/www.rizz.design\/wp-content\/uploads\/2025\/06\/urban7.webp\u00bb title_text=\u00bburban1&#8243; show_in_lightbox=\u00bbon\u00bb _builder_version=\u00bb4.27.4&#8243; _module_preset=\u00bbdefault\u00bb global_colors_info=\u00bb{}\u00bb][\/et_pb_image][\/et_pb_column][et_pb_column type=\u00bb1_2&#8243; _builder_version=\u00bb4.27.4&#8243; _module_preset=\u00bbdefault\u00bb global_colors_info=\u00bb{}\u00bb][et_pb_image src=\u00bbhttps:\/\/www.rizz.design\/wp-content\/uploads\/2025\/06\/urban8.webp\u00bb show_in_lightbox=\u00bbon\u00bb _builder_version=\u00bb4.27.4&#8243; _module_preset=\u00bbdefault\u00bb global_colors_info=\u00bb{}\u00bb][\/et_pb_image][\/et_pb_column][\/et_pb_row][\/et_pb_section]<\/p>\n","protected":false},"excerpt":{"rendered":"<p>La alfombrilla ideal para tu apartamento en la ciudad, casa de vacaciones, barco o caravanaEsta edici\u00f3n de nuestras alfombrillas exteriores RiZZ Design lleva la misma tecnolog\u00eda a entradas urbanas. Elimina arena y suciedad de las suelas con relieve Muy eficaz, con hasta un 80 % de eficiencia Mantenimiento m\u00ednimo F\u00e1cil de limpiar Apta para uso [&hellip;]<\/p>\n","protected":false},"featured_media":75953,"comment_status":"closed","ping_status":"closed","template":"","meta":{"_acf_changed":false,"_et_pb_use_builder":"on","_et_pb_old_content":"","_et_gb_content_width":"","footnotes":""},"product_brand":[],"product_cat":[16],"product_tag":[],"class_list":{"0":"post-76370","1":"product","2":"type-product","3":"status-publish","4":"has-post-thumbnail","6":"product_cat-geen-categorie","7":"pa_color-anthracite-es","8":"pa_color-white-es","9":"pa_color-silver-es","11":"first","12":"instock","13":"taxable","14":"shipping-taxable","15":"purchasable","16":"product-type-variable","17":"has-default-attributes"},"acf":[],"yoast_head":"<!-- This site is optimized with the Yoast SEO Premium plugin v27.1 (Yoast SEO v27.1.1) - https:\/\/yoast.com\/product\/yoast-seo-premium-wordpress\/ -->\n<title>RiZZ Design urban matten - Sitio web oficial<\/title>\n<meta name=\"robots\" content=\"index, follow, max-snippet:-1, max-image-preview:large, max-video-preview:-1\" \/>\n<link rel=\"canonical\" href=\"https:\/\/www.rizz.design\/es\/producto\/alfombra-urbana\/\" \/>\n<meta property=\"og:locale\" content=\"es_ES\" \/>\n<meta property=\"og:type\" content=\"article\" \/>\n<meta property=\"og:title\" content=\"Urban mat\" \/>\n<meta property=\"og:description\" content=\"La alfombrilla ideal para tu apartamento en la ciudad, casa de vacaciones, barco o caravanaEsta edici\u00f3n de nuestras alfombrillas exteriores RiZZ Design lleva la misma tecnolog\u00eda a entradas urbanas. Elimina arena y suciedad de las suelas con relieve Muy eficaz, con hasta un 80 % de eficiencia Mantenimiento m\u00ednimo F\u00e1cil de limpiar Apta para uso [&hellip;]\" \/>\n<meta property=\"og:url\" content=\"https:\/\/www.rizz.design\/es\/producto\/alfombra-urbana\/\" \/>\n<meta property=\"og:site_name\" content=\"RiZZ | Official Website\" \/>\n<meta property=\"article:modified_time\" content=\"2026-02-04T12:32:33+00:00\" \/>\n<meta property=\"og:image\" content=\"https:\/\/www.rizz.design\/wp-content\/uploads\/2024\/12\/DL-58x36-silver-3D.jpg\" \/>\n\t<meta property=\"og:image:width\" content=\"1920\" \/>\n\t<meta property=\"og:image:height\" content=\"1280\" \/>\n\t<meta property=\"og:image:type\" content=\"image\/jpeg\" \/>\n<meta name=\"twitter:card\" content=\"summary_large_image\" \/>\n<meta name=\"twitter:label1\" content=\"Tiempo de lectura\" \/>\n\t<meta name=\"twitter:data1\" content=\"2 minutos\" \/>\n<script type=\"application\/ld+json\" class=\"yoast-schema-graph\">{\"@context\":\"https:\/\/schema.org\",\"@graph\":[{\"@type\":\"WebPage\",\"@id\":\"https:\/\/www.rizz.design\/es\/producto\/alfombra-urbana\/\",\"url\":\"https:\/\/www.rizz.design\/es\/producto\/alfombra-urbana\/\",\"name\":\"RiZZ Design urban matten - Sitio web oficial\",\"isPartOf\":{\"@id\":\"https:\/\/www.rizz.design\/es\/#website\"},\"primaryImageOfPage\":{\"@id\":\"https:\/\/www.rizz.design\/es\/producto\/alfombra-urbana\/#primaryimage\"},\"image\":{\"@id\":\"https:\/\/www.rizz.design\/es\/producto\/alfombra-urbana\/#primaryimage\"},\"thumbnailUrl\":\"https:\/\/www.rizz.design\/wp-content\/uploads\/2024\/12\/DL-58x36-silver-3D.jpg\",\"datePublished\":\"2024-12-19T09:40:43+00:00\",\"dateModified\":\"2026-02-04T12:32:33+00:00\",\"breadcrumb\":{\"@id\":\"https:\/\/www.rizz.design\/es\/producto\/alfombra-urbana\/#breadcrumb\"},\"inLanguage\":\"es\",\"potentialAction\":[{\"@type\":\"ReadAction\",\"target\":[\"https:\/\/www.rizz.design\/es\/producto\/alfombra-urbana\/\"]}]},{\"@type\":\"ImageObject\",\"inLanguage\":\"es\",\"@id\":\"https:\/\/www.rizz.design\/es\/producto\/alfombra-urbana\/#primaryimage\",\"url\":\"https:\/\/www.rizz.design\/wp-content\/uploads\/2024\/12\/DL-58x36-silver-3D.jpg\",\"contentUrl\":\"https:\/\/www.rizz.design\/wp-content\/uploads\/2024\/12\/DL-58x36-silver-3D.jpg\",\"width\":1920,\"height\":1280},{\"@type\":\"BreadcrumbList\",\"@id\":\"https:\/\/www.rizz.design\/es\/producto\/alfombra-urbana\/#breadcrumb\",\"itemListElement\":[{\"@type\":\"ListItem\",\"position\":1,\"name\":\"Home\",\"item\":\"https:\/\/www.rizz.design\/es\/\"},{\"@type\":\"ListItem\",\"position\":2,\"name\":\"Productos\",\"item\":\"https:\/\/www.rizz.design\/es\/shop\/\"},{\"@type\":\"ListItem\",\"position\":3,\"name\":\"Urban mat\"}]},{\"@type\":\"WebSite\",\"@id\":\"https:\/\/www.rizz.design\/es\/#website\",\"url\":\"https:\/\/www.rizz.design\/es\/\",\"name\":\"RiZZ | Official Website\",\"description\":\"Since 1941\",\"potentialAction\":[{\"@type\":\"SearchAction\",\"target\":{\"@type\":\"EntryPoint\",\"urlTemplate\":\"https:\/\/www.rizz.design\/es\/?s={search_term_string}\"},\"query-input\":{\"@type\":\"PropertyValueSpecification\",\"valueRequired\":true,\"valueName\":\"search_term_string\"}}],\"inLanguage\":\"es\"}]}<\/script>\n<!-- \/ Yoast SEO Premium plugin. -->","yoast_head_json":{"title":"RiZZ Design urban matten - Sitio web oficial","robots":{"index":"index","follow":"follow","max-snippet":"max-snippet:-1","max-image-preview":"max-image-preview:large","max-video-preview":"max-video-preview:-1"},"canonical":"https:\/\/www.rizz.design\/es\/producto\/alfombra-urbana\/","og_locale":"es_ES","og_type":"article","og_title":"Urban mat","og_description":"La alfombrilla ideal para tu apartamento en la ciudad, casa de vacaciones, barco o caravanaEsta edici\u00f3n de nuestras alfombrillas exteriores RiZZ Design lleva la misma tecnolog\u00eda a entradas urbanas. Elimina arena y suciedad de las suelas con relieve Muy eficaz, con hasta un 80 % de eficiencia Mantenimiento m\u00ednimo F\u00e1cil de limpiar Apta para uso [&hellip;]","og_url":"https:\/\/www.rizz.design\/es\/producto\/alfombra-urbana\/","og_site_name":"RiZZ | Official Website","article_modified_time":"2026-02-04T12:32:33+00:00","og_image":[{"width":1920,"height":1280,"url":"https:\/\/www.rizz.design\/wp-content\/uploads\/2024\/12\/DL-58x36-silver-3D.jpg","type":"image\/jpeg"}],"twitter_card":"summary_large_image","twitter_misc":{"Tiempo de lectura":"2 minutos"},"schema":{"@context":"https:\/\/schema.org","@graph":[{"@type":"WebPage","@id":"https:\/\/www.rizz.design\/es\/producto\/alfombra-urbana\/","url":"https:\/\/www.rizz.design\/es\/producto\/alfombra-urbana\/","name":"RiZZ Design urban matten - Sitio web oficial","isPartOf":{"@id":"https:\/\/www.rizz.design\/es\/#website"},"primaryImageOfPage":{"@id":"https:\/\/www.rizz.design\/es\/producto\/alfombra-urbana\/#primaryimage"},"image":{"@id":"https:\/\/www.rizz.design\/es\/producto\/alfombra-urbana\/#primaryimage"},"thumbnailUrl":"https:\/\/www.rizz.design\/wp-content\/uploads\/2024\/12\/DL-58x36-silver-3D.jpg","datePublished":"2024-12-19T09:40:43+00:00","dateModified":"2026-02-04T12:32:33+00:00","breadcrumb":{"@id":"https:\/\/www.rizz.design\/es\/producto\/alfombra-urbana\/#breadcrumb"},"inLanguage":"es","potentialAction":[{"@type":"ReadAction","target":["https:\/\/www.rizz.design\/es\/producto\/alfombra-urbana\/"]}]},{"@type":"ImageObject","inLanguage":"es","@id":"https:\/\/www.rizz.design\/es\/producto\/alfombra-urbana\/#primaryimage","url":"https:\/\/www.rizz.design\/wp-content\/uploads\/2024\/12\/DL-58x36-silver-3D.jpg","contentUrl":"https:\/\/www.rizz.design\/wp-content\/uploads\/2024\/12\/DL-58x36-silver-3D.jpg","width":1920,"height":1280},{"@type":"BreadcrumbList","@id":"https:\/\/www.rizz.design\/es\/producto\/alfombra-urbana\/#breadcrumb","itemListElement":[{"@type":"ListItem","position":1,"name":"Home","item":"https:\/\/www.rizz.design\/es\/"},{"@type":"ListItem","position":2,"name":"Productos","item":"https:\/\/www.rizz.design\/es\/shop\/"},{"@type":"ListItem","position":3,"name":"Urban mat"}]},{"@type":"WebSite","@id":"https:\/\/www.rizz.design\/es\/#website","url":"https:\/\/www.rizz.design\/es\/","name":"RiZZ | Official Website","description":"Since 1941","potentialAction":[{"@type":"SearchAction","target":{"@type":"EntryPoint","urlTemplate":"https:\/\/www.rizz.design\/es\/?s={search_term_string}"},"query-input":{"@type":"PropertyValueSpecification","valueRequired":true,"valueName":"search_term_string"}}],"inLanguage":"es"}]}},"_links":{"self":[{"href":"https:\/\/www.rizz.design\/es\/wp-json\/wp\/v2\/product\/76370","targetHints":{"allow":["GET"]}}],"collection":[{"href":"https:\/\/www.rizz.design\/es\/wp-json\/wp\/v2\/product"}],"about":[{"href":"https:\/\/www.rizz.design\/es\/wp-json\/wp\/v2\/types\/product"}],"replies":[{"embeddable":true,"href":"https:\/\/www.rizz.design\/es\/wp-json\/wp\/v2\/comments?post=76370"}],"version-history":[{"count":19,"href":"https:\/\/www.rizz.design\/es\/wp-json\/wp\/v2\/product\/76370\/revisions"}],"predecessor-version":[{"id":81363,"href":"https:\/\/www.rizz.design\/es\/wp-json\/wp\/v2\/product\/76370\/revisions\/81363"}],"wp:featuredmedia":[{"embeddable":true,"href":"https:\/\/www.rizz.design\/es\/wp-json\/wp\/v2\/media\/75953"}],"wp:attachment":[{"href":"https:\/\/www.rizz.design\/es\/wp-json\/wp\/v2\/media?parent=76370"}],"wp:term":[{"taxonomy":"product_brand","embeddable":true,"href":"https:\/\/www.rizz.design\/es\/wp-json\/wp\/v2\/product_brand?post=76370"},{"taxonomy":"product_cat","embeddable":true,"href":"https:\/\/www.rizz.design\/es\/wp-json\/wp\/v2\/product_cat?post=76370"},{"taxonomy":"product_tag","embeddable":true,"href":"https:\/\/www.rizz.design\/es\/wp-json\/wp\/v2\/product_tag?post=76370"}],"curies":[{"name":"wp","href":"https:\/\/api.w.org\/{rel}","templated":true}]}}