{"id":79637,"date":"2025-09-30T08:51:21","date_gmt":"2025-09-30T07:51:21","guid":{"rendered":"https:\/\/www.rizz.design\/product\/paragueros\/"},"modified":"2026-03-10T10:03:10","modified_gmt":"2026-03-10T09:03:10","slug":"paragueros","status":"publish","type":"product","link":"https:\/\/www.rizz.design\/es\/producto\/paragueros\/","title":{"rendered":"Parag\u00fceros"},"content":{"rendered":"<p>[et_pb_section fb_built=\u00bb1&#8243; _builder_version=\u00bb4.27.4&#8243; _module_preset=\u00bbdefault\u00bb background_color=\u00bb#000000&#8243; locked=\u00bboff\u00bb global_colors_info=\u00bb{}\u00bb][et_pb_row column_structure=\u00bb2_5,3_5&#8243; _builder_version=\u00bb4.27.0&#8243; _module_preset=\u00bb_initial\u00bb custom_css_main_element=\u00bbdisplay: flex;||align-items: center;\u00bb custom_css_free_form=\u00bb@media (max-width: 980px) {||  selector {||    flex-direction: column;||  }||}\u00bb global_colors_info=\u00bb{}\u00bb][et_pb_column type=\u00bb2_5&#8243; _builder_version=\u00bb4.27.0&#8243; _module_preset=\u00bbdefault\u00bb global_colors_info=\u00bb{}\u00bb][et_pb_text _builder_version=\u00bb4.27.4&#8243; _module_preset=\u00bbdefault\u00bb text_font=\u00bb||||||||\u00bb text_text_color=\u00bb#FFFFFF\u00bb text_font_size=\u00bb38px\u00bb custom_margin=\u00bb||7px||false|false\u00bb custom_css_free_form=\u00bbselector span.head_text.small {||  font-size: 36px!important;||  font-weight: bold;||\tline-height: 50px;||}\u00bb global_colors_info=\u00bb{}\u00bb]<\/p>\n<p><span class=\"head_text small\">RiZZ parag\u00fceros:<br \/>2 dise\u00f1os para una entrada sofisticada<br \/><\/span><\/p>\n<p>[\/et_pb_text][et_pb_text _builder_version=\u00bb4.27.4&#8243; _module_preset=\u00bbdefault\u00bb text_text_color=\u00bb#FFFFFF\u00bb custom_css_free_form=\u00bbselector p {||  font-size: 28px;||  line-height: 40px;||}\u00bb global_colors_info=\u00bb{}\u00bb]<\/p>\n<p><i><span style=\"font-weight: 400;\">The Disc<\/span><\/i><span style=\"font-weight: 400;\"> y <\/span><i><span style=\"font-weight: 400;\">The Ring<\/span><\/i><span style=\"font-weight: 400;\">. Dise\u00f1ados para combinar un minimalismo elegante con una funcionalidad impecable, cada pieza convierte lo cotidiano en un objeto con presencia escult\u00f3rica.<\/span><\/p>\n<p>[\/et_pb_text][et_pb_button button_text=\u00bbSelecciona tu dise\u00f1o favorito\u00bb module_class=\u00bbtrigger_product_popup\u00bb _builder_version=\u00bb4.27.4&#8243; _module_preset=\u00bbdefault\u00bb global_colors_info=\u00bb{}\u00bb][\/et_pb_button][\/et_pb_column][et_pb_column type=\u00bb3_5&#8243; _builder_version=\u00bb4.27.0&#8243; _module_preset=\u00bbdefault\u00bb global_colors_info=\u00bb{}\u00bb][et_pb_image src=\u00bbhttps:\/\/www.rizz.design\/wp-content\/uploads\/2025\/09\/RiZZ_Sfeerfoto_The_Disc_Palm_Teun_Fleskens.jpg\u00bb title_text=\u00bb\u00a9 LISA KLAPPE\u00bb align=\u00bbcenter\u00bb _builder_version=\u00bb4.27.4&#8243; _module_preset=\u00bbdefault\u00bb global_colors_info=\u00bb{}\u00bb][\/et_pb_image][\/et_pb_column][\/et_pb_row][\/et_pb_section][et_pb_section fb_built=\u00bb1&#8243; _builder_version=\u00bb4.27.4&#8243; _module_preset=\u00bbdefault\u00bb locked=\u00bboff\u00bb global_colors_info=\u00bb{}\u00bb][et_pb_row column_structure=\u00bb2_5,3_5&#8243; _builder_version=\u00bb4.27.0&#8243; _module_preset=\u00bb_initial\u00bb custom_css_main_element=\u00bbdisplay: flex;||align-items: center;\u00bb custom_css_free_form=\u00bb@media (max-width: 980px) {||  selector {||    flex-direction: column-reverse;||    gap: 25px;||  }||  ||  selector img {||    max-width: 450px;||    width: 100%!important;||  }||}\u00bb global_colors_info=\u00bb{}\u00bb][et_pb_column type=\u00bb2_5&#8243; _builder_version=\u00bb4.27.0&#8243; _module_preset=\u00bbdefault\u00bb global_colors_info=\u00bb{}\u00bb][et_pb_image src=\u00bbhttps:\/\/www.rizz.design\/wp-content\/uploads\/2025\/09\/RiZZ_umbrellastand_disc-1.jpg\u00bb title_text=\u00bbRiZZ_umbrellastand_disc\u00bb _builder_version=\u00bb4.27.4&#8243; _module_preset=\u00bbdefault\u00bb max_height=\u00bb65vh\u00bb global_colors_info=\u00bb{}\u00bb][\/et_pb_image][\/et_pb_column][et_pb_column type=\u00bb3_5&#8243; _builder_version=\u00bb4.27.0&#8243; _module_preset=\u00bbdefault\u00bb global_colors_info=\u00bb{}\u00bb][et_pb_blurb title=\u00bbThe Disc\u00bb content_max_width=\u00bb100%\u00bb _builder_version=\u00bb4.27.4&#8243; _module_preset=\u00bbdefault\u00bb header_font=\u00bb|600||on|||||\u00bb header_text_color=\u00bbgcid-62d4cf57-a9b8-458a-be71-4790c9153c28&#8243; header_font_size=\u00bb20px\u00bb width=\u00bb100%\u00bb module_alignment=\u00bbleft\u00bb global_colors_info=\u00bb{%22gcid-62d4cf57-a9b8-458a-be71-4790c9153c28%22:%91%22header_text_color%22%93}\u00bb]<\/p>\n<p>Un parag\u00fcero independiente y pesado que mantiene cualquier paraguas en posici\u00f3n vertical \u2014 desde dise\u00f1os finos y elegantes hasta modelos robustos y resistentes al viento. Basta con colocarlo en una de las aberturas de precisi\u00f3n; la base s\u00f3lida garantiza una estabilidad perfecta. Disponible en negro, blanco y acero inoxidable para adaptarse a cualquier estilo interior o exterior.<\/p>\n<p><span style=\"font-weight: 400;\">VENTAJAS<\/span><\/p>\n<ul>\n<li>Dise\u00f1o independiente \u2014 sin necesidad de instalaci\u00f3n<\/li>\n<li><span style=\"font-weight: 400;\"><\/span>Construcci\u00f3n s\u00f3lida en acero inoxidable duradero<\/li>\n<li>Minimalista, elegante y f\u00e1cil de mover<\/li>\n<\/ul>\n<p>[\/et_pb_blurb][et_pb_button button_url=\u00bbhttps:\/\/www.rizz.design\/es\/producto\/paragueros\/?modal=1&amp;attribute_kies-uw-type=schijf\u00bb button_text=\u00bbComprar ahora\u00bb _builder_version=\u00bb4.27.4&#8243; _module_preset=\u00bbdefault\u00bb custom_css_free_form=\u00bb.et_pb_button_3_wrapper {||  display: flex;||}||||selector {||  margin-left: auto;||  margin-right: auto;||}\u00bb global_colors_info=\u00bb{}\u00bb][\/et_pb_button][\/et_pb_column][\/et_pb_row][\/et_pb_section][et_pb_section fb_built=\u00bb1&#8243; _builder_version=\u00bb4.27.4&#8243; _module_preset=\u00bbdefault\u00bb background_color=\u00bb#000000&#8243; locked=\u00bboff\u00bb global_colors_info=\u00bb{}\u00bb][et_pb_row column_structure=\u00bb2_5,3_5&#8243; disabled_on=\u00bboff|on|on\u00bb _builder_version=\u00bb4.27.0&#8243; _module_preset=\u00bb_initial\u00bb custom_css_main_element=\u00bbdisplay: flex;||align-items: center;\u00bb custom_css_free_form=\u00bb@media (max-width: 980px) {||  selector {||    flex-direction: column-reverse;||    gap: 25px;||  }||  ||  selector img {||    max-width: 450px;||    width: 100%!important;||  }||}\u00bb global_colors_info=\u00bb{}\u00bb][et_pb_column type=\u00bb2_5&#8243; _builder_version=\u00bb4.27.0&#8243; _module_preset=\u00bbdefault\u00bb global_colors_info=\u00bb{}\u00bb][et_pb_image src=\u00bbhttps:\/\/www.rizz.design\/wp-content\/uploads\/2025\/09\/The_Ring.jpg\u00bb title_text=\u00bbThe_Ring\u00bb disabled_on=\u00bboff|off|off\u00bb _builder_version=\u00bb4.27.4&#8243; _module_preset=\u00bbdefault\u00bb max_height=\u00bb65vh\u00bb global_colors_info=\u00bb{}\u00bb][\/et_pb_image][\/et_pb_column][et_pb_column type=\u00bb3_5&#8243; _builder_version=\u00bb4.27.0&#8243; _module_preset=\u00bbdefault\u00bb global_colors_info=\u00bb{}\u00bb][et_pb_blurb title=\u00bbThe Ring\u00bb content_max_width=\u00bb100%\u00bb _builder_version=\u00bb4.27.4&#8243; _module_preset=\u00bbdefault\u00bb header_font=\u00bb|600||on|||||\u00bb header_text_color=\u00bbgcid-62d4cf57-a9b8-458a-be71-4790c9153c28&#8243; header_font_size=\u00bb20px\u00bb background_layout=\u00bbdark\u00bb width=\u00bb100%\u00bb module_alignment=\u00bbleft\u00bb global_colors_info=\u00bb{%22gcid-62d4cf57-a9b8-458a-be71-4790c9153c28%22:%91%22header_text_color%22%93}\u00bb]<\/p>\n<p>\u2018The Ring\u2019 redefine el parag\u00fcero cl\u00e1sico con un dise\u00f1o minimalista y que ahorra espacio. El aro de pared sujeta con seguridad cualquier paraguas de bast\u00f3n, mientras que el gancho estilizado ofrece un lugar para los modelos plegables o compactos. Abajo, una bandeja recoge-gotas independiente recoge el agua y se extrae f\u00e1cilmente para limpiarla. Disponible en negro, blanco y acero inoxidable para complementar cualquier interior.<\/p>\n<p><span style=\"font-weight: 400;\">VENTAJAS<\/span><\/p>\n<ul>\n<li>Altura regulable para un acceso c\u00f3modo<\/li>\n<li><span style=\"font-weight: 400;\"><\/span>Estructura abierta para un secado r\u00e1pido<\/li>\n<li>Bandeja recoge-gotas f\u00e1cil de limpiar<\/li>\n<li>Fabricado con materiales duraderos y resistentes<\/li>\n<\/ul>\n<p>[\/et_pb_blurb][et_pb_button button_url=\u00bbhttps:\/\/www.rizz.design\/es\/producto\/paragueros\/?modal=1&amp;attribute_kies-uw-type=ring\u00bb button_text=\u00bbComprar ahora\u00bb _builder_version=\u00bb4.27.4&#8243; _module_preset=\u00bbdefault\u00bb custom_css_free_form=\u00bb.et_pb_button_3_wrapper {||  display: flex;||}||||selector {||  margin-left: auto;||  margin-right: auto;||}\u00bb global_colors_info=\u00bb{}\u00bb][\/et_pb_button][\/et_pb_column][\/et_pb_row][et_pb_row column_structure=\u00bb3_5,2_5&#8243; disabled_on=\u00bbon|off|off\u00bb _builder_version=\u00bb4.27.4&#8243; _module_preset=\u00bb_initial\u00bb custom_css_main_element=\u00bbdisplay: flex;||align-items: center;\u00bb custom_css_free_form=\u00bb@media (max-width: 980px) {||  selector {||    flex-direction: column-reverse;||    gap: 25px;||  }||  ||  selector img {||    max-width: 450px;||    width: 100%!important;||  }||}\u00bb global_colors_info=\u00bb{}\u00bb][et_pb_column type=\u00bb3_5&#8243; _builder_version=\u00bb4.27.0&#8243; _module_preset=\u00bbdefault\u00bb global_colors_info=\u00bb{}\u00bb][et_pb_blurb title=\u00bbThe Ring\u00bb content_max_width=\u00bb100%\u00bb _builder_version=\u00bb4.27.4&#8243; _module_preset=\u00bbdefault\u00bb header_font=\u00bb|600||on|||||\u00bb header_text_color=\u00bbgcid-62d4cf57-a9b8-458a-be71-4790c9153c28&#8243; header_font_size=\u00bb20px\u00bb background_layout=\u00bbdark\u00bb width=\u00bb100%\u00bb module_alignment=\u00bbleft\u00bb global_colors_info=\u00bb{%22gcid-62d4cf57-a9b8-458a-be71-4790c9153c28%22:%91%22header_text_color%22%93}\u00bb]<\/p>\n<p>\u2018The Ring\u2019 redefine el parag\u00fcero cl\u00e1sico con un dise\u00f1o minimalista y que ahorra espacio. El aro de pared sujeta con seguridad cualquier paraguas de bast\u00f3n, mientras que el gancho estilizado ofrece un lugar para los modelos plegables o compactos. Abajo, una bandeja recoge-gotas independiente recoge el agua y se extrae f\u00e1cilmente para limpiarla. Disponible en negro, blanco y acero inoxidable para complementar cualquier interior.<\/p>\n<p><span style=\"font-weight: 400;\">VENTAJAS<\/span><\/p>\n<ul>\n<li>Altura regulable para un acceso c\u00f3modo<\/li>\n<li><span style=\"font-weight: 400;\"><\/span>Estructura abierta para un secado r\u00e1pido<\/li>\n<li>Bandeja recoge-gotas f\u00e1cil de limpiar<\/li>\n<li>Fabricado con materiales duraderos y resistentes<\/li>\n<\/ul>\n<p>[\/et_pb_blurb][et_pb_button button_url=\u00bbhttps:\/\/www.rizz.design\/es\/producto\/paragueros\/?modal=1&amp;attribute_kies-uw-type=ring\u00bb button_text=\u00bbComprar ahora\u00bb _builder_version=\u00bb4.27.4&#8243; _module_preset=\u00bbdefault\u00bb custom_css_free_form=\u00bb.et_pb_button_3_wrapper {||  display: flex;||}||||selector {||  margin-left: auto;||  margin-right: auto;||}\u00bb global_colors_info=\u00bb{}\u00bb][\/et_pb_button][\/et_pb_column][et_pb_column type=\u00bb2_5&#8243; _builder_version=\u00bb4.27.0&#8243; _module_preset=\u00bbdefault\u00bb global_colors_info=\u00bb{}\u00bb][et_pb_image src=\u00bbhttps:\/\/www.rizz.design\/wp-content\/uploads\/2025\/09\/The_Ring.jpg\u00bb title_text=\u00bbThe_Ring\u00bb disabled_on=\u00bboff|off|off\u00bb _builder_version=\u00bb4.27.4&#8243; _module_preset=\u00bbdefault\u00bb max_height=\u00bb65vh\u00bb global_colors_info=\u00bb{}\u00bb][\/et_pb_image][\/et_pb_column][\/et_pb_row][\/et_pb_section][et_pb_section fb_built=\u00bb1&#8243; _builder_version=\u00bb4.27.0&#8243; _module_preset=\u00bbdefault\u00bb locked=\u00bboff\u00bb global_colors_info=\u00bb{}\u00bb][et_pb_row column_structure=\u00bb1_2,1_2&#8243; _builder_version=\u00bb4.27.4&#8243; _module_preset=\u00bb_initial\u00bb global_colors_info=\u00bb{}\u00bb][et_pb_column type=\u00bb1_2&#8243; _builder_version=\u00bb4.27.0&#8243; _module_preset=\u00bbdefault\u00bb global_colors_info=\u00bb{}\u00bb][et_pb_blurb title=\u00bbThe Disc\u00bb image=\u00bbhttps:\/\/www.rizz.design\/wp-content\/uploads\/2025\/09\/Disc_black-2.jpg\u00bb _builder_version=\u00bb4.27.4&#8243; _module_preset=\u00bbdefault\u00bb header_font=\u00bb|600||on|||||\u00bb header_text_align=\u00bbcenter\u00bb header_text_color=\u00bbgcid-62d4cf57-a9b8-458a-be71-4790c9153c28&#8243; header_font_size=\u00bb22px\u00bb custom_css_free_form=\u00bbselector img {||  height: 500px;||  object-fit: contain;||}\u00bb global_colors_info=\u00bb{%22gcid-62d4cf57-a9b8-458a-be71-4790c9153c28%22:%91%22header_text_color%22%93}\u00bb][\/et_pb_blurb][et_pb_button button_url=\u00bbhttps:\/\/www.rizz.design\/es\/producto\/paragueros\/?modal=1&amp;attribute_kies-uw-type=schijf\u00bb button_text=\u00bbElige tu color\u00bb button_alignment=\u00bbcenter\u00bb _builder_version=\u00bb4.27.4&#8243; _module_preset=\u00bbdefault\u00bb custom_css_free_form=\u00bb.et_pb_button_3_wrapper {||  display: flex;||}||||selector {||  margin-left: auto;||  margin-right: auto;||}\u00bb locked=\u00bboff\u00bb global_colors_info=\u00bb{}\u00bb][\/et_pb_button][\/et_pb_column][et_pb_column type=\u00bb1_2&#8243; _builder_version=\u00bb4.27.0&#8243; _module_preset=\u00bbdefault\u00bb global_colors_info=\u00bb{}\u00bb][et_pb_blurb title=\u00bbThe Ring\u00bb image=\u00bbhttps:\/\/www.rizz.design\/wp-content\/uploads\/2025\/09\/Paraplubak_The_Ring_Roestvrij_Staal_RiZZ_Teun_Fleskens-1.jpg\u00bb _builder_version=\u00bb4.27.4&#8243; _module_preset=\u00bbdefault\u00bb header_font=\u00bb|600||on|||||\u00bb header_text_align=\u00bbcenter\u00bb header_text_color=\u00bbgcid-62d4cf57-a9b8-458a-be71-4790c9153c28&#8243; header_font_size=\u00bb22px\u00bb custom_css_free_form=\u00bbselector img {||  height: 500px;||  object-fit: contain;||}\u00bb locked=\u00bboff\u00bb global_colors_info=\u00bb{%22gcid-62d4cf57-a9b8-458a-be71-4790c9153c28%22:%91%22header_text_color%22%93}\u00bb][\/et_pb_blurb][et_pb_button button_url=\u00bbhttps:\/\/www.rizz.design\/es\/producto\/paragueros\/?modal=1&amp;attribute_kies-uw-type=ring\u00bb button_text=\u00bbElige tu color\u00bb button_alignment=\u00bbcenter\u00bb _builder_version=\u00bb4.27.4&#8243; _module_preset=\u00bbdefault\u00bb custom_css_free_form=\u00bb.et_pb_button_3_wrapper {||  display: flex;||}||||selector {||  margin-left: auto;||  margin-right: auto;||}\u00bb locked=\u00bboff\u00bb global_colors_info=\u00bb{}\u00bb][\/et_pb_button][\/et_pb_column][\/et_pb_row][\/et_pb_section][et_pb_section fb_built=\u00bb1&#8243; _builder_version=\u00bb4.27.0&#8243; _module_preset=\u00bbdefault\u00bb background_color=\u00bb#000000&#8243; locked=\u00bboff\u00bb global_colors_info=\u00bb{}\u00bb][et_pb_row use_custom_gutter=\u00bbon\u00bb gutter_width=\u00bb2&#8243; make_equal=\u00bbon\u00bb _builder_version=\u00bb4.27.4&#8243; _module_preset=\u00bb_initial\u00bb custom_margin=\u00bb||-50px||false|false\u00bb custom_padding=\u00bb||||false|false\u00bb global_colors_info=\u00bb{}\u00bb][et_pb_column type=\u00bb4_4&#8243; _builder_version=\u00bb4.27.4&#8243; _module_preset=\u00bbdefault\u00bb global_colors_info=\u00bb{}\u00bb][et_pb_text _builder_version=\u00bb4.27.4&#8243; _module_preset=\u00bbdefault\u00bb text_font=\u00bb||||||||\u00bb text_text_color=\u00bb#FFFFFF\u00bb text_font_size=\u00bb38px\u00bb header_font_size=\u00bb41px\u00bb header_2_font_size=\u00bb34px\u00bb background_layout=\u00bbdark\u00bb custom_margin=\u00bb||||false|false\u00bb header_2_font_size_tablet=\u00bb30px\u00bb header_2_font_size_phone=\u00bb26px\u00bb header_2_font_size_last_edited=\u00bbon|tablet\u00bb custom_css_free_form=\u00bbselector span.head_text.small {||  font-size: 36px!important;||  font-weight: bold;||\tline-height: 50px;||}\u00bb global_colors_info=\u00bb{}\u00bb]<\/p>\n<h2>Imagina las gradas en tu espacio<\/h2>\n<p>[\/et_pb_text][\/et_pb_column][\/et_pb_row][et_pb_row column_structure=\u00bb1_2,1_2&#8243; use_custom_gutter=\u00bbon\u00bb gutter_width=\u00bb2&#8243; make_equal=\u00bbon\u00bb _builder_version=\u00bb4.27.4&#8243; _module_preset=\u00bb_initial\u00bb custom_padding=\u00bb48px|||||\u00bb global_colors_info=\u00bb{}\u00bb][et_pb_column type=\u00bb1_2&#8243; _builder_version=\u00bb4.27.4&#8243; _module_preset=\u00bbdefault\u00bb global_colors_info=\u00bb{}\u00bb][et_pb_image src=\u00bbhttps:\/\/www.rizz.design\/wp-content\/uploads\/2025\/09\/Umbrella-Ring-In-Your-Home-1.jpg\u00bb title_text=\u00bbUmbrella Ring In Your Home\u00bb show_in_lightbox=\u00bbon\u00bb _builder_version=\u00bb4.27.4&#8243; _module_preset=\u00bbdefault\u00bb global_colors_info=\u00bb{}\u00bb][\/et_pb_image][\/et_pb_column][et_pb_column type=\u00bb1_2&#8243; _builder_version=\u00bb4.27.4&#8243; _module_preset=\u00bbdefault\u00bb global_colors_info=\u00bb{}\u00bb][\/et_pb_column][\/et_pb_row][\/et_pb_section]<\/p>\n","protected":false},"excerpt":{"rendered":"<p>RiZZ parag\u00fceros:2 dise\u00f1os para una entrada sofisticadaThe Disc y The Ring. Dise\u00f1ados para combinar un minimalismo elegante con una funcionalidad impecable, cada pieza convierte lo cotidiano en un objeto con presencia escult\u00f3rica.Un parag\u00fcero independiente y pesado que mantiene cualquier paraguas en posici\u00f3n vertical \u2014 desde dise\u00f1os finos y elegantes hasta modelos robustos y resistentes al [&hellip;]<\/p>\n","protected":false},"featured_media":79378,"comment_status":"closed","ping_status":"closed","template":"","meta":{"_acf_changed":false,"_et_pb_use_builder":"on","_et_pb_old_content":"","_et_gb_content_width":"","footnotes":""},"product_brand":[],"product_cat":[448],"product_tag":[],"class_list":{"0":"post-79637","1":"product","2":"type-product","3":"status-publish","4":"has-post-thumbnail","6":"product_cat-accesorios","7":"pa_color-anthracite-es","8":"pa_color-white-es","9":"pa_color-stainless-steel-es","11":"first","12":"instock","13":"taxable","14":"shipping-taxable","15":"purchasable","16":"product-type-variable","17":"has-default-attributes"},"acf":[],"yoast_head":"<!-- This site is optimized with the Yoast SEO Premium plugin v27.1 (Yoast SEO v27.1.1) - https:\/\/yoast.com\/product\/yoast-seo-premium-wordpress\/ -->\n<title>Parag\u00fceros - RiZZ | Official Website<\/title>\n<meta name=\"robots\" content=\"index, follow, max-snippet:-1, max-image-preview:large, max-video-preview:-1\" \/>\n<link rel=\"canonical\" href=\"https:\/\/www.rizz.design\/es\/producto\/paragueros\/\" \/>\n<meta property=\"og:locale\" content=\"es_ES\" \/>\n<meta property=\"og:type\" content=\"article\" \/>\n<meta property=\"og:title\" content=\"Parag\u00fceros\" \/>\n<meta property=\"og:description\" content=\"RiZZ parag\u00fceros:2 dise\u00f1os para una entrada sofisticadaThe Disc y The Ring. Dise\u00f1ados para combinar un minimalismo elegante con una funcionalidad impecable, cada pieza convierte lo cotidiano en un objeto con presencia escult\u00f3rica.Un parag\u00fcero independiente y pesado que mantiene cualquier paraguas en posici\u00f3n vertical \u2014 desde dise\u00f1os finos y elegantes hasta modelos robustos y resistentes al [&hellip;]\" \/>\n<meta property=\"og:url\" content=\"https:\/\/www.rizz.design\/es\/producto\/paragueros\/\" \/>\n<meta property=\"og:site_name\" content=\"RiZZ | Official Website\" \/>\n<meta property=\"article:modified_time\" content=\"2026-03-10T09:03:10+00:00\" \/>\n<meta property=\"og:image\" content=\"https:\/\/www.rizz.design\/wp-content\/uploads\/2025\/09\/Ring-and-Disc-1.jpg\" \/>\n\t<meta property=\"og:image:width\" content=\"500\" \/>\n\t<meta property=\"og:image:height\" content=\"500\" \/>\n\t<meta property=\"og:image:type\" content=\"image\/jpeg\" \/>\n<meta name=\"twitter:card\" content=\"summary_large_image\" \/>\n<meta name=\"twitter:label1\" content=\"Tiempo de lectura\" \/>\n\t<meta name=\"twitter:data1\" content=\"9 minutos\" \/>\n<script type=\"application\/ld+json\" class=\"yoast-schema-graph\">{\"@context\":\"https:\/\/schema.org\",\"@graph\":[{\"@type\":\"WebPage\",\"@id\":\"https:\/\/www.rizz.design\/es\/producto\/paragueros\/\",\"url\":\"https:\/\/www.rizz.design\/es\/producto\/paragueros\/\",\"name\":\"Parag\u00fceros - RiZZ | Official Website\",\"isPartOf\":{\"@id\":\"https:\/\/www.rizz.design\/es\/#website\"},\"primaryImageOfPage\":{\"@id\":\"https:\/\/www.rizz.design\/es\/producto\/paragueros\/#primaryimage\"},\"image\":{\"@id\":\"https:\/\/www.rizz.design\/es\/producto\/paragueros\/#primaryimage\"},\"thumbnailUrl\":\"https:\/\/www.rizz.design\/wp-content\/uploads\/2025\/09\/Ring-and-Disc-1.jpg\",\"datePublished\":\"2025-09-30T07:51:21+00:00\",\"dateModified\":\"2026-03-10T09:03:10+00:00\",\"breadcrumb\":{\"@id\":\"https:\/\/www.rizz.design\/es\/producto\/paragueros\/#breadcrumb\"},\"inLanguage\":\"es\",\"potentialAction\":[{\"@type\":\"ReadAction\",\"target\":[\"https:\/\/www.rizz.design\/es\/producto\/paragueros\/\"]}]},{\"@type\":\"ImageObject\",\"inLanguage\":\"es\",\"@id\":\"https:\/\/www.rizz.design\/es\/producto\/paragueros\/#primaryimage\",\"url\":\"https:\/\/www.rizz.design\/wp-content\/uploads\/2025\/09\/Ring-and-Disc-1.jpg\",\"contentUrl\":\"https:\/\/www.rizz.design\/wp-content\/uploads\/2025\/09\/Ring-and-Disc-1.jpg\",\"width\":500,\"height\":500},{\"@type\":\"BreadcrumbList\",\"@id\":\"https:\/\/www.rizz.design\/es\/producto\/paragueros\/#breadcrumb\",\"itemListElement\":[{\"@type\":\"ListItem\",\"position\":1,\"name\":\"Home\",\"item\":\"https:\/\/www.rizz.design\/es\/\"},{\"@type\":\"ListItem\",\"position\":2,\"name\":\"Productos\",\"item\":\"https:\/\/www.rizz.design\/es\/shop\/\"},{\"@type\":\"ListItem\",\"position\":3,\"name\":\"Parag\u00fceros\"}]},{\"@type\":\"WebSite\",\"@id\":\"https:\/\/www.rizz.design\/es\/#website\",\"url\":\"https:\/\/www.rizz.design\/es\/\",\"name\":\"RiZZ | Official Website\",\"description\":\"Since 1941\",\"potentialAction\":[{\"@type\":\"SearchAction\",\"target\":{\"@type\":\"EntryPoint\",\"urlTemplate\":\"https:\/\/www.rizz.design\/es\/?s={search_term_string}\"},\"query-input\":{\"@type\":\"PropertyValueSpecification\",\"valueRequired\":true,\"valueName\":\"search_term_string\"}}],\"inLanguage\":\"es\"}]}<\/script>\n<!-- \/ Yoast SEO Premium plugin. -->","yoast_head_json":{"title":"Parag\u00fceros - RiZZ | Official Website","robots":{"index":"index","follow":"follow","max-snippet":"max-snippet:-1","max-image-preview":"max-image-preview:large","max-video-preview":"max-video-preview:-1"},"canonical":"https:\/\/www.rizz.design\/es\/producto\/paragueros\/","og_locale":"es_ES","og_type":"article","og_title":"Parag\u00fceros","og_description":"RiZZ parag\u00fceros:2 dise\u00f1os para una entrada sofisticadaThe Disc y The Ring. Dise\u00f1ados para combinar un minimalismo elegante con una funcionalidad impecable, cada pieza convierte lo cotidiano en un objeto con presencia escult\u00f3rica.Un parag\u00fcero independiente y pesado que mantiene cualquier paraguas en posici\u00f3n vertical \u2014 desde dise\u00f1os finos y elegantes hasta modelos robustos y resistentes al [&hellip;]","og_url":"https:\/\/www.rizz.design\/es\/producto\/paragueros\/","og_site_name":"RiZZ | Official Website","article_modified_time":"2026-03-10T09:03:10+00:00","og_image":[{"width":500,"height":500,"url":"https:\/\/www.rizz.design\/wp-content\/uploads\/2025\/09\/Ring-and-Disc-1.jpg","type":"image\/jpeg"}],"twitter_card":"summary_large_image","twitter_misc":{"Tiempo de lectura":"9 minutos"},"schema":{"@context":"https:\/\/schema.org","@graph":[{"@type":"WebPage","@id":"https:\/\/www.rizz.design\/es\/producto\/paragueros\/","url":"https:\/\/www.rizz.design\/es\/producto\/paragueros\/","name":"Parag\u00fceros - RiZZ | Official Website","isPartOf":{"@id":"https:\/\/www.rizz.design\/es\/#website"},"primaryImageOfPage":{"@id":"https:\/\/www.rizz.design\/es\/producto\/paragueros\/#primaryimage"},"image":{"@id":"https:\/\/www.rizz.design\/es\/producto\/paragueros\/#primaryimage"},"thumbnailUrl":"https:\/\/www.rizz.design\/wp-content\/uploads\/2025\/09\/Ring-and-Disc-1.jpg","datePublished":"2025-09-30T07:51:21+00:00","dateModified":"2026-03-10T09:03:10+00:00","breadcrumb":{"@id":"https:\/\/www.rizz.design\/es\/producto\/paragueros\/#breadcrumb"},"inLanguage":"es","potentialAction":[{"@type":"ReadAction","target":["https:\/\/www.rizz.design\/es\/producto\/paragueros\/"]}]},{"@type":"ImageObject","inLanguage":"es","@id":"https:\/\/www.rizz.design\/es\/producto\/paragueros\/#primaryimage","url":"https:\/\/www.rizz.design\/wp-content\/uploads\/2025\/09\/Ring-and-Disc-1.jpg","contentUrl":"https:\/\/www.rizz.design\/wp-content\/uploads\/2025\/09\/Ring-and-Disc-1.jpg","width":500,"height":500},{"@type":"BreadcrumbList","@id":"https:\/\/www.rizz.design\/es\/producto\/paragueros\/#breadcrumb","itemListElement":[{"@type":"ListItem","position":1,"name":"Home","item":"https:\/\/www.rizz.design\/es\/"},{"@type":"ListItem","position":2,"name":"Productos","item":"https:\/\/www.rizz.design\/es\/shop\/"},{"@type":"ListItem","position":3,"name":"Parag\u00fceros"}]},{"@type":"WebSite","@id":"https:\/\/www.rizz.design\/es\/#website","url":"https:\/\/www.rizz.design\/es\/","name":"RiZZ | Official Website","description":"Since 1941","potentialAction":[{"@type":"SearchAction","target":{"@type":"EntryPoint","urlTemplate":"https:\/\/www.rizz.design\/es\/?s={search_term_string}"},"query-input":{"@type":"PropertyValueSpecification","valueRequired":true,"valueName":"search_term_string"}}],"inLanguage":"es"}]}},"_links":{"self":[{"href":"https:\/\/www.rizz.design\/es\/wp-json\/wp\/v2\/product\/79637","targetHints":{"allow":["GET"]}}],"collection":[{"href":"https:\/\/www.rizz.design\/es\/wp-json\/wp\/v2\/product"}],"about":[{"href":"https:\/\/www.rizz.design\/es\/wp-json\/wp\/v2\/types\/product"}],"replies":[{"embeddable":true,"href":"https:\/\/www.rizz.design\/es\/wp-json\/wp\/v2\/comments?post=79637"}],"version-history":[{"count":33,"href":"https:\/\/www.rizz.design\/es\/wp-json\/wp\/v2\/product\/79637\/revisions"}],"predecessor-version":[{"id":82226,"href":"https:\/\/www.rizz.design\/es\/wp-json\/wp\/v2\/product\/79637\/revisions\/82226"}],"wp:featuredmedia":[{"embeddable":true,"href":"https:\/\/www.rizz.design\/es\/wp-json\/wp\/v2\/media\/79378"}],"wp:attachment":[{"href":"https:\/\/www.rizz.design\/es\/wp-json\/wp\/v2\/media?parent=79637"}],"wp:term":[{"taxonomy":"product_brand","embeddable":true,"href":"https:\/\/www.rizz.design\/es\/wp-json\/wp\/v2\/product_brand?post=79637"},{"taxonomy":"product_cat","embeddable":true,"href":"https:\/\/www.rizz.design\/es\/wp-json\/wp\/v2\/product_cat?post=79637"},{"taxonomy":"product_tag","embeddable":true,"href":"https:\/\/www.rizz.design\/es\/wp-json\/wp\/v2\/product_tag?post=79637"}],"curies":[{"name":"wp","href":"https:\/\/api.w.org\/{rel}","templated":true}]}}