{"id":16850,"date":"2022-01-21T11:42:46","date_gmt":"2022-01-21T10:42:46","guid":{"rendered":"https:\/\/www.rizz.design\/a-propos-de-rizz\/"},"modified":"2026-04-20T09:08:47","modified_gmt":"2026-04-20T08:08:47","slug":"a-propos-de-rizz","status":"publish","type":"page","link":"https:\/\/www.rizz.design\/fr\/a-propos-de-rizz\/","title":{"rendered":"\u00c0 propos de RIZZ Design"},"content":{"rendered":"<p>[et_pb_section fb_built=\u00a0\u00bb1&Prime; _builder_version=\u00a0\u00bb4.16&Prime; _module_preset=\u00a0\u00bbdefault\u00a0\u00bb global_colors_info=\u00a0\u00bb{}\u00a0\u00bb][et_pb_row _builder_version=\u00a0\u00bb4.16&Prime; _module_preset=\u00a0\u00bbdefault\u00a0\u00bb custom_padding=\u00a0\u00bb||0px|||\u00a0\u00bb collapsed=\u00a0\u00bboff\u00a0\u00bb global_colors_info=\u00a0\u00bb{}\u00a0\u00bb][et_pb_column type=\u00a0\u00bb4_4&Prime; _builder_version=\u00a0\u00bb4.16&Prime; _module_preset=\u00a0\u00bbdefault\u00a0\u00bb global_colors_info=\u00a0\u00bb{}\u00a0\u00bb][et_pb_dmb_breadcrumbs show_category_crumbs=\u00a0\u00bboff\u00a0\u00bb show_custom_taxonomy_crumbs=\u00a0\u00bboff\u00a0\u00bb _builder_version=\u00a0\u00bb4.27.0&Prime; _module_preset=\u00a0\u00bbdefault\u00a0\u00bb custom_padding=\u00a0\u00bb0px|||||\u00a0\u00bb global_colors_info=\u00a0\u00bb{}\u00a0\u00bb][\/et_pb_dmb_breadcrumbs][et_pb_text admin_label=\u00a0\u00bbText\u00a0\u00bb _builder_version=\u00a0\u00bb4.16&Prime; _module_preset=\u00a0\u00bbdefault\u00a0\u00bb global_colors_info=\u00a0\u00bb{}\u00a0\u00bb]<\/p>\n<h2>Notre entreprise<\/h2>\n<p>[\/et_pb_text][\/et_pb_column][\/et_pb_row][et_pb_row column_structure=\u00a0\u00bb1_2,1_2&Prime; _builder_version=\u00a0\u00bb4.16&Prime; _module_preset=\u00a0\u00bbdefault\u00a0\u00bb global_colors_info=\u00a0\u00bb{}\u00a0\u00bb][et_pb_column type=\u00a0\u00bb1_2&Prime; _builder_version=\u00a0\u00bb4.16&Prime; _module_preset=\u00a0\u00bbdefault\u00a0\u00bb global_colors_info=\u00a0\u00bb{}\u00a0\u00bb][et_pb_text _builder_version=\u00a0\u00bb4.27.6&Prime; _module_preset=\u00a0\u00bbdefault\u00a0\u00bb hover_enabled=\u00a0\u00bb0&Prime; global_colors_info=\u00a0\u00bb{}\u00a0\u00bb sticky_enabled=\u00a0\u00bb0&Prime;]<\/p>\n<p><strong>Notre entreprise familiale fabrique ses produits depuis 85 ans \u00e0 Niekerk aux Pays-Bas. Au sein de la famille RIZZ, nous sommes fiers de notre assortiment unique et de nos produits luxueux et durables. Nous imaginons nous-m\u00eames nos produits qui sont toujours fabriqu\u00e9s en grande partie \u00e0 la main par des professionnels du m\u00e9tier. Nous pouvons ainsi contr\u00f4ler de pr\u00e8s la qualit\u00e9 de nos produits.<\/strong><\/p>\n<p>[\/et_pb_text][et_pb_text _builder_version=\u00a0\u00bb4.16&Prime; _module_preset=\u00a0\u00bbdefault\u00a0\u00bb global_colors_info=\u00a0\u00bb{}\u00a0\u00bb]<\/p>\n<p><strong>Notre mission, notre promesse:<\/strong><br \/>\nLes luxueux tapis d\u2019entr\u00e9e et balais RIZZ sont de v\u00e9ritables atouts pour votre maison et votre terrasse.<br \/>\nLeur style ultra chic est adapt\u00e9 \u00e0 votre style de vie et notre design made in Holland garantit un niveau exceptionnel de qualit\u00e9, de fonctionnalit\u00e9 et de durabilit\u00e9.<\/p>\n<p>[\/et_pb_text][et_pb_image src=\u00a0\u00bbhttps:\/\/rizz.design\/wp-content\/uploads\/2021\/12\/about-rizz.jpg\u00a0\u00bb alt=\u00a0\u00bb\u00e0 propos de RIZZ\u00a0\u00bb title_text=\u00a0\u00bb\u00e0 propos de RIZZ\u00a0\u00bb disabled_on=\u00a0\u00bboff|off|on\u00a0\u00bb _builder_version=\u00a0\u00bb4.16&Prime; _module_preset=\u00a0\u00bbdefault\u00a0\u00bb global_colors_info=\u00a0\u00bb{}\u00a0\u00bb][\/et_pb_image][et_pb_text admin_label=\u00a0\u00bbText\u00a0\u00bb _builder_version=\u00a0\u00bb4.16&Prime; _module_preset=\u00a0\u00bbdefault\u00a0\u00bb global_colors_info=\u00a0\u00bb{}\u00a0\u00bb]<\/p>\n<p><strong>Nos valeurs:<\/strong><\/p>\n<p><\/p>\n<div style=\"width: 50%; float: left;\">\n<ul>\n<li>Solidarit\u00e9<\/li>\n<li>Authenticit\u00e9<\/li>\n<li>Qualit\u00e9<\/li>\n<li>Fonctionnalit\u00e9<\/li>\n<li>Savoir-faire artisanal<\/li>\n<li>Amour du d\u00e9tail<\/li>\n<\/ul>\n<\/div>\n<p><\/p>\n<div style=\"width: 50%; float: left;\">\n<ul>\n<li>Design<\/li>\n<li>Art<\/li>\n<li>Partenariats b\u00e9n\u00e9fiques<\/li>\n<li>Durabilit\u00e9<\/li>\n<li>Notre plan\u00e8te<\/li>\n<\/ul>\n<\/div>\n<p>[\/et_pb_text][\/et_pb_column][et_pb_column type=\u00a0\u00bb1_2&Prime; _builder_version=\u00a0\u00bb4.16&Prime; _module_preset=\u00a0\u00bbdefault\u00a0\u00bb global_colors_info=\u00a0\u00bb{}\u00a0\u00bb][et_pb_image src=\u00a0\u00bbhttps:\/\/rizz.design\/wp-content\/uploads\/2021\/12\/about-rizz.jpg\u00a0\u00bb alt=\u00a0\u00bb\u00e0 propos de RIZZ\u00a0\u00bb title_text=\u00a0\u00bb\u00e0 propos de RIZZ\u00a0\u00bb disabled_on=\u00a0\u00bbon|on|off\u00a0\u00bb _builder_version=\u00a0\u00bb4.16&Prime; _module_preset=\u00a0\u00bbdefault\u00a0\u00bb global_colors_info=\u00a0\u00bb{}\u00a0\u00bb][\/et_pb_image][\/et_pb_column][\/et_pb_row][\/et_pb_section][et_pb_section fb_built=\u00a0\u00bb1&Prime; _builder_version=\u00a0\u00bb4.16&Prime; _module_preset=\u00a0\u00bbdefault\u00a0\u00bb custom_margin_tablet=\u00a0\u00bb0px||||false|false\u00a0\u00bb custom_margin_phone=\u00a0\u00bb0px||||false|false\u00a0\u00bb custom_margin_last_edited=\u00a0\u00bbon|tablet\u00a0\u00bb custom_padding=\u00a0\u00bb0px||||false|false\u00a0\u00bb global_colors_info=\u00a0\u00bb{}\u00a0\u00bb][et_pb_row column_structure=\u00a0\u00bb1_2,1_2&Prime; _builder_version=\u00a0\u00bb4.16&Prime; _module_preset=\u00a0\u00bbdefault\u00a0\u00bb global_colors_info=\u00a0\u00bb{}\u00a0\u00bb][et_pb_column type=\u00a0\u00bb1_2&Prime; _builder_version=\u00a0\u00bb4.16&Prime; _module_preset=\u00a0\u00bbdefault\u00a0\u00bb global_colors_info=\u00a0\u00bb{}\u00a0\u00bb][et_pb_image src=\u00a0\u00bbhttps:\/\/rizz.design\/wp-content\/uploads\/2021\/12\/design-rizz.jpg\u00a0\u00bb alt=\u00a0\u00bb\u00e0 propos de RIZZ\u00a0\u00bb title_text=\u00a0\u00bb\u00e0 propos de RIZZ\u00a0\u00bb _builder_version=\u00a0\u00bb4.16&Prime; _module_preset=\u00a0\u00bbdefault\u00a0\u00bb global_colors_info=\u00a0\u00bb{}\u00a0\u00bb][\/et_pb_image][\/et_pb_column][et_pb_column type=\u00a0\u00bb1_2&Prime; _builder_version=\u00a0\u00bb4.16&Prime; _module_preset=\u00a0\u00bbdefault\u00a0\u00bb global_colors_info=\u00a0\u00bb{}\u00a0\u00bb][et_pb_text _builder_version=\u00a0\u00bb4.16&Prime; _module_preset=\u00a0\u00bbdefault\u00a0\u00bb global_colors_info=\u00a0\u00bb{}\u00a0\u00bb]<\/p>\n<h2>Philosophie de notre design<\/h2>\n<p>[\/et_pb_text][et_pb_text _builder_version=\u00a0\u00bb4.17.0&Prime; _module_preset=\u00a0\u00bbdefault\u00a0\u00bb global_colors_info=\u00a0\u00bb{}\u00a0\u00bb]<\/p>\n<p>Le design de nos produits est le fruit d\u2019une r\u00e9flexion.<\/p>\n<p>Le style des produits RIZZ se d\u00e9crit comme pur, intemporel, contemporain, luxueux, naturel versus industriel, clair, peu exigeant pour son utilisateur.\n<\/p>\n<p>\nRIZZ est fond\u00e9 sur le concept de la \u00ab finishing touch id\u00e9ale \u00bb et du design. En utilisant nos produits, vous profitez de la finesse de leur fabrication artisanale.\n<\/p>\n<p>\nNotre mission est de cr\u00e9er des produits fonctionnels mais qui cr\u00e9ent aussi une valeur ajout\u00e9e de luxe et d\u2019exception pour votre maison et votre terrasse.\n<\/p>\n<p>\nEn collaboration avec le designer n\u00e9erlandais Teun Fleskens, RIZZ s\u2019engage \u00e0 fabriquer ses produits de la fa\u00e7on la plus \u00e9cologique possible en prenant en compte l\u2019int\u00e9gralit\u00e9 de leur cycle de vie.<\/p>\n<p>[\/et_pb_text][\/et_pb_column][\/et_pb_row][\/et_pb_section][et_pb_section fb_built=\u00a0\u00bb1&Prime; module_class=\u00a0\u00bbquote_section\u00a0\u00bb _builder_version=\u00a0\u00bb4.16&Prime; _module_preset=\u00a0\u00bbdefault\u00a0\u00bb custom_padding=\u00a0\u00bb0px||0px|||\u00a0\u00bb global_colors_info=\u00a0\u00bb{}\u00a0\u00bb][et_pb_row column_structure=\u00a0\u00bb1_4,3_4&Prime; _builder_version=\u00a0\u00bb4.16&Prime; _module_preset=\u00a0\u00bbdefault\u00a0\u00bb width=\u00a0\u00bb100%\u00a0\u00bb global_colors_info=\u00a0\u00bb{}\u00a0\u00bb][et_pb_column type=\u00a0\u00bb1_4&Prime; _builder_version=\u00a0\u00bb4.16&Prime; _module_preset=\u00a0\u00bbdefault\u00a0\u00bb global_colors_info=\u00a0\u00bb{}\u00a0\u00bb][\/et_pb_column][et_pb_column type=\u00a0\u00bb3_4&Prime; _builder_version=\u00a0\u00bb4.16&Prime; _module_preset=\u00a0\u00bbdefault\u00a0\u00bb background_color=\u00a0\u00bb#bf9817&Prime; global_colors_info=\u00a0\u00bb{}\u00a0\u00bb][et_pb_text _builder_version=\u00a0\u00bb4.16&Prime; _module_preset=\u00a0\u00bbdefault\u00a0\u00bb global_colors_info=\u00a0\u00bb{}\u00a0\u00bb]<\/p>\n<h2><em>\u201cUn design intemporel et minimaliste, un confort \u00e9tudi\u00e9, une fonctionnalit\u00e9 et une qualit\u00e9 haut de gamme cr\u00e9ent la finishing touch id\u00e9ale pour chaque entr\u00e9e.\u201d:<\/em><\/h2>\n<p><\/p>\n<h2><em>\u201cVos luxueux tapis d\u2019entr\u00e9e et balais m\u00e9ritent d\u2019\u00eatre vus.\u201d<\/em><\/h2>\n<p><\/p>\n<p><em><strong>Trudie &amp; Evert Zuiddam<\/strong><\/em><\/p>\n<p>[\/et_pb_text][\/et_pb_column][\/et_pb_row][\/et_pb_section][et_pb_section fb_built=\u00a0\u00bb1&Prime; _builder_version=\u00a0\u00bb4.16&Prime; _module_preset=\u00a0\u00bbdefault\u00a0\u00bb custom_margin_tablet=\u00a0\u00bb0px||||false|false\u00a0\u00bb custom_margin_phone=\u00a0\u00bb0px||||false|false\u00a0\u00bb custom_margin_last_edited=\u00a0\u00bbon|tablet\u00a0\u00bb custom_padding=\u00a0\u00bb0px||||false|false\u00a0\u00bb global_colors_info=\u00a0\u00bb{}\u00a0\u00bb][et_pb_row custom_padding_last_edited=\u00a0\u00bbon|tablet\u00a0\u00bb _builder_version=\u00a0\u00bb4.16&Prime; _module_preset=\u00a0\u00bbdefault\u00a0\u00bb custom_padding=\u00a0\u00bb50px||||false|false\u00a0\u00bb custom_padding_tablet=\u00a0\u00bb0px||||false|false\u00a0\u00bb custom_padding_phone=\u00a0\u00bb0px||||false|false\u00a0\u00bb global_colors_info=\u00a0\u00bb{}\u00a0\u00bb][et_pb_column type=\u00a0\u00bb4_4&Prime; _builder_version=\u00a0\u00bb4.16&Prime; _module_preset=\u00a0\u00bbdefault\u00a0\u00bb global_colors_info=\u00a0\u00bb{}\u00a0\u00bb][et_pb_text _builder_version=\u00a0\u00bb4.16&Prime; _module_preset=\u00a0\u00bbdefault\u00a0\u00bb global_colors_info=\u00a0\u00bb{}\u00a0\u00bb]<\/p>\n<h3>Artisanat depuis 1941<\/h3>\n<p>Depuis 1941, divers membres de la famille Zuiddam ont contribu\u00e9 au d\u00e9veloppement de l\u2019entreprise RIZZ telle qu\u2019on la conna\u00eet aujourd\u2019hui. La production des brosses est toujours notre c\u0153ur de m\u00e9tier, mais nous sommes toujours plus orient\u00e9s vers les attentes des clients et la demande du march\u00e9 au niveau mondial.<\/p>\n<p>Nous nous concentrons sur la durabilit\u00e9 en proposant des solutions intelligentes, de la qualit\u00e9 et des services \u00e0 nos clients.<\/p>\n<p>Depuis 2015, notre entreprise propose deux marques distinctes : RIZZ pour nos produits haut de gamme et <a href=\"https:\/\/door-line.com\" rel=\"noopener\" target=\"_blank\">door-line<\/a> pour nos brosses anti courants d\u2019air. Cette nouvelle structure cr\u00e9e une meilleure transparence et plus de clart\u00e9 sur nos diverses activit\u00e9s. Gr\u00e2ce \u00e0 toutes les disciplines, nous pouvons augmenter notre valeur ajout\u00e9e au b\u00e9n\u00e9fice de nos clients.[\/et_pb_text][\/et_pb_column][\/et_pb_row][et_pb_row column_structure=\u00a0\u00bb1_4,1_4,1_4,1_4&Prime; _builder_version=\u00a0\u00bb4.16&Prime; _module_preset=\u00a0\u00bbdefault\u00a0\u00bb global_colors_info=\u00a0\u00bb{}\u00a0\u00bb][et_pb_column type=\u00a0\u00bb1_4&Prime; _builder_version=\u00a0\u00bb4.16&Prime; _module_preset=\u00a0\u00bbdefault\u00a0\u00bb global_colors_info=\u00a0\u00bb{}\u00a0\u00bb][et_pb_image src=\u00a0\u00bbhttps:\/\/rizz.design\/wp-content\/uploads\/2021\/11\/rizz-history.jpg\u00a0\u00bb alt=\u00a0\u00bbHistoire des tapis RiZZ\u00a0\u00bb title_text=\u00a0\u00bbHistoire des tapis RiZZ\u00a0\u00bb _builder_version=\u00a0\u00bb4.16&Prime; _module_preset=\u00a0\u00bbdefault\u00a0\u00bb global_colors_info=\u00a0\u00bb{}\u00a0\u00bb][\/et_pb_image][\/et_pb_column][et_pb_column type=\u00a0\u00bb1_4&Prime; _builder_version=\u00a0\u00bb4.16&Prime; _module_preset=\u00a0\u00bbdefault\u00a0\u00bb global_colors_info=\u00a0\u00bb{}\u00a0\u00bb][et_pb_image src=\u00a0\u00bbhttps:\/\/rizz.design\/wp-content\/uploads\/2021\/11\/rizz-history-2.jpg\u00a0\u00bb alt=\u00a0\u00bbEntrep\u00f4t RiZZ\u00a0\u00bb title_text=\u00a0\u00bbEntrep\u00f4t RiZZ\u00a0\u00bb _builder_version=\u00a0\u00bb4.16&Prime; _module_preset=\u00a0\u00bbdefault\u00a0\u00bb global_colors_info=\u00a0\u00bb{}\u00a0\u00bb][\/et_pb_image][\/et_pb_column][et_pb_column type=\u00a0\u00bb1_4&Prime; _builder_version=\u00a0\u00bb4.16&Prime; _module_preset=\u00a0\u00bbdefault\u00a0\u00bb global_colors_info=\u00a0\u00bb{}\u00a0\u00bb][et_pb_image src=\u00a0\u00bbhttps:\/\/rizz.design\/wp-content\/uploads\/2021\/11\/rizz-history-3.jpg\u00a0\u00bb alt=\u00a0\u00bbUsine RiZZ\u00a0\u00bb title_text=\u00a0\u00bbUsine RiZZ\u00a0\u00bb _builder_version=\u00a0\u00bb4.16&Prime; _module_preset=\u00a0\u00bbdefault\u00a0\u00bb global_colors_info=\u00a0\u00bb{}\u00a0\u00bb][\/et_pb_image][\/et_pb_column][et_pb_column type=\u00a0\u00bb1_4&Prime; _builder_version=\u00a0\u00bb4.16&Prime; _module_preset=\u00a0\u00bbdefault\u00a0\u00bb global_colors_info=\u00a0\u00bb{}\u00a0\u00bb][et_pb_image src=\u00a0\u00bbhttps:\/\/rizz.design\/wp-content\/uploads\/2021\/11\/rizz-history-4.jpg\u00a0\u00bb alt=\u00a0\u00bbFabriquer des produits RiZZ\u00a0\u00bb title_text=\u00a0\u00bbFabriquer des produits RiZZ\u00a0\u00bb _builder_version=\u00a0\u00bb4.16&Prime; _module_preset=\u00a0\u00bbdefault\u00a0\u00bb global_colors_info=\u00a0\u00bb{}\u00a0\u00bb][\/et_pb_image][\/et_pb_column][\/et_pb_row][et_pb_row column_structure=\u00a0\u00bb1_2,1_2&Prime; _builder_version=\u00a0\u00bb4.16&Prime; _module_preset=\u00a0\u00bbdefault\u00a0\u00bb global_colors_info=\u00a0\u00bb{}\u00a0\u00bb][et_pb_column type=\u00a0\u00bb1_2&Prime; _builder_version=\u00a0\u00bb4.16&Prime; _module_preset=\u00a0\u00bbdefault\u00a0\u00bb global_colors_info=\u00a0\u00bb{}\u00a0\u00bb][et_pb_image src=\u00a0\u00bbhttps:\/\/rizz.design\/wp-content\/uploads\/2021\/11\/design-broom-silver-aluminium.jpg\u00a0\u00bb alt=\u00a0\u00bbBalai design argent\u00a0\u00bb title_text=\u00a0\u00bbBalai design argent\u00a0\u00bb _builder_version=\u00a0\u00bb4.16&Prime; _module_preset=\u00a0\u00bbdefault\u00a0\u00bb global_colors_info=\u00a0\u00bb{}\u00a0\u00bb][\/et_pb_image][\/et_pb_column][et_pb_column type=\u00a0\u00bb1_2&Prime; _builder_version=\u00a0\u00bb4.16&Prime; _module_preset=\u00a0\u00bbdefault\u00a0\u00bb global_colors_info=\u00a0\u00bb{}\u00a0\u00bb][et_pb_text _builder_version=\u00a0\u00bb4.16&Prime; _module_preset=\u00a0\u00bbdefault\u00a0\u00bb global_colors_info=\u00a0\u00bb{}\u00a0\u00bb]<\/p>\n<h3>Notre histoire en bref<\/h3\n\n<p>\nD\u00e9but 2001, Trudie Zuiddam a eu l\u2019id\u00e9e de cr\u00e9er \u00ab le meilleur paillasson du monde \u00bb. Le couple d\u2019entrepreneurs Zuiddam dirige alors une usine de fabrication de brosses haut de gamme, indispensables pour cr\u00e9er des tapis d\u2019entr\u00e9e d\u2019exception. Le march\u00e9 du mobilier outdoor de luxe en pleine expansion permet de s\u2019adresser \u00e0 des clients int\u00e9ress\u00e9s par les produits haut de gamme.\n<\/p>\n<p>\nEn 2006, notre tapis d\u2019entr\u00e9e est lanc\u00e9 aux Pays-Bas. En septembre 2007, RIZZ s\u2019ouvre d\u00e9j\u00e0 sur le march\u00e9 international en exposant au salon professionnel Maison &#038; Objet \u00e0 Paris.\n<\/p>\n<p>\nDepuis, les tapis d\u2019entr\u00e9e RIZZ sont appr\u00e9ci\u00e9s dans le monde entier. Des distributeurs RIZZ ont ouvert leurs portes dans de nombreuses villes comme Oslo, Stockholm, Hambourg, Amsterdam, Anvers, Londres, Paris, New-York et d\u2019autres encore.<\/p>\n<p>[\/et_pb_text][\/et_pb_column][\/et_pb_row][et_pb_row column_structure=\u00a0\u00bb1_2,1_2&Prime; _builder_version=\u00a0\u00bb4.16&Prime; _module_preset=\u00a0\u00bbdefault\u00a0\u00bb global_colors_info=\u00a0\u00bb{}\u00a0\u00bb][et_pb_column type=\u00a0\u00bb1_2&Prime; _builder_version=\u00a0\u00bb4.16&Prime; _module_preset=\u00a0\u00bbdefault\u00a0\u00bb global_colors_info=\u00a0\u00bb{}\u00a0\u00bb][et_pb_text _builder_version=\u00a0\u00bb4.16&Prime; _module_preset=\u00a0\u00bbdefault\u00a0\u00bb global_colors_info=\u00a0\u00bb{}\u00a0\u00bb]<\/p>\n<p>Nos tapis \u00e9liminent efficacement la salet\u00e9 des chaussures, une performance connue et appr\u00e9ci\u00e9e par nos clients en milieux humides comme sur l\u2019\u00eele allemande de Sylt, sur l\u2019\u00eele de R\u00e9 et m\u00eame sur l\u2019\u00eele de la R\u00e9union.\n<\/p>\n<p>\nLe froid extr\u00eame et la chaleur n\u2019impactent pas les performances de nos tapis. Ils sont utilis\u00e9s dans les stations de ski du monte entier et dans les climats chauds au Moyen-Orient, en Afrique, Australie etc.\n<\/p>\n<p>La fabrique n\u00e9erlandaise de brosses RIZZ a \u00e9t\u00e9 fond\u00e9e \u00e0 Niekerk en 1941 par le grand-p\u00e8re Hendrik Zuiddam et ses fr\u00e8res. Trudie Zuiddam est d\u00e9c\u00e9d\u00e9e en 2009, mais son mari Evert Zuiddam et leur fils Sebastiaan (2e et 3e g\u00e9n\u00e9ration de l\u2019entreprise familiale) ont repris le flambeau. En se concentrant sur les tapis d\u2019entr\u00e9e, une collection compl\u00e8te a \u00e9t\u00e9 imagin\u00e9e pour les entr\u00e9es r\u00e9sidentielles.[\/et_pb_text][\/et_pb_column][et_pb_column type=\u00a0\u00bb1_2&Prime; _builder_version=\u00a0\u00bb4.16&Prime; _module_preset=\u00a0\u00bbdefault\u00a0\u00bb global_colors_info=\u00a0\u00bb{}\u00a0\u00bb][et_pb_video src=\u00a0\u00bbhttps:\/\/www.youtube.com\/watch?v=A6yfvfhJOAQ&#038;feature=emb_logo\u00a0\u00bb _builder_version=\u00a0\u00bb4.12.0&Prime; _module_preset=\u00a0\u00bbdefault\u00a0\u00bb global_colors_info=\u00a0\u00bb{}\u00a0\u00bb][\/et_pb_video][\/et_pb_column][\/et_pb_row][\/et_pb_section]<\/p>\n","protected":false},"excerpt":{"rendered":"<p>Notre entrepriseNotre entreprise familiale fabrique ses produits depuis 85 ans \u00e0 Niekerk aux Pays-Bas. Au sein de la famille RIZZ, nous sommes fiers de notre assortiment unique et de nos produits luxueux et durables. Nous imaginons nous-m\u00eames nos produits qui sont toujours fabriqu\u00e9s en grande partie \u00e0 la main par des professionnels du m\u00e9tier. Nous [&hellip;]<\/p>\n","protected":false},"author":373,"featured_media":0,"parent":0,"menu_order":0,"comment_status":"open","ping_status":"open","template":"","meta":{"_acf_changed":false,"_et_pb_use_builder":"on","_et_pb_old_content":"","_et_gb_content_width":"","footnotes":""},"class_list":["post-16850","page","type-page","status-publish","hentry"],"acf":[],"yoast_head":"<!-- This site is optimized with the Yoast SEO Premium plugin v27.1 (Yoast SEO v27.1.1) - https:\/\/yoast.com\/product\/yoast-seo-premium-wordpress\/ -->\n<title>\u00c0 propos de RIZZ \u2013 Histoire, vision, philosophie, valeurs et mission<\/title>\n<meta name=\"description\" content=\"D\u00e9couvrez comment notre entreprise familiale, fond\u00e9e en 1941 \u00e0 Niekerk aux Pays-Bas, a conjugu\u00e9 le design et l\u2019innovation pour devenir RIZZ.\" \/>\n<meta name=\"robots\" content=\"index, follow, max-snippet:-1, max-image-preview:large, max-video-preview:-1\" \/>\n<link rel=\"canonical\" href=\"https:\/\/www.rizz.design\/fr\/a-propos-de-rizz\/\" \/>\n<meta property=\"og:locale\" content=\"fr_FR\" \/>\n<meta property=\"og:type\" content=\"article\" \/>\n<meta property=\"og:title\" content=\"\u00c0 propos de RIZZ Design\" \/>\n<meta property=\"og:description\" content=\"D\u00e9couvrez comment notre entreprise familiale, fond\u00e9e en 1941 \u00e0 Niekerk aux Pays-Bas, a conjugu\u00e9 le design et l\u2019innovation pour devenir RIZZ.\" \/>\n<meta property=\"og:url\" content=\"https:\/\/www.rizz.design\/fr\/a-propos-de-rizz\/\" \/>\n<meta property=\"og:site_name\" content=\"RiZZ | Official Website\" \/>\n<meta property=\"article:modified_time\" content=\"2026-04-20T08:08:47+00:00\" \/>\n<meta name=\"twitter:card\" content=\"summary_large_image\" \/>\n<meta name=\"twitter:label1\" content=\"Dur\u00e9e de lecture estim\u00e9e\" \/>\n\t<meta name=\"twitter:data1\" content=\"5 minutes\" \/>\n<script type=\"application\/ld+json\" class=\"yoast-schema-graph\">{\"@context\":\"https:\/\/schema.org\",\"@graph\":[{\"@type\":\"WebPage\",\"@id\":\"https:\/\/www.rizz.design\/fr\/a-propos-de-rizz\/\",\"url\":\"https:\/\/www.rizz.design\/fr\/a-propos-de-rizz\/\",\"name\":\"\u00c0 propos de RIZZ \u2013 Histoire, vision, philosophie, valeurs et mission\",\"isPartOf\":{\"@id\":\"https:\/\/www.rizz.design\/fr\/#website\"},\"datePublished\":\"2022-01-21T10:42:46+00:00\",\"dateModified\":\"2026-04-20T08:08:47+00:00\",\"description\":\"D\u00e9couvrez comment notre entreprise familiale, fond\u00e9e en 1941 \u00e0 Niekerk aux Pays-Bas, a conjugu\u00e9 le design et l\u2019innovation pour devenir RIZZ.\",\"breadcrumb\":{\"@id\":\"https:\/\/www.rizz.design\/fr\/a-propos-de-rizz\/#breadcrumb\"},\"inLanguage\":\"fr-FR\",\"potentialAction\":[{\"@type\":\"ReadAction\",\"target\":[\"https:\/\/www.rizz.design\/fr\/a-propos-de-rizz\/\"]}]},{\"@type\":\"BreadcrumbList\",\"@id\":\"https:\/\/www.rizz.design\/fr\/a-propos-de-rizz\/#breadcrumb\",\"itemListElement\":[{\"@type\":\"ListItem\",\"position\":1,\"name\":\"Home\",\"item\":\"https:\/\/www.rizz.design\/fr\/\"},{\"@type\":\"ListItem\",\"position\":2,\"name\":\"\u00c0 propos de RIZZ Design\"}]},{\"@type\":\"WebSite\",\"@id\":\"https:\/\/www.rizz.design\/fr\/#website\",\"url\":\"https:\/\/www.rizz.design\/fr\/\",\"name\":\"RiZZ | Official Website\",\"description\":\"Since 1941\",\"potentialAction\":[{\"@type\":\"SearchAction\",\"target\":{\"@type\":\"EntryPoint\",\"urlTemplate\":\"https:\/\/www.rizz.design\/fr\/?s={search_term_string}\"},\"query-input\":{\"@type\":\"PropertyValueSpecification\",\"valueRequired\":true,\"valueName\":\"search_term_string\"}}],\"inLanguage\":\"fr-FR\"}]}<\/script>\n<!-- \/ Yoast SEO Premium plugin. -->","yoast_head_json":{"title":"\u00c0 propos de RIZZ \u2013 Histoire, vision, philosophie, valeurs et mission","description":"D\u00e9couvrez comment notre entreprise familiale, fond\u00e9e en 1941 \u00e0 Niekerk aux Pays-Bas, a conjugu\u00e9 le design et l\u2019innovation pour devenir RIZZ.","robots":{"index":"index","follow":"follow","max-snippet":"max-snippet:-1","max-image-preview":"max-image-preview:large","max-video-preview":"max-video-preview:-1"},"canonical":"https:\/\/www.rizz.design\/fr\/a-propos-de-rizz\/","og_locale":"fr_FR","og_type":"article","og_title":"\u00c0 propos de RIZZ Design","og_description":"D\u00e9couvrez comment notre entreprise familiale, fond\u00e9e en 1941 \u00e0 Niekerk aux Pays-Bas, a conjugu\u00e9 le design et l\u2019innovation pour devenir RIZZ.","og_url":"https:\/\/www.rizz.design\/fr\/a-propos-de-rizz\/","og_site_name":"RiZZ | Official Website","article_modified_time":"2026-04-20T08:08:47+00:00","twitter_card":"summary_large_image","twitter_misc":{"Dur\u00e9e de lecture estim\u00e9e":"5 minutes"},"schema":{"@context":"https:\/\/schema.org","@graph":[{"@type":"WebPage","@id":"https:\/\/www.rizz.design\/fr\/a-propos-de-rizz\/","url":"https:\/\/www.rizz.design\/fr\/a-propos-de-rizz\/","name":"\u00c0 propos de RIZZ \u2013 Histoire, vision, philosophie, valeurs et mission","isPartOf":{"@id":"https:\/\/www.rizz.design\/fr\/#website"},"datePublished":"2022-01-21T10:42:46+00:00","dateModified":"2026-04-20T08:08:47+00:00","description":"D\u00e9couvrez comment notre entreprise familiale, fond\u00e9e en 1941 \u00e0 Niekerk aux Pays-Bas, a conjugu\u00e9 le design et l\u2019innovation pour devenir RIZZ.","breadcrumb":{"@id":"https:\/\/www.rizz.design\/fr\/a-propos-de-rizz\/#breadcrumb"},"inLanguage":"fr-FR","potentialAction":[{"@type":"ReadAction","target":["https:\/\/www.rizz.design\/fr\/a-propos-de-rizz\/"]}]},{"@type":"BreadcrumbList","@id":"https:\/\/www.rizz.design\/fr\/a-propos-de-rizz\/#breadcrumb","itemListElement":[{"@type":"ListItem","position":1,"name":"Home","item":"https:\/\/www.rizz.design\/fr\/"},{"@type":"ListItem","position":2,"name":"\u00c0 propos de RIZZ Design"}]},{"@type":"WebSite","@id":"https:\/\/www.rizz.design\/fr\/#website","url":"https:\/\/www.rizz.design\/fr\/","name":"RiZZ | Official Website","description":"Since 1941","potentialAction":[{"@type":"SearchAction","target":{"@type":"EntryPoint","urlTemplate":"https:\/\/www.rizz.design\/fr\/?s={search_term_string}"},"query-input":{"@type":"PropertyValueSpecification","valueRequired":true,"valueName":"search_term_string"}}],"inLanguage":"fr-FR"}]}},"_links":{"self":[{"href":"https:\/\/www.rizz.design\/fr\/wp-json\/wp\/v2\/pages\/16850","targetHints":{"allow":["GET"]}}],"collection":[{"href":"https:\/\/www.rizz.design\/fr\/wp-json\/wp\/v2\/pages"}],"about":[{"href":"https:\/\/www.rizz.design\/fr\/wp-json\/wp\/v2\/types\/page"}],"author":[{"embeddable":true,"href":"https:\/\/www.rizz.design\/fr\/wp-json\/wp\/v2\/users\/373"}],"replies":[{"embeddable":true,"href":"https:\/\/www.rizz.design\/fr\/wp-json\/wp\/v2\/comments?post=16850"}],"version-history":[{"count":6,"href":"https:\/\/www.rizz.design\/fr\/wp-json\/wp\/v2\/pages\/16850\/revisions"}],"predecessor-version":[{"id":82612,"href":"https:\/\/www.rizz.design\/fr\/wp-json\/wp\/v2\/pages\/16850\/revisions\/82612"}],"wp:attachment":[{"href":"https:\/\/www.rizz.design\/fr\/wp-json\/wp\/v2\/media?parent=16850"}],"curies":[{"name":"wp","href":"https:\/\/api.w.org\/{rel}","templated":true}]}}