{"id":18717,"date":"2022-01-27T21:23:34","date_gmt":"2022-01-27T20:23:34","guid":{"rendered":"https:\/\/www.rizz.design\/modes-de-paiement\/"},"modified":"2025-01-08T15:49:54","modified_gmt":"2025-01-08T14:49:54","slug":"modes-de-paiement","status":"publish","type":"page","link":"https:\/\/www.rizz.design\/fr\/modes-de-paiement\/","title":{"rendered":"Modes de paiement"},"content":{"rendered":"<p>[et_pb_section fb_built=\u00a0\u00bb1&Prime; _builder_version=\u00a0\u00bb4.16&Prime; global_colors_info=\u00a0\u00bb{}\u00a0\u00bb][et_pb_row _builder_version=\u00a0\u00bb4.16&Prime; background_size=\u00a0\u00bbinitial\u00a0\u00bb background_position=\u00a0\u00bbtop_left\u00a0\u00bb background_repeat=\u00a0\u00bbrepeat\u00a0\u00bb global_colors_info=\u00a0\u00bb{}\u00a0\u00bb][et_pb_column type=\u00a0\u00bb4_4&Prime; _builder_version=\u00a0\u00bb4.16&Prime; custom_padding=\u00a0\u00bb|||\u00a0\u00bb global_colors_info=\u00a0\u00bb{}\u00a0\u00bb custom_padding__hover=\u00a0\u00bb|||\u00a0\u00bb][et_pb_dmb_breadcrumbs _builder_version=\u00a0\u00bb4.27.0&Prime; _module_preset=\u00a0\u00bbdefault\u00a0\u00bb show_custom_taxonomy_crumbs=\u00a0\u00bboff\u00a0\u00bb show_category_crumbs=\u00a0\u00bboff\u00a0\u00bb hover_enabled=\u00a0\u00bb0&Prime; sticky_enabled=\u00a0\u00bb0&Prime;][\/et_pb_dmb_breadcrumbs][et_pb_text _builder_version=\u00a0\u00bb4.27.0&Prime; background_size=\u00a0\u00bbinitial\u00a0\u00bb background_position=\u00a0\u00bbtop_left\u00a0\u00bb background_repeat=\u00a0\u00bbrepeat\u00a0\u00bb global_colors_info=\u00a0\u00bb{}\u00a0\u00bb]RIZZ accepte les modes de paiement suivants :<\/p>\n<ul>\n<li>Maestro (Europe)<\/li>\n<li>Mastercard<\/li>\n<li>Visa<\/li>\n<li>PayPal<\/li>\n<\/ul>\n<p>Dans certains pays, nous acceptons aussi les modes de paiements locaux comme :<\/p>\n<ul>\n<li>V PAY (Europe)<\/li>\n<li>Bancontact (Belgique)<\/li>\n<li>ING Home\u2019Pay (Belgique)<\/li>\n<li>Belfium (Belgique)<\/li>\n<li>EPS (Autriche)<\/li>\n<li>CartaSi (Italie)<\/li>\n<li>Carte bancaire (France)<\/li>\n<li>Dankort (Danemark)<\/li>\n<li>Nordea (Norv\u00e8ge)<\/li>\n<li>Sofort by Klarna (Allemagne)<\/li>\n<li>Giropay (Allemagne)<\/li>\n<li>iDEAL (Pays-Bas)<\/li>\n<li>IDEAL QR (Pays-Bas)<\/li>\n<\/ul>\n<p><strong>Virement bancaire<br \/>\n<\/strong>Effectuez le paiement directement depuis votre compte bancaire. Veuillez utiliser l\u2019ID de votre commande comme r\u00e9f\u00e9rence du paiement. Votre commande ne sera pas exp\u00e9di\u00e9e tant que les fonds ne seront pas re\u00e7us.<\/p>\n<p><p>RIZZ B.V.<br \/>\nBIC : RABONL2U<br \/>\nIBAN : NL64RABO 0347 8785 39<\/p>\n<p>Il existe d\u2019autres modes de paiement pour nos distributeurs. Si vous souhaitez devenir distributeur, consultez notre page d\u00e9di\u00e9e.<\/p>\n<p>[\/et_pb_text][\/et_pb_column][\/et_pb_row][\/et_pb_section]<\/p>\n","protected":false},"excerpt":{"rendered":"<p>RIZZ accepte les modes de paiement suivants : Maestro (Europe) Mastercard Visa PayPal Dans certains pays, nous acceptons aussi les modes de paiements locaux comme : V PAY (Europe) Bancontact (Belgique) ING Home\u2019Pay (Belgique) Belfium (Belgique) EPS (Autriche) CartaSi (Italie) Carte bancaire (France) Dankort (Danemark) Nordea (Norv\u00e8ge) Sofort by Klarna (Allemagne) Giropay (Allemagne) iDEAL (Pays-Bas) [&hellip;]<\/p>\n","protected":false},"author":373,"featured_media":0,"parent":0,"menu_order":0,"comment_status":"open","ping_status":"open","template":"","meta":{"_acf_changed":false,"_et_pb_use_builder":"on","_et_pb_old_content":"","_et_gb_content_width":"","footnotes":""},"class_list":["post-18717","page","type-page","status-publish","hentry"],"acf":[],"yoast_head":"<!-- This site is optimized with the Yoast SEO Premium plugin v27.1 (Yoast SEO v27.1.1) - https:\/\/yoast.com\/product\/yoast-seo-premium-wordpress\/ -->\n<title>Modes de paiement - RiZZ | Official Website<\/title>\n<meta name=\"description\" content=\"Les modes de paiement suivants sont accept\u00e9s par RIZZ : 1. Maestro (L&#039;Europe ). 2. La Mastercard.3. Un visa. 4. PayPal\" \/>\n<meta name=\"robots\" content=\"index, follow, max-snippet:-1, max-image-preview:large, max-video-preview:-1\" \/>\n<link rel=\"canonical\" href=\"https:\/\/www.rizz.design\/fr\/modes-de-paiement\/\" \/>\n<meta property=\"og:locale\" content=\"fr_FR\" \/>\n<meta property=\"og:type\" content=\"article\" \/>\n<meta property=\"og:title\" content=\"Modes de paiement\" \/>\n<meta property=\"og:description\" content=\"Les modes de paiement suivants sont accept\u00e9s par RIZZ : 1. Maestro (L&#039;Europe ). 2. La Mastercard.3. Un visa. 4. PayPal\" \/>\n<meta property=\"og:url\" content=\"https:\/\/www.rizz.design\/fr\/modes-de-paiement\/\" \/>\n<meta property=\"og:site_name\" content=\"RiZZ | Official Website\" \/>\n<meta property=\"article:modified_time\" content=\"2025-01-08T14:49:54+00:00\" \/>\n<meta name=\"twitter:card\" content=\"summary_large_image\" \/>\n<meta name=\"twitter:label1\" content=\"Dur\u00e9e de lecture estim\u00e9e\" \/>\n\t<meta name=\"twitter:data1\" content=\"1 minute\" \/>\n<script type=\"application\/ld+json\" class=\"yoast-schema-graph\">{\"@context\":\"https:\/\/schema.org\",\"@graph\":[{\"@type\":\"WebPage\",\"@id\":\"https:\/\/www.rizz.design\/fr\/modes-de-paiement\/\",\"url\":\"https:\/\/www.rizz.design\/fr\/modes-de-paiement\/\",\"name\":\"Modes de paiement - RiZZ | Official Website\",\"isPartOf\":{\"@id\":\"https:\/\/www.rizz.design\/fr\/#website\"},\"datePublished\":\"2022-01-27T20:23:34+00:00\",\"dateModified\":\"2025-01-08T14:49:54+00:00\",\"description\":\"Les modes de paiement suivants sont accept\u00e9s par RIZZ : 1. Maestro (L'Europe ). 2. La Mastercard.3. Un visa. 4. PayPal\",\"breadcrumb\":{\"@id\":\"https:\/\/www.rizz.design\/fr\/modes-de-paiement\/#breadcrumb\"},\"inLanguage\":\"fr-FR\",\"potentialAction\":[{\"@type\":\"ReadAction\",\"target\":[\"https:\/\/www.rizz.design\/fr\/modes-de-paiement\/\"]}]},{\"@type\":\"BreadcrumbList\",\"@id\":\"https:\/\/www.rizz.design\/fr\/modes-de-paiement\/#breadcrumb\",\"itemListElement\":[{\"@type\":\"ListItem\",\"position\":1,\"name\":\"Home\",\"item\":\"https:\/\/www.rizz.design\/fr\/\"},{\"@type\":\"ListItem\",\"position\":2,\"name\":\"Modes de paiement\"}]},{\"@type\":\"WebSite\",\"@id\":\"https:\/\/www.rizz.design\/fr\/#website\",\"url\":\"https:\/\/www.rizz.design\/fr\/\",\"name\":\"RiZZ | Official Website\",\"description\":\"Since 1941\",\"potentialAction\":[{\"@type\":\"SearchAction\",\"target\":{\"@type\":\"EntryPoint\",\"urlTemplate\":\"https:\/\/www.rizz.design\/fr\/?s={search_term_string}\"},\"query-input\":{\"@type\":\"PropertyValueSpecification\",\"valueRequired\":true,\"valueName\":\"search_term_string\"}}],\"inLanguage\":\"fr-FR\"}]}<\/script>\n<!-- \/ Yoast SEO Premium plugin. -->","yoast_head_json":{"title":"Modes de paiement - RiZZ | Official Website","description":"Les modes de paiement suivants sont accept\u00e9s par RIZZ : 1. Maestro (L'Europe ). 2. La Mastercard.3. Un visa. 4. PayPal","robots":{"index":"index","follow":"follow","max-snippet":"max-snippet:-1","max-image-preview":"max-image-preview:large","max-video-preview":"max-video-preview:-1"},"canonical":"https:\/\/www.rizz.design\/fr\/modes-de-paiement\/","og_locale":"fr_FR","og_type":"article","og_title":"Modes de paiement","og_description":"Les modes de paiement suivants sont accept\u00e9s par RIZZ : 1. Maestro (L'Europe ). 2. La Mastercard.3. Un visa. 4. PayPal","og_url":"https:\/\/www.rizz.design\/fr\/modes-de-paiement\/","og_site_name":"RiZZ | Official Website","article_modified_time":"2025-01-08T14:49:54+00:00","twitter_card":"summary_large_image","twitter_misc":{"Dur\u00e9e de lecture estim\u00e9e":"1 minute"},"schema":{"@context":"https:\/\/schema.org","@graph":[{"@type":"WebPage","@id":"https:\/\/www.rizz.design\/fr\/modes-de-paiement\/","url":"https:\/\/www.rizz.design\/fr\/modes-de-paiement\/","name":"Modes de paiement - RiZZ | Official Website","isPartOf":{"@id":"https:\/\/www.rizz.design\/fr\/#website"},"datePublished":"2022-01-27T20:23:34+00:00","dateModified":"2025-01-08T14:49:54+00:00","description":"Les modes de paiement suivants sont accept\u00e9s par RIZZ : 1. Maestro (L'Europe ). 2. La Mastercard.3. Un visa. 4. PayPal","breadcrumb":{"@id":"https:\/\/www.rizz.design\/fr\/modes-de-paiement\/#breadcrumb"},"inLanguage":"fr-FR","potentialAction":[{"@type":"ReadAction","target":["https:\/\/www.rizz.design\/fr\/modes-de-paiement\/"]}]},{"@type":"BreadcrumbList","@id":"https:\/\/www.rizz.design\/fr\/modes-de-paiement\/#breadcrumb","itemListElement":[{"@type":"ListItem","position":1,"name":"Home","item":"https:\/\/www.rizz.design\/fr\/"},{"@type":"ListItem","position":2,"name":"Modes de paiement"}]},{"@type":"WebSite","@id":"https:\/\/www.rizz.design\/fr\/#website","url":"https:\/\/www.rizz.design\/fr\/","name":"RiZZ | Official Website","description":"Since 1941","potentialAction":[{"@type":"SearchAction","target":{"@type":"EntryPoint","urlTemplate":"https:\/\/www.rizz.design\/fr\/?s={search_term_string}"},"query-input":{"@type":"PropertyValueSpecification","valueRequired":true,"valueName":"search_term_string"}}],"inLanguage":"fr-FR"}]}},"_links":{"self":[{"href":"https:\/\/www.rizz.design\/fr\/wp-json\/wp\/v2\/pages\/18717","targetHints":{"allow":["GET"]}}],"collection":[{"href":"https:\/\/www.rizz.design\/fr\/wp-json\/wp\/v2\/pages"}],"about":[{"href":"https:\/\/www.rizz.design\/fr\/wp-json\/wp\/v2\/types\/page"}],"author":[{"embeddable":true,"href":"https:\/\/www.rizz.design\/fr\/wp-json\/wp\/v2\/users\/373"}],"replies":[{"embeddable":true,"href":"https:\/\/www.rizz.design\/fr\/wp-json\/wp\/v2\/comments?post=18717"}],"version-history":[{"count":3,"href":"https:\/\/www.rizz.design\/fr\/wp-json\/wp\/v2\/pages\/18717\/revisions"}],"predecessor-version":[{"id":76690,"href":"https:\/\/www.rizz.design\/fr\/wp-json\/wp\/v2\/pages\/18717\/revisions\/76690"}],"wp:attachment":[{"href":"https:\/\/www.rizz.design\/fr\/wp-json\/wp\/v2\/media?parent=18717"}],"curies":[{"name":"wp","href":"https:\/\/api.w.org\/{rel}","templated":true}]}}