{"id":76356,"date":"2024-12-19T10:40:43","date_gmt":"2024-12-19T09:40:43","guid":{"rendered":"https:\/\/www.rizz.design\/product\/urban-mat\/"},"modified":"2026-02-04T13:33:15","modified_gmt":"2026-02-04T12:33:15","slug":"tapis-urbain","status":"publish","type":"product","link":"https:\/\/www.rizz.design\/fr\/produit\/tapis-urbain\/","title":{"rendered":"Urban mat"},"content":{"rendered":"<p>[et_pb_section fb_built=\u00a0\u00bb1&Prime; _builder_version=\u00a0\u00bb4.27.0&Prime; _module_preset=\u00a0\u00bbdefault\u00a0\u00bb global_colors_info=\u00a0\u00bb{}\u00a0\u00bb][et_pb_row column_structure=\u00a0\u00bb2_5,3_5&Prime; _builder_version=\u00a0\u00bb4.27.0&Prime; _module_preset=\u00a0\u00bbdefault\u00a0\u00bb custom_css_main_element=\u00a0\u00bbdisplay: flex;||align-items: center;\u00a0\u00bb custom_css_free_form=\u00a0\u00bb@media (max-width: 980px) {||  selector {||    flex-direction: column;||  }||}\u00a0\u00bb global_colors_info=\u00a0\u00bb{}\u00a0\u00bb][et_pb_column type=\u00a0\u00bb2_5&Prime; _builder_version=\u00a0\u00bb4.27.0&Prime; _module_preset=\u00a0\u00bbdefault\u00a0\u00bb global_colors_info=\u00a0\u00bb{}\u00a0\u00bb][et_pb_text _builder_version=\u00a0\u00bb4.27.0&Prime; _module_preset=\u00a0\u00bbdefault\u00a0\u00bb text_font=\u00a0\u00bb||||||||\u00a0\u00bb text_text_color=\u00a0\u00bb#000000&Prime; text_font_size=\u00a0\u00bb38px\u00a0\u00bb custom_margin=\u00a0\u00bb||7px||false|false\u00a0\u00bb custom_css_free_form=\u00a0\u00bbselector span.head_text.small {||  font-size: 36px!important;||  font-weight: bold;||\tline-height: 50px;||}\u00a0\u00bb global_colors_info=\u00a0\u00bb{}\u00a0\u00bb]<\/p>\n<p><span class=\"head_text small\">Le paillasson id\u00e9al pour votre appartement en ville, maison de vacances, bateau ou caravane<\/span><\/p>\n<p>[\/et_pb_text][et_pb_text _builder_version=\u00a0\u00bb4.27.0&Prime; _module_preset=\u00a0\u00bbdefault\u00a0\u00bb custom_css_free_form=\u00a0\u00bbselector p {||  font-size: 28px;||  line-height: 40px;||}\u00a0\u00bb global_colors_info=\u00a0\u00bb{}\u00a0\u00bb]<\/p>\n<p>Cette \u00e9dition de nos tapis d\u2019ext\u00e9rieur RiZZ Design apporte la m\u00eame technologie aux entr\u00e9es urbaines.<\/p>\n<p>[\/et_pb_text][et_pb_button button_text=\u00a0\u00bbChoisissez votre tapis\u00a0\u00bb module_class=\u00a0\u00bbtrigger_product_popup\u00a0\u00bb _builder_version=\u00a0\u00bb4.27.0&Prime; _module_preset=\u00a0\u00bbdefault\u00a0\u00bb global_colors_info=\u00a0\u00bb{}\u00a0\u00bb][\/et_pb_button][\/et_pb_column][et_pb_column type=\u00a0\u00bb3_5&Prime; _builder_version=\u00a0\u00bb4.27.0&Prime; _module_preset=\u00a0\u00bbdefault\u00a0\u00bb global_colors_info=\u00a0\u00bb{}\u00a0\u00bb][et_pb_image src=\u00a0\u00bbhttps:\/\/www.rizz.design\/wp-content\/uploads\/2025\/06\/urban4.webp\u00a0\u00bb title_text=\u00a0\u00bburban4&Prime; _builder_version=\u00a0\u00bb4.27.4&Prime; _module_preset=\u00a0\u00bbdefault\u00a0\u00bb hover_enabled=\u00a0\u00bb0&Prime; global_colors_info=\u00a0\u00bb{}\u00a0\u00bb sticky_enabled=\u00a0\u00bb0&Prime;][\/et_pb_image][\/et_pb_column][\/et_pb_row][\/et_pb_section][et_pb_section fb_built=\u00a0\u00bb1&Prime; _builder_version=\u00a0\u00bb4.27.0&Prime; _module_preset=\u00a0\u00bbdefault\u00a0\u00bb background_color=\u00a0\u00bb#000000&Prime; global_colors_info=\u00a0\u00bb{}\u00a0\u00bb][et_pb_row column_structure=\u00a0\u00bb2_5,3_5&Prime; _builder_version=\u00a0\u00bb4.27.0&Prime; _module_preset=\u00a0\u00bbdefault\u00a0\u00bb custom_css_main_element=\u00a0\u00bbdisplay: flex;||align-items: center;\u00a0\u00bb custom_css_free_form=\u00a0\u00bb@media (max-width: 980px) {||  selector {||    flex-direction: column-reverse;||    gap: 25px;||  }||  ||  selector img {||    max-width: 450px;||    width: 100%!important;||  }||}\u00a0\u00bb global_colors_info=\u00a0\u00bb{}\u00a0\u00bb][et_pb_column type=\u00a0\u00bb2_5&Prime; _builder_version=\u00a0\u00bb4.27.0&Prime; _module_preset=\u00a0\u00bbdefault\u00a0\u00bb global_colors_info=\u00a0\u00bb{}\u00a0\u00bb][et_pb_image src=\u00a0\u00bbhttps:\/\/www.rizz.design\/wp-content\/uploads\/2024\/12\/RIZZ_OKT2013_3110.jpg\u00a0\u00bb title_text=\u00a0\u00bbRIZZ_OKT2013_3110&Prime; _builder_version=\u00a0\u00bb4.27.0&Prime; _module_preset=\u00a0\u00bbdefault\u00a0\u00bb max_height=\u00a0\u00bb65vh\u00a0\u00bb global_colors_info=\u00a0\u00bb{}\u00a0\u00bb][\/et_pb_image][\/et_pb_column][et_pb_column type=\u00a0\u00bb3_5&Prime; _builder_version=\u00a0\u00bb4.27.0&Prime; _module_preset=\u00a0\u00bbdefault\u00a0\u00bb global_colors_info=\u00a0\u00bb{}\u00a0\u00bb][et_pb_blurb title=\u00a0\u00bbPourquoi &#039;l&#039;urban&#039;?\u00a0\u00bb content_max_width=\u00a0\u00bb100%\u00a0\u00bb _builder_version=\u00a0\u00bb4.27.0&Prime; _module_preset=\u00a0\u00bbdefault\u00a0\u00bb header_font=\u00a0\u00bb|600||on|||||\u00a0\u00bb header_text_color=\u00a0\u00bbgcid-62d4cf57-a9b8-458a-be71-4790c9153c28&Prime; header_font_size=\u00a0\u00bb20px\u00a0\u00bb background_layout=\u00a0\u00bbdark\u00a0\u00bb width=\u00a0\u00bb100%\u00a0\u00bb module_alignment=\u00a0\u00bbleft\u00a0\u00bb global_colors_info=\u00a0\u00bb{%22gcid-62d4cf57-a9b8-458a-be71-4790c9153c28%22:%91%22header_text_color%22%93}\u00a0\u00bb]<\/p>\n<ul>\n<li><span style=\"font-weight: 400;\"><\/span>\u00c9limine sable et salet\u00e9s des semelles profil\u00e9es<\/li>\n<li><span style=\"font-weight: 400;\"><\/span>Tr\u00e8s efficace, avec un rendement jusqu\u2019\u00e0 80 %<\/li>\n<li>Entretien minimal<\/li>\n<li>Facile \u00e0 nettoyer<\/li>\n<li>Adapt\u00e9 \u00e0 une utilisation en ext\u00e9rieur<\/li>\n<li>Cadre en aluminium anodis\u00e9<\/li>\n<li>Cadre int\u00e9rieur en PVC press\u00e9<\/li>\n<li>Bande en acier inoxydable 304<\/li>\n<li>Plaque \u00e0 brosses en nylon 6.6 (gris), r\u00e9sistant aux UV \/ 0,40<\/li>\n<li>Antid\u00e9rapant<\/li>\n<\/ul>\n<p>&nbsp;<\/p>\n<p>Les dimensions compactes du tapis Urban int\u00e8grent les m\u00eames mat\u00e9riaux de qualit\u00e9 et un design intemporel.<\/p>\n<p>Cela fait du tapis Urban une solution pratique pour les petits espaces, m\u00eame en d\u00e9placement, comme dans une caravane, un SUV ou v\u00e9hicule tout-terrain, un bateau ou une annexe. Facile \u00e0 ranger et \u00e0 emporter vers votre prochaine destination tout en gardant l\u2019int\u00e9rieur propre.<\/p>\n<p>[\/et_pb_blurb][et_pb_button button_text=\u00a0\u00bbCommandez maintenant\u00a0\u00bb _builder_version=\u00a0\u00bb4.27.0&Prime; _module_preset=\u00a0\u00bbdefault\u00a0\u00bb custom_css_free_form=\u00a0\u00bb.et_pb_button_3_wrapper {||  display: flex;||}||||selector {||  margin-left: auto;||  margin-right: auto;||}\u00a0\u00bb global_colors_info=\u00a0\u00bb{}\u00a0\u00bb][\/et_pb_button][\/et_pb_column][\/et_pb_row][\/et_pb_section][et_pb_section fb_built=\u00a0\u00bb1&Prime; _builder_version=\u00a0\u00bb4.27.0&Prime; _module_preset=\u00a0\u00bbdefault\u00a0\u00bb global_colors_info=\u00a0\u00bb{}\u00a0\u00bb][et_pb_row column_structure=\u00a0\u00bb1_3,1_3,1_3&Prime; _builder_version=\u00a0\u00bb4.27.0&Prime; _module_preset=\u00a0\u00bbdefault\u00a0\u00bb global_colors_info=\u00a0\u00bb{}\u00a0\u00bb][et_pb_column type=\u00a0\u00bb1_3&Prime; _builder_version=\u00a0\u00bb4.27.0&Prime; _module_preset=\u00a0\u00bbdefault\u00a0\u00bb global_colors_info=\u00a0\u00bb{}\u00a0\u00bb][et_pb_blurb title=\u00a0\u00bbArgent\u00a0\u00bb image=\u00a0\u00bbhttps:\/\/www.rizz.design\/wp-content\/uploads\/2024\/12\/DL-58&#215;36-silver-3D.jpg\u00a0\u00bb _builder_version=\u00a0\u00bb4.27.0&Prime; _module_preset=\u00a0\u00bbdefault\u00a0\u00bb header_font=\u00a0\u00bb|600||on|||||\u00a0\u00bb header_text_align=\u00a0\u00bbcenter\u00a0\u00bb header_text_color=\u00a0\u00bbgcid-62d4cf57-a9b8-458a-be71-4790c9153c28&Prime; header_font_size=\u00a0\u00bb22px\u00a0\u00bb global_colors_info=\u00a0\u00bb{%22gcid-62d4cf57-a9b8-458a-be71-4790c9153c28%22:%91%22header_text_color%22%93}\u00a0\u00bb][\/et_pb_blurb][\/et_pb_column][et_pb_column type=\u00a0\u00bb1_3&Prime; _builder_version=\u00a0\u00bb4.27.0&Prime; _module_preset=\u00a0\u00bbdefault\u00a0\u00bb global_colors_info=\u00a0\u00bb{}\u00a0\u00bb][et_pb_blurb title=\u00a0\u00bbAnthracite\u00a0\u00bb image=\u00a0\u00bbhttps:\/\/www.rizz.design\/wp-content\/uploads\/2024\/12\/DL-58&#215;36-antra-3D.jpg\u00a0\u00bb _builder_version=\u00a0\u00bb4.27.0&Prime; _module_preset=\u00a0\u00bbdefault\u00a0\u00bb header_font=\u00a0\u00bb|600||on|||||\u00a0\u00bb header_text_align=\u00a0\u00bbcenter\u00a0\u00bb header_text_color=\u00a0\u00bbgcid-62d4cf57-a9b8-458a-be71-4790c9153c28&Prime; header_font_size=\u00a0\u00bb22px\u00a0\u00bb locked=\u00a0\u00bboff\u00a0\u00bb global_colors_info=\u00a0\u00bb{%22gcid-62d4cf57-a9b8-458a-be71-4790c9153c28%22:%91%22header_text_color%22%93}\u00a0\u00bb][\/et_pb_blurb][et_pb_button button_text=\u00a0\u00bbChoisissez votre tapis\u00a0\u00bb disabled_on=\u00a0\u00bbon|on|off\u00a0\u00bb module_class=\u00a0\u00bbtrigger_product_popup\u00a0\u00bb _builder_version=\u00a0\u00bb4.27.0&Prime; _module_preset=\u00a0\u00bbdefault\u00a0\u00bb custom_css_free_form=\u00a0\u00bb.et_pb_button_6_wrapper {||  display: flex;||}||||selector {||  margin-left: auto;||  margin-right: auto;||}\u00a0\u00bb global_colors_info=\u00a0\u00bb{}\u00a0\u00bb][\/et_pb_button][\/et_pb_column][et_pb_column type=\u00a0\u00bb1_3&Prime; _builder_version=\u00a0\u00bb4.27.0&Prime; _module_preset=\u00a0\u00bbdefault\u00a0\u00bb global_colors_info=\u00a0\u00bb{}\u00a0\u00bb][et_pb_blurb title=\u00a0\u00bbBlanc\u00a0\u00bb image=\u00a0\u00bbhttps:\/\/www.rizz.design\/wp-content\/uploads\/2024\/12\/DL-58&#215;36-white-3D.jpg\u00a0\u00bb _builder_version=\u00a0\u00bb4.27.0&Prime; _module_preset=\u00a0\u00bbdefault\u00a0\u00bb header_font=\u00a0\u00bb|600||on|||||\u00a0\u00bb header_text_align=\u00a0\u00bbcenter\u00a0\u00bb header_text_color=\u00a0\u00bbgcid-62d4cf57-a9b8-458a-be71-4790c9153c28&Prime; header_font_size=\u00a0\u00bb22px\u00a0\u00bb locked=\u00a0\u00bboff\u00a0\u00bb global_colors_info=\u00a0\u00bb{%22gcid-62d4cf57-a9b8-458a-be71-4790c9153c28%22:%91%22header_text_color%22%93}\u00a0\u00bb][\/et_pb_blurb][et_pb_button button_text=\u00a0\u00bbChoisissez votre tapis\u00a0\u00bb disabled_on=\u00a0\u00bboff|off|on\u00a0\u00bb module_class=\u00a0\u00bbtrigger_product_popup\u00a0\u00bb _builder_version=\u00a0\u00bb4.27.0&Prime; _module_preset=\u00a0\u00bbdefault\u00a0\u00bb custom_css_free_form=\u00a0\u00bb.et_pb_button_7_wrapper {||  display: flex;||}||||selector {||  margin-left: auto;||  margin-right: auto;||}\u00a0\u00bb locked=\u00a0\u00bboff\u00a0\u00bb global_colors_info=\u00a0\u00bb{}\u00a0\u00bb][\/et_pb_button][\/et_pb_column][\/et_pb_row][\/et_pb_section][et_pb_section fb_built=\u00a0\u00bb1&Prime; _builder_version=\u00a0\u00bb4.27.0&Prime; _module_preset=\u00a0\u00bbdefault\u00a0\u00bb background_color=\u00a0\u00bb#000000&Prime; locked=\u00a0\u00bboff\u00a0\u00bb global_colors_info=\u00a0\u00bb{}\u00a0\u00bb][et_pb_row use_custom_gutter=\u00a0\u00bbon\u00a0\u00bb gutter_width=\u00a0\u00bb2&Prime; make_equal=\u00a0\u00bbon\u00a0\u00bb _builder_version=\u00a0\u00bb4.27.4&Prime; _module_preset=\u00a0\u00bb_initial\u00a0\u00bb custom_margin=\u00a0\u00bb||-50px||false|false\u00a0\u00bb custom_padding=\u00a0\u00bb||||false|false\u00a0\u00bb global_colors_info=\u00a0\u00bb{}\u00a0\u00bb][et_pb_column type=\u00a0\u00bb4_4&Prime; _builder_version=\u00a0\u00bb4.27.4&Prime; _module_preset=\u00a0\u00bbdefault\u00a0\u00bb global_colors_info=\u00a0\u00bb{}\u00a0\u00bb][et_pb_text _builder_version=\u00a0\u00bb4.27.4&Prime; _module_preset=\u00a0\u00bbdefault\u00a0\u00bb text_font=\u00a0\u00bb||||||||\u00a0\u00bb text_text_color=\u00a0\u00bb#FFFFFF\u00a0\u00bb text_font_size=\u00a0\u00bb38px\u00a0\u00bb header_font_size=\u00a0\u00bb41px\u00a0\u00bb header_2_font_size=\u00a0\u00bb34px\u00a0\u00bb background_layout=\u00a0\u00bbdark\u00a0\u00bb custom_margin=\u00a0\u00bb||||false|false\u00a0\u00bb header_2_font_size_tablet=\u00a0\u00bb30px\u00a0\u00bb header_2_font_size_phone=\u00a0\u00bb26px\u00a0\u00bb header_2_font_size_last_edited=\u00a0\u00bbon|tablet\u00a0\u00bb custom_css_free_form=\u00a0\u00bbselector span.head_text.small {||  font-size: 36px!important;||  font-weight: bold;||\tline-height: 50px;||}\u00a0\u00bb global_colors_info=\u00a0\u00bb{}\u00a0\u00bb]<\/p>\n<h2>Imaginez le Rizz Urban Mat mettant en valeur le pont de votre yacht.<\/h2>\n<p>[\/et_pb_text][\/et_pb_column][\/et_pb_row][et_pb_row column_structure=\u00a0\u00bb1_2,1_2&Prime; use_custom_gutter=\u00a0\u00bbon\u00a0\u00bb gutter_width=\u00a0\u00bb2&Prime; make_equal=\u00a0\u00bbon\u00a0\u00bb _builder_version=\u00a0\u00bb4.27.4&Prime; _module_preset=\u00a0\u00bb_initial\u00a0\u00bb custom_padding=\u00a0\u00bb48px|||||\u00a0\u00bb global_colors_info=\u00a0\u00bb{}\u00a0\u00bb][et_pb_column type=\u00a0\u00bb1_2&Prime; _builder_version=\u00a0\u00bb4.27.4&Prime; _module_preset=\u00a0\u00bbdefault\u00a0\u00bb global_colors_info=\u00a0\u00bb{}\u00a0\u00bb][et_pb_image src=\u00a0\u00bbhttps:\/\/www.rizz.design\/wp-content\/uploads\/2025\/06\/urban5.webp\u00a0\u00bb title_text=\u00a0\u00bburban1&Prime; show_in_lightbox=\u00a0\u00bbon\u00a0\u00bb _builder_version=\u00a0\u00bb4.27.4&Prime; _module_preset=\u00a0\u00bbdefault\u00a0\u00bb global_colors_info=\u00a0\u00bb{}\u00a0\u00bb][\/et_pb_image][\/et_pb_column][et_pb_column type=\u00a0\u00bb1_2&Prime; _builder_version=\u00a0\u00bb4.27.4&Prime; _module_preset=\u00a0\u00bbdefault\u00a0\u00bb global_colors_info=\u00a0\u00bb{}\u00a0\u00bb][et_pb_image src=\u00a0\u00bbhttps:\/\/www.rizz.design\/wp-content\/uploads\/2025\/06\/urban4.webp\u00a0\u00bb show_in_lightbox=\u00a0\u00bbon\u00a0\u00bb _builder_version=\u00a0\u00bb4.27.4&Prime; _module_preset=\u00a0\u00bbdefault\u00a0\u00bb global_colors_info=\u00a0\u00bb{}\u00a0\u00bb][\/et_pb_image][et_pb_image src=\u00a0\u00bbhttps:\/\/www.rizz.design\/wp-content\/uploads\/2025\/06\/urban2.webp\u00a0\u00bb show_in_lightbox=\u00a0\u00bbon\u00a0\u00bb _builder_version=\u00a0\u00bb4.27.4&Prime; _module_preset=\u00a0\u00bbdefault\u00a0\u00bb global_colors_info=\u00a0\u00bb{}\u00a0\u00bb][\/et_pb_image][\/et_pb_column][\/et_pb_row][\/et_pb_section][et_pb_section fb_built=\u00a0\u00bb1&Prime; _builder_version=\u00a0\u00bb4.27.0&Prime; _module_preset=\u00a0\u00bbdefault\u00a0\u00bb locked=\u00a0\u00bboff\u00a0\u00bb global_colors_info=\u00a0\u00bb{}\u00a0\u00bb][et_pb_row use_custom_gutter=\u00a0\u00bbon\u00a0\u00bb gutter_width=\u00a0\u00bb2&Prime; make_equal=\u00a0\u00bbon\u00a0\u00bb _builder_version=\u00a0\u00bb4.27.4&Prime; _module_preset=\u00a0\u00bb_initial\u00a0\u00bb custom_margin=\u00a0\u00bb||-50px||false|false\u00a0\u00bb custom_padding=\u00a0\u00bb||||false|false\u00a0\u00bb global_colors_info=\u00a0\u00bb{}\u00a0\u00bb][et_pb_column type=\u00a0\u00bb4_4&Prime; _builder_version=\u00a0\u00bb4.27.4&Prime; _module_preset=\u00a0\u00bbdefault\u00a0\u00bb global_colors_info=\u00a0\u00bb{}\u00a0\u00bb][et_pb_text _builder_version=\u00a0\u00bb4.27.4&Prime; _module_preset=\u00a0\u00bbdefault\u00a0\u00bb text_font=\u00a0\u00bb||||||||\u00a0\u00bb text_text_color=\u00a0\u00bb#FFFFFF\u00a0\u00bb text_font_size=\u00a0\u00bb38px\u00a0\u00bb header_font_size=\u00a0\u00bb41px\u00a0\u00bb header_2_text_color=\u00a0\u00bb#000000&Prime; header_2_font_size=\u00a0\u00bb34px\u00a0\u00bb background_layout=\u00a0\u00bbdark\u00a0\u00bb custom_margin=\u00a0\u00bb||||false|false\u00a0\u00bb header_2_font_size_tablet=\u00a0\u00bb30px\u00a0\u00bb header_2_font_size_phone=\u00a0\u00bb26px\u00a0\u00bb header_2_font_size_last_edited=\u00a0\u00bbon|tablet\u00a0\u00bb custom_css_free_form=\u00a0\u00bbselector span.head_text.small {||  font-size: 36px!important;||  font-weight: bold;||\tline-height: 50px;||}\u00a0\u00bb global_colors_info=\u00a0\u00bb{}\u00a0\u00bb]<\/p>\n<h2>Ou \u00e0 l\u2019ext\u00e9rieur de votre camping-car, pour que vous puissiez garder la salet\u00e9 \u00e0 l\u2019ext\u00e9rieur o\u00f9 que vous alliez.<\/h2>\n<p>[\/et_pb_text][\/et_pb_column][\/et_pb_row][et_pb_row column_structure=\u00a0\u00bb1_2,1_2&Prime; use_custom_gutter=\u00a0\u00bbon\u00a0\u00bb gutter_width=\u00a0\u00bb2&Prime; make_equal=\u00a0\u00bbon\u00a0\u00bb _builder_version=\u00a0\u00bb4.27.4&Prime; _module_preset=\u00a0\u00bb_initial\u00a0\u00bb custom_padding=\u00a0\u00bb48px|||||\u00a0\u00bb global_colors_info=\u00a0\u00bb{}\u00a0\u00bb][et_pb_column type=\u00a0\u00bb1_2&Prime; _builder_version=\u00a0\u00bb4.27.4&Prime; _module_preset=\u00a0\u00bbdefault\u00a0\u00bb global_colors_info=\u00a0\u00bb{}\u00a0\u00bb][et_pb_image src=\u00a0\u00bbhttps:\/\/www.rizz.design\/wp-content\/uploads\/2025\/06\/urban7.webp\u00a0\u00bb title_text=\u00a0\u00bburban1&Prime; show_in_lightbox=\u00a0\u00bbon\u00a0\u00bb _builder_version=\u00a0\u00bb4.27.4&Prime; _module_preset=\u00a0\u00bbdefault\u00a0\u00bb global_colors_info=\u00a0\u00bb{}\u00a0\u00bb][\/et_pb_image][\/et_pb_column][et_pb_column type=\u00a0\u00bb1_2&Prime; _builder_version=\u00a0\u00bb4.27.4&Prime; _module_preset=\u00a0\u00bbdefault\u00a0\u00bb global_colors_info=\u00a0\u00bb{}\u00a0\u00bb][et_pb_image src=\u00a0\u00bbhttps:\/\/www.rizz.design\/wp-content\/uploads\/2025\/06\/urban8.webp\u00a0\u00bb show_in_lightbox=\u00a0\u00bbon\u00a0\u00bb _builder_version=\u00a0\u00bb4.27.4&Prime; _module_preset=\u00a0\u00bbdefault\u00a0\u00bb global_colors_info=\u00a0\u00bb{}\u00a0\u00bb][\/et_pb_image][\/et_pb_column][\/et_pb_row][\/et_pb_section]<\/p>\n","protected":false},"excerpt":{"rendered":"<p>Le paillasson id\u00e9al pour votre appartement en ville, maison de vacances, bateau ou caravaneCette \u00e9dition de nos tapis d\u2019ext\u00e9rieur RiZZ Design apporte la m\u00eame technologie aux entr\u00e9es urbaines. \u00c9limine sable et salet\u00e9s des semelles profil\u00e9es Tr\u00e8s efficace, avec un rendement jusqu\u2019\u00e0 80 % Entretien minimal Facile \u00e0 nettoyer Adapt\u00e9 \u00e0 une utilisation en ext\u00e9rieur Cadre [&hellip;]<\/p>\n","protected":false},"featured_media":75950,"comment_status":"closed","ping_status":"closed","template":"","meta":{"_acf_changed":false,"_et_pb_use_builder":"on","_et_pb_old_content":"","_et_gb_content_width":"","footnotes":""},"product_brand":[],"product_cat":[223],"product_tag":[],"class_list":{"0":"post-76356","1":"product","2":"type-product","3":"status-publish","4":"has-post-thumbnail","6":"product_cat-geen-categorie-fr","7":"pa_color-anthracite-fr","8":"pa_color-silver-fr","9":"pa_color-white-fr","11":"first","12":"instock","13":"taxable","14":"shipping-taxable","15":"purchasable","16":"product-type-variable","17":"has-default-attributes"},"acf":[],"yoast_head":"<!-- This site is optimized with the Yoast SEO Premium plugin v27.1 (Yoast SEO v27.1.1) - https:\/\/yoast.com\/product\/yoast-seo-premium-wordpress\/ -->\n<title>RiZZ Design urban matten - Site officiel<\/title>\n<meta name=\"robots\" content=\"index, follow, max-snippet:-1, max-image-preview:large, max-video-preview:-1\" \/>\n<link rel=\"canonical\" href=\"https:\/\/www.rizz.design\/fr\/produit\/tapis-urbain\/\" \/>\n<meta property=\"og:locale\" content=\"fr_FR\" \/>\n<meta property=\"og:type\" content=\"article\" \/>\n<meta property=\"og:title\" content=\"Urban mat\" \/>\n<meta property=\"og:description\" content=\"Le paillasson id\u00e9al pour votre appartement en ville, maison de vacances, bateau ou caravaneCette \u00e9dition de nos tapis d\u2019ext\u00e9rieur RiZZ Design apporte la m\u00eame technologie aux entr\u00e9es urbaines. \u00c9limine sable et salet\u00e9s des semelles profil\u00e9es Tr\u00e8s efficace, avec un rendement jusqu\u2019\u00e0 80 % Entretien minimal Facile \u00e0 nettoyer Adapt\u00e9 \u00e0 une utilisation en ext\u00e9rieur Cadre [&hellip;]\" \/>\n<meta property=\"og:url\" content=\"https:\/\/www.rizz.design\/fr\/produit\/tapis-urbain\/\" \/>\n<meta property=\"og:site_name\" content=\"RiZZ | Official Website\" \/>\n<meta property=\"article:modified_time\" content=\"2026-02-04T12:33:15+00:00\" \/>\n<meta property=\"og:image\" content=\"https:\/\/www.rizz.design\/wp-content\/uploads\/2024\/12\/DL-58x36-silver-3D.jpg\" \/>\n\t<meta property=\"og:image:width\" content=\"1920\" \/>\n\t<meta property=\"og:image:height\" content=\"1280\" \/>\n\t<meta property=\"og:image:type\" content=\"image\/jpeg\" \/>\n<meta name=\"twitter:card\" content=\"summary_large_image\" \/>\n<meta name=\"twitter:label1\" content=\"Dur\u00e9e de lecture estim\u00e9e\" \/>\n\t<meta name=\"twitter:data1\" content=\"2 minutes\" \/>\n<script type=\"application\/ld+json\" class=\"yoast-schema-graph\">{\"@context\":\"https:\/\/schema.org\",\"@graph\":[{\"@type\":\"WebPage\",\"@id\":\"https:\/\/www.rizz.design\/fr\/produit\/tapis-urbain\/\",\"url\":\"https:\/\/www.rizz.design\/fr\/produit\/tapis-urbain\/\",\"name\":\"RiZZ Design urban matten - Site officiel\",\"isPartOf\":{\"@id\":\"https:\/\/www.rizz.design\/fr\/#website\"},\"primaryImageOfPage\":{\"@id\":\"https:\/\/www.rizz.design\/fr\/produit\/tapis-urbain\/#primaryimage\"},\"image\":{\"@id\":\"https:\/\/www.rizz.design\/fr\/produit\/tapis-urbain\/#primaryimage\"},\"thumbnailUrl\":\"https:\/\/www.rizz.design\/wp-content\/uploads\/2024\/12\/DL-58x36-silver-3D.jpg\",\"datePublished\":\"2024-12-19T09:40:43+00:00\",\"dateModified\":\"2026-02-04T12:33:15+00:00\",\"breadcrumb\":{\"@id\":\"https:\/\/www.rizz.design\/fr\/produit\/tapis-urbain\/#breadcrumb\"},\"inLanguage\":\"fr-FR\",\"potentialAction\":[{\"@type\":\"ReadAction\",\"target\":[\"https:\/\/www.rizz.design\/fr\/produit\/tapis-urbain\/\"]}]},{\"@type\":\"ImageObject\",\"inLanguage\":\"fr-FR\",\"@id\":\"https:\/\/www.rizz.design\/fr\/produit\/tapis-urbain\/#primaryimage\",\"url\":\"https:\/\/www.rizz.design\/wp-content\/uploads\/2024\/12\/DL-58x36-silver-3D.jpg\",\"contentUrl\":\"https:\/\/www.rizz.design\/wp-content\/uploads\/2024\/12\/DL-58x36-silver-3D.jpg\",\"width\":1920,\"height\":1280},{\"@type\":\"BreadcrumbList\",\"@id\":\"https:\/\/www.rizz.design\/fr\/produit\/tapis-urbain\/#breadcrumb\",\"itemListElement\":[{\"@type\":\"ListItem\",\"position\":1,\"name\":\"Home\",\"item\":\"https:\/\/www.rizz.design\/fr\/\"},{\"@type\":\"ListItem\",\"position\":2,\"name\":\"Produits\",\"item\":\"https:\/\/www.rizz.design\/fr\/shop\/\"},{\"@type\":\"ListItem\",\"position\":3,\"name\":\"Urban mat\"}]},{\"@type\":\"WebSite\",\"@id\":\"https:\/\/www.rizz.design\/fr\/#website\",\"url\":\"https:\/\/www.rizz.design\/fr\/\",\"name\":\"RiZZ | Official Website\",\"description\":\"Since 1941\",\"potentialAction\":[{\"@type\":\"SearchAction\",\"target\":{\"@type\":\"EntryPoint\",\"urlTemplate\":\"https:\/\/www.rizz.design\/fr\/?s={search_term_string}\"},\"query-input\":{\"@type\":\"PropertyValueSpecification\",\"valueRequired\":true,\"valueName\":\"search_term_string\"}}],\"inLanguage\":\"fr-FR\"}]}<\/script>\n<!-- \/ Yoast SEO Premium plugin. -->","yoast_head_json":{"title":"RiZZ Design urban matten - Site officiel","robots":{"index":"index","follow":"follow","max-snippet":"max-snippet:-1","max-image-preview":"max-image-preview:large","max-video-preview":"max-video-preview:-1"},"canonical":"https:\/\/www.rizz.design\/fr\/produit\/tapis-urbain\/","og_locale":"fr_FR","og_type":"article","og_title":"Urban mat","og_description":"Le paillasson id\u00e9al pour votre appartement en ville, maison de vacances, bateau ou caravaneCette \u00e9dition de nos tapis d\u2019ext\u00e9rieur RiZZ Design apporte la m\u00eame technologie aux entr\u00e9es urbaines. \u00c9limine sable et salet\u00e9s des semelles profil\u00e9es Tr\u00e8s efficace, avec un rendement jusqu\u2019\u00e0 80 % Entretien minimal Facile \u00e0 nettoyer Adapt\u00e9 \u00e0 une utilisation en ext\u00e9rieur Cadre [&hellip;]","og_url":"https:\/\/www.rizz.design\/fr\/produit\/tapis-urbain\/","og_site_name":"RiZZ | Official Website","article_modified_time":"2026-02-04T12:33:15+00:00","og_image":[{"width":1920,"height":1280,"url":"https:\/\/www.rizz.design\/wp-content\/uploads\/2024\/12\/DL-58x36-silver-3D.jpg","type":"image\/jpeg"}],"twitter_card":"summary_large_image","twitter_misc":{"Dur\u00e9e de lecture estim\u00e9e":"2 minutes"},"schema":{"@context":"https:\/\/schema.org","@graph":[{"@type":"WebPage","@id":"https:\/\/www.rizz.design\/fr\/produit\/tapis-urbain\/","url":"https:\/\/www.rizz.design\/fr\/produit\/tapis-urbain\/","name":"RiZZ Design urban matten - Site officiel","isPartOf":{"@id":"https:\/\/www.rizz.design\/fr\/#website"},"primaryImageOfPage":{"@id":"https:\/\/www.rizz.design\/fr\/produit\/tapis-urbain\/#primaryimage"},"image":{"@id":"https:\/\/www.rizz.design\/fr\/produit\/tapis-urbain\/#primaryimage"},"thumbnailUrl":"https:\/\/www.rizz.design\/wp-content\/uploads\/2024\/12\/DL-58x36-silver-3D.jpg","datePublished":"2024-12-19T09:40:43+00:00","dateModified":"2026-02-04T12:33:15+00:00","breadcrumb":{"@id":"https:\/\/www.rizz.design\/fr\/produit\/tapis-urbain\/#breadcrumb"},"inLanguage":"fr-FR","potentialAction":[{"@type":"ReadAction","target":["https:\/\/www.rizz.design\/fr\/produit\/tapis-urbain\/"]}]},{"@type":"ImageObject","inLanguage":"fr-FR","@id":"https:\/\/www.rizz.design\/fr\/produit\/tapis-urbain\/#primaryimage","url":"https:\/\/www.rizz.design\/wp-content\/uploads\/2024\/12\/DL-58x36-silver-3D.jpg","contentUrl":"https:\/\/www.rizz.design\/wp-content\/uploads\/2024\/12\/DL-58x36-silver-3D.jpg","width":1920,"height":1280},{"@type":"BreadcrumbList","@id":"https:\/\/www.rizz.design\/fr\/produit\/tapis-urbain\/#breadcrumb","itemListElement":[{"@type":"ListItem","position":1,"name":"Home","item":"https:\/\/www.rizz.design\/fr\/"},{"@type":"ListItem","position":2,"name":"Produits","item":"https:\/\/www.rizz.design\/fr\/shop\/"},{"@type":"ListItem","position":3,"name":"Urban mat"}]},{"@type":"WebSite","@id":"https:\/\/www.rizz.design\/fr\/#website","url":"https:\/\/www.rizz.design\/fr\/","name":"RiZZ | Official Website","description":"Since 1941","potentialAction":[{"@type":"SearchAction","target":{"@type":"EntryPoint","urlTemplate":"https:\/\/www.rizz.design\/fr\/?s={search_term_string}"},"query-input":{"@type":"PropertyValueSpecification","valueRequired":true,"valueName":"search_term_string"}}],"inLanguage":"fr-FR"}]}},"_links":{"self":[{"href":"https:\/\/www.rizz.design\/fr\/wp-json\/wp\/v2\/product\/76356","targetHints":{"allow":["GET"]}}],"collection":[{"href":"https:\/\/www.rizz.design\/fr\/wp-json\/wp\/v2\/product"}],"about":[{"href":"https:\/\/www.rizz.design\/fr\/wp-json\/wp\/v2\/types\/product"}],"replies":[{"embeddable":true,"href":"https:\/\/www.rizz.design\/fr\/wp-json\/wp\/v2\/comments?post=76356"}],"version-history":[{"count":20,"href":"https:\/\/www.rizz.design\/fr\/wp-json\/wp\/v2\/product\/76356\/revisions"}],"predecessor-version":[{"id":81372,"href":"https:\/\/www.rizz.design\/fr\/wp-json\/wp\/v2\/product\/76356\/revisions\/81372"}],"wp:featuredmedia":[{"embeddable":true,"href":"https:\/\/www.rizz.design\/fr\/wp-json\/wp\/v2\/media\/75950"}],"wp:attachment":[{"href":"https:\/\/www.rizz.design\/fr\/wp-json\/wp\/v2\/media?parent=76356"}],"wp:term":[{"taxonomy":"product_brand","embeddable":true,"href":"https:\/\/www.rizz.design\/fr\/wp-json\/wp\/v2\/product_brand?post=76356"},{"taxonomy":"product_cat","embeddable":true,"href":"https:\/\/www.rizz.design\/fr\/wp-json\/wp\/v2\/product_cat?post=76356"},{"taxonomy":"product_tag","embeddable":true,"href":"https:\/\/www.rizz.design\/fr\/wp-json\/wp\/v2\/product_tag?post=76356"}],"curies":[{"name":"wp","href":"https:\/\/api.w.org\/{rel}","templated":true}]}}