{"id":24736,"date":"2022-05-18T15:46:07","date_gmt":"2022-05-18T14:46:07","guid":{"rendered":"https:\/\/www.rizz.design\/resi\/"},"modified":"2025-01-08T16:13:50","modified_gmt":"2025-01-08T15:13:50","slug":"resi","status":"publish","type":"page","link":"https:\/\/www.rizz.design\/it\/resi\/","title":{"rendered":"Resi"},"content":{"rendered":"<p>[et_pb_section fb_built=&#8221;1&#8243; _builder_version=&#8221;4.16&#8243; global_colors_info=&#8221;{}&#8221;][et_pb_row _builder_version=&#8221;4.16&#8243; background_size=&#8221;initial&#8221; background_position=&#8221;top_left&#8221; background_repeat=&#8221;repeat&#8221; global_colors_info=&#8221;{}&#8221;][et_pb_column type=&#8221;4_4&#8243; _builder_version=&#8221;4.16&#8243; custom_padding=&#8221;|||&#8221; global_colors_info=&#8221;{}&#8221; custom_padding__hover=&#8221;|||&#8221;][et_pb_dmb_breadcrumbs _builder_version=&#8221;4.27.0&#8243; _module_preset=&#8221;default&#8221; show_custom_taxonomy_crumbs=&#8221;off&#8221; show_category_crumbs=&#8221;off&#8221; hover_enabled=&#8221;0&#8243; sticky_enabled=&#8221;0&#8243;][\/et_pb_dmb_breadcrumbs][et_pb_text _builder_version=&#8221;4.20.2&#8243; background_size=&#8221;initial&#8221; background_position=&#8221;top_left&#8221; background_repeat=&#8221;repeat&#8221; global_colors_info=&#8221;{}&#8221;]<\/p>\n<p>Se non siete completamente soddisfatti del nostro prodotto, fatecelo sapere. Vi aiuteremo a risolvere il problema. Se avete delle domande su un prodotto, consultate le nostre <a href=\"\/it\/domande-frequenti\/\">FAQ<\/a> o contattateci direttamente.<\/p>\n<p>[\/et_pb_text][et_pb_text _builder_version=&#8221;4.20.2&#8243; background_size=&#8221;initial&#8221; background_position=&#8221;top_left&#8221; background_repeat=&#8221;repeat&#8221; global_colors_info=&#8221;{}&#8221;]<\/p>\n<ol>\n<li>Se desiderate annullare un ordine, potete informarci via e-mail all&#8217;indirizzo: <a href=\"mailto:info@rizz.nl\">info@rizz.nl<\/a> prima che i prodotti vengano spediti.<br \/>\nSe l\u2019ordine \u00e8 stato gi\u00e0 consegnato, potete restituircelo in conformit\u00e0 al punto 2.<\/li>\n<li>\u00c8 possibile restituire i prodotti ordinati inutilizzati e in condizioni nuove entro 30 giorni dal ricevimento e ricevere un rimborso completo o un cambio di prodotti. Le spese relative alla restituzione sono a vostro carico. Per restituire i prodotti, compilate il modulo di reso e successivamente vi invieremo un&#8217;email di conferma con un&#8217;etichetta di reso da attaccare sul pacco.<\/li>\n<li>Dopo aver ricevuto i prodotti restituiti, rimborseremo l&#8217;importo pagato o cambieremo il prodotto se necessario.<\/li>\n<li>Il diritto di restituzione dei prodotti non \u00e8 applicabile nei seguenti casi:<\/li>\n<\/ol>\n<ul>\n<li style=\"list-style-type: none;\">\n<ul>\n<li style=\"list-style-type: none;\">\u2022 Quando il prodotto \u00e8 stato utilizzato.<\/li>\n<li style=\"list-style-type: none;\">\u2022 Per tutti i prodotti fatti su misura o modificati secondo le vostre specifiche.<\/li>\n<li style=\"list-style-type: none;\">\u2022 Le disposizioni di cui al punto 2 non pregiudicano i vostri diritti legali.<\/li>\n<\/ul>\n<\/li>\n<\/ul>\n<p>[\/et_pb_text][et_pb_text _builder_version=&#8221;4.17.0&#8243; background_size=&#8221;initial&#8221; background_position=&#8221;top_left&#8221; background_repeat=&#8221;repeat&#8221; global_colors_info=&#8221;{}&#8221;]<\/p>\n<script type=\"text\/javascript\">var gform;gform||(document.addEventListener(\"gform_main_scripts_loaded\",function(){gform.scriptsLoaded=!0}),window.addEventListener(\"DOMContentLoaded\",function(){gform.domLoaded=!0}),gform={domLoaded:!1,scriptsLoaded:!1,initializeOnLoaded:function(o){gform.domLoaded&&gform.scriptsLoaded?o():!gform.domLoaded&&gform.scriptsLoaded?window.addEventListener(\"DOMContentLoaded\",o):document.addEventListener(\"gform_main_scripts_loaded\",o)},hooks:{action:{},filter:{}},addAction:function(o,n,r,t){gform.addHook(\"action\",o,n,r,t)},addFilter:function(o,n,r,t){gform.addHook(\"filter\",o,n,r,t)},doAction:function(o){gform.doHook(\"action\",o,arguments)},applyFilters:function(o){return gform.doHook(\"filter\",o,arguments)},removeAction:function(o,n){gform.removeHook(\"action\",o,n)},removeFilter:function(o,n,r){gform.removeHook(\"filter\",o,n,r)},addHook:function(o,n,r,t,i){null==gform.hooks[o][n]&&(gform.hooks[o][n]=[]);var e=gform.hooks[o][n];null==i&&(i=n+\"_\"+e.length),gform.hooks[o][n].push({tag:i,callable:r,priority:t=null==t?10:t})},doHook:function(n,o,r){var t;if(r=Array.prototype.slice.call(r,1),null!=gform.hooks[n][o]&&((o=gform.hooks[n][o]).sort(function(o,n){return o.priority-n.priority}),o.forEach(function(o){\"function\"!=typeof(t=o.callable)&&(t=window[t]),\"action\"==n?t.apply(null,r):r[0]=t.apply(null,r)})),\"filter\"==n)return r[0]},removeHook:function(o,n,t,i){var r;null!=gform.hooks[o][n]&&(r=(r=gform.hooks[o][n]).filter(function(o,n,r){return!!(null!=i&&i!=o.tag||null!=t&&t!=o.priority)}),gform.hooks[o][n]=r)}});<\/script>\n                <div class='gf_browser_gecko gform_wrapper gravity-theme gform-theme--no-framework' data-form-theme='gravity-theme' data-form-index='0' id='gform_wrapper_3' ><form method='post' enctype='multipart\/form-data'  id='gform_3'  action='\/it\/wp-json\/wp\/v2\/pages\/24736' data-formid='3' novalidate> \r\n <input type='hidden' class='gforms-pum' value='{\"closepopup\":false,\"closedelay\":0,\"openpopup\":false,\"openpopup_id\":0}' \/>\n                        <div class='gform-body gform_body'><div id='gform_fields_3' class='gform_fields top_label form_sublabel_below description_below validation_below'><fieldset id=\"field_3_5\" class=\"gfield gfield--type-name gfield--input-type-name gfield--width-full gfield_contains_required field_sublabel_below gfield--no-description field_description_below field_validation_below gfield_visibility_visible\"  data-js-reload=\"field_3_5\" ><legend class='gfield_label gform-field-label gfield_label_before_complex' >Nome<span class=\"gfield_required\"><span class=\"gfield_required gfield_required_text\">(obbligatorio)<\/span><\/span><\/legend><div class='ginput_complex ginput_container ginput_container--name no_prefix has_first_name no_middle_name has_last_name no_suffix gf_name_has_2 ginput_container_name gform-grid-row' id='input_3_5'>\n                            \n                            <span id='input_3_5_3_container' class='name_first gform-grid-col gform-grid-col--size-auto' >\n                                                    <input type='text' name='input_5.3' id='input_3_5_3' value=''   aria-required='true'     \/>\n                                                    <label for='input_3_5_3' class='gform-field-label gform-field-label--type-sub '>Nome<\/label>\n                                                <\/span>\n                            \n                            <span id='input_3_5_6_container' class='name_last gform-grid-col gform-grid-col--size-auto' >\n                                                    <input type='text' name='input_5.6' id='input_3_5_6' value=''   aria-required='true'     \/>\n                                                    <label for='input_3_5_6' class='gform-field-label gform-field-label--type-sub '>Cognome<\/label>\n                                                <\/span>\n                            \n                        <\/div><\/fieldset><div id=\"field_3_12\" class=\"gfield gfield--type-email gfield--input-type-email gfield--width-full gfield_contains_required field_sublabel_below gfield--no-description field_description_below field_validation_below gfield_visibility_visible\"  data-js-reload=\"field_3_12\" ><label class='gfield_label gform-field-label' for='input_3_12'>Email<span class=\"gfield_required\"><span class=\"gfield_required gfield_required_text\">(obbligatorio)<\/span><\/span><\/label><div class='ginput_container ginput_container_email'>\n                            <input name='input_12' id='input_3_12' type='email' value='' class='large'    aria-required=\"true\" aria-invalid=\"false\"  \/>\n                        <\/div><\/div><div id=\"field_3_8\" class=\"gfield gfield--type-text gfield--input-type-text gfield--width-full gfield_contains_required field_sublabel_below gfield--no-description field_description_below field_validation_below gfield_visibility_visible\"  data-js-reload=\"field_3_8\" ><label class='gfield_label gform-field-label' for='input_3_8'>Numero d&#039;ordine<span class=\"gfield_required\"><span class=\"gfield_required gfield_required_text\">(obbligatorio)<\/span><\/span><\/label><div class='ginput_container ginput_container_text'><input name='input_8' id='input_3_8' type='text' value='' class='large'     aria-required=\"true\" aria-invalid=\"false\"   \/> <\/div><\/div><div id=\"field_3_7\" class=\"gfield gfield--type-textarea gfield--input-type-textarea gfield--width-full gfield_contains_required field_sublabel_below gfield--no-description field_description_below field_validation_below gfield_visibility_visible\"  data-js-reload=\"field_3_7\" ><label class='gfield_label gform-field-label' for='input_3_7'>Motivo per cui desidera restituire il prodotto o i prodotti<span class=\"gfield_required\"><span class=\"gfield_required gfield_required_text\">(obbligatorio)<\/span><\/span><\/label><div class='ginput_container ginput_container_textarea'><textarea name='input_7' id='input_3_7' class='textarea large'     aria-required=\"true\" aria-invalid=\"false\"   rows='10' cols='50'><\/textarea><\/div><\/div><div id=\"field_3_13\" class=\"gfield gfield--type-captcha gfield--input-type-captcha gfield--width-full field_sublabel_below gfield--no-description field_description_below field_validation_below gfield_visibility_visible\"  data-js-reload=\"field_3_13\" ><label class='gfield_label gform-field-label' for='input_3_13'>CAPTCHA<\/label><div id='input_3_13' class='ginput_container ginput_recaptcha' data-sitekey='6Lf35yQqAAAAALzJziA4W4IWtMXRDBk9WNuVCoiO'  data-theme='light' data-tabindex='0'  data-badge=''><\/div><\/div><\/div><\/div>\n        <div class='gform_footer top_label'> <button class='et_pb_button gform_button et_pb_bg_layout_light' style='float:right;' id='gform_submit_button_3'>\n\tInvia<\/button> \n            <input type='hidden' class='gform_hidden' name='is_submit_3' value='1' \/>\n            <input type='hidden' class='gform_hidden' name='gform_submit' value='3' \/>\n            \n            <input type='hidden' class='gform_hidden' name='gform_unique_id' value='' \/>\n            <input type='hidden' class='gform_hidden' name='state_3' value='WyJbXSIsImQ0ZWVhYTQxNzJhZjg1NmE1NGU0Yjk0YTA4NTM1MjM1Il0=' \/>\n            <input type='hidden' class='gform_hidden' name='gform_target_page_number_3' id='gform_target_page_number_3' value='0' \/>\n            <input type='hidden' class='gform_hidden' name='gform_source_page_number_3' id='gform_source_page_number_3' value='1' \/>\n            <input type='hidden' name='gform_field_values' value='' \/>\n            \n        <\/div>\n                        <\/form>\n                        <\/div><script type=\"text\/javascript\">\n\/* <![CDATA[ *\/\n gform.initializeOnLoaded( function() {gformInitSpinner( 3, 'https:\/\/www.rizz.design\/wp-content\/plugins\/gravityforms\/images\/spinner.svg', true );jQuery('#gform_ajax_frame_3').on('load',function(){var contents = jQuery(this).contents().find('*').html();var is_postback = contents.indexOf('GF_AJAX_POSTBACK') >= 0;if(!is_postback){return;}var form_content = jQuery(this).contents().find('#gform_wrapper_3');var is_confirmation = jQuery(this).contents().find('#gform_confirmation_wrapper_3').length > 0;var is_redirect = contents.indexOf('gformRedirect(){') >= 0;var is_form = form_content.length > 0 && ! is_redirect && ! is_confirmation;var mt = parseInt(jQuery('html').css('margin-top'), 10) + parseInt(jQuery('body').css('margin-top'), 10) + 100;if(is_form){jQuery('#gform_wrapper_3').html(form_content.html());if(form_content.hasClass('gform_validation_error')){jQuery('#gform_wrapper_3').addClass('gform_validation_error');} else {jQuery('#gform_wrapper_3').removeClass('gform_validation_error');}setTimeout( function() { \/* delay the scroll by 50 milliseconds to fix a bug in chrome *\/  }, 50 );if(window['gformInitDatepicker']) {gformInitDatepicker();}if(window['gformInitPriceFields']) {gformInitPriceFields();}var current_page = jQuery('#gform_source_page_number_3').val();gformInitSpinner( 3, 'https:\/\/www.rizz.design\/wp-content\/plugins\/gravityforms\/images\/spinner.svg', true );jQuery(document).trigger('gform_page_loaded', [3, current_page]);window['gf_submitting_3'] = false;}else if(!is_redirect){var confirmation_content = jQuery(this).contents().find('.GF_AJAX_POSTBACK').html();if(!confirmation_content){confirmation_content = contents;}jQuery('#gform_wrapper_3').replaceWith(confirmation_content);jQuery(document).trigger('gform_confirmation_loaded', [3]);window['gf_submitting_3'] = false;wp.a11y.speak(jQuery('#gform_confirmation_message_3').text());}else{jQuery('#gform_3').append(contents);if(window['gformRedirect']) {gformRedirect();}}jQuery(document).trigger(\"gform_pre_post_render\", [{ formId: \"3\", currentPage: \"current_page\", abort: function() { this.preventDefault(); } }]);                if (event && event.defaultPrevented) {                return;         }        const gformWrapperDiv = document.getElementById( \"gform_wrapper_3\" );        if ( gformWrapperDiv ) {            const visibilitySpan = document.createElement( \"span\" );            visibilitySpan.id = \"gform_visibility_test_3\";            gformWrapperDiv.insertAdjacentElement( \"afterend\", visibilitySpan );        }        const visibilityTestDiv = document.getElementById( \"gform_visibility_test_3\" );        let postRenderFired = false;                function triggerPostRender() {            if ( postRenderFired ) {                return;            }            postRenderFired = true;            jQuery( document ).trigger( 'gform_post_render', [3, current_page] );            gform.utils.trigger( { event: 'gform\/postRender', native: false, data: { formId: 3, currentPage: current_page } } );            if ( visibilityTestDiv ) {                visibilityTestDiv.parentNode.removeChild( visibilityTestDiv );            }        }        function debounce( func, wait, immediate ) {            var timeout;            return function() {                var context = this, args = arguments;                var later = function() {                    timeout = null;                    if ( !immediate ) func.apply( context, args );                };                var callNow = immediate && !timeout;                clearTimeout( timeout );                timeout = setTimeout( later, wait );                if ( callNow ) func.apply( context, args );            };        }        const debouncedTriggerPostRender = debounce( function() {            triggerPostRender();        }, 200 );        if ( visibilityTestDiv && visibilityTestDiv.offsetParent === null ) {            const observer = new MutationObserver( ( mutations ) => {                mutations.forEach( ( mutation ) => {                    if ( mutation.type === 'attributes' && visibilityTestDiv.offsetParent !== null ) {                        debouncedTriggerPostRender();                        observer.disconnect();                    }                });            });            observer.observe( document.body, {                attributes: true,                childList: false,                subtree: true,                attributeFilter: [ 'style', 'class' ],            });        } else {            triggerPostRender();        }    } );} ); \n\/* ]]> *\/\n<\/script>\n\n<p>[\/et_pb_text][\/et_pb_column][\/et_pb_row][\/et_pb_section]<\/p>\n","protected":false},"excerpt":{"rendered":"<p>Se non siete completamente soddisfatti del nostro prodotto, fatecelo sapere. Vi aiuteremo a risolvere il problema. Se avete delle domande su un prodotto, consultate le nostre FAQ o contattateci direttamente. Se desiderate annullare un ordine, potete informarci via e-mail all&#8217;indirizzo: info@rizz.nl prima che i prodotti vengano spediti. Se l\u2019ordine \u00e8 stato gi\u00e0 consegnato, potete restituircelo [&hellip;]<\/p>\n","protected":false},"author":373,"featured_media":0,"parent":0,"menu_order":0,"comment_status":"open","ping_status":"open","template":"","meta":{"_acf_changed":false,"_et_pb_use_builder":"on","_et_pb_old_content":"","_et_gb_content_width":"","footnotes":""},"class_list":["post-24736","page","type-page","status-publish","hentry"],"acf":[],"yoast_head":"<!-- This site is optimized with the Yoast SEO Premium plugin v27.1 (Yoast SEO v27.1.1) - https:\/\/yoast.com\/product\/yoast-seo-premium-wordpress\/ -->\n<title>Resi RiZZ Design - Sito ufficiale RiZZ<\/title>\n<meta name=\"description\" content=\"Avete una domanda sulla restituzione dei prodotti RiZZ Design? Clicca qui per le domande pi\u00f9 frequenti e la procedura di restituzione.\" \/>\n<meta name=\"robots\" content=\"index, follow, max-snippet:-1, max-image-preview:large, max-video-preview:-1\" \/>\n<link rel=\"canonical\" href=\"https:\/\/www.rizz.design\/it\/resi\/\" \/>\n<meta property=\"og:locale\" content=\"it_IT\" \/>\n<meta property=\"og:type\" content=\"article\" \/>\n<meta property=\"og:title\" content=\"Resi\" \/>\n<meta property=\"og:description\" content=\"Avete una domanda sulla restituzione dei prodotti RiZZ Design? Clicca qui per le domande pi\u00f9 frequenti e la procedura di restituzione.\" \/>\n<meta property=\"og:url\" content=\"https:\/\/www.rizz.design\/it\/resi\/\" \/>\n<meta property=\"og:site_name\" content=\"RiZZ | Official Website\" \/>\n<meta property=\"article:modified_time\" content=\"2025-01-08T15:13:50+00:00\" \/>\n<meta name=\"twitter:card\" content=\"summary_large_image\" \/>\n<meta name=\"twitter:label1\" content=\"Tempo di lettura stimato\" \/>\n\t<meta name=\"twitter:data1\" content=\"2 minuti\" \/>\n<script type=\"application\/ld+json\" class=\"yoast-schema-graph\">{\"@context\":\"https:\/\/schema.org\",\"@graph\":[{\"@type\":\"WebPage\",\"@id\":\"https:\/\/www.rizz.design\/it\/resi\/\",\"url\":\"https:\/\/www.rizz.design\/it\/resi\/\",\"name\":\"Resi RiZZ Design - Sito ufficiale RiZZ\",\"isPartOf\":{\"@id\":\"https:\/\/www.rizz.design\/it\/#website\"},\"datePublished\":\"2022-05-18T14:46:07+00:00\",\"dateModified\":\"2025-01-08T15:13:50+00:00\",\"description\":\"Avete una domanda sulla restituzione dei prodotti RiZZ Design? Clicca qui per le domande pi\u00f9 frequenti e la procedura di restituzione.\",\"breadcrumb\":{\"@id\":\"https:\/\/www.rizz.design\/it\/resi\/#breadcrumb\"},\"inLanguage\":\"it-IT\",\"potentialAction\":[{\"@type\":\"ReadAction\",\"target\":[\"https:\/\/www.rizz.design\/it\/resi\/\"]}]},{\"@type\":\"BreadcrumbList\",\"@id\":\"https:\/\/www.rizz.design\/it\/resi\/#breadcrumb\",\"itemListElement\":[{\"@type\":\"ListItem\",\"position\":1,\"name\":\"Home\",\"item\":\"https:\/\/www.rizz.design\/it\/\"},{\"@type\":\"ListItem\",\"position\":2,\"name\":\"Resi\"}]},{\"@type\":\"WebSite\",\"@id\":\"https:\/\/www.rizz.design\/it\/#website\",\"url\":\"https:\/\/www.rizz.design\/it\/\",\"name\":\"RiZZ | Official Website\",\"description\":\"Since 1941\",\"potentialAction\":[{\"@type\":\"SearchAction\",\"target\":{\"@type\":\"EntryPoint\",\"urlTemplate\":\"https:\/\/www.rizz.design\/it\/?s={search_term_string}\"},\"query-input\":{\"@type\":\"PropertyValueSpecification\",\"valueRequired\":true,\"valueName\":\"search_term_string\"}}],\"inLanguage\":\"it-IT\"}]}<\/script>\n<!-- \/ Yoast SEO Premium plugin. -->","yoast_head_json":{"title":"Resi RiZZ Design - Sito ufficiale RiZZ","description":"Avete una domanda sulla restituzione dei prodotti RiZZ Design? Clicca qui per le domande pi\u00f9 frequenti e la procedura di restituzione.","robots":{"index":"index","follow":"follow","max-snippet":"max-snippet:-1","max-image-preview":"max-image-preview:large","max-video-preview":"max-video-preview:-1"},"canonical":"https:\/\/www.rizz.design\/it\/resi\/","og_locale":"it_IT","og_type":"article","og_title":"Resi","og_description":"Avete una domanda sulla restituzione dei prodotti RiZZ Design? Clicca qui per le domande pi\u00f9 frequenti e la procedura di restituzione.","og_url":"https:\/\/www.rizz.design\/it\/resi\/","og_site_name":"RiZZ | Official Website","article_modified_time":"2025-01-08T15:13:50+00:00","twitter_card":"summary_large_image","twitter_misc":{"Tempo di lettura stimato":"2 minuti"},"schema":{"@context":"https:\/\/schema.org","@graph":[{"@type":"WebPage","@id":"https:\/\/www.rizz.design\/it\/resi\/","url":"https:\/\/www.rizz.design\/it\/resi\/","name":"Resi RiZZ Design - Sito ufficiale RiZZ","isPartOf":{"@id":"https:\/\/www.rizz.design\/it\/#website"},"datePublished":"2022-05-18T14:46:07+00:00","dateModified":"2025-01-08T15:13:50+00:00","description":"Avete una domanda sulla restituzione dei prodotti RiZZ Design? Clicca qui per le domande pi\u00f9 frequenti e la procedura di restituzione.","breadcrumb":{"@id":"https:\/\/www.rizz.design\/it\/resi\/#breadcrumb"},"inLanguage":"it-IT","potentialAction":[{"@type":"ReadAction","target":["https:\/\/www.rizz.design\/it\/resi\/"]}]},{"@type":"BreadcrumbList","@id":"https:\/\/www.rizz.design\/it\/resi\/#breadcrumb","itemListElement":[{"@type":"ListItem","position":1,"name":"Home","item":"https:\/\/www.rizz.design\/it\/"},{"@type":"ListItem","position":2,"name":"Resi"}]},{"@type":"WebSite","@id":"https:\/\/www.rizz.design\/it\/#website","url":"https:\/\/www.rizz.design\/it\/","name":"RiZZ | Official Website","description":"Since 1941","potentialAction":[{"@type":"SearchAction","target":{"@type":"EntryPoint","urlTemplate":"https:\/\/www.rizz.design\/it\/?s={search_term_string}"},"query-input":{"@type":"PropertyValueSpecification","valueRequired":true,"valueName":"search_term_string"}}],"inLanguage":"it-IT"}]}},"_links":{"self":[{"href":"https:\/\/www.rizz.design\/it\/wp-json\/wp\/v2\/pages\/24736","targetHints":{"allow":["GET"]}}],"collection":[{"href":"https:\/\/www.rizz.design\/it\/wp-json\/wp\/v2\/pages"}],"about":[{"href":"https:\/\/www.rizz.design\/it\/wp-json\/wp\/v2\/types\/page"}],"author":[{"embeddable":true,"href":"https:\/\/www.rizz.design\/it\/wp-json\/wp\/v2\/users\/373"}],"replies":[{"embeddable":true,"href":"https:\/\/www.rizz.design\/it\/wp-json\/wp\/v2\/comments?post=24736"}],"version-history":[{"count":7,"href":"https:\/\/www.rizz.design\/it\/wp-json\/wp\/v2\/pages\/24736\/revisions"}],"predecessor-version":[{"id":76736,"href":"https:\/\/www.rizz.design\/it\/wp-json\/wp\/v2\/pages\/24736\/revisions\/76736"}],"wp:attachment":[{"href":"https:\/\/www.rizz.design\/it\/wp-json\/wp\/v2\/media?parent=24736"}],"curies":[{"name":"wp","href":"https:\/\/api.w.org\/{rel}","templated":true}]}}