{"id":24739,"date":"2022-05-18T15:55:37","date_gmt":"2022-05-18T14:55:37","guid":{"rendered":"https:\/\/www.rizz.design\/privacy-policy\/"},"modified":"2023-06-15T07:23:11","modified_gmt":"2023-06-15T06:23:11","slug":"privacy-policy","status":"publish","type":"page","link":"https:\/\/www.rizz.design\/it\/privacy-policy\/","title":{"rendered":"Privacy Policy"},"content":{"rendered":"<p>[et_pb_section fb_built=&#8221;1&#8243; _builder_version=&#8221;4.16&#8243; global_colors_info=&#8221;{}&#8221;][et_pb_row _builder_version=&#8221;4.16&#8243; background_size=&#8221;initial&#8221; background_position=&#8221;top_left&#8221; background_repeat=&#8221;repeat&#8221; global_colors_info=&#8221;{}&#8221;][et_pb_column type=&#8221;4_4&#8243; _builder_version=&#8221;4.16&#8243; custom_padding=&#8221;|||&#8221; global_colors_info=&#8221;{}&#8221; custom_padding__hover=&#8221;|||&#8221;][et_pb_text _builder_version=&#8221;4.16&#8243; background_size=&#8221;initial&#8221; background_position=&#8221;top_left&#8221; background_repeat=&#8221;repeat&#8221; global_colors_info=&#8221;{}&#8221;]<strong>LA VOSTRA PRIVACY \u00c8 IMPORTANTE PER NOI.<\/strong><br \/>\n<em>Questa pagina \u00e8 stata modificata l&#8217;ultima volta il 23 novembre 2021.<\/em><\/p>\n<p>I vostri dati personali vengono registrati solo quando acquistate un prodotto e\/o un servizio da RIZZ B.V. o se ne avete dato esplicita autorizzazione.<\/p>\n<p>I dati personali sono conservati da:<\/p>\n<p><strong>Azienda<\/strong>: RiZZ B.V.<br \/>\n<strong>Persona di contatto<\/strong>: Wesley van de Burgt<br \/>\n<strong>Indirizzo per le visite<\/strong>: Ambachtsstraat 11, 3861 RH, Nijkerk, Paesi Bassi<br \/>\n<strong>E-mail<\/strong>: info@rizz.nl<br \/>\n<strong>Numero telefonico<\/strong>: +31 33 247 77 00<br \/>\n<strong>Numero della Camera di Commercio<\/strong>: 08020204<\/p>\n<p>Per poter consegnare i prodotti ordinati o i nostri servizi, abbiamo bisogno di alcune informazioni. Ecco di quali dati personali necessitiamo:<\/p>\n<ul>\n<li>per assicurare la consegna dei vostri ordini o servizi: il vostro nome, recapito postale completo, numero di telefono e indirizzo e-mail;<\/li>\n<li>per restituire un ordine: il vostro nome, recapito postale completo, numero di telefono e indirizzo e-mail;<\/li>\n<li>per il pagamento e l&#8217;elaborazione delle vostre fatture: il vostro nome e recapito postale completo;<\/li>\n<li>per richiedere un&#8217;offerta non vincolante: il vostro nome, recapito postale completo, numero di telefono e\/o indirizzo e-mail;\n<li>per l&#8217;invio della nostra newsletter: il vostro nome e indirizzo e-mail;<\/li>\n<li>per il trattamento delle vostre domande e reclami: il vostro nome, indirizzo e-mail e\/o numero di telefono;<\/li>\n<li>per i cookies: sono piccoli file di informazioni memorizzati nel vostro browser. Questi cookie vi evitano di dover compilare le stesse informazioni ogni volta che visitate il sito. Utilizziamo i cookie anche per migliorare il nostro sito internet, ad esempio mostrando offerte e pubblicit\u00e0 personalizzate. Non volete accettare i cookie? Nessun problema. Potete disabilitarli in qualsiasi momento nel browser. Per saperne di pi\u00f9, clicca qui per ulteriori informazioni.<\/li>\n<\/ul>\n<p>RIZZ B.V. \u00e8 responsabile del rispetto del GDPR, dell\u2019amministrazione clienti e dell\u2019amministrazione per scopi analitici e di marketing. RIZZ B.V. \u00e8 responsabile dell&#8217;elaborazione corretta e adeguata di tutti i dati per conto di RIZZ B.V., incluso www.rizz.design e agir\u00e0 in conformit\u00e0 alle direttive del GDPR.<\/p>\n<p>RIZZ B.V. raccoglie ed elabora i dati personali per l&#8217;amministrazione del proprio archivio clienti, la consegna degli ordini e dei servizi, l&#8217;incasso dei pagamenti, il servizio clienti, il sito internet, il marketing personalizzato e per adempiere agli obblighi di legge.<\/p>\n<p>I dati personali memorizzati da RIZZ B.V. sono destinati principalmente all&#8217;esecuzione del contratto per la fornitura di prodotti e\/o servizi da parte di RIZZ B.V. Senza questi dati personali, RIZZ B.V. non \u00e8 in grado di eseguire il contratto.<\/p>\n<p>RIZZ B.V. tratta i vostri dati personali con la massima cura e si impegna a conservarli in modo sicuro. Ogni possibile fuga di dati viene sistematicamente segnalata all&#8217;Autorit\u00e0 olandese competente (Autoriteit Persoonsgegevens) e alle persone interessate. In caso di violazioni, RIZZ B.V. prender\u00e0 sempre le misure necessarie per garantire la vostra privacy e l&#8217;affidabilit\u00e0 del suo sito internet. Se ritenete che i vostri dati personali non siano utilizzati, raccolti o conservati correttamente e se non riuscite a far cancellare i vostri dati nonostante le ripetute richieste, potete presentare un reclamo all&#8217;Autorit\u00e0 olandese competente.<\/p>\n<p>I dati personali sono in ogni caso cancellati nei seguenti casi:<\/p>\n<ul>\n<li>in caso di esecuzione del contratto: 7 anni dopo la fine del contratto per eventuali contratti futuri, a meno che non abbiate richiesto esplicitamente di conservare i dati pi\u00f9 a lungo o se questi dati sono necessari;<\/li>\n<li>restituzioni rimborsabili: 2 mesi dopo il rimborso dei prodotti restituiti;<\/li>\n<li>pagamento e trattamento delle fatture: 7 anni dopo il pagamento della relativa fattura, in conformit\u00e0 agli obblighi di legge dell&#8217;amministrazione fiscale olandese;<\/li>\n<li>richiesta di preventivo: 7 anni dopo la data di invio del preventivo;<\/li>\n<li>newsletter: dopo la cessazione dell&#8217;abbonamento;<br \/>\ndomande e reclami: dopo che il reclamo \u00e8 stato risolto con soddisfazione del cliente.<\/li>\n<li>per garantire l&#8217;esecuzione del contratto, RIZZ B.V. pu\u00f2 avvalersi di soggetti esterni che possono avere accesso ai vostri dati. Queste parti conserveranno i dati per il tempo necessario allo svolgimento del loro lavoro.<\/li>\n<\/ul>\n<p>I dati personali non verranno mai utilizzati per scopi diversi dall&#8217;attivit\u00e0 commerciale di RIZZ B.V., a meno che non sia stata esplicitamente richiesta l&#8217;autorizzazione alla persona interessata.<\/p>\n<p>A tutti i trasferimenti di dati esterni si applicano gli Accordi di trattamento dei dati.<\/p>\n<p>RIZZ B.V. utilizza i servizi di una parte esterna per garantire l&#8217;esecuzione del contratto. I dati personali necessari per l&#8217;esecuzione del contratto sono forniti a questa parte esterna.<\/p>\n<p>RIZZ B.V. si avvale di un fornitore di servizi di pagamento per l&#8217;incasso delle fatture. I dati personali necessari per la raccolta delle fatture sono forniti a questo partner.<\/p>\n<p>RIZZ B.V. si avvale di un contabile per l&#8217;elaborazione dei pagamenti. I dati personali necessari per l&#8217;elaborazione dei pagamenti vengono forniti al nostro contabile.<\/p>\n<p>RIZZ B.V. si avvale di un fornitore di servizi e-mail per inviare le sue newsletter. I dati personali necessari per inviare le nostre newsletter sono forniti a questo partner.<\/p>\n<p>Per ulteriori informazioni sui terzi, esterni, che utilizzano i vostri dati personali, contattateci via e-mail all&#8217;indirizzo: degli elementi indispensabili info@rizz.nl.[\/et_pb_text][\/et_pb_column][\/et_pb_row][\/et_pb_section]<\/p>\n","protected":false},"excerpt":{"rendered":"<p>LA VOSTRA PRIVACY \u00c8 IMPORTANTE PER NOI. Questa pagina \u00e8 stata modificata l&#8217;ultima volta il 23 novembre 2021. I vostri dati personali vengono registrati solo quando acquistate un prodotto e\/o un servizio da RIZZ B.V. o se ne avete dato esplicita autorizzazione. I dati personali sono conservati da: Azienda: RiZZ B.V. Persona di contatto: Wesley [&hellip;]<\/p>\n","protected":false},"author":373,"featured_media":0,"parent":0,"menu_order":0,"comment_status":"open","ping_status":"open","template":"","meta":{"_acf_changed":false,"_et_pb_use_builder":"on","_et_pb_old_content":"","_et_gb_content_width":"","footnotes":""},"class_list":["post-24739","page","type-page","status-publish","hentry"],"acf":[],"yoast_head":"<!-- This site is optimized with the Yoast SEO Premium plugin v27.1 (Yoast SEO v27.1.1) - https:\/\/yoast.com\/product\/yoast-seo-premium-wordpress\/ -->\n<title>Informativa sulla privacy - RiZZ Design<\/title>\n<meta name=\"description\" content=\"Facciamo del nostro meglio per rispettare la riservatezza dei dati personali che ci inviate. Leggi la nostra informativa sulla privacy qui.\" \/>\n<meta name=\"robots\" content=\"index, follow, max-snippet:-1, max-image-preview:large, max-video-preview:-1\" \/>\n<link rel=\"canonical\" href=\"https:\/\/www.rizz.design\/it\/privacy-policy\/\" \/>\n<meta property=\"og:locale\" content=\"it_IT\" \/>\n<meta property=\"og:type\" content=\"article\" \/>\n<meta property=\"og:title\" content=\"Privacy Policy\" \/>\n<meta property=\"og:description\" content=\"Facciamo del nostro meglio per rispettare la riservatezza dei dati personali che ci inviate. Leggi la nostra informativa sulla privacy qui.\" \/>\n<meta property=\"og:url\" content=\"https:\/\/www.rizz.design\/it\/privacy-policy\/\" \/>\n<meta property=\"og:site_name\" content=\"RiZZ | Official Website\" \/>\n<meta property=\"article:modified_time\" content=\"2023-06-15T06:23:11+00:00\" \/>\n<meta name=\"twitter:card\" content=\"summary_large_image\" \/>\n<meta name=\"twitter:label1\" content=\"Tempo di lettura stimato\" \/>\n\t<meta name=\"twitter:data1\" content=\"4 minuti\" \/>\n<script type=\"application\/ld+json\" class=\"yoast-schema-graph\">{\"@context\":\"https:\/\/schema.org\",\"@graph\":[{\"@type\":\"WebPage\",\"@id\":\"https:\/\/www.rizz.design\/it\/privacy-policy\/\",\"url\":\"https:\/\/www.rizz.design\/it\/privacy-policy\/\",\"name\":\"Informativa sulla privacy - RiZZ Design\",\"isPartOf\":{\"@id\":\"https:\/\/www.rizz.design\/it\/#website\"},\"datePublished\":\"2022-05-18T14:55:37+00:00\",\"dateModified\":\"2023-06-15T06:23:11+00:00\",\"description\":\"Facciamo del nostro meglio per rispettare la riservatezza dei dati personali che ci inviate. Leggi la nostra informativa sulla privacy qui.\",\"breadcrumb\":{\"@id\":\"https:\/\/www.rizz.design\/it\/privacy-policy\/#breadcrumb\"},\"inLanguage\":\"it-IT\",\"potentialAction\":[{\"@type\":\"ReadAction\",\"target\":[\"https:\/\/www.rizz.design\/it\/privacy-policy\/\"]}]},{\"@type\":\"BreadcrumbList\",\"@id\":\"https:\/\/www.rizz.design\/it\/privacy-policy\/#breadcrumb\",\"itemListElement\":[{\"@type\":\"ListItem\",\"position\":1,\"name\":\"Home\",\"item\":\"https:\/\/www.rizz.design\/it\/\"},{\"@type\":\"ListItem\",\"position\":2,\"name\":\"Privacy Policy\"}]},{\"@type\":\"WebSite\",\"@id\":\"https:\/\/www.rizz.design\/it\/#website\",\"url\":\"https:\/\/www.rizz.design\/it\/\",\"name\":\"RiZZ | Official Website\",\"description\":\"Since 1941\",\"potentialAction\":[{\"@type\":\"SearchAction\",\"target\":{\"@type\":\"EntryPoint\",\"urlTemplate\":\"https:\/\/www.rizz.design\/it\/?s={search_term_string}\"},\"query-input\":{\"@type\":\"PropertyValueSpecification\",\"valueRequired\":true,\"valueName\":\"search_term_string\"}}],\"inLanguage\":\"it-IT\"}]}<\/script>\n<!-- \/ Yoast SEO Premium plugin. -->","yoast_head_json":{"title":"Informativa sulla privacy - RiZZ Design","description":"Facciamo del nostro meglio per rispettare la riservatezza dei dati personali che ci inviate. Leggi la nostra informativa sulla privacy qui.","robots":{"index":"index","follow":"follow","max-snippet":"max-snippet:-1","max-image-preview":"max-image-preview:large","max-video-preview":"max-video-preview:-1"},"canonical":"https:\/\/www.rizz.design\/it\/privacy-policy\/","og_locale":"it_IT","og_type":"article","og_title":"Privacy Policy","og_description":"Facciamo del nostro meglio per rispettare la riservatezza dei dati personali che ci inviate. Leggi la nostra informativa sulla privacy qui.","og_url":"https:\/\/www.rizz.design\/it\/privacy-policy\/","og_site_name":"RiZZ | Official Website","article_modified_time":"2023-06-15T06:23:11+00:00","twitter_card":"summary_large_image","twitter_misc":{"Tempo di lettura stimato":"4 minuti"},"schema":{"@context":"https:\/\/schema.org","@graph":[{"@type":"WebPage","@id":"https:\/\/www.rizz.design\/it\/privacy-policy\/","url":"https:\/\/www.rizz.design\/it\/privacy-policy\/","name":"Informativa sulla privacy - RiZZ Design","isPartOf":{"@id":"https:\/\/www.rizz.design\/it\/#website"},"datePublished":"2022-05-18T14:55:37+00:00","dateModified":"2023-06-15T06:23:11+00:00","description":"Facciamo del nostro meglio per rispettare la riservatezza dei dati personali che ci inviate. Leggi la nostra informativa sulla privacy qui.","breadcrumb":{"@id":"https:\/\/www.rizz.design\/it\/privacy-policy\/#breadcrumb"},"inLanguage":"it-IT","potentialAction":[{"@type":"ReadAction","target":["https:\/\/www.rizz.design\/it\/privacy-policy\/"]}]},{"@type":"BreadcrumbList","@id":"https:\/\/www.rizz.design\/it\/privacy-policy\/#breadcrumb","itemListElement":[{"@type":"ListItem","position":1,"name":"Home","item":"https:\/\/www.rizz.design\/it\/"},{"@type":"ListItem","position":2,"name":"Privacy Policy"}]},{"@type":"WebSite","@id":"https:\/\/www.rizz.design\/it\/#website","url":"https:\/\/www.rizz.design\/it\/","name":"RiZZ | Official Website","description":"Since 1941","potentialAction":[{"@type":"SearchAction","target":{"@type":"EntryPoint","urlTemplate":"https:\/\/www.rizz.design\/it\/?s={search_term_string}"},"query-input":{"@type":"PropertyValueSpecification","valueRequired":true,"valueName":"search_term_string"}}],"inLanguage":"it-IT"}]}},"_links":{"self":[{"href":"https:\/\/www.rizz.design\/it\/wp-json\/wp\/v2\/pages\/24739","targetHints":{"allow":["GET"]}}],"collection":[{"href":"https:\/\/www.rizz.design\/it\/wp-json\/wp\/v2\/pages"}],"about":[{"href":"https:\/\/www.rizz.design\/it\/wp-json\/wp\/v2\/types\/page"}],"author":[{"embeddable":true,"href":"https:\/\/www.rizz.design\/it\/wp-json\/wp\/v2\/users\/373"}],"replies":[{"embeddable":true,"href":"https:\/\/www.rizz.design\/it\/wp-json\/wp\/v2\/comments?post=24739"}],"version-history":[{"count":2,"href":"https:\/\/www.rizz.design\/it\/wp-json\/wp\/v2\/pages\/24739\/revisions"}],"predecessor-version":[{"id":31359,"href":"https:\/\/www.rizz.design\/it\/wp-json\/wp\/v2\/pages\/24739\/revisions\/31359"}],"wp:attachment":[{"href":"https:\/\/www.rizz.design\/it\/wp-json\/wp\/v2\/media?parent=24739"}],"curies":[{"name":"wp","href":"https:\/\/api.w.org\/{rel}","templated":true}]}}