{"id":13215,"date":"2021-12-02T01:23:58","date_gmt":"2021-12-02T01:23:58","guid":{"rendered":"https:\/\/rizz.milidev.nl\/privacy-policy\/"},"modified":"2023-06-15T07:23:15","modified_gmt":"2023-06-15T06:23:15","slug":"privacy-policy","status":"publish","type":"page","link":"https:\/\/www.rizz.design\/nl\/privacy-policy\/","title":{"rendered":"Privacy Policy"},"content":{"rendered":"<p>[et_pb_section fb_built=&#8221;1&#8243; _builder_version=&#8221;4.16&#8243; global_colors_info=&#8221;{}&#8221;][et_pb_row _builder_version=&#8221;4.16&#8243; background_size=&#8221;initial&#8221; background_position=&#8221;top_left&#8221; background_repeat=&#8221;repeat&#8221; global_colors_info=&#8221;{}&#8221;][et_pb_column type=&#8221;4_4&#8243; _builder_version=&#8221;4.16&#8243; custom_padding=&#8221;|||&#8221; global_colors_info=&#8221;{}&#8221; custom_padding__hover=&#8221;|||&#8221;][et_pb_text _builder_version=&#8221;4.16&#8243; background_size=&#8221;initial&#8221; background_position=&#8221;top_left&#8221; background_repeat=&#8221;repeat&#8221; global_colors_info=&#8221;{}&#8221;]<strong>UW PRIVACY IS BELANGRIJK VOOR ONS.<\/strong><\/p>\n<p><em>Deze pagina is het laatst aangepast op 23 november 2021.<\/em><\/p>\n<p>Persoonsgegevens worden alleen opgeslagen als u een product en\/of dienst afneemt van RIZZ B.V. of als u daar expliciet toestemming voor hebt gegeven.<\/p>\n<p>Wij doen er alles aan om de priv\u00e9-gegevens die we van uw ontvangen, ook \u00e9cht priv\u00e9 te houden. Uw gegevens worden opgeslagen in een veilige database en wij geven geen toegang aan derden voor commerci\u00eble doeleinden.<\/p>\n<p>Persoonsgegevens worden opgeslagen door:<\/p>\n<p><strong>Company:<\/strong> RiZZ B.V.<br \/>\n<strong>Contact persoon:<\/strong> Wesley van de Burgt<br \/>\n<strong>Bezoek adres:<\/strong> Ambachtsstraat 11, 3861 RH, Nijkerk, The Netherlands<br \/>\n<strong>E-mail<\/strong>:\u00a0info@rizz.nl<br \/>\n<strong>Telefoonnummer:<\/strong> +31 33 247 77 00<br \/>\n<strong>Kamer van koophandel nummer:<\/strong> 08020204<\/p>\n<p>Om te zorgen dat de overgekomen levering en of dienst in orde is, hebben we een aantal gegevens van u nodig. Hieronder leest u welke:<\/p>\n<ul>\n<li>voor de uitvoering van de overeengekomen levering en dienst(en): uw naam, adres, postcode, woonplaats, telefoonnummer (mobiel) en e-mailadres;<\/li>\n<li>voor het retourneren van aankopen: uw naam, adres, postcode, woonplaats en e-mailadres;<\/li>\n<li>voor betaling en afhandeling van facturen: uw naam, adres, postcode en woonplaats;<\/li>\n<li>voor het aanvragen van een vrijblijvende offerte: uw naam, adres, postcode, woonplaats, telefoonnummer en\/of e-mailadres;<\/li>\n<li>voor het versturen van nieuwsbrieven: uw naam en e-mailadres;<\/li>\n<li>voor de behandeling van vragen en klachten: uw naam, e-mailadres en\/of telefoonnummer;<\/li>\n<li>voor Cookies: dit zijn kleine informatiestukjes die worden opgeslagen in uw webbrowser, Deze cookies zorgen ervoor dat u niet iedere keer dezelfde gegevens hoeft in te vullen. Ook delen we cookies uit om onze website beter te maken, o.a. door persoonlijke aanbiedingen en advertenties te laten zien. Wilt u dit niet? Geen probleem, u kunt ze altijd uitzetten in uw webbrowser. Wilt u meer hierover lezen, klik hier voor meer informatie.<\/li>\n<\/ul>\n<p>RIZZ B.V. is verantwoordelijk voor de naleving van de AVG, het bijhouden van de klantenadministratie en administratie voor analyse- en marketingdoeleinden. RIZZ B.V. is verantwoordelijk om alle gegevens juist en goed te verwerkingen namens RIZZ B.V., waaronder www.rizz.design en zal volgens de AVG richtlijnen handelen.<\/p>\n<p>RIZZ B.V. verzamelt en verwerkt persoonsgegevens voor de administratie van klanten, de uitvoering van de overeengekomen leveringen en de daar bijhorende diensten, het incasseren van betalingen, klantenservice, de website, persoonlijke marketing en om te voldoen aan wettelijke verplichtingen.<\/p>\n<p>De door RIZZ B.V. opgeslagen persoonsgegevens dienen voornamelijk ter uitvoering van de overeenkomst met betrekking tot het leveren van een product en\/of dienst door RIZZ B.V. Zonder deze verstrekking van gegevens is het voor RIZZ B.V. niet mogelijk om de overeenkomst uit te voeren.<\/p>\n<p>RIZZ B.V. gaat met de grootst mogelijke zorgvuldigheid om met uw persoonsgegevens en stelt alles in het werk om uw gegevens veilig op te slaan. Eventuele datalekken worden te allen tijde gemeld aan de Autoriteit Persoonsgegevens en aan de betrokkenen van wie de persoonsgegevens mogelijk zijn gecompromitteerd. In het geval van een datalek zal RIZZ B.V. altijd passende maatregelen nemen om de betrouwbaarheid van de website en uzelf te waarborgen. Als u van mening bent dat uw persoonsgegevens op een verkeerde manier worden gebruikt, verkregen of opgeslagen en het voor u niet mogelijk is om uw gegevens ondanks herhaalde verzoeken te verwijderen, kunt u altijd een klacht indienen bij de Autoriteit Persoonsgegevens.<\/p>\n<p>Persoonsgegevens worden in ieder geval verwijderd:<\/p>\n<ul>\n<li>in het geval van uitvoering van de overeenkomst: 7 jaar na be\u00ebindiging van de overeenkomst voor eventuele toekomstige overeenkomsten, tenzij u expliciet toestemming hebt gegeven om de persoonsgegevens langer te bewaren of als de gegevens nodig zijn<\/li>\n<li>bij terugbetaalbare retourzendingen: 2 maanden na teruggave van de retourzending;<\/li>\n<li>bij betaling en afhandeling van facturen: 7 jaar na betaling van de betreffende factuur, ter voldoening aan de wettelijke verplichting van de Belastingdienst;<\/li>\n<li>bij een offerteaanvraag: 7 jaar na de datum van verzending van de offerte;<\/li>\n<li>in het geval van de nieuwsbrief: na opzegging;<\/li>\n<li>in geval van behandeling van vragen en klachten, na naar tevredenheid van de klager opgeloste klacht.<\/li>\n<li>om de overeenkomst goed te laten verlopen kan RIZZ B.V. gebruik maken van een aantal externe partijen die mogelijk ook inzicht krijgen in uw gegevens. Zij bewaren de gegevens in ieder geval zo lang als nodig is voor de uitvoering van hun werkzaamheden.<\/li>\n<\/ul>\n<p>De persoonsgegevens zullen in geen geval worden gebruikt voor andere doeleinden dan de werkzaamheden voor RIZZ B.V., tenzij hiervoor uitdrukkelijke toestemming is gevraagd aan de betrokkene.<\/p>\n<p>Op alle externe doorgiften van persoonsgegevens zijn Verwerkersovereenkomsten van toepassing.<br \/>\nVoor de uitvoering van de overeenkomst maakt RIZZ B.V. gebruik van een externe nakomingspartij. Persoonsgegevens die nodig zijn voor de uitvoering van de overeenkomst worden verstrekt aan onze nakomingspartij.<\/p>\n<p>RIZZ B.V. maakt gebruik van een betalingsprovider om facturen te innen. Persoonlijke gegevens die nodig zijn voor het innen van betalingen worden verstrekt aan onze betalingsprovider.<\/p>\n<p>RIZZ B.V. maakt gebruik van een accountant om betalingen te verwerken. Persoonsgegevens die nodig zijn voor de verwerking van betalingen worden verstrekt aan onze accountant.<br \/>\nVoor het versturen van de nieuwsbrief maakt RIZZ B.V. gebruik van een e-mailserviceprovider. Persoonlijke gegevens die nodig zijn voor het verzenden van de nieuwsbrief worden verstrekt aan onze e-mailserviceprovider.<\/p>\n<p>Als u meer informatie wilt over met welke derden uw persoonsgegevens worden verwerkt, kunt u altijd een e-mail sturen naar info@rizz.nl.[\/et_pb_text][\/et_pb_column][\/et_pb_row][\/et_pb_section]<\/p>\n","protected":false},"excerpt":{"rendered":"<p>UW PRIVACY IS BELANGRIJK VOOR ONS. Deze pagina is het laatst aangepast op 23 november 2021. Persoonsgegevens worden alleen opgeslagen als u een product en\/of dienst afneemt van RIZZ B.V. of als u daar expliciet toestemming voor hebt gegeven. Wij doen er alles aan om de priv\u00e9-gegevens die we van uw ontvangen, ook \u00e9cht priv\u00e9 [&hellip;]<\/p>\n","protected":false},"author":373,"featured_media":0,"parent":0,"menu_order":0,"comment_status":"open","ping_status":"open","template":"","meta":{"_acf_changed":false,"_et_pb_use_builder":"on","_et_pb_old_content":"","_et_gb_content_width":"","footnotes":""},"class_list":["post-13215","page","type-page","status-publish","hentry"],"acf":[],"yoast_head":"<!-- This site is optimized with the Yoast SEO Premium plugin v27.1 (Yoast SEO v27.1.1) - https:\/\/yoast.com\/product\/yoast-seo-premium-wordpress\/ -->\n<title>Privacy Policy - RiZZ Design<\/title>\n<meta name=\"description\" content=\"Wij doen er alles aan om de prive\u0301-gegevens die we van u ontvangen, ook e\u0301cht prive\u0301 te houden. Bekijk hier onze privacy policy.\" \/>\n<meta name=\"robots\" content=\"index, follow, max-snippet:-1, max-image-preview:large, max-video-preview:-1\" \/>\n<link rel=\"canonical\" href=\"https:\/\/rizz.design\/nl\/privacy-policy\/\" \/>\n<meta property=\"og:locale\" content=\"nl_NL\" \/>\n<meta property=\"og:type\" content=\"article\" \/>\n<meta property=\"og:title\" content=\"Privacy Policy\" \/>\n<meta property=\"og:description\" content=\"Wij doen er alles aan om de prive\u0301-gegevens die we van u ontvangen, ook e\u0301cht prive\u0301 te houden. Bekijk hier onze privacy policy.\" \/>\n<meta property=\"og:url\" content=\"https:\/\/rizz.design\/nl\/privacy-policy\/\" \/>\n<meta property=\"og:site_name\" content=\"RiZZ | Official Website\" \/>\n<meta property=\"article:modified_time\" content=\"2023-06-15T06:23:15+00:00\" \/>\n<meta name=\"twitter:card\" content=\"summary_large_image\" \/>\n<meta name=\"twitter:label1\" content=\"Geschatte leestijd\" \/>\n\t<meta name=\"twitter:data1\" content=\"4 minuten\" \/>\n<script type=\"application\/ld+json\" class=\"yoast-schema-graph\">{\"@context\":\"https:\/\/schema.org\",\"@graph\":[{\"@type\":\"WebPage\",\"@id\":\"https:\/\/www.rizz.design\/nl\/privacy-policy\/\",\"url\":\"https:\/\/rizz.design\/nl\/privacy-policy\/\",\"name\":\"Privacy Policy - RiZZ Design\",\"isPartOf\":{\"@id\":\"https:\/\/www.rizz.design\/nl\/#website\"},\"datePublished\":\"2021-12-02T01:23:58+00:00\",\"dateModified\":\"2023-06-15T06:23:15+00:00\",\"description\":\"Wij doen er alles aan om de prive\u0301-gegevens die we van u ontvangen, ook e\u0301cht prive\u0301 te houden. Bekijk hier onze privacy policy.\",\"breadcrumb\":{\"@id\":\"https:\/\/rizz.design\/nl\/privacy-policy\/#breadcrumb\"},\"inLanguage\":\"nl-NL\",\"potentialAction\":[{\"@type\":\"ReadAction\",\"target\":[\"https:\/\/rizz.design\/nl\/privacy-policy\/\"]}]},{\"@type\":\"BreadcrumbList\",\"@id\":\"https:\/\/rizz.design\/nl\/privacy-policy\/#breadcrumb\",\"itemListElement\":[{\"@type\":\"ListItem\",\"position\":1,\"name\":\"Home\",\"item\":\"https:\/\/www.rizz.design\/nl\/\"},{\"@type\":\"ListItem\",\"position\":2,\"name\":\"Privacy Policy\"}]},{\"@type\":\"WebSite\",\"@id\":\"https:\/\/www.rizz.design\/nl\/#website\",\"url\":\"https:\/\/www.rizz.design\/nl\/\",\"name\":\"RiZZ | Official Website\",\"description\":\"Since 1941\",\"potentialAction\":[{\"@type\":\"SearchAction\",\"target\":{\"@type\":\"EntryPoint\",\"urlTemplate\":\"https:\/\/www.rizz.design\/nl\/?s={search_term_string}\"},\"query-input\":{\"@type\":\"PropertyValueSpecification\",\"valueRequired\":true,\"valueName\":\"search_term_string\"}}],\"inLanguage\":\"nl-NL\"}]}<\/script>\n<!-- \/ Yoast SEO Premium plugin. -->","yoast_head_json":{"title":"Privacy Policy - RiZZ Design","description":"Wij doen er alles aan om de prive\u0301-gegevens die we van u ontvangen, ook e\u0301cht prive\u0301 te houden. Bekijk hier onze privacy policy.","robots":{"index":"index","follow":"follow","max-snippet":"max-snippet:-1","max-image-preview":"max-image-preview:large","max-video-preview":"max-video-preview:-1"},"canonical":"https:\/\/rizz.design\/nl\/privacy-policy\/","og_locale":"nl_NL","og_type":"article","og_title":"Privacy Policy","og_description":"Wij doen er alles aan om de prive\u0301-gegevens die we van u ontvangen, ook e\u0301cht prive\u0301 te houden. Bekijk hier onze privacy policy.","og_url":"https:\/\/rizz.design\/nl\/privacy-policy\/","og_site_name":"RiZZ | Official Website","article_modified_time":"2023-06-15T06:23:15+00:00","twitter_card":"summary_large_image","twitter_misc":{"Geschatte leestijd":"4 minuten"},"schema":{"@context":"https:\/\/schema.org","@graph":[{"@type":"WebPage","@id":"https:\/\/www.rizz.design\/nl\/privacy-policy\/","url":"https:\/\/rizz.design\/nl\/privacy-policy\/","name":"Privacy Policy - RiZZ Design","isPartOf":{"@id":"https:\/\/www.rizz.design\/nl\/#website"},"datePublished":"2021-12-02T01:23:58+00:00","dateModified":"2023-06-15T06:23:15+00:00","description":"Wij doen er alles aan om de prive\u0301-gegevens die we van u ontvangen, ook e\u0301cht prive\u0301 te houden. Bekijk hier onze privacy policy.","breadcrumb":{"@id":"https:\/\/rizz.design\/nl\/privacy-policy\/#breadcrumb"},"inLanguage":"nl-NL","potentialAction":[{"@type":"ReadAction","target":["https:\/\/rizz.design\/nl\/privacy-policy\/"]}]},{"@type":"BreadcrumbList","@id":"https:\/\/rizz.design\/nl\/privacy-policy\/#breadcrumb","itemListElement":[{"@type":"ListItem","position":1,"name":"Home","item":"https:\/\/www.rizz.design\/nl\/"},{"@type":"ListItem","position":2,"name":"Privacy Policy"}]},{"@type":"WebSite","@id":"https:\/\/www.rizz.design\/nl\/#website","url":"https:\/\/www.rizz.design\/nl\/","name":"RiZZ | Official Website","description":"Since 1941","potentialAction":[{"@type":"SearchAction","target":{"@type":"EntryPoint","urlTemplate":"https:\/\/www.rizz.design\/nl\/?s={search_term_string}"},"query-input":{"@type":"PropertyValueSpecification","valueRequired":true,"valueName":"search_term_string"}}],"inLanguage":"nl-NL"}]}},"_links":{"self":[{"href":"https:\/\/www.rizz.design\/nl\/wp-json\/wp\/v2\/pages\/13215","targetHints":{"allow":["GET"]}}],"collection":[{"href":"https:\/\/www.rizz.design\/nl\/wp-json\/wp\/v2\/pages"}],"about":[{"href":"https:\/\/www.rizz.design\/nl\/wp-json\/wp\/v2\/types\/page"}],"author":[{"embeddable":true,"href":"https:\/\/www.rizz.design\/nl\/wp-json\/wp\/v2\/users\/373"}],"replies":[{"embeddable":true,"href":"https:\/\/www.rizz.design\/nl\/wp-json\/wp\/v2\/comments?post=13215"}],"version-history":[{"count":1,"href":"https:\/\/www.rizz.design\/nl\/wp-json\/wp\/v2\/pages\/13215\/revisions"}],"predecessor-version":[{"id":31355,"href":"https:\/\/www.rizz.design\/nl\/wp-json\/wp\/v2\/pages\/13215\/revisions\/31355"}],"wp:attachment":[{"href":"https:\/\/www.rizz.design\/nl\/wp-json\/wp\/v2\/media?parent=13215"}],"curies":[{"name":"wp","href":"https:\/\/api.w.org\/{rel}","templated":true}]}}