{"id":533,"date":"2016-11-27T21:02:23","date_gmt":"2016-11-27T21:02:23","guid":{"rendered":"https:\/\/www.rizz.design\/stores\/"},"modified":"2025-01-08T15:36:11","modified_gmt":"2025-01-08T14:36:11","slug":"winkels","status":"publish","type":"page","link":"https:\/\/www.rizz.design\/nl\/winkels\/","title":{"rendered":"Winkels"},"content":{"rendered":"<p>[et_pb_section fb_built=&#8221;1&#8243; admin_label=&#8221;section&#8221; _builder_version=&#8221;4.16&#8243; custom_padding=&#8221;0px|||||&#8221; global_colors_info=&#8221;{}&#8221;][et_pb_row admin_label=&#8221;row&#8221; _builder_version=&#8221;4.16&#8243; background_size=&#8221;initial&#8221; background_position=&#8221;top_left&#8221; background_repeat=&#8221;repeat&#8221; width=&#8221;95.1%&#8221; global_colors_info=&#8221;{}&#8221;][et_pb_column type=&#8221;4_4&#8243; _builder_version=&#8221;4.16&#8243; custom_padding=&#8221;|||&#8221; global_colors_info=&#8221;{}&#8221; custom_padding__hover=&#8221;|||&#8221;][et_pb_dmb_breadcrumbs _builder_version=&#8221;4.27.0&#8243; _module_preset=&#8221;default&#8221; show_custom_taxonomy_crumbs=&#8221;off&#8221; show_category_crumbs=&#8221;off&#8221; hover_enabled=&#8221;0&#8243; sticky_enabled=&#8221;0&#8243;][\/et_pb_dmb_breadcrumbs][et_pb_text admin_label=&#8221;Text&#8221; _builder_version=&#8221;4.16&#8243; background_size=&#8221;initial&#8221; background_position=&#8221;top_left&#8221; background_repeat=&#8221;repeat&#8221; global_colors_info=&#8221;{}&#8221;]<\/p>\n<p>RiZZ producten vindt u bij onze premium dealers. Bij deze dealers kunt u de verschillende producten en kleuren van dichtbij bekijken en de kwaliteit ervaren. Een RiZZ | Premium dealer heeft de juiste kennis van onze producten en kan u goed adviseren. Vaak hebben zij de producten op voorraad of kunnen deze voor u bestellen met een korte levertijd.<\/p>\n<p>Bekijk onderstaand welk verkooppunt voor u het dichtstbijzijnde is.\u00a0<\/p>\n<p>[\/et_pb_text][\/et_pb_column][\/et_pb_row][et_pb_row admin_label=&#8221;row&#8221; _builder_version=&#8221;4.16&#8243; background_size=&#8221;initial&#8221; background_position=&#8221;top_left&#8221; background_repeat=&#8221;repeat&#8221; width=&#8221;100%&#8221; global_colors_info=&#8221;{}&#8221;][et_pb_column type=&#8221;4_4&#8243; _builder_version=&#8221;4.16&#8243; custom_padding=&#8221;|||&#8221; global_colors_info=&#8221;{}&#8221; custom_padding__hover=&#8221;|||&#8221;][et_pb_text admin_label=&#8221;Text&#8221; _builder_version=&#8221;4.16&#8243; header_2_text_align=&#8221;center&#8221; header_2_font_size=&#8221;41px&#8221; background_size=&#8221;initial&#8221; background_position=&#8221;top_left&#8221; background_repeat=&#8221;repeat&#8221; global_colors_info=&#8221;{}&#8221;]<\/p>\n<h2 style=\"text-align: center;\">Vind uw dealer<\/h2>\n<p><style>\r\n\t#wpsl-stores .wpsl-store-thumb {height:45px !important; width:45px !important;}\r\n\t#wpsl-stores, #wpsl-direction-details, #wpsl-gmap {height:450px !important;}\r\n\t#wpsl-gmap .wpsl-info-window {max-width:225px !important;}\r\n\t.wpsl-input label, #wpsl-radius label, #wpsl-category label {width:95px;}\r\n\t#wpsl-search-input ,#wpsl-category .wpsl-dropdown {width:179px;}\r\n<\/style>\r\n<div id=\"wpsl-wrap\">\r\n\t<div class=\"wpsl-search wpsl-clearfix wpsl-filter\">\r\n\t\t<div id=\"wpsl-search-wrap\">\r\n\t\t\t<form autocomplete=\"off\">\r\n\t\t\t<div class=\"wpsl-input\">\r\n\t\t\t\t<div><label for=\"wpsl-search-input\">Uw locatie<\/label><\/div>\r\n\t\t\t\t<input id=\"wpsl-search-input\" type=\"text\" value=\"\" name=\"wpsl-search-input\" placeholder=\"\" aria-required=\"true\" \/>\r\n\t\t\t<\/div>\r\n\t\t\t<div class=\"wpsl-select-wrap\">\r\n\t\t\t\t<div id=\"wpsl-radius\">\r\n\t\t\t\t\t<label for=\"wpsl-radius-dropdown\">Zoek radius<\/label>\r\n\t\t\t\t\t<select id=\"wpsl-radius-dropdown\" class=\"wpsl-dropdown\" name=\"wpsl-radius\">\r\n\t\t\t\t\t\t<option value=\"10\">10 km<\/option><option value=\"25\">25 km<\/option><option value=\"50\">50 km<\/option><option value=\"100\">100 km<\/option><option value=\"200\">200 km<\/option><option value=\"500\">500 km<\/option><option selected=\"selected\" value=\"750\">750 km<\/option><option value=\"1000\">1000 km<\/option>\r\n\t\t\t\t\t<\/select>\r\n\t\t\t\t<\/div>\r\n\t\t\t\t<div id=\"wpsl-results\">\r\n\t\t\t\t\t<label for=\"wpsl-results-dropdown\">Resultaten<\/label>\r\n\t\t\t\t\t<select id=\"wpsl-results-dropdown\" class=\"wpsl-dropdown\" name=\"wpsl-results\">\r\n\t\t\t\t\t\t<option value=\"25\">25<\/option><option value=\"50\">50<\/option><option value=\"75\">75<\/option><option selected=\"selected\" value=\"100\">100<\/option>\r\n\t\t\t\t\t<\/select>\r\n\t\t\t\t<\/div>\r\n\t\t\t<\/div>\r\n<div id=\"wpsl-category\">\r\n<label for=\"wpsl-category-list\">Categorie<\/label>\r\n<select  name='wpsl-category' id='wpsl-category-list' class='wpsl-dropdown'>\n\t<option value='0'>Alle<\/option>\n\t<option class=\"level-0\" value=\"234\">Belgi\u00eb<\/option>\n\t<option class=\"level-0\" value=\"241\">Canada<\/option>\n\t<option class=\"level-0\" value=\"235\">Dealer<\/option>\n\t<option class=\"level-0\" value=\"242\">Denemarken<\/option>\n\t<option class=\"level-0\" value=\"243\">Duitsland<\/option>\n\t<option class=\"level-0\" value=\"244\">Engeland<\/option>\n\t<option class=\"level-0\" value=\"245\">Frankrijk<\/option>\n\t<option class=\"level-0\" value=\"236\">Locatie<\/option>\n\t<option class=\"level-0\" value=\"240\">Nederland<\/option>\n\t<option class=\"level-0\" value=\"248\">Noorwegen<\/option>\n\t<option class=\"level-0\" value=\"569\">Oekra\u00efne<\/option>\n\t<option class=\"level-0\" value=\"253\">Oostenrijk<\/option>\n\t<option class=\"level-0\" value=\"238\">Premium<\/option>\n\t<option class=\"level-0\" value=\"239\">Premium dealer<\/option>\n\t<option class=\"level-0\" value=\"251\">Spanje<\/option>\n\t<option class=\"level-0\" value=\"237\">Type Dealer<\/option>\n<\/select>\n<\/div>\r\n\t\t\t\t<div class=\"wpsl-search-btn-wrap\"><input id=\"wpsl-search-btn\" type=\"submit\" value=\"Zoek\"><\/div>\r\n\t\t<\/form>\r\n\t\t<\/div>\r\n\t<\/div>\r\n\t<div id=\"wpsl-gmap\" class=\"wpsl-gmap-canvas\"><\/div>\r\n\t<div id=\"wpsl-result-list\">\r\n\t\t<div id=\"wpsl-stores\" >\r\n\t\t\t<ul><\/ul>\r\n\t\t<\/div>\r\n\t\t<div id=\"wpsl-direction-details\">\r\n\t\t\t<ul><\/ul>\r\n\t\t<\/div>\r\n\t<\/div>\r\n<\/div>\r\n[\/et_pb_text][et_pb_button button_url=&#8221;@ET-DC@eyJkeW5hbWljIjp0cnVlLCJjb250ZW50IjoicG9zdF9saW5rX3VybF9wYWdlIiwic2V0dGluZ3MiOnsicG9zdF9pZCI6IjEzMzMifX0=@&#8221; button_text=&#8221;Dealer worden&#8221; button_alignment=&#8221;right&#8221; _builder_version=&#8221;4.16&#8243; _dynamic_attributes=&#8221;button_url&#8221; _module_preset=&#8221;default&#8221; global_colors_info=&#8221;{}&#8221;][\/et_pb_button][\/et_pb_column][\/et_pb_row][\/et_pb_section]<\/p>\n","protected":false},"excerpt":{"rendered":"<p>RiZZ producten vindt u bij onze premium dealers. Bij deze dealers kunt u de verschillende producten en kleuren van dichtbij bekijken en de kwaliteit ervaren. Een RiZZ | Premium dealer heeft de juiste kennis van onze producten en kan u goed adviseren. Vaak hebben zij de producten op voorraad of kunnen deze voor u bestellen [&hellip;]<\/p>\n","protected":false},"author":373,"featured_media":0,"parent":0,"menu_order":0,"comment_status":"open","ping_status":"open","template":"","meta":{"_acf_changed":false,"_et_pb_use_builder":"on","_et_pb_old_content":"<em>RiZZ products are presented and sold by our <strong>premium dealers <\/strong>and <strong>dealers<\/strong>. Premium dealer presents the complete range of products. They have a high level of knowledge of the products and can (therefor) advise you in the best possible way. For the availability of products at other dealers, please contact this dealer first. Please check the dealer list to see which dealers are premium dealers.<\/em>\r\n\r\n<img class=\"alignnone size-full wp-image-3167\" src=\"https:\/\/rizz.design\/wp-content\/uploads\/2019\/12\/premium-dealer.png\" alt=\"\" width=\"24\" height=\"35\" \/> = <span style=\"color: #cfa01f;\">PREMIUM DEALER<\/span>[wpsl template=\"default\" map_type=\"roadmap\" auto_locate=\"true\" start_marker=\"red\" store_marker=\"blue\"]\r\n\r\n<p style=\"text-align: right;\"><a href=\"\/dealers\/become-dealer\/\">Become a dealer ><\/a><\/p>\r\n","_et_gb_content_width":"","footnotes":""},"class_list":["post-533","page","type-page","status-publish","hentry"],"acf":[],"yoast_head":"<!-- This site is optimized with the Yoast SEO Premium plugin v27.1 (Yoast SEO v27.1.1) - https:\/\/yoast.com\/product\/yoast-seo-premium-wordpress\/ -->\n<title>RiZZ Design winkels - Bekijk de offici\u00eble RiZZ verkooppunten<\/title>\n<meta name=\"description\" content=\"Bekijk offici\u00eble RiZZ Design winkels die indoor- en outdoor matten en bezems in het assortiment hebben. Bekijk de offici\u00eble verkooppunten.\" \/>\n<meta name=\"robots\" content=\"index, follow, max-snippet:-1, max-image-preview:large, max-video-preview:-1\" \/>\n<link rel=\"canonical\" href=\"https:\/\/rizz.design\/nl\/winkels\/\" \/>\n<meta property=\"og:locale\" content=\"nl_NL\" \/>\n<meta property=\"og:type\" content=\"article\" \/>\n<meta property=\"og:title\" content=\"Winkels\" \/>\n<meta property=\"og:description\" content=\"Bekijk offici\u00eble RiZZ Design winkels die indoor- en outdoor matten en bezems in het assortiment hebben. Bekijk de offici\u00eble verkooppunten.\" \/>\n<meta property=\"og:url\" content=\"https:\/\/rizz.design\/nl\/winkels\/\" \/>\n<meta property=\"og:site_name\" content=\"RiZZ | Official Website\" \/>\n<meta property=\"article:modified_time\" content=\"2025-01-08T14:36:11+00:00\" \/>\n<meta name=\"twitter:card\" content=\"summary_large_image\" \/>\n<meta name=\"twitter:label1\" content=\"Geschatte leestijd\" \/>\n\t<meta name=\"twitter:data1\" content=\"1 minuut\" \/>\n<script type=\"application\/ld+json\" class=\"yoast-schema-graph\">{\"@context\":\"https:\/\/schema.org\",\"@graph\":[{\"@type\":\"WebPage\",\"@id\":\"https:\/\/www.rizz.design\/nl\/winkels\/\",\"url\":\"https:\/\/rizz.design\/nl\/winkels\/\",\"name\":\"RiZZ Design winkels - Bekijk de offici\u00eble RiZZ verkooppunten\",\"isPartOf\":{\"@id\":\"https:\/\/www.rizz.design\/nl\/#website\"},\"datePublished\":\"2016-11-27T21:02:23+00:00\",\"dateModified\":\"2025-01-08T14:36:11+00:00\",\"description\":\"Bekijk offici\u00eble RiZZ Design winkels die indoor- en outdoor matten en bezems in het assortiment hebben. Bekijk de offici\u00eble verkooppunten.\",\"breadcrumb\":{\"@id\":\"https:\/\/rizz.design\/nl\/winkels\/#breadcrumb\"},\"inLanguage\":\"nl-NL\",\"potentialAction\":[{\"@type\":\"ReadAction\",\"target\":[\"https:\/\/rizz.design\/nl\/winkels\/\"]}]},{\"@type\":\"BreadcrumbList\",\"@id\":\"https:\/\/rizz.design\/nl\/winkels\/#breadcrumb\",\"itemListElement\":[{\"@type\":\"ListItem\",\"position\":1,\"name\":\"Home\",\"item\":\"https:\/\/www.rizz.design\/nl\/\"},{\"@type\":\"ListItem\",\"position\":2,\"name\":\"Winkels\"}]},{\"@type\":\"WebSite\",\"@id\":\"https:\/\/www.rizz.design\/nl\/#website\",\"url\":\"https:\/\/www.rizz.design\/nl\/\",\"name\":\"RiZZ | Official Website\",\"description\":\"Since 1941\",\"potentialAction\":[{\"@type\":\"SearchAction\",\"target\":{\"@type\":\"EntryPoint\",\"urlTemplate\":\"https:\/\/www.rizz.design\/nl\/?s={search_term_string}\"},\"query-input\":{\"@type\":\"PropertyValueSpecification\",\"valueRequired\":true,\"valueName\":\"search_term_string\"}}],\"inLanguage\":\"nl-NL\"}]}<\/script>\n<!-- \/ Yoast SEO Premium plugin. -->","yoast_head_json":{"title":"RiZZ Design winkels - Bekijk de offici\u00eble RiZZ verkooppunten","description":"Bekijk offici\u00eble RiZZ Design winkels die indoor- en outdoor matten en bezems in het assortiment hebben. Bekijk de offici\u00eble verkooppunten.","robots":{"index":"index","follow":"follow","max-snippet":"max-snippet:-1","max-image-preview":"max-image-preview:large","max-video-preview":"max-video-preview:-1"},"canonical":"https:\/\/rizz.design\/nl\/winkels\/","og_locale":"nl_NL","og_type":"article","og_title":"Winkels","og_description":"Bekijk offici\u00eble RiZZ Design winkels die indoor- en outdoor matten en bezems in het assortiment hebben. Bekijk de offici\u00eble verkooppunten.","og_url":"https:\/\/rizz.design\/nl\/winkels\/","og_site_name":"RiZZ | Official Website","article_modified_time":"2025-01-08T14:36:11+00:00","twitter_card":"summary_large_image","twitter_misc":{"Geschatte leestijd":"1 minuut"},"schema":{"@context":"https:\/\/schema.org","@graph":[{"@type":"WebPage","@id":"https:\/\/www.rizz.design\/nl\/winkels\/","url":"https:\/\/rizz.design\/nl\/winkels\/","name":"RiZZ Design winkels - Bekijk de offici\u00eble RiZZ verkooppunten","isPartOf":{"@id":"https:\/\/www.rizz.design\/nl\/#website"},"datePublished":"2016-11-27T21:02:23+00:00","dateModified":"2025-01-08T14:36:11+00:00","description":"Bekijk offici\u00eble RiZZ Design winkels die indoor- en outdoor matten en bezems in het assortiment hebben. Bekijk de offici\u00eble verkooppunten.","breadcrumb":{"@id":"https:\/\/rizz.design\/nl\/winkels\/#breadcrumb"},"inLanguage":"nl-NL","potentialAction":[{"@type":"ReadAction","target":["https:\/\/rizz.design\/nl\/winkels\/"]}]},{"@type":"BreadcrumbList","@id":"https:\/\/rizz.design\/nl\/winkels\/#breadcrumb","itemListElement":[{"@type":"ListItem","position":1,"name":"Home","item":"https:\/\/www.rizz.design\/nl\/"},{"@type":"ListItem","position":2,"name":"Winkels"}]},{"@type":"WebSite","@id":"https:\/\/www.rizz.design\/nl\/#website","url":"https:\/\/www.rizz.design\/nl\/","name":"RiZZ | Official Website","description":"Since 1941","potentialAction":[{"@type":"SearchAction","target":{"@type":"EntryPoint","urlTemplate":"https:\/\/www.rizz.design\/nl\/?s={search_term_string}"},"query-input":{"@type":"PropertyValueSpecification","valueRequired":true,"valueName":"search_term_string"}}],"inLanguage":"nl-NL"}]}},"_links":{"self":[{"href":"https:\/\/www.rizz.design\/nl\/wp-json\/wp\/v2\/pages\/533","targetHints":{"allow":["GET"]}}],"collection":[{"href":"https:\/\/www.rizz.design\/nl\/wp-json\/wp\/v2\/pages"}],"about":[{"href":"https:\/\/www.rizz.design\/nl\/wp-json\/wp\/v2\/types\/page"}],"author":[{"embeddable":true,"href":"https:\/\/www.rizz.design\/nl\/wp-json\/wp\/v2\/users\/373"}],"replies":[{"embeddable":true,"href":"https:\/\/www.rizz.design\/nl\/wp-json\/wp\/v2\/comments?post=533"}],"version-history":[{"count":2,"href":"https:\/\/www.rizz.design\/nl\/wp-json\/wp\/v2\/pages\/533\/revisions"}],"predecessor-version":[{"id":76657,"href":"https:\/\/www.rizz.design\/nl\/wp-json\/wp\/v2\/pages\/533\/revisions\/76657"}],"wp:attachment":[{"href":"https:\/\/www.rizz.design\/nl\/wp-json\/wp\/v2\/media?parent=533"}],"curies":[{"name":"wp","href":"https:\/\/api.w.org\/{rel}","templated":true}]}}