{"id":596,"date":"2019-11-12T14:10:45","date_gmt":"2019-11-12T14:10:45","guid":{"rendered":"https:\/\/www.rizz.design\/betaal-mogelijkheden\/"},"modified":"2025-01-08T15:48:53","modified_gmt":"2025-01-08T14:48:53","slug":"betaalmogelijkheden","status":"publish","type":"page","link":"https:\/\/www.rizz.design\/nl\/betaalmogelijkheden\/","title":{"rendered":"Betaalmogelijkheden"},"content":{"rendered":"<p>[et_pb_section fb_built=&#8221;1&#8243; _builder_version=&#8221;4.16&#8243; global_colors_info=&#8221;{}&#8221;][et_pb_row _builder_version=&#8221;4.16&#8243; background_size=&#8221;initial&#8221; background_position=&#8221;top_left&#8221; background_repeat=&#8221;repeat&#8221; global_colors_info=&#8221;{}&#8221;][et_pb_column type=&#8221;4_4&#8243; _builder_version=&#8221;4.16&#8243; custom_padding=&#8221;|||&#8221; global_colors_info=&#8221;{}&#8221; custom_padding__hover=&#8221;|||&#8221;][et_pb_dmb_breadcrumbs _builder_version=&#8221;4.27.0&#8243; _module_preset=&#8221;default&#8221; show_custom_taxonomy_crumbs=&#8221;off&#8221; show_category_crumbs=&#8221;off&#8221; hover_enabled=&#8221;0&#8243; sticky_enabled=&#8221;0&#8243;][\/et_pb_dmb_breadcrumbs][et_pb_text _builder_version=&#8221;4.27.0&#8243; background_size=&#8221;initial&#8221; background_position=&#8221;top_left&#8221; background_repeat=&#8221;repeat&#8221; global_colors_info=&#8221;{}&#8221;]<\/p>\n<p>Bij Rizz.design accepteren we de volgende betaalmogelijkheden:<\/p>\n<ul>\n<li>Maestro (Europa)<\/li>\n<li>Master Card<\/li>\n<li>Visa<\/li>\n<li>PayPal<\/li>\n<\/ul>\n<p>In sommige landen accepteren we ook plaatselijke mogelijkheden:<\/p>\n<ul>\n<li>V PAY (Europe)<\/li>\n<li>Bancontact (Belgi\u00eb)<\/li>\n<li>ING Home&#8217;Pay (Belgi\u00eb)<\/li>\n<li>Belfium (Belgi\u00eb)<\/li>\n<li>EPS (Oostenrijk)<\/li>\n<li>CartaSi (Itali\u00eb)<\/li>\n<li>Carte Bancaire (Frankrijk)<\/li>\n<li>Dankort (Denemarken)<\/li>\n<li>Nordea (Norwegen)<\/li>\n<li>Sofort by Klarna (Duitsland)<\/li>\n<li>Giropay (Duitsland)<\/li>\n<li>iDEAL (Nederland)<\/li>\n<li>IDEAL QR (Nederland)<\/li>\n<\/ul>\n<p><strong>Direct bank transfer<br \/><\/strong>Maak uw betaling rechtstreeks over op onze bankrekening. Gebruik uw ordernummer als betalingsreferentie. Uw bestelling wordt pas verzonden als wij de betaling ontvangen hebben.<\/p>\n<p>RIZZ B.V.<br \/>BIC : RABONL2U<br \/>IBAN : NL64RABO 0347 8785 39<\/p>\n<p>Voor onze dealers zijn er nog andere manieren om te betalen. Als u ook dealer wilt worden kunt u onze <a href=\"\/nl\/rizz-partner\/\">speciale dealer pagina<\/a> bezoeken.<\/p>\n<p>[\/et_pb_text][\/et_pb_column][\/et_pb_row][\/et_pb_section]<\/p>\n","protected":false},"excerpt":{"rendered":"<p>Bij Rizz.design accepteren we de volgende betaalmogelijkheden: Maestro (Europa) Master Card Visa PayPal In sommige landen accepteren we ook plaatselijke mogelijkheden: V PAY (Europe) Bancontact (Belgi\u00eb) ING Home&#8217;Pay (Belgi\u00eb) Belfium (Belgi\u00eb) EPS (Oostenrijk) CartaSi (Itali\u00eb) Carte Bancaire (Frankrijk) Dankort (Denemarken) Nordea (Norwegen) Sofort by Klarna (Duitsland) Giropay (Duitsland) iDEAL (Nederland) IDEAL QR (Nederland) Direct bank [&hellip;]<\/p>\n","protected":false},"author":373,"featured_media":0,"parent":0,"menu_order":0,"comment_status":"open","ping_status":"open","template":"","meta":{"_acf_changed":false,"_et_pb_use_builder":"on","_et_pb_old_content":"Bij Rizz.design accepteren we de volgende betaal mogelijkheden:\r\n<ul>\r\n \t<li>Maestro (Europa)<\/li>\r\n \t<li>Master Card<\/li>\r\n \t<li>Visa<\/li>\r\n \t<li>PayPal<\/li>\r\n<\/ul>\r\n\r\nIn sommige landen accepteren we ook hun plaatselijke mogelijkheden:\r\n\r\n<ul>\r\n \t<li>V PAY (Europe)<\/li>\r\n \t<li>Bancontact (Belgi\u00eb)<\/li>\r\n \t<li>ING Home'Pay (Belgi\u00eb)<\/li>\r\n \t<li>Belfium (Belgi\u00eb)<\/li>\r\n \t<li>EPS (Oostenrijk)<\/li>\r\n \t<li>CartaSi (Itali\u00eb)<\/li>\r\n \t<li>Carte Bancaire (Frankrijk)<\/li>\r\n \t<li>Dankort (Denemarken)<\/li>\r\n \t<li>Nordea (Norwegen)<\/li>\r\n \t<li>Sofort by Klarna (Duitsland)<\/li>\r\n \t<li>Giropay (Duitsland)<\/li>\r\n \t<li>iDEAL (Nederland)<\/li>\r\n \t<li>IDEAL QR (Nederland)<\/li>\r\n<\/ul>\r\nVoor onze dealers zijn er nog andere manieren om te betalen. Als je ook dealer wilt worden kun je onze dealer pagina bezoeken.","_et_gb_content_width":"","footnotes":""},"class_list":["post-596","page","type-page","status-publish","hentry"],"acf":[],"yoast_head":"<!-- This site is optimized with the Yoast SEO Premium plugin v27.1 (Yoast SEO v27.1.1) - https:\/\/yoast.com\/product\/yoast-seo-premium-wordpress\/ -->\n<title>Betaalmogelijkheden - RiZZ | Official Website<\/title>\n<meta name=\"description\" content=\"Bij Rizz.design accepteren we de volgende betaalmogelijkheden: 1. Maestro (Europa) 2. Master Card 3. Visa 4. PayPal\" \/>\n<meta name=\"robots\" content=\"index, follow, max-snippet:-1, max-image-preview:large, max-video-preview:-1\" \/>\n<link rel=\"canonical\" href=\"https:\/\/rizz.design\/nl\/betaalmogelijkheden\/\" \/>\n<meta property=\"og:locale\" content=\"nl_NL\" \/>\n<meta property=\"og:type\" content=\"article\" \/>\n<meta property=\"og:title\" content=\"Betaalmogelijkheden\" \/>\n<meta property=\"og:description\" content=\"Bij Rizz.design accepteren we de volgende betaalmogelijkheden: 1. Maestro (Europa) 2. Master Card 3. Visa 4. PayPal\" \/>\n<meta property=\"og:url\" content=\"https:\/\/rizz.design\/nl\/betaalmogelijkheden\/\" \/>\n<meta property=\"og:site_name\" content=\"RiZZ | Official Website\" \/>\n<meta property=\"article:modified_time\" content=\"2025-01-08T14:48:53+00:00\" \/>\n<meta name=\"twitter:card\" content=\"summary_large_image\" \/>\n<meta name=\"twitter:label1\" content=\"Geschatte leestijd\" \/>\n\t<meta name=\"twitter:data1\" content=\"1 minuut\" \/>\n<script type=\"application\/ld+json\" class=\"yoast-schema-graph\">{\"@context\":\"https:\/\/schema.org\",\"@graph\":[{\"@type\":\"WebPage\",\"@id\":\"https:\/\/www.rizz.design\/nl\/betaalmogelijkheden\/\",\"url\":\"https:\/\/rizz.design\/nl\/betaalmogelijkheden\/\",\"name\":\"Betaalmogelijkheden - RiZZ | Official Website\",\"isPartOf\":{\"@id\":\"https:\/\/www.rizz.design\/nl\/#website\"},\"datePublished\":\"2019-11-12T14:10:45+00:00\",\"dateModified\":\"2025-01-08T14:48:53+00:00\",\"description\":\"Bij Rizz.design accepteren we de volgende betaalmogelijkheden: 1. Maestro (Europa) 2. Master Card 3. Visa 4. PayPal\",\"breadcrumb\":{\"@id\":\"https:\/\/rizz.design\/nl\/betaalmogelijkheden\/#breadcrumb\"},\"inLanguage\":\"nl-NL\",\"potentialAction\":[{\"@type\":\"ReadAction\",\"target\":[\"https:\/\/rizz.design\/nl\/betaalmogelijkheden\/\"]}]},{\"@type\":\"BreadcrumbList\",\"@id\":\"https:\/\/rizz.design\/nl\/betaalmogelijkheden\/#breadcrumb\",\"itemListElement\":[{\"@type\":\"ListItem\",\"position\":1,\"name\":\"Home\",\"item\":\"https:\/\/www.rizz.design\/nl\/\"},{\"@type\":\"ListItem\",\"position\":2,\"name\":\"Betaalmogelijkheden\"}]},{\"@type\":\"WebSite\",\"@id\":\"https:\/\/www.rizz.design\/nl\/#website\",\"url\":\"https:\/\/www.rizz.design\/nl\/\",\"name\":\"RiZZ | Official Website\",\"description\":\"Since 1941\",\"potentialAction\":[{\"@type\":\"SearchAction\",\"target\":{\"@type\":\"EntryPoint\",\"urlTemplate\":\"https:\/\/www.rizz.design\/nl\/?s={search_term_string}\"},\"query-input\":{\"@type\":\"PropertyValueSpecification\",\"valueRequired\":true,\"valueName\":\"search_term_string\"}}],\"inLanguage\":\"nl-NL\"}]}<\/script>\n<!-- \/ Yoast SEO Premium plugin. -->","yoast_head_json":{"title":"Betaalmogelijkheden - RiZZ | Official Website","description":"Bij Rizz.design accepteren we de volgende betaalmogelijkheden: 1. Maestro (Europa) 2. Master Card 3. Visa 4. PayPal","robots":{"index":"index","follow":"follow","max-snippet":"max-snippet:-1","max-image-preview":"max-image-preview:large","max-video-preview":"max-video-preview:-1"},"canonical":"https:\/\/rizz.design\/nl\/betaalmogelijkheden\/","og_locale":"nl_NL","og_type":"article","og_title":"Betaalmogelijkheden","og_description":"Bij Rizz.design accepteren we de volgende betaalmogelijkheden: 1. Maestro (Europa) 2. Master Card 3. Visa 4. PayPal","og_url":"https:\/\/rizz.design\/nl\/betaalmogelijkheden\/","og_site_name":"RiZZ | Official Website","article_modified_time":"2025-01-08T14:48:53+00:00","twitter_card":"summary_large_image","twitter_misc":{"Geschatte leestijd":"1 minuut"},"schema":{"@context":"https:\/\/schema.org","@graph":[{"@type":"WebPage","@id":"https:\/\/www.rizz.design\/nl\/betaalmogelijkheden\/","url":"https:\/\/rizz.design\/nl\/betaalmogelijkheden\/","name":"Betaalmogelijkheden - RiZZ | Official Website","isPartOf":{"@id":"https:\/\/www.rizz.design\/nl\/#website"},"datePublished":"2019-11-12T14:10:45+00:00","dateModified":"2025-01-08T14:48:53+00:00","description":"Bij Rizz.design accepteren we de volgende betaalmogelijkheden: 1. Maestro (Europa) 2. Master Card 3. Visa 4. PayPal","breadcrumb":{"@id":"https:\/\/rizz.design\/nl\/betaalmogelijkheden\/#breadcrumb"},"inLanguage":"nl-NL","potentialAction":[{"@type":"ReadAction","target":["https:\/\/rizz.design\/nl\/betaalmogelijkheden\/"]}]},{"@type":"BreadcrumbList","@id":"https:\/\/rizz.design\/nl\/betaalmogelijkheden\/#breadcrumb","itemListElement":[{"@type":"ListItem","position":1,"name":"Home","item":"https:\/\/www.rizz.design\/nl\/"},{"@type":"ListItem","position":2,"name":"Betaalmogelijkheden"}]},{"@type":"WebSite","@id":"https:\/\/www.rizz.design\/nl\/#website","url":"https:\/\/www.rizz.design\/nl\/","name":"RiZZ | Official Website","description":"Since 1941","potentialAction":[{"@type":"SearchAction","target":{"@type":"EntryPoint","urlTemplate":"https:\/\/www.rizz.design\/nl\/?s={search_term_string}"},"query-input":{"@type":"PropertyValueSpecification","valueRequired":true,"valueName":"search_term_string"}}],"inLanguage":"nl-NL"}]}},"_links":{"self":[{"href":"https:\/\/www.rizz.design\/nl\/wp-json\/wp\/v2\/pages\/596","targetHints":{"allow":["GET"]}}],"collection":[{"href":"https:\/\/www.rizz.design\/nl\/wp-json\/wp\/v2\/pages"}],"about":[{"href":"https:\/\/www.rizz.design\/nl\/wp-json\/wp\/v2\/types\/page"}],"author":[{"embeddable":true,"href":"https:\/\/www.rizz.design\/nl\/wp-json\/wp\/v2\/users\/373"}],"replies":[{"embeddable":true,"href":"https:\/\/www.rizz.design\/nl\/wp-json\/wp\/v2\/comments?post=596"}],"version-history":[{"count":2,"href":"https:\/\/www.rizz.design\/nl\/wp-json\/wp\/v2\/pages\/596\/revisions"}],"predecessor-version":[{"id":76684,"href":"https:\/\/www.rizz.design\/nl\/wp-json\/wp\/v2\/pages\/596\/revisions\/76684"}],"wp:attachment":[{"href":"https:\/\/www.rizz.design\/nl\/wp-json\/wp\/v2\/media?parent=596"}],"curies":[{"name":"wp","href":"https:\/\/api.w.org\/{rel}","templated":true}]}}